{"id":982,"date":"2015-10-30T12:33:35","date_gmt":"2015-10-30T11:33:35","guid":{"rendered":"https:\/\/cio.umh.es\/?page_id=982"},"modified":"2015-10-30T12:33:35","modified_gmt":"2015-10-30T11:33:35","slug":"conferencia-x-aniversario","status":"publish","type":"page","link":"https:\/\/cio.umh.es\/en\/presentacion\/x-aniversario-del-cio\/conferencia-x-aniversario\/","title":{"rendered":"Conferencia X Aniversario"},"content":{"rendered":"<p><!--:es--><img loading=\"lazy\" class=\"size-full wp-image-985 aligncenter\" src=\"https:\/\/cio.umh.es\/files\/2015\/10\/logoCIO-X-ANIV-300.jpg\" alt=\"Logo X Aniversario del CIO\" width=\"300\" height=\"169\" \/><br \/>\n&nbsp;<\/p>\n<h2>T\u00edtulo:\u00a0 \u201cLa estad\u00edstica es para todos\u201d<\/h2>\n<p>&nbsp;<br \/>\n<b>Resumen:<\/b><br \/>\nLa charla argumentar\u00e1 que todo el mundo necesita tener algunos conocimientos b\u00e1sicos de estad\u00edstica para comprender correctamente la sociedad en la que vivimos. Esta necesidad se ilustrar\u00e1 con ejemplos obtenidos de los medios de comunicaci\u00f3n, en los que puede apreciarse que el desconocimiento estad\u00edstico puede llevar a graves errores.<br \/>\n&nbsp;<\/p>\n<p>\n<strong>Ponente: Josu Mezo &#8211; Universidad Castilla-La Mancha<\/strong><br \/>\n<a href=\"https:\/\/cio.umh.es\/en\/files\/2015\/10\/josu.jpg\/\"><img loading=\"lazy\" class=\"alignnone  wp-image-983\" src=\"https:\/\/cio.umh.es\/files\/2015\/10\/josu.jpg\" alt=\"josu\" width=\"103\" height=\"103\" \/><\/a><br \/>\n<b>Breve Bio:<\/b><br \/>\nJosu Mezo es licenciado en Derecho (Deusto), Master en Ciencias Sociales (Instituto Juan March) y Doctor en Ciencias Pol\u00edticas (UAM). Es profesor del \u00e1rea de Sociolog\u00eda en la Universidad de Castilla-La Mancha en Toledo. Fuera de su actividad acad\u00e9mica, desde 2004 escribe el blog <a href=\"http:\/\/www.malaprensa.com\" target=\"_blank\" rel=\"noopener noreferrer\">Malaprensa.com<\/a>, para contribuir a una lectura cr\u00edtica de la prensa espa\u00f1ola, en particular en relaci\u00f3n con uso err\u00f3neo de cifras y estad\u00edsticas. Sobre el mismo tema trataba su secci\u00f3n El Purgatorio, en el programa La Br\u00fajula, de Onda Cero, que realiz\u00f3 entre 2013 y 2015. En esa misma l\u00ednea ha participado en programas de formaci\u00f3n para periodistas, en varios medios de comunicaci\u00f3n y universidades.<!--:--><!--:en--><a href=\"https:\/\/cio.umh.es\/en\/files\/2015\/10\/logoCIO-X-ANIV-300.jpg\/\"><img loading=\"lazy\" src=\"https:\/\/cio.umh.es\/files\/2015\/10\/logoCIO-X-ANIV-300.jpg\" alt=\"Logo X Aniversario del CIO\" width=\"300\" height=\"169\" class=\"alignnone size-full wp-image-985\" \/><\/a><!--:--><\/p>","protected":false},"excerpt":{"rendered":"<p>&nbsp;<br \/>\nT\u00edtulo:\u00a0 \u201cLa estad\u00edstica es para todos\u201d<br \/>\n&nbsp;<br \/>\nResumen:<br \/>\nLa charla argumentar\u00e1 que todo el mundo necesita tener algunos conocimientos b\u00e1sicos de estad\u00edstica para comprender correctamente la sociedad en la que vivimos. Esta necesidad se ilustrar\u00e1 con ejemplos obtenidos de los medios de comunicaci\u00f3n, en los que puede apreciarse que el desconocimiento estad\u00edstico puede llevar a graves errores.<br \/>\n&nbsp;<\/p>\n<p>Ponente: Josu [&#8230;]<\/p>","protected":false},"author":3477,"featured_media":0,"parent":973,"menu_order":20,"comment_status":"closed","ping_status":"closed","template":"","meta":{"_links_to":"","_links_to_target":""},"categories":[],"tags":[],"_links":{"self":[{"href":"https:\/\/cio.umh.es\/en\/wp-json\/wp\/v2\/pages\/982"}],"collection":[{"href":"https:\/\/cio.umh.es\/en\/wp-json\/wp\/v2\/pages"}],"about":[{"href":"https:\/\/cio.umh.es\/en\/wp-json\/wp\/v2\/types\/page"}],"author":[{"embeddable":true,"href":"https:\/\/cio.umh.es\/en\/wp-json\/wp\/v2\/users\/3477"}],"replies":[{"embeddable":true,"href":"https:\/\/cio.umh.es\/en\/wp-json\/wp\/v2\/comments?post=982"}],"version-history":[{"count":0,"href":"https:\/\/cio.umh.es\/en\/wp-json\/wp\/v2\/pages\/982\/revisions"}],"up":[{"embeddable":true,"href":"https:\/\/cio.umh.es\/en\/wp-json\/wp\/v2\/pages\/973"}],"wp:attachment":[{"href":"https:\/\/cio.umh.es\/en\/wp-json\/wp\/v2\/media?parent=982"}],"wp:term":[{"taxonomy":"category","embeddable":true,"href":"https:\/\/cio.umh.es\/en\/wp-json\/wp\/v2\/categories?post=982"},{"taxonomy":"post_tag","embeddable":true,"href":"https:\/\/cio.umh.es\/en\/wp-json\/wp\/v2\/tags?post=982"}],"curies":[{"name":"wp","href":"https:\/\/api.w.org\/{rel}","templated":true}]}}