{"id":9796,"date":"2018-04-05T18:07:09","date_gmt":"2018-04-05T18:07:09","guid":{"rendered":"http:\/\/cio.edu.umh.es\/?page_id=9796"},"modified":"2021-06-11T12:21:18","modified_gmt":"2021-06-11T10:21:18","slug":"congresos-cio-2018","status":"publish","type":"page","link":"https:\/\/cio.umh.es\/en\/investigacion\/congresos-cio-2018\/","title":{"rendered":"CIO Congresses 2018"},"content":{"rendered":"<div data-elementor-type=\"wp-page\" data-elementor-id=\"9796\" class=\"elementor elementor-9796\" data-elementor-settings=\"[]\">\n\t\t\t\t\t\t<div class=\"elementor-inner\">\n\t\t\t\t\t\t\t<div class=\"elementor-section-wrap\">\n\t\t\t\t\t\t\t<section class=\"elementor-section elementor-top-section elementor-element elementor-element-cee400e elementor-section-boxed elementor-section-height-default elementor-section-height-default\" data-id=\"cee400e\" data-element_type=\"section\">\n\t\t\t\t\t\t<div class=\"elementor-container elementor-column-gap-default\">\n\t\t\t\t\t\t\t<div class=\"elementor-row\">\n\t\t\t\t\t<div class=\"elementor-column elementor-col-100 elementor-top-column elementor-element elementor-element-9b6a143\" data-id=\"9b6a143\" data-element_type=\"column\">\n\t\t\t<div class=\"elementor-column-wrap elementor-element-populated\">\n\t\t\t\t\t\t\t<div class=\"elementor-widget-wrap\">\n\t\t\t\t\t\t<div class=\"elementor-element elementor-element-5578aff elementor-widget elementor-widget-spacer\" data-id=\"5578aff\" data-element_type=\"widget\" data-widget_type=\"spacer.default\">\n\t\t\t\t<div class=\"elementor-widget-container\">\n\t\t\t\t\t<div class=\"elementor-spacer\">\n\t\t\t<div class=\"elementor-spacer-inner\"><\/div>\n\t\t<\/div>\n\t\t\t\t<\/div>\n\t\t\t\t<\/div>\n\t\t\t\t<div class=\"elementor-element elementor-element-354c02c elementor-widget elementor-widget-heading\" data-id=\"354c02c\" data-element_type=\"widget\" data-widget_type=\"heading.default\">\n\t\t\t\t<div class=\"elementor-widget-container\">\n\t\t\t<h1 class=\"elementor-heading-title elementor-size-default\">CIO Congresses 2018<\/h1>\t\t<\/div>\n\t\t\t\t<\/div>\n\t\t\t\t<div class=\"elementor-element elementor-element-7269542 elementor-widget-divider--view-line elementor-widget elementor-widget-divider\" data-id=\"7269542\" data-element_type=\"widget\" data-widget_type=\"divider.default\">\n\t\t\t\t<div class=\"elementor-widget-container\">\n\t\t\t\t\t<div class=\"elementor-divider\">\n\t\t\t<span class=\"elementor-divider-separator\">\n\t\t\t\t\t\t<\/span>\n\t\t<\/div>\n\t\t\t\t<\/div>\n\t\t\t\t<\/div>\n\t\t\t\t\t\t<\/div>\n\t\t\t\t\t<\/div>\n\t\t<\/div>\n\t\t\t\t\t\t\t\t<\/div>\n\t\t\t\t\t<\/div>\n\t\t<\/section>\n\t\t\t\t<section class=\"elementor-section elementor-top-section elementor-element elementor-element-3fa8bb7 elementor-section-boxed elementor-section-height-default elementor-section-height-default\" data-id=\"3fa8bb7\" data-element_type=\"section\">\n\t\t\t\t\t\t<div class=\"elementor-container elementor-column-gap-default\">\n\t\t\t\t\t\t\t<div class=\"elementor-row\">\n\t\t\t\t\t<div class=\"elementor-column elementor-col-100 elementor-top-column elementor-element elementor-element-218ebe2\" data-id=\"218ebe2\" data-element_type=\"column\">\n\t\t\t<div class=\"elementor-column-wrap elementor-element-populated\">\n\t\t\t\t\t\t\t<div class=\"elementor-widget-wrap\">\n\t\t\t\t\t\t<div class=\"elementor-element elementor-element-704fd0d elementor-widget elementor-widget-obfx-posts-grid\" data-id=\"704fd0d\" data-element_type=\"widget\" data-widget_type=\"obfx-posts-grid.default\">\n\t\t\t\t<div class=\"elementor-widget-container\">\n\t\t\t<div class=\"obfx-grid\"><div class=\"obfx-grid-container obfx-grid-mobile-1 obfx-grid-tablet-2 obfx-grid-desktop-1\"><div class=\"obfx-grid-wrapper\"><article class=\"obfx-grid-col obfx-no-image\"><div class=\"obfx-grid-col-content\">\t\t\t<h2 class=\"entry-title obfx-grid-title\">\n\t\t\t\t\t\t\t<a href=\"https:\/\/cio.umh.es\/en\/2023\/03\/09\/international-workshop-on-deterministic-and-stochastic-dynamics-and-applications\/\" title=\"International Workshop on Deterministic and Stochastic Dynamics and Applications\">\n\t\t\t\t\tInternational Workshop on Deterministic and Stochastic Dynamics and Applications\t\t\t\t<\/a>\n\t\t\t\t\t\t\t<\/h2>\n\t\t\t\t\t\t\t<div class=\"entry-meta obfx-grid-meta\">\n\n\t\t\t\t\t\t\t\t\t\t\t\t\t<span class=\"obfx-grid-author\">\n\t\t\t\t\t\t\t\t\t<i class=\"fas fa-user\"><\/i>lidia.ortiz\t\t\t\t\t\t\t\t<\/span>\n\t\t\t\t\t\t\t\t\t\t\t\t\t\t\t\t<span class=\"obfx-grid-date\">\n\t\t\t\t\t\t\t\t\t<i class=\"fas fa-calendar\"><\/i>9 March, 2023\t\t\t\t\t\t\t\t<\/span>\n\t\t\t\t\t\t\t\t\n\t\t\t\t<\/div>\n\t\t\t\t\t\t\t<div class=\"entry-content obfx-grid-content\">\n\t\t\t\t[ 23 March, 2023; 9:00 am; ] The\u00a0International Workshop on\u00a0Deterministic and Stochastic Dynamics and Applications, which is dedicated to the memory of professor Mar\u00eda Jos\u00e9 Garrido-Atienza, will be held at&hellip;\t\t\t<\/div>\n\t\t\t<\/div><\/article><\/div><div class=\"obfx-grid-wrapper\"><article class=\"obfx-grid-col obfx-no-image\"><div class=\"obfx-grid-col-content\">\t\t\t<h2 class=\"entry-title obfx-grid-title\">\n\t\t\t\t\t\t\t<a href=\"https:\/\/cio.umh.es\/en\/2021\/10\/27\/congreso-2-3-de-diciembre-1st-workshop-on-efficiency-analysis-and-statistical-learning-methods-weas21\/\" title=\"Congreso 2-3 de diciembre: 1st Workshop on Efficiency Analysis and Statistical Learning Methods (WEaS\u201921)\">\n\t\t\t\t\tCongreso 2-3 de diciembre: 1st Workshop on Efficiency Analysis and Statistical Learning Methods (WEaS\u201921)\t\t\t\t<\/a>\n\t\t\t\t\t\t\t<\/h2>\n\t\t\t\t\t\t\t<div class=\"entry-meta obfx-grid-meta\">\n\n\t\t\t\t\t\t\t\t\t\t\t\t\t<span class=\"obfx-grid-author\">\n\t\t\t\t\t\t\t\t\t<i class=\"fas fa-user\"><\/i>salonso\t\t\t\t\t\t\t\t<\/span>\n\t\t\t\t\t\t\t\t\t\t\t\t\t\t\t\t<span class=\"obfx-grid-date\">\n\t\t\t\t\t\t\t\t\t<i class=\"fas fa-calendar\"><\/i>27 October, 2021\t\t\t\t\t\t\t\t<\/span>\n\t\t\t\t\t\t\t\t\n\t\t\t\t<\/div>\n\t\t\t\t\t\t\t<div class=\"entry-content obfx-grid-content\">\n\t\t\t\t[ 2 December, 2021 8:00 am a 3 December, 2021 2:00 pm. ] Welcome to the website for the 1st Workshop on Efficiency Analysis and Statistical Learning Methods (WEaS\u201921) .&hellip;\t\t\t<\/div>\n\t\t\t<\/div><\/article><\/div><div class=\"obfx-grid-wrapper\"><article class=\"obfx-grid-col obfx-no-image\"><div class=\"obfx-grid-col-content\">\t\t\t<h2 class=\"entry-title obfx-grid-title\">\n\t\t\t\t\t\t\t<a href=\"https:\/\/cio.umh.es\/en\/2018\/05\/03\/congreso-16-y-17-de-noviembre-encuentro-de-la-red-espanola-de-eleccion-social-2018\/\" title=\"Congreso 16 y 17 de noviembre: ENCUENTRO DE LA RED ESPA\u00d1OLA DE ELECCI\u00d3N SOCIAL 2018\">\n\t\t\t\t\tCongreso 16 y 17 de noviembre: ENCUENTRO DE LA RED ESPA\u00d1OLA DE ELECCI\u00d3N SOCIAL 2018\t\t\t\t<\/a>\n\t\t\t\t\t\t\t<\/h2>\n\t\t\t\t\t\t\t<div class=\"entry-meta obfx-grid-meta\">\n\n\t\t\t\t\t\t\t\t\t\t\t\t\t<span class=\"obfx-grid-author\">\n\t\t\t\t\t\t\t\t\t<i class=\"fas fa-user\"><\/i>mquesada\t\t\t\t\t\t\t\t<\/span>\n\t\t\t\t\t\t\t\t\t\t\t\t\t\t\t\t<span class=\"obfx-grid-date\">\n\t\t\t\t\t\t\t\t\t<i class=\"fas fa-calendar\"><\/i>3 May, 2018\t\t\t\t\t\t\t\t<\/span>\n\t\t\t\t\t\t\t\t\n\t\t\t\t<\/div>\n\t\t\t\t\t\t\t<div class=\"entry-content obfx-grid-content\">\n\t\t\t\tEl objetivo de la Red Espa\u00f1ola de Elecci\u00f3n Social (REES) es cohesionar a los grupos espa\u00f1oles m\u00e1s activos y con m\u00e1s proyecci\u00f3n internacional que trabajan en el \u00e1rea de la&hellip;\t\t\t<\/div>\n\t\t\t<\/div><\/article><\/div><div class=\"obfx-grid-wrapper\"><article class=\"obfx-grid-col obfx-no-image\"><div class=\"obfx-grid-col-content\">\t\t\t<h2 class=\"entry-title obfx-grid-title\">\n\t\t\t\t\t\t\t<a href=\"https:\/\/cio.umh.es\/en\/2018\/04\/15\/14-15-de-junio-2018-iii-jornadas-de-doctorado-y-seminarios-novel\/\" title=\"Congreso 14-15 de junio 2018: III jornadas de Doctorado y seminarios novel\">\n\t\t\t\t\tCongreso 14-15 de junio 2018: III jornadas de Doctorado y seminarios novel\t\t\t\t<\/a>\n\t\t\t\t\t\t\t<\/h2>\n\t\t\t\t\t\t\t<div class=\"entry-meta obfx-grid-meta\">\n\n\t\t\t\t\t\t\t\t\t\t\t\t\t<span class=\"obfx-grid-author\">\n\t\t\t\t\t\t\t\t\t<i class=\"fas fa-user\"><\/i>mquesada\t\t\t\t\t\t\t\t<\/span>\n\t\t\t\t\t\t\t\t\t\t\t\t\t\t\t\t<span class=\"obfx-grid-date\">\n\t\t\t\t\t\t\t\t\t<i class=\"fas fa-calendar\"><\/i>15 April, 2018\t\t\t\t\t\t\t\t<\/span>\n\t\t\t\t\t\t\t\t\n\t\t\t\t<\/div>\n\t\t\t\t\t\t\t<div class=\"entry-content obfx-grid-content\">\n\t\t\t\tESTE A\u00d1O las 3as Jornadas de Doctorado y Seminarios Novel del programa de doctorado DEcIDE se realizar\u00e1n en la sede de la Universidad Miguel Hern\u00e1ndez en Elx (Alicante), los d\u00edas&hellip;\t\t\t<\/div>\n\t\t\t<\/div><\/article><\/div><div class=\"obfx-grid-wrapper\"><article class=\"obfx-grid-col obfx-no-image\"><div class=\"obfx-grid-col-content\">\t\t\t<h2 class=\"entry-title obfx-grid-title\">\n\t\t\t\t\t\t\t<a href=\"https:\/\/cio.umh.es\/en\/2018\/04\/14\/the-second-meeting-in-topology-and-functional-analysis\/\" title=\"Congreso 7-8 de junio 2018: The Second Meeting in Topology and Functional Analysis\">\n\t\t\t\t\tCongreso 7-8 de junio 2018: The Second Meeting in Topology and Functional Analysis\t\t\t\t<\/a>\n\t\t\t\t\t\t\t<\/h2>\n\t\t\t\t\t\t\t<div class=\"entry-meta obfx-grid-meta\">\n\n\t\t\t\t\t\t\t\t\t\t\t\t\t<span class=\"obfx-grid-author\">\n\t\t\t\t\t\t\t\t\t<i class=\"fas fa-user\"><\/i>mquesada\t\t\t\t\t\t\t\t<\/span>\n\t\t\t\t\t\t\t\t\t\t\t\t\t\t\t\t<span class=\"obfx-grid-date\">\n\t\t\t\t\t\t\t\t\t<i class=\"fas fa-calendar\"><\/i>14 April, 2018\t\t\t\t\t\t\t\t<\/span>\n\t\t\t\t\t\t\t\t\n\t\t\t\t<\/div>\n\t\t\t\t\t\t\t<div class=\"entry-content obfx-grid-content\">\n\t\t\t\tAbstract: Dedicated to Professor Manuel L\u00f3pez Pellicer Mathematical Research, has been jointly organized by some researchers of the Center of Operations Research, a Universitary Institute of the Miguel Hernandez University&hellip;\t\t\t<\/div>\n\t\t\t<\/div><\/article><\/div><div class=\"obfx-grid-wrapper\"><article class=\"obfx-grid-col obfx-no-image\"><div class=\"obfx-grid-col-content\">\t\t\t<h2 class=\"entry-title obfx-grid-title\">\n\t\t\t\t\t\t\t<a href=\"https:\/\/cio.umh.es\/en\/2018\/04\/11\/congreso-4-5-de-junio-catedra-santander-en-eficiencia-y-productividad\/\" title=\"Congreso 4 -5 de junio: C\u00e1tedra Santander en Eficiencia y Productividad\">\n\t\t\t\t\tCongreso 4 -5 de junio: C\u00e1tedra Santander en Eficiencia y Productividad\t\t\t\t<\/a>\n\t\t\t\t\t\t\t<\/h2>\n\t\t\t\t\t\t\t<div class=\"entry-meta obfx-grid-meta\">\n\n\t\t\t\t\t\t\t\t\t\t\t\t\t<span class=\"obfx-grid-author\">\n\t\t\t\t\t\t\t\t\t<i class=\"fas fa-user\"><\/i>mquesada\t\t\t\t\t\t\t\t<\/span>\n\t\t\t\t\t\t\t\t\t\t\t\t\t\t\t\t<span class=\"obfx-grid-date\">\n\t\t\t\t\t\t\t\t\t<i class=\"fas fa-calendar\"><\/i>11 April, 2018\t\t\t\t\t\t\t\t<\/span>\n\t\t\t\t\t\t\t\t\n\t\t\t\t<\/div>\n\t\t\t\t\t\t\t<div class=\"entry-content obfx-grid-content\">\n\t\t\t\tEl\u00a04 y\u00a05 de junio\u00a0de 2018 se llevar\u00e1 a cabo \u201cThe Second Santander Chair International Workshop of Efficiency and Productivity\u201d\u00a0en el\u00a0Hotel Spa Porta Maris. La participaci\u00f3n en\u00a0\u201cThe Second Santander Chair International&hellip;\t\t\t<\/div>\n\t\t\t<\/div><\/article><\/div><div class=\"obfx-grid-wrapper\"><article class=\"obfx-grid-col obfx-no-image\"><div class=\"obfx-grid-col-content\">\t\t\t<h2 class=\"entry-title obfx-grid-title\">\n\t\t\t\t\t\t\t<a href=\"https:\/\/cio.umh.es\/en\/2018\/04\/11\/congreso-del-30-de-mayo-al-1-de-junio-algebra-lineal-analisis-matricial-y-aplicaciones\/\" title=\"Congreso del 30 de mayo al 1 de junio: \u00c1lgebra Lineal, An\u00e1lisis Matricial y Aplicaciones\">\n\t\t\t\t\tCongreso del 30 de mayo al 1 de junio: \u00c1lgebra Lineal, An\u00e1lisis Matricial y Aplicaciones\t\t\t\t<\/a>\n\t\t\t\t\t\t\t<\/h2>\n\t\t\t\t\t\t\t<div class=\"entry-meta obfx-grid-meta\">\n\n\t\t\t\t\t\t\t\t\t\t\t\t\t<span class=\"obfx-grid-author\">\n\t\t\t\t\t\t\t\t\t<i class=\"fas fa-user\"><\/i>mquesada\t\t\t\t\t\t\t\t<\/span>\n\t\t\t\t\t\t\t\t\t\t\t\t\t\t\t\t<span class=\"obfx-grid-date\">\n\t\t\t\t\t\t\t\t\t<i class=\"fas fa-calendar\"><\/i>11 April, 2018\t\t\t\t\t\t\t\t<\/span>\n\t\t\t\t\t\t\t\t\n\t\t\t\t<\/div>\n\t\t\t\t\t\t\t<div class=\"entry-content obfx-grid-content\">\n\t\t\t\tLa\u00a0Red Tem\u00e1tica de \u00c1lgebra Lineal, An\u00e1lisis Matricial y Aplicaciones (ALAMA)\u00a0celebra cada dos a\u00f1os (desde 2008) los Encuentros ALAMA con el objetivo de reunir a los investigadores, tanto si son miembros&hellip;\t\t\t<\/div>\n\t\t\t<\/div><\/article><\/div><div class=\"obfx-grid-wrapper\"><article class=\"obfx-grid-col obfx-no-image\"><div class=\"obfx-grid-col-content\">\t\t\t<h2 class=\"entry-title obfx-grid-title\">\n\t\t\t\t\t\t\t<a href=\"https:\/\/cio.umh.es\/en\/2018\/04\/11\/congreso-4-y-5-de-mayo-fecitelx-feria-de-ciencias-y-tecnologia-de-elche\/\" title=\"Congreso 4 y 5 de mayo: FECITELX, Feria de ciencias y tecnolog\u00eda de Elche\">\n\t\t\t\t\tCongreso 4 y 5 de mayo: FECITELX, Feria de ciencias y tecnolog\u00eda de Elche\t\t\t\t<\/a>\n\t\t\t\t\t\t\t<\/h2>\n\t\t\t\t\t\t\t<div class=\"entry-meta obfx-grid-meta\">\n\n\t\t\t\t\t\t\t\t\t\t\t\t\t<span class=\"obfx-grid-author\">\n\t\t\t\t\t\t\t\t\t<i class=\"fas fa-user\"><\/i>mquesada\t\t\t\t\t\t\t\t<\/span>\n\t\t\t\t\t\t\t\t\t\t\t\t\t\t\t\t<span class=\"obfx-grid-date\">\n\t\t\t\t\t\t\t\t\t<i class=\"fas fa-calendar\"><\/i>11 April, 2018\t\t\t\t\t\t\t\t<\/span>\n\t\t\t\t\t\t\t\t\n\t\t\t\t<\/div>\n\t\t\t\t\t\t\t<div class=\"entry-content obfx-grid-content\">\n\t\t\t\tFeCiTElx es la Feria de Ciencia y Tecnolog\u00eda de Elche, un evento anual para mostrar ciencia, cultura y tecnolog\u00eda a los m\u00e1s j\u00f3venes. Celebramos dos eventos: JPA o Jornada de&hellip;\t\t\t<\/div>\n\t\t\t<\/div><\/article><\/div><div class=\"obfx-grid-wrapper\"><article class=\"obfx-grid-col obfx-no-image\"><div class=\"obfx-grid-col-content\">\t\t\t<h2 class=\"entry-title obfx-grid-title\">\n\t\t\t\t\t\t\t<a href=\"https:\/\/cio.umh.es\/en\/2018\/04\/10\/congreso-26-28-de-febrero-2018-international-workshop-on-optimization-and-learning-challenges-and-applications\/\" title=\"Congreso 26-28 de febrero 2018: International Workshop on Optimization and Learning: Challenges and Applications\">\n\t\t\t\t\tCongreso 26-28 de febrero 2018: International Workshop on Optimization and Learning: Challenges and Applications\t\t\t\t<\/a>\n\t\t\t\t\t\t\t<\/h2>\n\t\t\t\t\t\t\t<div class=\"entry-meta obfx-grid-meta\">\n\n\t\t\t\t\t\t\t\t\t\t\t\t\t<span class=\"obfx-grid-author\">\n\t\t\t\t\t\t\t\t\t<i class=\"fas fa-user\"><\/i>mquesada\t\t\t\t\t\t\t\t<\/span>\n\t\t\t\t\t\t\t\t\t\t\t\t\t\t\t\t<span class=\"obfx-grid-date\">\n\t\t\t\t\t\t\t\t\t<i class=\"fas fa-calendar\"><\/i>10 April, 2018\t\t\t\t\t\t\t\t<\/span>\n\t\t\t\t\t\t\t\t\n\t\t\t\t<\/div>\n\t\t\t\t\t\t\t<div class=\"entry-content obfx-grid-content\">\n\t\t\t\tOLA is a workshop focusing on the future challenges of optimization and learning methods and their applications.The workshop OLA&#8217;2018 will provide an opportunity to the international research community in optimization&hellip;\t\t\t<\/div>\n\t\t\t<\/div><\/article><\/div>\t\t\t\t<div class=\"obfx-grid-pagination\">\n\t\t\t\t\t\t\t\t\t\t<nav class=\"pagination\">\n\t\t\t\t\t\t\t\t\t\t\t<\/nav>\n\t\t\t\t<\/div>\n\t\t\t\t<\/div><!-- .obfx-grid-container --><\/div><!-- .obfx-grid -->\t\t<\/div>\n\t\t\t\t<\/div>\n\t\t\t\t\t\t<\/div>\n\t\t\t\t\t<\/div>\n\t\t<\/div>\n\t\t\t\t\t\t\t\t<\/div>\n\t\t\t\t\t<\/div>\n\t\t<\/section>\n\t\t\t\t\t\t<\/div>\n\t\t\t\t\t\t<\/div>\n\t\t\t\t\t<\/div>","protected":false},"excerpt":{"rendered":"<p>OLA is a workshop focusing on the future challenges of optimization and learning methods and their applications.The workshop OLA&#8217;2018 will provide an opportunity to the international research community in optimization and learning to discuss recent research results and to develop new ideas and collaborations in a friendly and relaxed atmosphere. OLA&#8217;2018 welcomes presentations that cover [&#8230;]<\/p>","protected":false},"author":3477,"featured_media":0,"parent":1414,"menu_order":51,"comment_status":"closed","ping_status":"closed","template":"page-templates\/template-pagebuilder-full-width.php","meta":{"_links_to":"","_links_to_target":""},"categories":[],"tags":[],"_links":{"self":[{"href":"https:\/\/cio.umh.es\/en\/wp-json\/wp\/v2\/pages\/9796"}],"collection":[{"href":"https:\/\/cio.umh.es\/en\/wp-json\/wp\/v2\/pages"}],"about":[{"href":"https:\/\/cio.umh.es\/en\/wp-json\/wp\/v2\/types\/page"}],"author":[{"embeddable":true,"href":"https:\/\/cio.umh.es\/en\/wp-json\/wp\/v2\/users\/3477"}],"replies":[{"embeddable":true,"href":"https:\/\/cio.umh.es\/en\/wp-json\/wp\/v2\/comments?post=9796"}],"version-history":[{"count":0,"href":"https:\/\/cio.umh.es\/en\/wp-json\/wp\/v2\/pages\/9796\/revisions"}],"up":[{"embeddable":true,"href":"https:\/\/cio.umh.es\/en\/wp-json\/wp\/v2\/pages\/1414"}],"wp:attachment":[{"href":"https:\/\/cio.umh.es\/en\/wp-json\/wp\/v2\/media?parent=9796"}],"wp:term":[{"taxonomy":"category","embeddable":true,"href":"https:\/\/cio.umh.es\/en\/wp-json\/wp\/v2\/categories?post=9796"},{"taxonomy":"post_tag","embeddable":true,"href":"https:\/\/cio.umh.es\/en\/wp-json\/wp\/v2\/tags?post=9796"}],"curies":[{"name":"wp","href":"https:\/\/api.w.org\/{rel}","templated":true}]}}