{"id":974,"date":"2015-10-26T13:36:25","date_gmt":"2015-10-26T12:36:25","guid":{"rendered":"https:\/\/cio.umh.es\/?page_id=974"},"modified":"2015-10-26T13:36:25","modified_gmt":"2015-10-26T12:36:25","slug":"programa","status":"publish","type":"page","link":"https:\/\/cio.umh.es\/en\/presentacion\/x-aniversario-del-cio\/programa\/","title":{"rendered":"Programa del Acto Conmemoraci\u00f3n"},"content":{"rendered":"<p><!--:es--><img loading=\"lazy\" class=\"size-full wp-image-985 aligncenter\" src=\"https:\/\/cio.umh.es\/files\/2015\/10\/logoCIO-X-ANIV-300.jpg\" alt=\"Logo X Aniversario del CIO\" width=\"300\" height=\"169\" \/><br \/>\n&nbsp;<\/p>\n<p><h3><strong>Programa del Acto de Conmemoraci\u00f3n del X Aniversario de la creaci\u00f3n del Instituto CIO<\/strong><\/h3>\n<p>&nbsp;<\/p>\n<p>\nViernes, 6 de noviembre de 2015<br \/>\n<em>Edificio Torretamarit &#8211; Campus de Elche<\/em><br \/>\nMHU<br \/>\n&nbsp;<br \/>\n12:30h: Bienvenida<br \/>\n12:35h: <a href=\"https:\/\/cio.umh.es\/en\/presentacion\/x-aniversario-del-cio\/conferencia-x-aniversario\/\">Conferencia \u00abLa Estad\u00edstica es para todos\u00bb<\/a> por Josu Mezo de la Universidad Castilla-La Mancha<br \/>\n13:30h:Entrega de reconocimientos y distinciones<br \/>\n13:45h: Presentaci\u00f3n de la Memoria de Investigaci\u00f3n 2005-2014 y v\u00eddeo del X Aniversario del CIO a cargo del Director del Instituto<br \/>\n14:00h: Cierre del acto<!--:--><\/p>","protected":false},"excerpt":{"rendered":"<p>&nbsp;<br \/>\nPrograma del Acto de Conmemoraci\u00f3n del X Aniversario de la creaci\u00f3n del Instituto CIO<br \/>\n&nbsp;<\/p>\n<p>Viernes, 6 de noviembre de 2015<br \/>\nEdificio Torretamarit &#8211; Campus de Elche<br \/>\nMHU<br \/>\n&nbsp;<br \/>\n12:30h: Bienvenida<br \/>\n12:35h: Conferencia \u00abLa Estad\u00edstica es para todos\u00bb por Josu Mezo de la Universidad Castilla-La Mancha<br \/>\n13:30h:Entrega de reconocimientos y distinciones<br \/>\n13:45h: Presentaci\u00f3n de la Memoria de Investigaci\u00f3n 2005-2014 y [&#8230;]<\/p>","protected":false},"author":3477,"featured_media":0,"parent":973,"menu_order":10,"comment_status":"closed","ping_status":"closed","template":"","meta":{"_links_to":"","_links_to_target":""},"categories":[],"tags":[],"_links":{"self":[{"href":"https:\/\/cio.umh.es\/en\/wp-json\/wp\/v2\/pages\/974"}],"collection":[{"href":"https:\/\/cio.umh.es\/en\/wp-json\/wp\/v2\/pages"}],"about":[{"href":"https:\/\/cio.umh.es\/en\/wp-json\/wp\/v2\/types\/page"}],"author":[{"embeddable":true,"href":"https:\/\/cio.umh.es\/en\/wp-json\/wp\/v2\/users\/3477"}],"replies":[{"embeddable":true,"href":"https:\/\/cio.umh.es\/en\/wp-json\/wp\/v2\/comments?post=974"}],"version-history":[{"count":0,"href":"https:\/\/cio.umh.es\/en\/wp-json\/wp\/v2\/pages\/974\/revisions"}],"up":[{"embeddable":true,"href":"https:\/\/cio.umh.es\/en\/wp-json\/wp\/v2\/pages\/973"}],"wp:attachment":[{"href":"https:\/\/cio.umh.es\/en\/wp-json\/wp\/v2\/media?parent=974"}],"wp:term":[{"taxonomy":"category","embeddable":true,"href":"https:\/\/cio.umh.es\/en\/wp-json\/wp\/v2\/categories?post=974"},{"taxonomy":"post_tag","embeddable":true,"href":"https:\/\/cio.umh.es\/en\/wp-json\/wp\/v2\/tags?post=974"}],"curies":[{"name":"wp","href":"https:\/\/api.w.org\/{rel}","templated":true}]}}