{"id":964,"date":"2015-10-30T11:28:18","date_gmt":"2015-10-30T10:28:18","guid":{"rendered":"https:\/\/cio.umh.es\/?page_id=964"},"modified":"2015-10-30T11:28:18","modified_gmt":"2015-10-30T10:28:18","slug":"webinar-accesibilidad","status":"publish","type":"page","link":"https:\/\/cio.umh.es\/en\/servicios\/ciclo-webinars-2015\/webinar-accesibilidad\/","title":{"rendered":"Webinar \u00abAccesibilidad\u00bb"},"content":{"rendered":"<p><!--:es--><\/p>\n<h1>3\u00ba Ciclo Webinars del CIO: \u201cSalidas Profesionales con Futuro\u201d<\/h1>\n<h4><\/h4>\n<h4><strong>Fecha: Viernes 13 de noviembre de 2015<\/strong><\/h4>\n<h4><strong>Hora: 17:00 CEST<\/strong><\/h4>\n<p>Convert the time of this event to your time at: <a href=\"http:\/\/www.timeanddate.com\/worldclock\/fixedtime.html?iso=20151113T17&amp;p1=1976&amp;ah=1\" target=\"_blank\" rel=\"noopener noreferrer\">http:\/\/www.timeanddate.com\/worldclock\/fixedtime.html?iso=20151113T17&amp;p1=1976&amp;ah=1<\/a><\/p>\n<h2><b>\u00abEl Consultor en Accesibilidad, una salida profesional con futuro\u201d<\/b><\/h2>\n<p><b>Resumen:<\/b><br \/>\nLa accesibilidad Web significa que personas con alg\u00fan tipo de discapacidad van a poder hacer uso de la Web. En concreto, al hablar de accesibilidad Web se est\u00e1 haciendo referencia a un dise\u00f1o Web que va a permitir que estas personas puedan percibir, entender, navegar e interactuar con la Web, aportando a su vez contenidos. La accesibilidad Web tambi\u00e9n beneficia a otras personas, incluyendo personas de edad avanzada que han visto mermadas sus habilidad a consecuencia de la edad.<br \/>\nEn este seminario se presentar\u00e1 porqu\u00e9 la Internet debe ser accesible para todos, la legislaci\u00f3n y los beneficios de la accesibilidad, asi como los diferentes perfiles de usuario y modos de acceso a la web. Adem\u00e1s se ver\u00e1 el trabajo de un consultor en accesibilidad, repasaremos la Accesibilidad para ciegos y baja visi\u00f3n en un iPhone y terminaremos con las tendencias de Accesibilidad en Apple.<br \/>\n<b>Ponentes: Mireia Ribera (UB) y Daniela Rubio (Macneticos) <\/b><br \/>\n<b>Breve Bio:<\/b><br \/>\n<b>Mireia Ribera Turr\u00f3 <\/b>es profesora en la Universidad de Barcelona y coordinadora del grupo Adaptabit. Ingeniera Inform\u00e1tica y Doctora en Documentaci\u00f3n Digital, Mireia trabaja en el campo de la accesibilidad digital desde hace 15 a\u00f1os y ha coordinado las traducciones de las normativas WCAG 1.0 y WCAG 2.0 al catal\u00e1n, y del lector de pantalla NVDA.<br \/>\nTrabaja con empresas y organizaciones para mejorar su accesibilidad y tambi\u00e9n en la divulgaci\u00f3n de su aplicaci\u00f3n pr\u00e1ctica.<br \/>\nEs primera autora de las gu\u00edas de contenido accesible y de diversos art\u00edculos y ponencias en el campo. Es especialista en<br \/>\naccesibilidad de la web y de documentos digitales, especialmente PDF, DAISY y EPUB3.<br \/>\n<b>Daniela Rubio Trujillo<\/b> es Consultora en accesibilidad digital y cofundadora del proyecto <a href=\"https:\/\/macneticos.com\" target=\"_blank\" rel=\"noopener noreferrer\">Macneticos.com<\/a>. Forma parte del equipo global de Apple Distinguished Educator y trabaja en proyectos de educaci\u00f3n inclusiva y creaci\u00f3n de productos digitales accesibles, tanto a nivel educativo, como en otros relacionados con RSC y\/o que mejoren la integraci\u00f3n<br \/>\nreal de personas con discapacidad en todos los entornos a trav\u00e9s de la tecnolog\u00eda. As\u00ed mismo es parte del equipo de<br \/>\nconsultor\u00eda global de la Unesco para la puesta en marcha de las disposiciones relacionadas con la accesibilidad que se<br \/>\nderivan de la convenci\u00f3n sobre los derechos de las personas con discapacidad de las Naciones Unidas.<br \/>\n<strong>INSCRIPCIONES:<\/strong><br \/>\n<a href=\"https:\/\/attendee.gotowebinar.com\/register\/3303923960043069185\" target=\"_blank\" rel=\"noopener noreferrer\">Formulario de inscripci\u00f3n al webinar (ASISTENCIA POR INTERNET)<\/a><br \/>\n<a href=\"https:\/\/docs.google.com\/a\/goumh.umh.es\/forms\/d\/1NJz3VIntRRiPKvV1e4hRybePhFmHJf3RaSXNTTmaewA\/viewform\" target=\"_blank\" rel=\"noopener noreferrer\">Formulario de solicitud de asistencia en directo al CIO (ASISTENCIA PRESENCIAL)<\/a><!--:--><\/p>","protected":false},"excerpt":{"rendered":"<p>3\u00ba Ciclo Webinars del CIO: \u201cSalidas Profesionales con Futuro\u201d<\/p>\n<p>Fecha: Viernes 13 de noviembre de 2015<br \/>\nHora: 17:00 CEST<br \/>\nConvert the time of this event to your time at: http:\/\/www.timeanddate.com\/worldclock\/fixedtime.html?iso=20151113T17&amp;p1=1976&amp;ah=1<br \/>\n\u00abEl Consultor en Accesibilidad, una salida profesional con futuro\u201d<br \/>\nResumen:<br \/>\nLa accesibilidad Web significa que personas con alg\u00fan tipo de discapacidad van a poder hacer uso de la Web. En concreto, [&#8230;]<\/p>","protected":false},"author":3477,"featured_media":0,"parent":962,"menu_order":30,"comment_status":"closed","ping_status":"closed","template":"","meta":{"_links_to":"","_links_to_target":""},"categories":[],"tags":[],"_links":{"self":[{"href":"https:\/\/cio.umh.es\/en\/wp-json\/wp\/v2\/pages\/964"}],"collection":[{"href":"https:\/\/cio.umh.es\/en\/wp-json\/wp\/v2\/pages"}],"about":[{"href":"https:\/\/cio.umh.es\/en\/wp-json\/wp\/v2\/types\/page"}],"author":[{"embeddable":true,"href":"https:\/\/cio.umh.es\/en\/wp-json\/wp\/v2\/users\/3477"}],"replies":[{"embeddable":true,"href":"https:\/\/cio.umh.es\/en\/wp-json\/wp\/v2\/comments?post=964"}],"version-history":[{"count":0,"href":"https:\/\/cio.umh.es\/en\/wp-json\/wp\/v2\/pages\/964\/revisions"}],"up":[{"embeddable":true,"href":"https:\/\/cio.umh.es\/en\/wp-json\/wp\/v2\/pages\/962"}],"wp:attachment":[{"href":"https:\/\/cio.umh.es\/en\/wp-json\/wp\/v2\/media?parent=964"}],"wp:term":[{"taxonomy":"category","embeddable":true,"href":"https:\/\/cio.umh.es\/en\/wp-json\/wp\/v2\/categories?post=964"},{"taxonomy":"post_tag","embeddable":true,"href":"https:\/\/cio.umh.es\/en\/wp-json\/wp\/v2\/tags?post=964"}],"curies":[{"name":"wp","href":"https:\/\/api.w.org\/{rel}","templated":true}]}}