{"id":963,"date":"2015-10-16T14:07:29","date_gmt":"2015-10-16T12:07:29","guid":{"rendered":"https:\/\/cio.umh.es\/?page_id=963"},"modified":"2015-10-16T14:07:29","modified_gmt":"2015-10-16T12:07:29","slug":"webinar-eficiencia","status":"publish","type":"page","link":"https:\/\/cio.umh.es\/en\/servicios\/ciclo-webinars-2015\/webinar-eficiencia\/","title":{"rendered":"Webinar \u00abEficiencia\u00bb"},"content":{"rendered":"<p><!--:es--><\/p>\n<h1>3\u00ba Ciclo Webinars del CIO: \u201cSalidas Profesionales con Futuro\u201d<\/h1>\n<h4><\/h4>\n<h4><strong>Fecha: Mi\u00e9rcoles 21 de octubre de 2015<\/strong><\/h4>\n<h4><strong>Hora: 17:00 CEST<\/strong><\/h4>\n<p>Convert the time of this event to your time at: <a href=\"http:\/\/www.timeanddate.com\/worldclock\/fixedtime.html?iso=20151021T17&amp;p1=1976&amp;ah=1\" target=\"_blank\" rel=\"noopener noreferrer\">http:\/\/www.timeanddate.com\/worldclock\/fixedtime.html?iso=20151021T17&amp;p1=1976&amp;ah=1<\/a><\/p>\n<h2><b>\u00abAn\u00e1lisis de las diferencias entre pa\u00edses en la eficiencia de sus centros escolares\u201d<\/b><\/h2>\n<p><b>Resumen:<\/b><br \/>\nLa participaci\u00f3n de la mayor\u00eda de los pa\u00edses en evaluaciones internacionales comunes a gran escala, como los informes PISA, TIMSS o PIRLS, han aportado una serie de investigaciones con amplias bases de datos de los diferentes pa\u00edses que pueden utilizarse para evaluar el desempe\u00f1o de los sistemas educativos desde una perspectiva comparativa. En este seminario, Jos\u00e9 Manuel Cordero presentar\u00e1 los resultados de dos estudios emp\u00edricos diferentes en los que ha aplicado algunos m\u00e9todos frontera no param\u00e9tricos de reciente desarrollo.<br \/>\n<b>Ponente: Jos\u00e9 Manuel Cordero<\/b><br \/>\n<b>Breve Bio:<\/b><br \/>\nJos\u00e9 Manuel Cordero es profesor de Hacienda P\u00fablica en el Departamento de Econom\u00eda de la Universidad de Extremadura. Previamente realiz\u00f3 funciones de asesoramiento t\u00e9cnico para el Presidente de la Diputaci\u00f3n Provincial de Badajoz y Presidente de la Comisi\u00f3n de Haciendas Locales de la Federaci\u00f3n Espa\u00f1ola de Municipios y Provincias (FEMP).  Su experiencia investigadora se centra en el estudio de las t\u00e9cnicas para la medici\u00f3n de la eficiencia en el sector p\u00fablico, la econom\u00eda de la educaci\u00f3n y la financiaci\u00f3n de las haciendas territorializadas<br \/>\n<strong>INSCRIPCIONES:<\/strong><br \/>\n<a href=\"https:\/\/attendee.gotowebinar.com\/register\/1767991977639271426\" target=\"_blank\" rel=\"noopener noreferrer\">Formulario de inscripci\u00f3n al webinar<\/a><br \/>\n<a href=\"https:\/\/docs.google.com\/a\/goumh.umh.es\/forms\/d\/1pjButVZLw5C32Wh_Y0-ZygzAUg2CwqxSTrj-NrGFVgQ\/viewform\" target=\"_blank\" rel=\"noopener noreferrer\">Formulario de solicitud de asistencia en directo al CIO<\/a><!--:--><\/p>","protected":false},"excerpt":{"rendered":"<p>3\u00ba Ciclo Webinars del CIO: \u201cSalidas Profesionales con Futuro\u201d<\/p>\n<p>Fecha: Mi\u00e9rcoles 21 de octubre de 2015<br \/>\nHora: 17:00 CEST<br \/>\nConvert the time of this event to your time at: http:\/\/www.timeanddate.com\/worldclock\/fixedtime.html?iso=20151021T17&amp;p1=1976&amp;ah=1<br \/>\n\u00abAn\u00e1lisis de las diferencias entre pa\u00edses en la eficiencia de sus centros escolares\u201d<br \/>\nResumen:<br \/>\nLa participaci\u00f3n de la mayor\u00eda de los pa\u00edses en evaluaciones internacionales comunes a gran escala, como los [&#8230;]<\/p>","protected":false},"author":3477,"featured_media":0,"parent":962,"menu_order":10,"comment_status":"closed","ping_status":"closed","template":"","meta":{"_links_to":"","_links_to_target":""},"categories":[],"tags":[],"_links":{"self":[{"href":"https:\/\/cio.umh.es\/en\/wp-json\/wp\/v2\/pages\/963"}],"collection":[{"href":"https:\/\/cio.umh.es\/en\/wp-json\/wp\/v2\/pages"}],"about":[{"href":"https:\/\/cio.umh.es\/en\/wp-json\/wp\/v2\/types\/page"}],"author":[{"embeddable":true,"href":"https:\/\/cio.umh.es\/en\/wp-json\/wp\/v2\/users\/3477"}],"replies":[{"embeddable":true,"href":"https:\/\/cio.umh.es\/en\/wp-json\/wp\/v2\/comments?post=963"}],"version-history":[{"count":0,"href":"https:\/\/cio.umh.es\/en\/wp-json\/wp\/v2\/pages\/963\/revisions"}],"up":[{"embeddable":true,"href":"https:\/\/cio.umh.es\/en\/wp-json\/wp\/v2\/pages\/962"}],"wp:attachment":[{"href":"https:\/\/cio.umh.es\/en\/wp-json\/wp\/v2\/media?parent=963"}],"wp:term":[{"taxonomy":"category","embeddable":true,"href":"https:\/\/cio.umh.es\/en\/wp-json\/wp\/v2\/categories?post=963"},{"taxonomy":"post_tag","embeddable":true,"href":"https:\/\/cio.umh.es\/en\/wp-json\/wp\/v2\/tags?post=963"}],"curies":[{"name":"wp","href":"https:\/\/api.w.org\/{rel}","templated":true}]}}