{"id":962,"date":"2015-10-16T14:06:09","date_gmt":"2015-10-16T12:06:09","guid":{"rendered":"https:\/\/cio.umh.es\/?page_id=962"},"modified":"2015-10-16T14:06:09","modified_gmt":"2015-10-16T12:06:09","slug":"ciclo-webinars-2015","status":"publish","type":"page","link":"https:\/\/cio.umh.es\/en\/servicios\/ciclo-webinars-2015\/","title":{"rendered":"Ciclo Webinars-2015"},"content":{"rendered":"<p>[:es]En este nuevo curso acad\u00e9mico 2015-16 el Instituto de Investigaci\u00f3n \u201cCentro de Investigaci\u00f3n Operativa\u201d de la Universidad Miguel Hern\u00e1ndez de Elche pone en marcha el <b>tercer ciclo de seminarios on-line<\/b> (webinars) que lleva por t\u00edtulo \u201c<b><i>Salidas profesionales con futuro<\/i><\/b>\u201c.  Dentro de las lineas de investigaci\u00f3n del CIO: Estad\u00edstica e Investigaci\u00f3n Operativa, Matem\u00e1ticas Aplicadas e Inform\u00e1tica, se invitar\u00e1 a profesionales y expertos en la material, tanto del mundo empresarial como del mundo acad\u00e9mico, que nos presentar\u00e1n el panorama actual en estas \u00e1reas de trabajo y las posibles salidas profesionales para graduados, masters o doctorados de estas \u00e1reas.<br \/>\nLos seminarios ser\u00e1n <b>impartidos en la sede del CIO<\/b>, en el Edificio Torremamarit del Campus de Elche, <b>a las 17:00 CEST<\/b> y ser\u00e1n retransmitidos por Internet a trav\u00e9s de una <b>plataforma de webinars<\/b>, donde cualquier profesional o acad\u00e9mico podr\u00e1 seguirlo en directo. Tanto el p\u00fablico asistente a la sala como los participantes por Internet podr\u00e1n formular sus preguntas al final de la charla al presentador de cada seminario.<\/p>\n<h1>Pr\u00f3ximos Webinars 2015<\/h1>\n<p>&nbsp;<\/p>\n<h4><strong>Mi\u00e9rcoles, 21 de octubre de 2015, a las 17:00 CEST<\/strong><\/h4>\n<h2>T\u00edtulo: \u00abAn\u00e1lisis de las diferencias entre pa\u00edses en la eficiencia de sus centros escolares\u201d<\/h2>\n<p><a href=\"https:\/\/cio.umh.es\/en\/servicios\/ciclo-webinars-2015\/webinar-eficiencia\/\">Mas info&#8230;<\/a><\/p>\n<h4><strong>Martes, 10 de noviembre de 2015, a las 17:00 CEST<\/strong><\/h4>\n<h2>T\u00edtulo: \u00abCiberseguridad en el s.XXI: aplicando las matem\u00e1ticas para proteger al ciudadano\u201d<\/h2>\n<p><a href=\"https:\/\/cio.umh.es\/en\/servicios\/ciclo-webinars-2015\/webinar-ciberseguridad\/\">Mas info&#8230;<\/a><\/p>\n<h4><strong>Viernes, 13 de noviembre de 2015, a las 17:00 CEST<\/strong><\/h4>\n<h2>T\u00edtulo: \u00abEl Consultor en Accesibilidad, una salida profesional con futuro\u00bb<\/h2>\n<p><a href=\"https:\/\/cio.umh.es\/en\/servicios\/ciclo-webinars-2015\/webinar-accesibilidad\/\">Mas info&#8230;<\/a><br \/>\n[:]<\/p>","protected":false},"excerpt":{"rendered":"<p>[:es]En este nuevo curso acad\u00e9mico 2015-16 el Instituto de Investigaci\u00f3n \u201cCentro de Investigaci\u00f3n Operativa\u201d de la Universidad Miguel Hern\u00e1ndez de Elche pone en marcha el tercer ciclo de seminarios on-line (webinars) que lleva por t\u00edtulo \u201cSalidas profesionales con futuro\u201c.  Dentro de las lineas de investigaci\u00f3n del CIO: Estad\u00edstica e Investigaci\u00f3n Operativa, Matem\u00e1ticas Aplicadas e [&#8230;]<\/p>","protected":false},"author":3477,"featured_media":0,"parent":1411,"menu_order":70,"comment_status":"closed","ping_status":"closed","template":"","meta":{"_links_to":"","_links_to_target":""},"categories":[],"tags":[],"_links":{"self":[{"href":"https:\/\/cio.umh.es\/en\/wp-json\/wp\/v2\/pages\/962"}],"collection":[{"href":"https:\/\/cio.umh.es\/en\/wp-json\/wp\/v2\/pages"}],"about":[{"href":"https:\/\/cio.umh.es\/en\/wp-json\/wp\/v2\/types\/page"}],"author":[{"embeddable":true,"href":"https:\/\/cio.umh.es\/en\/wp-json\/wp\/v2\/users\/3477"}],"replies":[{"embeddable":true,"href":"https:\/\/cio.umh.es\/en\/wp-json\/wp\/v2\/comments?post=962"}],"version-history":[{"count":0,"href":"https:\/\/cio.umh.es\/en\/wp-json\/wp\/v2\/pages\/962\/revisions"}],"up":[{"embeddable":true,"href":"https:\/\/cio.umh.es\/en\/wp-json\/wp\/v2\/pages\/1411"}],"wp:attachment":[{"href":"https:\/\/cio.umh.es\/en\/wp-json\/wp\/v2\/media?parent=962"}],"wp:term":[{"taxonomy":"category","embeddable":true,"href":"https:\/\/cio.umh.es\/en\/wp-json\/wp\/v2\/categories?post=962"},{"taxonomy":"post_tag","embeddable":true,"href":"https:\/\/cio.umh.es\/en\/wp-json\/wp\/v2\/tags?post=962"}],"curies":[{"name":"wp","href":"https:\/\/api.w.org\/{rel}","templated":true}]}}