{"id":93,"date":"2011-12-09T11:03:26","date_gmt":"2011-12-09T10:03:26","guid":{"rendered":"http:\/\/cio.zeus.umh.es\/investigacion\/investigadores\/alejandro-rabasa-dolado"},"modified":"2011-12-09T11:03:26","modified_gmt":"2011-12-09T10:03:26","slug":"arabasa-2","status":"publish","type":"page","link":"https:\/\/cio.umh.es\/en\/investigadores\/arabasa-2\/","title":{"rendered":"Alejandro Rabasa Dolado"},"content":{"rendered":"<p><!--:es--><img loading=\"lazy\" class=\"alignleft wp-image-1099 size-full\" title=\"Alejandro Rabasa Dolado\" src=\"https:\/\/cio.umh.es\/files\/2011\/12\/a.rabasa.jpg\" alt=\"Alejandro Rabasa Dolado\" width=\"108\" height=\"144\" \/><br \/>\n<strong>Grupo de investigaci\u00f3n<\/strong>: <a href=\"\/en\/..\/grupos-de-investigacion\/ingenieria-conocimiento-analisis-datos\/\">Ingenier\u00eda del Conocimiento y An\u00e1lisis de Datos<\/a><br \/>\n<strong>Tel\u00e9fono<\/strong>: +34 966 658 600 ext.9040<br \/>\n<strong>Correo-e<\/strong>:\u00a0a.rabasa@umh.es<br \/>\n<strong>Despacho<\/strong>: 1.04 \u2013 Ed. Torretamarit \u2013 Campus de Elche<br \/>\n<a href=\"http:\/\/www.umh.es\/contenido\/Universidad\/:persona_108374\/datos_es.html?marcaTxtBusc=rabasa\" target=\"_blank\" rel=\"noopener noreferrer\">P\u00e1gina web Personal en la UMH<\/a><br \/>\n<a class=\"alignright\" href=\"\/en\/..\/investigadores\/\">&lt; Otros investigadores<\/a><\/p>\n<p>&nbsp;<\/p>\n<p>&nbsp;<\/p>\n<p>&nbsp;<\/p>\n<p><strong>Titulaci\u00f3n:<\/strong><br \/>\n\u2022 Ingeniero en Inform\u00e1tica. Universidad de Alicante. Diciembre, 1995.<br \/>\n\u2022 Ingeniero T\u00e9cnico en inform\u00e1tica de Gesti\u00f3n. Universidad de Alicante. Diciembre, 1995.<br \/>\n<strong>Doctorado:<\/strong> Doctor en Inform\u00e1tica. Universidad Miguel Hern\u00e1ndez de Elche. Marzo, 2009. (Directores: Laureano F. Escudero, Marc Almi\u00f1ana)<br \/>\n<strong>Situaci\u00f3n actual:<\/strong> Profesor Contratado Doctor. Departamento de Estad\u00edstica, Matem\u00e1ticas e Inform\u00e1tica. \u00c1rea de Lenguajes y Sistemas Inform\u00e1ticos.<br \/>\n<strong>L\u00edneas de investigaci\u00f3n:<\/strong> Miner\u00eda de Datos, Sistemas de Apoyo a la Decisi\u00f3n.<br \/>\n<strong>Publicaciones relevantes: <\/strong><br \/>\n\u2022 Rabasa, A.F. Compa\u00f1, A.J. Agull\u00f3, JJ. Rodr\u00edguez-Sala , L. Santamar\u00eda, L. Noguera. \u201cData management for an anaesthesiology department optimization\u201d, WIT Transactions on Information and Communication Technologies, 45 (2013)<br \/>\n\u2022 M. Almi\u00f1ana, L.F. Escudero, A. P\u00e9rez-Mart\u00edn, A. Rabasa, L. Santamar\u00eda. \u201cA classification rule reduction algorithm based on significance domains\u201d. TOP, on-line (2012)<br \/>\n\u2022 B. Zaragoz\u00ed, A. Rabasa, J.J. Rodr\u00edguez-Sala, J.T. Navarro, A. Belda, A.Ram\u00f3n. \u201cModelling farmland abandonment: A study combining GIS and Data Mining techniques\u201d. Agriculture Ecosystems &amp; Environment, vol (155), 124-132 (2012)<br \/>\n\u2022\u00a0A. Rabasa, J. M. Molina, H. Puerto, J. J. Rodr\u00edguez-Sala, L. Santamar\u00eda, A. Ruiz. \u201cIdentifying the most relevant issues to minimize automatized irrigation water supply in vineyards using Data Mining\u201d. Ecosystems and sustainabe development, (1), 353 362, (2011)<br \/>\n\u2022 J.F. Monge, L.F. Escudero, M. Almi\u00f1ana, M. Landete, A. Rabasa, J. S\u00e1nchez-Soriano. \u201cA decision support system for water irrigation scheduling\u201d. Omega, 38(6), 492-500, (2010)<!--:--><!--:en--><img loading=\"lazy\" class=\"alignleft wp-image-1099 size-full\" title=\"Alejandro Rabasa Dolado\" src=\"https:\/\/cio.umh.es\/files\/2011\/12\/a.rabasa.jpg\" alt=\"Alejandro Rabasa Dolado\" width=\"108\" height=\"144\" \/><br \/>\n<strong>Research Group<\/strong>: <a href=\"\/en\/..\/grupos-de-investigacion\/ingenieria-conocimiento-analisis-datos\/\">Knowledge Engineering and Data Analysis<\/a><br \/>\n<strong>Telephone<\/strong>: +34 966 658 600 ext.9040<br \/>\n<strong>E-mail<\/strong>:\u00a0a.rabasa@umh.es<br \/>\n<strong>Office<\/strong>: 1.04 \u2013 Ed. Torretamarit \u2013 Campus of Elche<br \/>\n<a href=\"http:\/\/www.umh.es\/contenido\/Universidad\/:persona_108374\/datos_en.html?marcaTxtBusc=rabasa\" target=\"_blank\" rel=\"noopener noreferrer\">Personal Website at UMH<\/a><br \/>\n<a class=\"alignright\" href=\"\/en\/..\/investigadores\/\">&lt; More researchers<\/a><\/p>\n<p>&nbsp;<\/p>\n<p>&nbsp;<\/p>\n<p>&nbsp;<\/p>\n<p><strong>Degree: <\/strong><br \/>\n\u2022 Computer Engineer, Universidad de Alicante. December, 1995.<br \/>\n\u2022 Technical Engineer on Computer Science. Universidad de Alicante. December, 1995.<br \/>\n<strong>PhD Degree:<\/strong> PhD in Computer Science. Miguel Hern\u00e1ndez University (Advisors: Laureano F. Escudero and Marc Almi\u00f1ana)<br \/>\n<strong>Current Position:<\/strong> Profesor Contratado Doctor at Department of Statistics, Mathematics and Computer Science.<br \/>\n<strong>ResearchFields:<\/strong> Data Mining, Decision Support Systems.<br \/>\n<strong>Representative Publications:<\/strong><br \/>\n\u2022 Rabasa, A.F. Compa\u00f1, A.J. Agull\u00f3, JJ. Rodr\u00edguez-Sala , L. Santamar\u00eda, L. Noguera. \u201cData management for an anaesthesiology department optimization\u201d, WIT Transactions on Information and Communication Technologies, 45 (2013)<br \/>\n\u2022 M. Almi\u00f1ana, L.F. Escudero, A. P\u00e9rez-Mart\u00edn, A. Rabasa, L. Santamar\u00eda. \u201cA classification rule reduction algorithm based on significance domains\u201d. TOP, on-line (2012)<br \/>\n\u2022 B. Zaragoz\u00ed, A. Rabasa, J.J. Rodr\u00edguez-Sala, J.T. Navarro, A. Belda, A.Ram\u00f3n. \u201cModelling farmland abandonment: A study combining GIS and Data Mining techniques\u201d. Agriculture Ecosystems &amp; Environment, vol (155), 124-132 (2012)<br \/>\n\u2022\u00a0A. Rabasa, J. M. Molina, H. Puerto, J. J. Rodr\u00edguez-Sala, L. Santamar\u00eda, A. Ruiz. \u201cIdentifying the most relevant issues to minimize automatized irrigation water supply in vineyards using Data Mining\u201d. Ecosystems and sustainabe development, (1), 353 362, (2011)<br \/>\n\u2022 J.F. Monge, L.F. Escudero, M. Almi\u00f1ana, M. Landete, A. Rabasa, J. S\u00e1nchez-Soriano. \u201cA decision support system for water irrigation scheduling\u201d. Omega, 38(6), 492-500, (2010)<!--:--><\/p>","protected":false},"excerpt":{"rendered":"<p>Grupo de investigaci\u00f3n: Ingenier\u00eda del Conocimiento y An\u00e1lisis de Datos<br \/>\nTel\u00e9fono: +34 966 658 600 ext.9040<br \/>\nCorreo-e:\u00a0a.rabasa@umh.es<br \/>\nDespacho: 1.04 \u2013 Ed. Torretamarit \u2013 Campus de Elche<br \/>\nP\u00e1gina web Personal en la UMH<br \/>\n&lt; Otros investigadores<br \/>\n&nbsp;<br \/>\n&nbsp;<br \/>\n&nbsp;<br \/>\nTitulaci\u00f3n:<br \/>\n\u2022 Ingeniero en Inform\u00e1tica. Universidad de Alicante. Diciembre, 1995.<br \/>\n\u2022 Ingeniero T\u00e9cnico en inform\u00e1tica de Gesti\u00f3n. Universidad de Alicante. Diciembre, 1995.<br \/>\nDoctorado: Doctor en Inform\u00e1tica. Universidad Miguel Hern\u00e1ndez [&#8230;]<\/p>","protected":false},"author":3477,"featured_media":0,"parent":1417,"menu_order":32,"comment_status":"closed","ping_status":"closed","template":"","meta":{"_links_to":"","_links_to_target":""},"categories":[],"tags":[],"_links":{"self":[{"href":"https:\/\/cio.umh.es\/en\/wp-json\/wp\/v2\/pages\/93"}],"collection":[{"href":"https:\/\/cio.umh.es\/en\/wp-json\/wp\/v2\/pages"}],"about":[{"href":"https:\/\/cio.umh.es\/en\/wp-json\/wp\/v2\/types\/page"}],"author":[{"embeddable":true,"href":"https:\/\/cio.umh.es\/en\/wp-json\/wp\/v2\/users\/3477"}],"replies":[{"embeddable":true,"href":"https:\/\/cio.umh.es\/en\/wp-json\/wp\/v2\/comments?post=93"}],"version-history":[{"count":0,"href":"https:\/\/cio.umh.es\/en\/wp-json\/wp\/v2\/pages\/93\/revisions"}],"up":[{"embeddable":true,"href":"https:\/\/cio.umh.es\/en\/wp-json\/wp\/v2\/pages\/1417"}],"wp:attachment":[{"href":"https:\/\/cio.umh.es\/en\/wp-json\/wp\/v2\/media?parent=93"}],"wp:term":[{"taxonomy":"category","embeddable":true,"href":"https:\/\/cio.umh.es\/en\/wp-json\/wp\/v2\/categories?post=93"},{"taxonomy":"post_tag","embeddable":true,"href":"https:\/\/cio.umh.es\/en\/wp-json\/wp\/v2\/tags?post=93"}],"curies":[{"name":"wp","href":"https:\/\/api.w.org\/{rel}","templated":true}]}}