{"id":855,"date":"2014-09-30T23:58:58","date_gmt":"2014-09-30T21:58:58","guid":{"rendered":"https:\/\/cio.umh.es\/?page_id=855"},"modified":"2014-09-30T23:58:58","modified_gmt":"2014-09-30T21:58:58","slug":"webinar-llenaliagarcia","status":"publish","type":"page","link":"https:\/\/cio.umh.es\/en\/servicios\/ciclo-webinars-2014\/webinar-llenaliagarcia\/","title":{"rendered":"Webinar \u00abDoctores emprendedores: una nueva forma de emprender\u00bb"},"content":{"rendered":"<p><!--:es--><\/p>\n<h1>2\u00ba Ciclo de Seminarios Webinars del CIO:<\/h1>\n<p>&nbsp;<br \/>\n<b style=\"font-size: 16px\"><i>\u00abEl papel de los Doctores (en Estad\u00edstica, Matem\u00e1ticas e Inform\u00e1tica) en la empresa actual\u00bb<\/i><\/b><\/p>\n<h4><\/h4>\n<h4><strong>Fecha: Martes 21 de octubre de 2014<\/strong><\/h4>\n<h4><strong>Hora: 17:00 CEST<\/strong><\/h4>\n<p>Convert the time of this event to your time at:\u00a0<a href=\"http:\/\/www.timeanddate.com\/worldclock\/fixedtime.html?iso=20141021T17&amp;p1=1976&amp;ah=1\" target=\"_blank\" rel=\"noopener noreferrer\"> http:\/\/www.timeanddate.com\/worldclock\/fixedtime.html?iso=20141021T17&amp;p1=1976&amp;ah=1<\/a><\/p>\n<h2>T\u00edtulo: <b>\u00abDoctores emprendedores: una nueva forma de emprender\u00bb<\/b><\/h2>\n<p>&nbsp;<br \/>\n<b><\/b><b style=\"font-size: 13px\">Resumen:<\/b><br \/>\nLa estad\u00edstica es una herramienta indispensable para la investigaci\u00f3n y la toma de decisiones para el desarrollo empresarial y la realizaci\u00f3n de estudios de investigaci\u00f3n.<br \/>\nLa b\u00fasqueda de la objetividad en el an\u00e1lisis de datos y en el procesamiento de la informaci\u00f3n, junto con la necesidad de desarrollo de m\u00e9todos para la mejora del funcionamiento empresarial y la resoluci\u00f3n de las preguntas de investigaci\u00f3n, hacen de la estad\u00edstica una de las principales herramientas de trabajo.<br \/>\nSEPLIN, Soluciones Estad\u00edsticas es una empresa ubicada en el Parque Tecnol\u00f3gico de Ciencias de la Salud de Granada y dedicada al asesoramiento y trasferencia del conocimiento estad\u00edstico necesario en la investigaci\u00f3n y el desarrollo empresarial tanto a nivel nacional como internacional. La empresa ofrece servicios estad\u00edsticos especializados como soluci\u00f3n a los problemas de investigaci\u00f3n y desarrollo empresarial.<br \/>\nEn este seminario, su Gerente Llenalia Garc\u00eda, nos presentar\u00e1 la experiencia de emprender como Matem\u00e1tica\/Estad\u00edstica, la utilidad y ventajas de ser Doctora durante el emprendimiento y para el desarrollo de un negocio en el \u00e1rea de la Estad\u00edstica.<\/p>\n<div lang=\"ES\"><\/div>\n<p>&nbsp;<br \/>\n<b style=\"font-size: 14px\">Ponente: Llenalia Garc\u00eda Fern\u00e1ndez <\/b><br \/>\n<b>Breve Bio:<\/b><br \/>\nLlenalia M. Garc\u00eda Fern\u00e1ndez es PhD Statistical Modelling, University of Abertay Dundee, UK; MSc Medical Statistics, Lancaster University, UK y Licenciada en Matem\u00e1ticas por la Universidad de M\u00e1laga. Adem\u00e1s posee  el t\u00edtulo de Cualificaci\u00f3n empresarial (NVQ Level 4 in Management) por el Chartered Management Institute (UK). Ha sido investigadora asociada en la Universidad de Abertay Dundee (UK), Consultora estad\u00edstica de la empresa Quality Control for Molecular Diagnositcs (QCMD) (UK) y T\u00e9cnica consultora en la Escuela Andaluza de Salud Publica (Granada). Es tambi\u00e9n Profesora Sustituta en la Universidad de Ja\u00e9n y Consultora y Asesora estad\u00edstica en proyectos de investigaci\u00f3n de la Universidad de Granada y Ja\u00e9n.<br \/>\nActualmente, Socia-Fundadora y Gerente de SEPLIN Soluciones Estad\u00edsticas con m\u00e1s de 10 a\u00f1os de experiencia en el campo de la estad\u00edstica aplicada a nivel nacional e internacional.<br \/>\nEs tambi\u00e9n miembro de las sociedades: Chartered Management Institute, International Society of Bayesian Analysis (ISBA) y Miembro socio-fundador de la Asociaci\u00f3n Espa\u00f1ola de Estad\u00edstica en Salud.<br \/>\n<strong>INSCRIPCIONES:<\/strong><br \/>\n<a href=\"https:\/\/attendee.gotowebinar.com\/register\/4454506794815187457\">Formulario de inscripci\u00f3n al webinar<\/a><br \/>\n<a href=\"https:\/\/docs.google.com\/a\/goumh.umh.es\/forms\/d\/1SkkdkZ82JLRDI9tDa5M4zFkiBk-C8X-3EIsJVHtFxv8\/viewform\">Formulario de solicitud de asistencia en directo al CIO<\/a><!--:--><\/p>","protected":false},"excerpt":{"rendered":"<p>2\u00ba Ciclo de Seminarios Webinars del CIO:<br \/>\n&nbsp;<br \/>\n\u00abEl papel de los Doctores (en Estad\u00edstica, Matem\u00e1ticas e Inform\u00e1tica) en la empresa actual\u00bb<\/p>\n<p>Fecha: Martes 21 de octubre de 2014<br \/>\nHora: 17:00 CEST<br \/>\nConvert the time of this event to your time at:\u00a0 http:\/\/www.timeanddate.com\/worldclock\/fixedtime.html?iso=20141021T17&amp;p1=1976&amp;ah=1<br \/>\nT\u00edtulo: \u00abDoctores emprendedores: una nueva forma de emprender\u00bb<br \/>\n&nbsp;<br \/>\nResumen:<br \/>\nLa estad\u00edstica es una herramienta indispensable para la investigaci\u00f3n y la [&#8230;]<\/p>","protected":false},"author":3477,"featured_media":0,"parent":843,"menu_order":5,"comment_status":"closed","ping_status":"closed","template":"","meta":{"_links_to":"","_links_to_target":""},"categories":[],"tags":[],"_links":{"self":[{"href":"https:\/\/cio.umh.es\/en\/wp-json\/wp\/v2\/pages\/855"}],"collection":[{"href":"https:\/\/cio.umh.es\/en\/wp-json\/wp\/v2\/pages"}],"about":[{"href":"https:\/\/cio.umh.es\/en\/wp-json\/wp\/v2\/types\/page"}],"author":[{"embeddable":true,"href":"https:\/\/cio.umh.es\/en\/wp-json\/wp\/v2\/users\/3477"}],"replies":[{"embeddable":true,"href":"https:\/\/cio.umh.es\/en\/wp-json\/wp\/v2\/comments?post=855"}],"version-history":[{"count":0,"href":"https:\/\/cio.umh.es\/en\/wp-json\/wp\/v2\/pages\/855\/revisions"}],"up":[{"embeddable":true,"href":"https:\/\/cio.umh.es\/en\/wp-json\/wp\/v2\/pages\/843"}],"wp:attachment":[{"href":"https:\/\/cio.umh.es\/en\/wp-json\/wp\/v2\/media?parent=855"}],"wp:term":[{"taxonomy":"category","embeddable":true,"href":"https:\/\/cio.umh.es\/en\/wp-json\/wp\/v2\/categories?post=855"},{"taxonomy":"post_tag","embeddable":true,"href":"https:\/\/cio.umh.es\/en\/wp-json\/wp\/v2\/tags?post=855"}],"curies":[{"name":"wp","href":"https:\/\/api.w.org\/{rel}","templated":true}]}}