{"id":853,"date":"2014-09-29T23:51:26","date_gmt":"2014-09-29T21:51:26","guid":{"rendered":"https:\/\/cio.umh.es\/?page_id=853"},"modified":"2014-09-29T23:51:26","modified_gmt":"2014-09-29T21:51:26","slug":"webinar-victoroctavio","status":"publish","type":"page","link":"https:\/\/cio.umh.es\/en\/servicios\/ciclo-webinars-2014\/webinar-victoroctavio\/","title":{"rendered":"Webinar \u00abLa experiencia de usuario y los doctores en una consultora de TI\u00bb"},"content":{"rendered":"<p><!--:es--><\/p>\n<h1>2\u00ba Ciclo de Seminarios Webinars del CIO:<\/h1>\n<p>&nbsp;<br \/>\n<b style=\"font-size: 16px\"><i>\u00abEl papel de los Doctores (en Estad\u00edstica, Matem\u00e1ticas e Inform\u00e1tica) en la empresa actual\u00bb<\/i><\/b><\/p>\n<h4><\/h4>\n<h4><strong>Fecha: Mi\u00e9rcoles 29 de octubre de 2014<\/strong><\/h4>\n<h4><strong>Hora: 17:00 CEST<\/strong><\/h4>\n<p>Convert the time of this event to your time at:\u00a0<a href=\"http:\/\/www.timeanddate.com\/worldclock\/fixedtime.html?iso=20141029T17&amp;p1=1976&amp;ah=1\" target=\"_blank\" rel=\"noopener noreferrer\"> http:\/\/www.timeanddate.com\/worldclock\/fixedtime.html?iso=20141029T17&amp;p1=1976&amp;ah=1<\/a><\/p>\n<h2>T\u00edtulo: <b>\u00abLa experiencia de usuario y los doctores en una consultora de TI\u00bb<\/b><\/h2>\n<p>&nbsp;<br \/>\n<b><\/b><b style=\"font-size: 13px\">Resumen:<\/b><br \/>\nEn este seminario se presentar\u00e1 c\u00f3mo en la multinacional de Consultor\u00eda y Tecnolog\u00eda <strong>Indra<\/strong> han sido capaces de integrar la experiencia de usuario en los grandes sistemas que se implementan en esta consultora para cualquier tipo de proyecto y cliente. Tambi\u00e9n se presentar\u00e1 el modelo de Recursos Humanos para captaci\u00f3n de talento.<br \/>\nIndra es la\u00a0multinacional de Consultor\u00eda y Tecnolog\u00eda\u00a0l\u00edder en Espa\u00f1a y Latinoam\u00e9rica. Ofrece soluciones y servicios tecnol\u00f3gicos para los sectores de Transporte y Tr\u00e1fico, Energ\u00eda e Industria, Administraci\u00f3n P\u00fablica y Sanidad, Servicios Financieros, Seguridad y Defensa y Telecom y Media.<\/p>\n<div lang=\"ES\"><\/div>\n<p>&nbsp;<br \/>\n<b style=\"font-size: 14px\">Ponente: V\u00edctor Manuel Octavio Palomares<\/b><br \/>\n<b>Breve Bio:<\/b><br \/>\nV\u00edctor Manuel Octavio Palomares es Senior Manager en Indra y responsable de la Unidad de User Experience. Diplomado en Inform\u00e1tica por la Universidad Polit\u00e9cnica de Madrid, ha desarrollado pr\u00e1cticamente toda su carrera profesional en Indra colaborando para m\u00faltiples clientes de diferentes sectores, desde la Administraciones P\u00fablicas, Telecomunicaciones, Energ\u00eda, Media o Defensa y Simulaci\u00f3n.<br \/>\n<strong>INSCRIPCIONES:<\/strong><br \/>\n<a href=\"https:\/\/attendee.gotowebinar.com\/register\/1163499168098861826\">Formulario de inscripci\u00f3n al webinar<\/a><br \/>\n<a href=\"https:\/\/docs.google.com\/forms\/d\/1WJp6kGs82eyrskKiMcF7TXfuy9JnFSkbyK_4uzNxdRg\/viewform\">Formulario de solicitud de asistencia en directo al CIO<\/a><!--:--><\/p>","protected":false},"excerpt":{"rendered":"<p>2\u00ba Ciclo de Seminarios Webinars del CIO:<br \/>\n&nbsp;<br \/>\n\u00abEl papel de los Doctores (en Estad\u00edstica, Matem\u00e1ticas e Inform\u00e1tica) en la empresa actual\u00bb<\/p>\n<p>Fecha: Mi\u00e9rcoles 29 de octubre de 2014<br \/>\nHora: 17:00 CEST<br \/>\nConvert the time of this event to your time at:\u00a0 http:\/\/www.timeanddate.com\/worldclock\/fixedtime.html?iso=20141029T17&amp;p1=1976&amp;ah=1<br \/>\nT\u00edtulo: \u00abLa experiencia de usuario y los doctores en una consultora de TI\u00bb<br \/>\n&nbsp;<br \/>\nResumen:<br \/>\nEn este seminario se presentar\u00e1 c\u00f3mo [&#8230;]<\/p>","protected":false},"author":3477,"featured_media":0,"parent":843,"menu_order":20,"comment_status":"closed","ping_status":"closed","template":"","meta":{"_links_to":"","_links_to_target":""},"categories":[],"tags":[],"_links":{"self":[{"href":"https:\/\/cio.umh.es\/en\/wp-json\/wp\/v2\/pages\/853"}],"collection":[{"href":"https:\/\/cio.umh.es\/en\/wp-json\/wp\/v2\/pages"}],"about":[{"href":"https:\/\/cio.umh.es\/en\/wp-json\/wp\/v2\/types\/page"}],"author":[{"embeddable":true,"href":"https:\/\/cio.umh.es\/en\/wp-json\/wp\/v2\/users\/3477"}],"replies":[{"embeddable":true,"href":"https:\/\/cio.umh.es\/en\/wp-json\/wp\/v2\/comments?post=853"}],"version-history":[{"count":0,"href":"https:\/\/cio.umh.es\/en\/wp-json\/wp\/v2\/pages\/853\/revisions"}],"up":[{"embeddable":true,"href":"https:\/\/cio.umh.es\/en\/wp-json\/wp\/v2\/pages\/843"}],"wp:attachment":[{"href":"https:\/\/cio.umh.es\/en\/wp-json\/wp\/v2\/media?parent=853"}],"wp:term":[{"taxonomy":"category","embeddable":true,"href":"https:\/\/cio.umh.es\/en\/wp-json\/wp\/v2\/categories?post=853"},{"taxonomy":"post_tag","embeddable":true,"href":"https:\/\/cio.umh.es\/en\/wp-json\/wp\/v2\/tags?post=853"}],"curies":[{"name":"wp","href":"https:\/\/api.w.org\/{rel}","templated":true}]}}