{"id":846,"date":"2014-09-29T23:38:15","date_gmt":"2014-09-29T21:38:15","guid":{"rendered":"http:\/\/cio.umh.es\/?page_id=846"},"modified":"2014-09-29T23:38:15","modified_gmt":"2014-09-29T21:38:15","slug":"webinar-albertoderosa","status":"publish","type":"page","link":"https:\/\/cio.umh.es\/en\/servicios\/ciclo-webinars-2014\/webinar-albertoderosa\/","title":{"rendered":"Webinar \u00abEl Modelo Alzira de la gesti\u00f3n integral de la salud\u00bb"},"content":{"rendered":"<p><!--:es--><\/p>\n<h1>2\u00ba Ciclo de Seminarios Webinars del CIO:<\/h1>\n<p>&nbsp;<br \/>\n<b style=\"font-size: 16px\"><i>\u00abEl papel de los Doctores (en Estad\u00edstica, Matem\u00e1ticas e Inform\u00e1tica) en la empresa actual\u00bb<\/i><\/b><\/p>\n<h4><\/h4>\n<h4><strong>Fecha: Mi\u00e9rcoles 22 de octubre de 2014<\/strong><\/h4>\n<h4><strong>Hora: 17:00 CEST<\/strong><\/h4>\n<p>Convert the time of this event to your time at:\u00a0<a href=\"http:\/\/www.timeanddate.com\/worldclock\/fixedtime.html?iso=20141022T17&amp;p1=1976&amp;ah=1\" target=\"_blank\" rel=\"noopener noreferrer\"> http:\/\/www.timeanddate.com\/worldclock\/fixedtime.html?iso=20141022T17&amp;p1=1976&amp;ah=1<\/a><\/p>\n<h2>T\u00edtulo: <b>\u00abEl Modelo Alzira de la gesti\u00f3n integral de la salud\u00bb<\/b><\/h2>\n<p>&nbsp;<br \/>\n<b><\/b><b style=\"font-size: 13px\">Resumen:<\/b><\/p>\n<div lang=\"ES\">\n<div>\n<div><i>El Modelo Alzira, es un modelo pionero en la prestaci\u00f3n de asistencia sanitaria\u00a0 mediante la colaboraci\u00f3n p\u00fablico-privada con la Administraci\u00f3n P\u00fablica. El Modelo fue implantado en 1997 en el Hospital de la Ribera, en Alzira. Entonces hubo que enfrentarse a retos muy complicados por el hecho de ser los primeros y por el desconocimiento que por parte de la toda la sociedad, hab\u00eda sobre este sistema de gesti\u00f3n.<\/i><\/div>\n<div><i>\u00a0<\/i><\/div>\n<div><i>El proceso de consolidaci\u00f3n del modelo de colaboraci\u00f3n p\u00fablico privada y la financiaci\u00f3n capitativa, obligan a una nueva visi\u00f3n,\u00a0<b>la gesti\u00f3n integral de la salud<\/b>, basada en tres pilares fundamentales:<\/i><\/div>\n<div><i>\u00a0<\/i><\/div>\n<div>&#8211;\u00a0\u00a0\u00a0\u00a0\u00a0\u00a0\u00a0\u00a0\u00a0\u00a0<b><i>Gesti\u00f3n cl\u00ednica<\/i><\/b><i>\u00a0que nos permite lograr una mayor eficiencia e involucraci\u00f3n de los profesionales en la gesti\u00f3n de la salud.<\/i><\/div>\n<div>&#8211;\u00a0\u00a0\u00a0\u00a0\u00a0\u00a0\u00a0\u00a0\u00a0\u00a0<b><i>Gesti\u00f3n de RRHH,\u00a0<\/i><\/b><i>que nos permite evaluar y reconocer adecuadamente el trabajo de los profesionales.<\/i><\/div>\n<div>&#8211;\u00a0\u00a0\u00a0\u00a0\u00a0\u00a0\u00a0\u00a0\u00a0\u00a0<b><i>Nuevas tecnolog\u00edas<\/i><\/b><i>\u00a0y sistemas de informaci\u00f3n, que nos permiten gestionar la informaci\u00f3n de manera m\u00e1s eficiente, medir los resultados y formar e informar al ciudadano.<\/i><\/div>\n<div><i>\u00a0<\/i><\/div>\n<div>\n<div><i>El Modelo de colaboraci\u00f3n p\u00fablico-privada, ha demostrado ser un sistema de gesti\u00f3n sanitaria con m\u00faltiples ventajas tanto para los profesionales, como para la Administraci\u00f3n P\u00fablica y los gestores privados, pero sobre todo, para los ciudadanos.<\/i><\/div>\n<\/div>\n<\/div>\n<\/div>\n<p>&nbsp;<br \/>\n<b style=\"font-size: 14px\">Ponente: Alberto de Rosa Torner<\/b><br \/>\n<b>Breve Bio:<\/b><br \/>\nAlberto de Rosa Torner, nace en Valencia el 17 de Octubre de 1962. Es Licenciado en Ciencias Econ\u00f3micas y Empresariales por la Universidad de Valencia (1980-1985). Continu\u00f3 sus estudios en Barcelona, donde obtuvo el t\u00edtulo de Master in Business Administration (M.B.A.) por la prestigiosa Escuela de Negocios ESADE.<br \/>\nLa trayectoria de Alberto de Rosa en el sector sanitario es dilatada, con m\u00e1s de 24 a\u00f1os de experiencia en la gerencia de distintos hospitales y grupos hospitalarios.<br \/>\nDesde 1990 y hasta 1994 trabaja en el Grupo Nisa, el mayor grupo sanitario privado valenciano y uno de los m\u00e1s importantes de Espa\u00f1a.<br \/>\nPosteriormente, se une al equipo de Consultora de Hospitales (CODEH), una de las consultoras hospitalarias independientes m\u00e1s prestigiosas de Espa\u00f1a.<br \/>\nEn 1996 se vincula al Grupo Hospitalario Quir\u00f3n como Director Gerente de la Cl\u00ednica Quir\u00f3n de Valencia.<br \/>\nEn 1998 fue nombrado Director Gerente del Hospital de La Ribera de Alzira (Valencia), un reto importante por muchos motivos entre los que destaca ser el primer hospital p\u00fablico de gesti\u00f3n privada de Espa\u00f1a, gestionado en r\u00e9gimen de concesi\u00f3n administrativa, y que lleva 14 a\u00f1os recibiendo m\u00faltiples reconocimientos.<br \/>\nAlberto de Rosa dirige, desde 2007, Ribera Salud, el grupo empresarial de gesti\u00f3n sanitaria l\u00edder en el sector de las concesiones administrativas en Espa\u00f1a. Su llegada coincide con la consolidaci\u00f3n del llamado \u2018Modelo Alzira\u2019 como referencia de gesti\u00f3n sanitaria en nuestro pa\u00eds.<br \/>\n<strong>INSCRIPCIONES:<\/strong><br \/>\n<a href=\"https:\/\/attendee.gotowebinar.com\/register\/2793465782648724226\">Formulario de inscripci\u00f3n al webinar<\/a><br \/>\n<a href=\"https:\/\/docs.google.com\/a\/goumh.umh.es\/forms\/d\/1ugzGfUJNxwx-iDTLnKTnQ1pPh9WP1PYCci6pU6VMY-c\/viewform\">Formulario de solicitud de asistencia en directo al CIO<\/a><!--:--><\/p>","protected":false},"excerpt":{"rendered":"<p>2\u00ba Ciclo de Seminarios Webinars del CIO:<br \/>\n&nbsp;<br \/>\n\u00abEl papel de los Doctores (en Estad\u00edstica, Matem\u00e1ticas e Inform\u00e1tica) en la empresa actual\u00bb<\/p>\n<p>Fecha: Mi\u00e9rcoles 22 de octubre de 2014<br \/>\nHora: 17:00 CEST<br \/>\nConvert the time of this event to your time at:\u00a0 http:\/\/www.timeanddate.com\/worldclock\/fixedtime.html?iso=20141022T17&amp;p1=1976&amp;ah=1<br \/>\nT\u00edtulo: \u00abEl Modelo Alzira de la gesti\u00f3n integral de la salud\u00bb<br \/>\n&nbsp;<br \/>\nResumen:<\/p>\n<p>El Modelo Alzira, es un modelo pionero en [&#8230;]<\/p>","protected":false},"author":3477,"featured_media":0,"parent":843,"menu_order":10,"comment_status":"closed","ping_status":"closed","template":"","meta":{"_links_to":"","_links_to_target":""},"categories":[],"tags":[],"_links":{"self":[{"href":"https:\/\/cio.umh.es\/en\/wp-json\/wp\/v2\/pages\/846"}],"collection":[{"href":"https:\/\/cio.umh.es\/en\/wp-json\/wp\/v2\/pages"}],"about":[{"href":"https:\/\/cio.umh.es\/en\/wp-json\/wp\/v2\/types\/page"}],"author":[{"embeddable":true,"href":"https:\/\/cio.umh.es\/en\/wp-json\/wp\/v2\/users\/3477"}],"replies":[{"embeddable":true,"href":"https:\/\/cio.umh.es\/en\/wp-json\/wp\/v2\/comments?post=846"}],"version-history":[{"count":0,"href":"https:\/\/cio.umh.es\/en\/wp-json\/wp\/v2\/pages\/846\/revisions"}],"up":[{"embeddable":true,"href":"https:\/\/cio.umh.es\/en\/wp-json\/wp\/v2\/pages\/843"}],"wp:attachment":[{"href":"https:\/\/cio.umh.es\/en\/wp-json\/wp\/v2\/media?parent=846"}],"wp:term":[{"taxonomy":"category","embeddable":true,"href":"https:\/\/cio.umh.es\/en\/wp-json\/wp\/v2\/categories?post=846"},{"taxonomy":"post_tag","embeddable":true,"href":"https:\/\/cio.umh.es\/en\/wp-json\/wp\/v2\/tags?post=846"}],"curies":[{"name":"wp","href":"https:\/\/api.w.org\/{rel}","templated":true}]}}