{"id":843,"date":"2014-09-24T13:36:10","date_gmt":"2014-09-24T11:36:10","guid":{"rendered":"http:\/\/cio.umh.es\/?page_id=843"},"modified":"2014-09-24T13:36:10","modified_gmt":"2014-09-24T11:36:10","slug":"ciclo-webinars-2014","status":"publish","type":"page","link":"https:\/\/cio.umh.es\/en\/servicios\/ciclo-webinars-2014\/","title":{"rendered":"Ciclo Webinars-2014"},"content":{"rendered":"<p>[:es]En este nuevo curso acad\u00e9mico 2014-15 el Instituto de Investigaci\u00f3n \u201cCentro de Investigaci\u00f3n Operativa\u201d de la Universidad Miguel Hern\u00e1ndez de Elche pone en marcha el <b>segundo ciclo de seminarios on-line<\/b> (webinars) que lleva por t\u00edtulo \u201c<b><i>El papel de los Doctores (en Estad\u00edstica, Matem\u00e1ticas e Inform\u00e1tica) en la empresa actual<\/i><\/b>\u201c.<br \/>\nEn el marco de las l\u00edneas de investigaci\u00f3n del CIO (Estad\u00edstica e Investigaci\u00f3n Operativa, Matem\u00e1ticas Aplicadas e Inform\u00e1tica), y junto con la puesta en marcha el curso pasado del <strong>nuevo Programa de Doctorado, Estad\u00edstica, Optimizaci\u00f3n y Matem\u00e1tica Aplicada en el CIO<\/strong>, se organiza este nuevo ciclo de seminarios donde se invitar\u00e1 a profesionales y expertos en estas \u00e1reas, tanto del mundo empresarial como del mundo acad\u00e9mico, que nos presentar\u00e1n el panorama actual de la empleabilidad o el papel de los Doctores en la empresa en general, y en particular en las ramas de Estad\u00edstica y Optimizaci\u00f3n y en Matem\u00e1tica Aplicada y Programaci\u00f3n Matem\u00e1tica en el mundo empresarial actual.<br \/>\nLos seminarios ser\u00e1n <b>impartidos en la sede del CIO<\/b>, en el Edificio Torremamarit del Campus de Elche, <b>a las 17:00 CEST<\/b> y ser\u00e1n retransmitidos por Internet a trav\u00e9s de una <b>plataforma de webinars<\/b>, donde cualquier profesional o acad\u00e9mico podr\u00e1 seguirlo en directo. Tanto el p\u00fablico asistente a la sala como los participantes por Internet podr\u00e1n formular sus preguntas al final de la charla al presentador de cada seminario.<\/p>\n<h1>Pr\u00f3ximos Webinars 2014<\/h1>\n<p>&nbsp;<\/p>\n<h4><strong>Martes 21 de octubre de 2014, a las 17:00 CEST<\/strong><\/h4>\n<h2>T\u00edtulo: \u00abDoctores emprendedores: una nueva forma de emprender\u201d<\/h2>\n<p><a href=\"https:\/\/cio.umh.es\/en\/servicios\/ciclo-webinars-2014\/webinar-llenaliagarcia\/\">Mas info&#8230;<\/a><\/p>\n<h4><strong>Mi\u00e9rcoles, 22 de octubre de 2014, a las 17:00 CEST<\/strong><\/h4>\n<h2>T\u00edtulo: \u00abEl Modelo Alzira de la gesti\u00f3n integral de la salud\u00bb<\/h2>\n<p><a href=\"https:\/\/cio.umh.es\/en\/servicios\/ciclo-webinars-2014\/webinar-albertoderosa\/\">Mas info&#8230;<\/a><\/p>\n<h4><strong>Mi\u00e9rcoles, 29 de octubre de 2014, a las 17:00 CEST<\/strong><\/h4>\n<h2>T\u00edtulo: \u00abLa experiencia de usuario y los doctores en una consultora de TI\u00bb<\/h2>\n<p><a href=\"https:\/\/cio.umh.es\/en\/servicios\/ciclo-webinars-2014\/webinar-victoroctavio\/\">Mas info&#8230;<\/a>[:]<\/p>","protected":false},"excerpt":{"rendered":"<p>[:es]En este nuevo curso acad\u00e9mico 2014-15 el Instituto de Investigaci\u00f3n \u201cCentro de Investigaci\u00f3n Operativa\u201d de la Universidad Miguel Hern\u00e1ndez de Elche pone en marcha el segundo ciclo de seminarios on-line (webinars) que lleva por t\u00edtulo \u201cEl papel de los Doctores (en Estad\u00edstica, Matem\u00e1ticas e Inform\u00e1tica) en la empresa actual\u201c.<br \/>\nEn el marco de las l\u00edneas de [&#8230;]<\/p>","protected":false},"author":3477,"featured_media":0,"parent":1411,"menu_order":60,"comment_status":"closed","ping_status":"closed","template":"","meta":{"_links_to":"","_links_to_target":""},"categories":[],"tags":[],"_links":{"self":[{"href":"https:\/\/cio.umh.es\/en\/wp-json\/wp\/v2\/pages\/843"}],"collection":[{"href":"https:\/\/cio.umh.es\/en\/wp-json\/wp\/v2\/pages"}],"about":[{"href":"https:\/\/cio.umh.es\/en\/wp-json\/wp\/v2\/types\/page"}],"author":[{"embeddable":true,"href":"https:\/\/cio.umh.es\/en\/wp-json\/wp\/v2\/users\/3477"}],"replies":[{"embeddable":true,"href":"https:\/\/cio.umh.es\/en\/wp-json\/wp\/v2\/comments?post=843"}],"version-history":[{"count":0,"href":"https:\/\/cio.umh.es\/en\/wp-json\/wp\/v2\/pages\/843\/revisions"}],"up":[{"embeddable":true,"href":"https:\/\/cio.umh.es\/en\/wp-json\/wp\/v2\/pages\/1411"}],"wp:attachment":[{"href":"https:\/\/cio.umh.es\/en\/wp-json\/wp\/v2\/media?parent=843"}],"wp:term":[{"taxonomy":"category","embeddable":true,"href":"https:\/\/cio.umh.es\/en\/wp-json\/wp\/v2\/categories?post=843"},{"taxonomy":"post_tag","embeddable":true,"href":"https:\/\/cio.umh.es\/en\/wp-json\/wp\/v2\/tags?post=843"}],"curies":[{"name":"wp","href":"https:\/\/api.w.org\/{rel}","templated":true}]}}