{"id":7256,"date":"2018-01-10T08:35:30","date_gmt":"2018-01-10T08:35:30","guid":{"rendered":"http:\/\/cio.edu.umh.es\/?page_id=7256"},"modified":"2018-01-10T08:35:30","modified_gmt":"2018-01-10T08:35:30","slug":"7256-2","status":"publish","type":"page","link":"https:\/\/cio.umh.es\/en\/investigadores\/7256-2\/","title":{"rendered":""},"content":{"rendered":"<p>[:es][et_pb_section admin_label=\u00bbsection\u00bb][et_pb_row admin_label=\u00bbrow\u00bb][et_pb_column type=\u00bb4_4&#8243;][et_pb_text admin_label=\u00bbTexto\u00bb background_layout=\u00bblight\u00bb text_orientation=\u00bbleft\u00bb text_font=\u00bbGeorgia|on|||\u00bb use_border_color=\u00bboff\u00bb border_color=\u00bb#ffffff\u00bb border_style=\u00bbsolid\u00bb text_font_size=\u00bb25&#8243;]<\/p>\n<h1 class=\"entry-title\">Jos\u00e9 Mar\u00eda Amig\u00f3<\/h1>\n<p>[\/et_pb_text][et_pb_tabs admin_label=\u00bbPesta\u00f1as\u00bb active_tab_background_color=\u00bb#f7a859&#8243; use_border_color=\u00bbon\u00bb border_color=\u00bb#ad8456&#8243; border_width=\u00bb3px\u00bb border_style=\u00bbsolid\u00bb] [et_pb_tab title=\u00bbBiography\u00bb tab_font_select=\u00bbdefault\u00bb tab_font=\u00bb||||\u00bb tab_line_height=\u00bb2em\u00bb tab_line_height_tablet=\u00bb2em\u00bb tab_line_height_phone=\u00bb2em\u00bb body_font_select=\u00bbdefault\u00bb body_font=\u00bb||||\u00bb body_line_height=\u00bb2em\u00bb body_line_height_tablet=\u00bb2em\u00bb body_line_height_phone=\u00bb2em\u00bb]<br \/>\n\u00a0<br \/>\n<a href=\"https:\/\/cio.umh.es\/en\/files\/2011\/11\/foto-3-e1518088538954.jpg\/\"><img loading=\"lazy\" class=\"wp-image-8393 size-thumbnail alignleft\" src=\"https:\/\/cio.umh.es\/files\/2011\/11\/foto-3-150x150.jpg\" alt=\"OLYMPUS DIGITAL CAMERA\" width=\"150\" height=\"150\" \/><\/a><\/p>\n<div class=\"entry-content\">\n<span style=\"color: #000000\"><b>Professional Status: <\/b>Full Professor of Applied Mathematics<\/span><br \/>\n<span style=\"color: #000000\"> <strong>Telephone<\/strong>:\u00a0+34 96 665 8911<\/span><br \/>\n<span style=\"color: #000000\"> <strong>Email<\/strong>: <a style=\"color: #000000\"><span class=\"limpia\">j<\/span>m.amigo<span class=\"limpia\">@<\/span><span class=\"limpia\">u<\/span>mh.es<\/a><\/span><br \/>\n<span style=\"color: #000000\"> <strong>Office<\/strong>: 1.22 \u2013 Ed. Torretamarit \u2013 Campus de Elche<a style=\"color: #000000\" href=\"http:\/\/www.umh.es\/contenido\/pdi\/:persona_5536\/datos_es.html\" target=\"_blank\" rel=\"noopener noreferrer\">P\u00e1gina web Personal en la UMH<\/a><\/span>\n<\/div>\n<h2><span style=\"color: #000000\">\u00a0<\/span><\/h2>\n<h2><span style=\"color: #000000\">\u00a0<\/span><\/h2>\n<h2><span style=\"color: #000000\">Academic Background:<\/span><\/h2>\n<div class=\"entry-content\">\n<ul>\n<li style=\"text-align: justify\">\n<p style=\"font-weight: 400\"><span style=\"color: #000000\">Ph.D., University of G\u00f6ttingen, Germany<\/span><\/p>\n<\/li>\n<li style=\"text-align: justify\">\n<p style=\"font-weight: 400\"><span style=\"color: #000000\">Degree in Mathematics, University of G\u00f6ttingen, Germany<\/span><\/p>\n<\/li>\n<li style=\"text-align: justify\">\n<p style=\"font-weight: 400\"><span style=\"color: #000000\">Degree in Physics, University of G\u00f6ttingen, Germany<\/span><\/p>\n<\/li>\n<\/ul>\n<\/div>\n<h2 class=\"newsheading\"><span style=\"color: #000000\">\u00a0<\/span><\/h2>\n<p>\u00a0<br \/>\n[\/et_pb_tab][et_pb_tab title=\u00bbPublications (108)\u00bb tab_font_select=\u00bbdefault\u00bb tab_font=\u00bb||||\u00bb tab_line_height=\u00bb2em\u00bb tab_line_height_tablet=\u00bb2em\u00bb tab_line_height_phone=\u00bb2em\u00bb body_font_select=\u00bbdefault\u00bb body_font=\u00bb||||\u00bb body_line_height=\u00bb2em\u00bb body_line_height_tablet=\u00bb2em\u00bb body_line_height_phone=\u00bb2em\u00bb]<br \/>\n\u00a0<\/p>\n<h1 class=\"plugin-title\"><div id=\"ajax-load-more\" class=\"ajax-load-more-wrap default\"  data-alm-id=\"\" data-canonical-url=\"https:\/\/cio.umh.es\/en\/investigadores\/7256-2\/\" data-slug=\"7256-2\" data-post-id=\"7256\"  data-localized=\"ajax_load_more_vars\"><ul aria-live=\"polite\" aria-atomic=\"true\" class=\"alm-listing alm-ajax\" data-container-type=\"ul\" data-loading-style=\"default\" data-repeater=\"default\" data-post-type=\"post\" data-category=\"publicaciones\" data-tag=\"amigo\" data-order=\"DESC\" data-orderby=\"date\" data-offset=\"0\" data-posts-per-page=\"5\" data-scroll=\"true\" data-scroll-distance=\"100\" data-max-pages=\"0\" data-pause-override=\"false\" data-pause=\"false\" data-button-label=\"Load More\"><\/ul><div class=\"alm-btn-wrap\" style=\"visibility: hidden;\"><button class=\"alm-load-more-btn more\" rel=\"next\" type=\"button\">Load More<\/button><\/div><\/div><\/h1>\n<p>[\/et_pb_tab][et_pb_tab title=\u00bbProjects (14)\u00bb tab_font_select=\u00bbdefault\u00bb tab_font=\u00bb||||\u00bb tab_line_height=\u00bb2em\u00bb tab_line_height_tablet=\u00bb2em\u00bb tab_line_height_phone=\u00bb2em\u00bb body_font_select=\u00bbdefault\u00bb body_font=\u00bb||||\u00bb body_line_height=\u00bb2em\u00bb body_line_height_tablet=\u00bb2em\u00bb body_line_height_phone=\u00bb2em\u00bb]<\/p>\n<h1 class=\"plugin-title\"><div id=\"ajax-load-more-2\" class=\"ajax-load-more-wrap default\"  data-alm-id=\"\" data-canonical-url=\"https:\/\/cio.umh.es\/en\/investigadores\/7256-2\/\" data-slug=\"7256-2\" data-post-id=\"7256\"  data-localized=\"ajax_load_more_2_vars\"><ul aria-live=\"polite\" aria-atomic=\"true\" class=\"alm-listing alm-ajax\" data-container-type=\"ul\" data-loading-style=\"default\" data-repeater=\"default\" data-post-type=\"post\" data-category=\"proyectos\" data-tag=\"amigo\" data-order=\"DESC\" data-orderby=\"date\" data-offset=\"0\" data-posts-per-page=\"5\" data-scroll=\"true\" data-scroll-distance=\"100\" data-max-pages=\"0\" data-pause-override=\"false\" data-pause=\"false\" data-button-label=\"Load More\"><\/ul><div class=\"alm-btn-wrap\" style=\"visibility: hidden;\"><button class=\"alm-load-more-btn more\" rel=\"next\" type=\"button\">Load More<\/button><\/div><\/div><\/h1>\n<p>[\/et_pb_tab]<br \/>\n[\/et_pb_tabs][\/et_pb_column][\/et_pb_row][\/et_pb_section][:en][et_pb_section admin_label=\u00bbsection\u00bb][et_pb_row admin_label=\u00bbrow\u00bb][et_pb_column type=\u00bb4_4&#8243;][et_pb_text admin_label=\u00bbTexto\u00bb background_layout=\u00bblight\u00bb text_orientation=\u00bbleft\u00bb text_font=\u00bbGeorgia|on|||\u00bb use_border_color=\u00bboff\u00bb border_color=\u00bb#ffffff\u00bb border_style=\u00bbsolid\u00bb text_font_size=\u00bb25&#8243;]<\/p>\n<h1 class=\"entry-title\">Jos\u00e9 Mar\u00eda Amig\u00f3<\/h1>\n<p>[\/et_pb_text][et_pb_tabs admin_label=\u00bbPesta\u00f1as\u00bb active_tab_background_color=\u00bb#f7a859&#8243; use_border_color=\u00bbon\u00bb border_color=\u00bb#ad8456&#8243; border_width=\u00bb3px\u00bb border_style=\u00bbsolid\u00bb] [et_pb_tab title=\u00bbBiography\u00bb tab_font_select=\u00bbdefault\u00bb tab_font=\u00bb||||\u00bb tab_line_height=\u00bb2em\u00bb tab_line_height_tablet=\u00bb2em\u00bb tab_line_height_phone=\u00bb2em\u00bb body_font_select=\u00bbdefault\u00bb body_font=\u00bb||||\u00bb body_line_height=\u00bb2em\u00bb body_line_height_tablet=\u00bb2em\u00bb body_line_height_phone=\u00bb2em\u00bb]<br \/>\n&nbsp;<br \/>\n<span style=\"color: #000000\"><a style=\"color: #000000\" href=\"https:\/\/cio.umh.es\/en\/files\/2011\/11\/foto-3-e1518088538954.jpg\/\"><img loading=\"lazy\" class=\"wp-image-8393  alignleft\" src=\"https:\/\/cio.umh.es\/files\/2011\/11\/foto-3-150x150.jpg\" alt=\"OLYMPUS DIGITAL CAMERA\" width=\"168\" height=\"168\" \/><\/a><\/span><\/p>\n<div class=\"entry-content\">\n<div class=\"entry-content\">\n<span style=\"color: #000000\"><b>Professional Status:\u00a0<\/b>Full Professor of Applied Mathematics<\/span><br \/>\n<span style=\"color: #000000\"> <strong>Telephone<\/strong>:\u00a0+34 96 665 8911<\/span><br \/>\n<span style=\"color: #000000\"> <strong>Email<\/strong>:\u00a0<a style=\"color: #000000\"><span class=\"limpia\">j<\/span>m.amigo<span class=\"limpia\">@<\/span><span class=\"limpia\">u<\/span>mh.es<\/a><\/span><br \/>\n<span style=\"color: #000000\"> <strong>Office<\/strong>: 1.22 \u2013 Ed. Torretamarit \u2013 Campus de Elche<a style=\"color: #000000\" href=\"http:\/\/www.umh.es\/contenido\/pdi\/:persona_5536\/datos_es.html\" target=\"_blank\" rel=\"noopener noreferrer\">P\u00e1gina web Personal en la UMH<\/a><\/span>\n<\/div>\n<h2><span style=\"color: #000000\">\u00a0<\/span><\/h2>\n<\/div>\n<div class=\"entry-content\"><span style=\"color: #000000\">\u00a0<\/span><\/div>\n<hr \/>\n<h2><span style=\"color: #000000\">Academic Background:<\/span><\/h2>\n<div class=\"entry-content\">\n<ul>\n<li style=\"text-align: justify\">\n<p style=\"font-weight: 400\"><span style=\"color: #000000\">Ph.D., University of G\u00f6ttingen, Germany<\/span><\/p>\n<\/li>\n<li style=\"text-align: justify\">\n<p style=\"font-weight: 400\"><span style=\"color: #000000\">Degree in Mathematics, University of G\u00f6ttingen, Germany<\/span><\/p>\n<\/li>\n<li style=\"text-align: justify\">\n<p style=\"font-weight: 400\"><span style=\"color: #000000\">Degree in Physics, University of G\u00f6ttingen, Germany<\/span><\/p>\n<\/li>\n<\/ul>\n<\/div>\n<p><span style=\"color: #000000\">\u00a0<\/span><br \/>\n[\/et_pb_tab][et_pb_tab title=\u00bbPublications (108)\u00bb tab_font_select=\u00bbdefault\u00bb tab_font=\u00bb||||\u00bb tab_line_height=\u00bb2em\u00bb tab_line_height_tablet=\u00bb2em\u00bb tab_line_height_phone=\u00bb2em\u00bb body_font_select=\u00bbdefault\u00bb body_font=\u00bb||||\u00bb body_line_height=\u00bb2em\u00bb body_line_height_tablet=\u00bb2em\u00bb body_line_height_phone=\u00bb2em\u00bb]<br \/>\n&nbsp;<\/p>\n<h1 class=\"plugin-title\"><div id=\"ajax-load-more-3\" class=\"ajax-load-more-wrap default\"  data-alm-id=\"\" data-canonical-url=\"https:\/\/cio.umh.es\/en\/investigadores\/7256-2\/\" data-slug=\"7256-2\" data-post-id=\"7256\"  data-localized=\"ajax_load_more_3_vars\"><ul aria-live=\"polite\" aria-atomic=\"true\" class=\"alm-listing alm-ajax\" data-container-type=\"ul\" data-loading-style=\"default\" data-repeater=\"default\" data-post-type=\"post\" data-category=\"publicaciones\" data-tag=\"amigo\" data-order=\"DESC\" data-orderby=\"date\" data-offset=\"0\" data-posts-per-page=\"5\" data-scroll=\"true\" data-scroll-distance=\"100\" data-max-pages=\"0\" data-pause-override=\"false\" data-pause=\"false\" data-button-label=\"Load More\"><\/ul><div class=\"alm-btn-wrap\" style=\"visibility: hidden;\"><button class=\"alm-load-more-btn more\" rel=\"next\" type=\"button\">Load More<\/button><\/div><\/div><\/h1>\n<p>[\/et_pb_tab][et_pb_tab title=\u00bbProjects (14)\u00bb tab_font_select=\u00bbdefault\u00bb tab_font=\u00bb||||\u00bb tab_line_height=\u00bb2em\u00bb tab_line_height_tablet=\u00bb2em\u00bb tab_line_height_phone=\u00bb2em\u00bb body_font_select=\u00bbdefault\u00bb body_font=\u00bb||||\u00bb body_line_height=\u00bb2em\u00bb body_line_height_tablet=\u00bb2em\u00bb body_line_height_phone=\u00bb2em\u00bb]<\/p>\n<h1 class=\"plugin-title\"><div id=\"ajax-load-more-4\" class=\"ajax-load-more-wrap default\"  data-alm-id=\"\" data-canonical-url=\"https:\/\/cio.umh.es\/en\/investigadores\/7256-2\/\" data-slug=\"7256-2\" data-post-id=\"7256\"  data-localized=\"ajax_load_more_4_vars\"><ul aria-live=\"polite\" aria-atomic=\"true\" class=\"alm-listing alm-ajax\" data-container-type=\"ul\" data-loading-style=\"default\" data-repeater=\"default\" data-post-type=\"post\" data-category=\"proyectos\" data-tag=\"amigo\" data-order=\"DESC\" data-orderby=\"date\" data-offset=\"0\" data-posts-per-page=\"5\" data-scroll=\"true\" data-scroll-distance=\"100\" data-max-pages=\"0\" data-pause-override=\"false\" data-pause=\"false\" data-button-label=\"Load More\"><\/ul><div class=\"alm-btn-wrap\" style=\"visibility: hidden;\"><button class=\"alm-load-more-btn more\" rel=\"next\" type=\"button\">Load More<\/button><\/div><\/div><\/h1>\n<p>[\/et_pb_tab]<br \/>\n[\/et_pb_tabs][\/et_pb_column][\/et_pb_row][\/et_pb_section][:]<\/p>","protected":false},"excerpt":{"rendered":"<p>[:es][et_pb_section admin_label=\u00bbsection\u00bb][et_pb_row admin_label=\u00bbrow\u00bb][et_pb_column type=\u00bb4_4&#8243;][et_pb_text admin_label=\u00bbTexto\u00bb background_layout=\u00bblight\u00bb text_orientation=\u00bbleft\u00bb text_font=\u00bbGeorgia|on|||\u00bb use_border_color=\u00bboff\u00bb border_color=\u00bb#ffffff\u00bb border_style=\u00bbsolid\u00bb text_font_size=\u00bb25&#8243;]<br \/>\nJos\u00e9 Mar\u00eda Amig\u00f3<br \/>\n[\/et_pb_text][et_pb_tabs admin_label=\u00bbPesta\u00f1as\u00bb active_tab_background_color=\u00bb#f7a859&#8243; use_border_color=\u00bbon\u00bb border_color=\u00bb#ad8456&#8243; border_width=\u00bb3px\u00bb border_style=\u00bbsolid\u00bb] [et_pb_tab title=\u00bbBiography\u00bb tab_font_select=\u00bbdefault\u00bb tab_font=\u00bb||||\u00bb tab_line_height=\u00bb2em\u00bb tab_line_height_tablet=\u00bb2em\u00bb tab_line_height_phone=\u00bb2em\u00bb body_font_select=\u00bbdefault\u00bb body_font=\u00bb||||\u00bb body_line_height=\u00bb2em\u00bb body_line_height_tablet=\u00bb2em\u00bb body_line_height_phone=\u00bb2em\u00bb]<br \/>\n\u00a0<\/p>\n<p>Professional Status: Full Professor of Applied Mathematics<br \/>\n Telephone:\u00a0+34 96 665 8911<br \/>\n Email: jm.amigo@umh.es<br \/>\n Office: 1.22 \u2013 Ed. Torretamarit \u2013 Campus de ElcheP\u00e1gina web Personal [&#8230;]<\/p>","protected":false},"author":3477,"featured_media":0,"parent":1417,"menu_order":0,"comment_status":"open","ping_status":"open","template":"","meta":{"_links_to":"","_links_to_target":""},"categories":[],"tags":[],"_links":{"self":[{"href":"https:\/\/cio.umh.es\/en\/wp-json\/wp\/v2\/pages\/7256"}],"collection":[{"href":"https:\/\/cio.umh.es\/en\/wp-json\/wp\/v2\/pages"}],"about":[{"href":"https:\/\/cio.umh.es\/en\/wp-json\/wp\/v2\/types\/page"}],"author":[{"embeddable":true,"href":"https:\/\/cio.umh.es\/en\/wp-json\/wp\/v2\/users\/3477"}],"replies":[{"embeddable":true,"href":"https:\/\/cio.umh.es\/en\/wp-json\/wp\/v2\/comments?post=7256"}],"version-history":[{"count":0,"href":"https:\/\/cio.umh.es\/en\/wp-json\/wp\/v2\/pages\/7256\/revisions"}],"up":[{"embeddable":true,"href":"https:\/\/cio.umh.es\/en\/wp-json\/wp\/v2\/pages\/1417"}],"wp:attachment":[{"href":"https:\/\/cio.umh.es\/en\/wp-json\/wp\/v2\/media?parent=7256"}],"wp:term":[{"taxonomy":"category","embeddable":true,"href":"https:\/\/cio.umh.es\/en\/wp-json\/wp\/v2\/categories?post=7256"},{"taxonomy":"post_tag","embeddable":true,"href":"https:\/\/cio.umh.es\/en\/wp-json\/wp\/v2\/tags?post=7256"}],"curies":[{"name":"wp","href":"https:\/\/api.w.org\/{rel}","templated":true}]}}