{"id":589,"date":"2013-10-03T13:44:02","date_gmt":"2013-10-03T11:44:02","guid":{"rendered":"https:\/\/cio.umh.es\/?page_id=589"},"modified":"2013-10-03T13:44:02","modified_gmt":"2013-10-03T11:44:02","slug":"webinar-user-experience","status":"publish","type":"page","link":"https:\/\/cio.umh.es\/en\/servicios\/ciclo-webinars-2013\/webinar-user-experience\/","title":{"rendered":"Webinar \u00abUser Experience\u00bb"},"content":{"rendered":"<p><!--:es--><\/p>\n<h1>1\u00ba Ciclo de Seminarios Webinars del CIO: \u201cProfesiones del Futuro\u201d<\/h1>\n<h4><\/h4>\n<h4><strong>Fecha: Mi\u00e9rcoles 16 de octubre de 2013<\/strong><\/h4>\n<h4><strong>Hora: 17:00 CEST<\/strong><\/h4>\n<p>Convert the time of this event to your time at: <a href=\"http:\/\/www.timeanddate.com\/worldclock\/fixedtime.html?iso=20131016T17&amp;p1=1976&amp;ah=1\" target=\"_blank\" rel=\"noopener noreferrer\">http:\/\/www.timeanddate.com\/worldclock\/fixedtime.html?iso=20131016T17&amp;p1=1976&amp;ah=1 <\/a><\/p>\n<h2><b>\u00abPresente y Futuro de la Experiencia de Usuario en Espa\u00f1a\u00bb<\/b><\/h2>\n<p><b>Resumen:<\/b><br \/>\nLa\u00a0<b>experiencia de usuario (o UX, User eXperience)<\/b> es el conjunto de factores y elementos relativos a la interacci\u00f3n del usuario, con un entorno o dispositivo concretos, cuyo resultado es la generaci\u00f3n de una percepci\u00f3n positiva o negativa de dicho servicio, producto o dispositivo.<br \/>\nLa\u00a0<b>experiencia de usuario<\/b>\u00a0depende no s\u00f3lo de los factores relativos al dise\u00f1o (hardware,\u00a0software,\u00a0usabilidad, dise\u00f1o de interacci\u00f3n, accesibilidad,\u00a0dise\u00f1o gr\u00e1fico\u00a0y visual, calidad de los contenidos, buscabilidad o encontrabilidad, utilidad, etc) sino adem\u00e1s de aspectos relativos a las emociones, sentimientos, construcci\u00f3n y transmisi\u00f3n de la marca, confiabilidad del producto, etc.<br \/>\nEn este seminario se presenta la r\u00e1pida evoluci\u00f3n de los temas relacionados con la experiencia de usuario (UX) de sistemas interactivos en Espa\u00f1a y algunos de los elementos claves que han favorecido dicha evoluci\u00f3n. Adem\u00e1s veremos la situaci\u00f3n de la Usabilidad en el mundo y Espa\u00f1a, desde el punto de vista empresarial y desde la experiencia personal de un como dise\u00f1ador de experiencias. \u00bfQu\u00e9 esperan los usuarios?<br \/>\n<strong>Ponentes:<\/strong><br \/>\n<strong>Toni Granollers i Saltiveri (UdL)\u00a0 y Andres Botero (Designit)<\/strong><br \/>\n<b>Breve Bio:<\/b><br \/>\n<strong>Toni Granollers<\/strong> es Licenciado en Inform\u00e1tica por la Universidad Aut\u00f2noma de Barcelona y Doctor en Inform\u00e1tica, especialidad Interacci\u00f3n Persona-Ordenador por la Universitat de Lleida. Tras un per\u00edodo de doce a\u00f1os ejerciendo como profesional de la inform\u00e1tica en diversas empresas, desde el a\u00f1o 2004 es Profesor del Departamento de Inform\u00e1tica e Ingenier\u00eda Industrial de la Universitat de Lleida y miembro del Grupo de investigaci\u00f3n en Interacci\u00f3n Persona\u2013Ordenador e Integraci\u00f3n de Datos (<a href=\"http:\/\/griho.udl.cat\/\" target=\"_blank\" rel=\"noopener noreferrer\">GRIHO<\/a>) de la UdL, del cual ha sido director durante varios a\u00f1os. Tambi\u00e9n es miembro de la junta directiva de la Asociaci\u00f3n Interacci\u00f3n Persona\u2013Ordenador (<a href=\"http:\/\/www.aipo.es\/\" target=\"_blank\" rel=\"noopener noreferrer\">AIPO<\/a>), la principal entidad a nivel espa\u00f1ol y latinoamericano en el \u00e1mbito de la IPO.<br \/>\nTambi\u00e9n colabora en formaci\u00f3n de tem\u00e1ticas TIC e IPO en m\u00e1steres de varias universidades \u2013nacionales e internacionales\u2013 y para empresas. Asimismo coordina convenios de transferencia de conocimiento y de tecnolog\u00eda con diversas empresas y entidades. Finamente, es tambi\u00e9n co-autor de los libros \u201cDise\u00f1o de sistemas interactivos centrados en el usuario\u201d (2005) y \u201cNew Trends on Human-Computer Interaction. Research, Development, New Tools and Methods\u201d (2007).<br \/>\n<strong>Andr\u00e9s Botero<\/strong> es Dise\u00f1ador de producto especializado en UX con m\u00e1s de 9 a\u00f1os de experiencia en el sector. Comenz\u00f3 como freelance trabajando en proyectos para empresas sobretodo para el mercado americano y latinoamericano, para luego terminar siendo Director Creativo para el Grupo Santander durante casi 5 a\u00f1os. Actualmente es Dise\u00f1ador de Interacci\u00f3n en <a href=\"http:\/\/designit.com\/\" target=\"_blank\" rel=\"noopener noreferrer\">Designit.com<\/a>, una empresa escandinava con 15 oficinas en el mundo dos de ellas en Espa\u00f1a. Andr\u00e9s es un experto en el \u00e1mbito del dise\u00f1o de servicios, la fotograf\u00eda y la tipograf\u00eda. Su twitter es: <a href=\"https:\/\/twitter.com\/saertus\" target=\"_blank\" rel=\"noopener noreferrer\">@saertus<\/a><br \/>\n<strong>INSCRIPCIONES:<\/strong><br \/>\n<a href=\"https:\/\/attendee.gotowebinar.com\/register\/3612747072779442689\" target=\"_blank\" rel=\"noopener noreferrer\">Formulario de inscripci\u00f3n al webinar<\/a><br \/>\n<a href=\"https:\/\/docs.google.com\/a\/goumh.umh.es\/forms\/d\/1fYTR5jRTv5vKSFC3MiTskX8hlGwdIMWUUjoEpR3SbMs\/viewform\" target=\"_blank\" rel=\"noopener noreferrer\">Formulario de solicitud de asistencia en directo al CIO<\/a><!--:--><\/p>","protected":false},"excerpt":{"rendered":"<p>1\u00ba Ciclo de Seminarios Webinars del CIO: \u201cProfesiones del Futuro\u201d<\/p>\n<p>Fecha: Mi\u00e9rcoles 16 de octubre de 2013<br \/>\nHora: 17:00 CEST<br \/>\nConvert the time of this event to your time at: http:\/\/www.timeanddate.com\/worldclock\/fixedtime.html?iso=20131016T17&amp;p1=1976&amp;ah=1<br \/>\n\u00abPresente y Futuro de la Experiencia de Usuario en Espa\u00f1a\u00bb<br \/>\nResumen:<br \/>\nLa\u00a0experiencia de usuario (o UX, User eXperience) es el conjunto de factores y elementos relativos a la interacci\u00f3n [&#8230;]<\/p>","protected":false},"author":3477,"featured_media":0,"parent":586,"menu_order":10,"comment_status":"closed","ping_status":"closed","template":"","meta":{"_links_to":"","_links_to_target":""},"categories":[],"tags":[],"_links":{"self":[{"href":"https:\/\/cio.umh.es\/en\/wp-json\/wp\/v2\/pages\/589"}],"collection":[{"href":"https:\/\/cio.umh.es\/en\/wp-json\/wp\/v2\/pages"}],"about":[{"href":"https:\/\/cio.umh.es\/en\/wp-json\/wp\/v2\/types\/page"}],"author":[{"embeddable":true,"href":"https:\/\/cio.umh.es\/en\/wp-json\/wp\/v2\/users\/3477"}],"replies":[{"embeddable":true,"href":"https:\/\/cio.umh.es\/en\/wp-json\/wp\/v2\/comments?post=589"}],"version-history":[{"count":0,"href":"https:\/\/cio.umh.es\/en\/wp-json\/wp\/v2\/pages\/589\/revisions"}],"up":[{"embeddable":true,"href":"https:\/\/cio.umh.es\/en\/wp-json\/wp\/v2\/pages\/586"}],"wp:attachment":[{"href":"https:\/\/cio.umh.es\/en\/wp-json\/wp\/v2\/media?parent=589"}],"wp:term":[{"taxonomy":"category","embeddable":true,"href":"https:\/\/cio.umh.es\/en\/wp-json\/wp\/v2\/categories?post=589"},{"taxonomy":"post_tag","embeddable":true,"href":"https:\/\/cio.umh.es\/en\/wp-json\/wp\/v2\/tags?post=589"}],"curies":[{"name":"wp","href":"https:\/\/api.w.org\/{rel}","templated":true}]}}