{"id":588,"date":"2013-10-03T13:29:41","date_gmt":"2013-10-03T11:29:41","guid":{"rendered":"https:\/\/cio.umh.es\/?page_id=588"},"modified":"2013-10-03T13:29:41","modified_gmt":"2013-10-03T11:29:41","slug":"webinar-big-data","status":"publish","type":"page","link":"https:\/\/cio.umh.es\/en\/servicios\/ciclo-webinars-2013\/webinar-big-data\/","title":{"rendered":"Webinar \u00abBig Data\u00bb"},"content":{"rendered":"<p><!--:es--><\/p>\n<h1>1\u00ba Ciclo de Seminarios Webinars del CIO: \u201cProfesiones del Futuro\u201d<\/h1>\n<h4><\/h4>\n<h4><strong>Fecha: Lunes 14 de octubre de 2013<\/strong><\/h4>\n<h4><strong>Hora: 17:00 CEST<\/strong><\/h4>\n<p>Convert the time of this event to your time at: <a href=\"http:\/\/www.timeanddate.com\/worldclock\/fixedtime.html?iso=20131014T17&amp;p1=1976&amp;ah=1\" target=\"_blank\" rel=\"noopener noreferrer\">http:\/\/www.timeanddate.com\/worldclock\/fixedtime.html?iso=20131014T17&amp;p1=1976&amp;ah=1<\/a><\/p>\n<h2><b>\u00abBig Data: de los Modelos a la Inteligencia\u201d<\/b><\/h2>\n<p><b>Resumen:<\/b><br \/>\nPodemos definir el \u00abBig data\u00bb como un t\u00e9rmino aplicado a conjuntos de datos que superan la capacidad del software habitual para ser capturados, gestionados y procesados en un tiempo razonable. En este seminario Jos\u00e9 Almagro presentar\u00e1 su visi\u00f3n de la revoluci\u00f3n que est\u00e1 ocurriendo en nuestra sociedad por la generaci\u00f3n sistem\u00e1tica y generalizada de datos (redes sociales, sensores, internet) y los desaf\u00edos que plantea su procesado y an\u00e1lisis para la extracci\u00f3n de conocimento.<br \/>\n<b>Ponente: Jos\u00e9 Almagro Pedre\u00f1o<\/b><br \/>\n<b>Breve Bio:<\/b><br \/>\nJos\u00e9 Almagro es CEO de la empresa Bayes Inference, S.A. (<a href=\"http:\/\/www.bayesforecast.com\/\" target=\"_blank\" rel=\"noopener noreferrer\">www.bayesforecast.com<\/a>), que \u00e9l mismo fund\u00f3 en Madrid en 1991, y con oficinas tambi\u00e9n en Brasil (desde 2001) y M\u00e9xico ( desde 2011). Bayes Forecast ha sido para el mundo de los negocios una empresa clave en la ayuda de toma de decisiones por parte de grandes compa\u00f1\u00edas alrededor del mundo, ofreciendo ayuda de profesionales en las diversas \u00e1reas de conocimiento (Estad\u00edstica, Matem\u00e1tica, Econom\u00eda, Tecnolog\u00eda y Desarrollo, entre otras).\u00a0Su negocio es crear y ayudar a crear inteligencia para sus clientes.<br \/>\nJos\u00e9 Almagro\u00a0 es matem\u00e1tico y economista, y actualmente Profesor Asociado en el\u00a0Departamento de Econom\u00eda Aplicada de la Universidad Aut\u00f3noma de Madrid donde imparte su docencia sobre econometr\u00eda y m\u00e9todos de previsi\u00f3n.<br \/>\n<strong>INSCRIPCIONES:<\/strong><br \/>\n<a href=\"https:\/\/attendee.gotowebinar.com\/register\/1823214932718765570\" target=\"_blank\" rel=\"noopener noreferrer\">Formulario de inscripci\u00f3n al webinar<\/a><br \/>\n<a href=\"https:\/\/docs.google.com\/a\/goumh.umh.es\/forms\/d\/1CKJRII4_tdnWnp0fyEYTDEW5tLDkzTHpPss8YB6F8dk\/viewform\" target=\"_blank\" rel=\"noopener noreferrer\">Formulario de solicitud de asistencia en directo al CIO<\/a><!--:--><\/p>","protected":false},"excerpt":{"rendered":"<p>1\u00ba Ciclo de Seminarios Webinars del CIO: \u201cProfesiones del Futuro\u201d<\/p>\n<p>Fecha: Lunes 14 de octubre de 2013<br \/>\nHora: 17:00 CEST<br \/>\nConvert the time of this event to your time at: http:\/\/www.timeanddate.com\/worldclock\/fixedtime.html?iso=20131014T17&amp;p1=1976&amp;ah=1<br \/>\n\u00abBig Data: de los Modelos a la Inteligencia\u201d<br \/>\nResumen:<br \/>\nPodemos definir el \u00abBig data\u00bb como un t\u00e9rmino aplicado a conjuntos de datos que superan la capacidad del software habitual para [&#8230;]<\/p>","protected":false},"author":3477,"featured_media":0,"parent":586,"menu_order":0,"comment_status":"closed","ping_status":"closed","template":"","meta":{"_links_to":"","_links_to_target":""},"categories":[],"tags":[],"_links":{"self":[{"href":"https:\/\/cio.umh.es\/en\/wp-json\/wp\/v2\/pages\/588"}],"collection":[{"href":"https:\/\/cio.umh.es\/en\/wp-json\/wp\/v2\/pages"}],"about":[{"href":"https:\/\/cio.umh.es\/en\/wp-json\/wp\/v2\/types\/page"}],"author":[{"embeddable":true,"href":"https:\/\/cio.umh.es\/en\/wp-json\/wp\/v2\/users\/3477"}],"replies":[{"embeddable":true,"href":"https:\/\/cio.umh.es\/en\/wp-json\/wp\/v2\/comments?post=588"}],"version-history":[{"count":0,"href":"https:\/\/cio.umh.es\/en\/wp-json\/wp\/v2\/pages\/588\/revisions"}],"up":[{"embeddable":true,"href":"https:\/\/cio.umh.es\/en\/wp-json\/wp\/v2\/pages\/586"}],"wp:attachment":[{"href":"https:\/\/cio.umh.es\/en\/wp-json\/wp\/v2\/media?parent=588"}],"wp:term":[{"taxonomy":"category","embeddable":true,"href":"https:\/\/cio.umh.es\/en\/wp-json\/wp\/v2\/categories?post=588"},{"taxonomy":"post_tag","embeddable":true,"href":"https:\/\/cio.umh.es\/en\/wp-json\/wp\/v2\/tags?post=588"}],"curies":[{"name":"wp","href":"https:\/\/api.w.org\/{rel}","templated":true}]}}