{"id":586,"date":"2013-10-03T13:11:56","date_gmt":"2013-10-03T11:11:56","guid":{"rendered":"https:\/\/cio.umh.es\/?page_id=586"},"modified":"2013-10-03T13:11:56","modified_gmt":"2013-10-03T11:11:56","slug":"ciclo-webinars-2013","status":"publish","type":"page","link":"https:\/\/cio.umh.es\/en\/servicios\/ciclo-webinars-2013\/","title":{"rendered":"Ciclo Webinars-2013"},"content":{"rendered":"<p>[:es]En este nuevo curso acad\u00e9mico 2013-14 el Instituto de Investigaci\u00f3n \u201cCentro de Investigaci\u00f3n Operativa\u201d de la Universidad Miguel Hern\u00e1ndez de Elche lanza este <strong>primer ciclo de seminarios on-line<\/strong> (webinars) que lleva por t\u00edtulo \u00ab<strong><em>Profesiones del Futuro<\/em><\/strong>\u00ab. Dentro de las lineas de investigaci\u00f3n del CIO: Estad\u00edstica e Investigaci\u00f3n Operativa, Inform\u00e1tica y Matem\u00e1ticas Aplicadas, se invitar\u00e1 a profesionales y expertos en la material, tanto del mundo empresarial como del mundo acad\u00e9mico, que nos presentar\u00e1n el panorama actual en estas \u00e1reas de trabajo, de las l\u00edneas de investigaci\u00f3n o de las oportunidades para las empresas enmarcadas dentro de estas l\u00edneas de investigaci\u00f3n de nuestro Instituto.<br \/>\nLos seminarios ser\u00e1n <strong>impartidos en la sede del CIO<\/strong>, en el Edificio Torremamarit del Campus de Elche, <strong>a las 17:00 CEST<\/strong> y podr\u00e1n seguirse por Internet a trav\u00e9s de una <strong>plataforma de webinars<\/strong>, donde cualquier profesional podr\u00e1 seguirlo en directo. Tanto el p\u00fablico asistente a la sala como los participantes por Internet podr\u00e1n formular sus preguntas al final de la charla al presentador de cada seminario.<\/p>\n<h1>Pr\u00f3ximos Webinars 2013<\/h1>\n<p>&nbsp;<\/p>\n<h4><strong>Lunes 14 de octubre de 2013, a las 17:00 CEST<\/strong><\/h4>\n<h2>T\u00edtulo: \u00abBig Data: de los Modelos a la Inteligencia\u201d<\/h2>\n<p><a href=\"https:\/\/cio.umh.es\/en\/servicios\/ciclo-webinars-2013\/webinar-big-data\/\">Mas info&#8230;<\/a><\/p>\n<h4><strong>Mi\u00e9rcoles, 16 de octubre de 2013, a las 17:00 CEST<\/strong><\/h4>\n<h2>T\u00edtulo: \u00abPresente y Futuro de la Experiencia de Usuario en Espa\u00f1a\u00bb<\/h2>\n<p><a href=\"https:\/\/cio.umh.es\/en\/servicios\/ciclo-webinars-2013\/webinar-user-experience\/\">Mas info&#8230;<\/a>[:]<\/p>","protected":false},"excerpt":{"rendered":"<p>[:es]En este nuevo curso acad\u00e9mico 2013-14 el Instituto de Investigaci\u00f3n \u201cCentro de Investigaci\u00f3n Operativa\u201d de la Universidad Miguel Hern\u00e1ndez de Elche lanza este primer ciclo de seminarios on-line (webinars) que lleva por t\u00edtulo \u00abProfesiones del Futuro\u00ab. Dentro de las lineas de investigaci\u00f3n del CIO: Estad\u00edstica e Investigaci\u00f3n Operativa, Inform\u00e1tica y Matem\u00e1ticas Aplicadas, se invitar\u00e1 a [&#8230;]<\/p>","protected":false},"author":3477,"featured_media":0,"parent":1411,"menu_order":50,"comment_status":"closed","ping_status":"closed","template":"","meta":{"_links_to":"","_links_to_target":""},"categories":[],"tags":[],"_links":{"self":[{"href":"https:\/\/cio.umh.es\/en\/wp-json\/wp\/v2\/pages\/586"}],"collection":[{"href":"https:\/\/cio.umh.es\/en\/wp-json\/wp\/v2\/pages"}],"about":[{"href":"https:\/\/cio.umh.es\/en\/wp-json\/wp\/v2\/types\/page"}],"author":[{"embeddable":true,"href":"https:\/\/cio.umh.es\/en\/wp-json\/wp\/v2\/users\/3477"}],"replies":[{"embeddable":true,"href":"https:\/\/cio.umh.es\/en\/wp-json\/wp\/v2\/comments?post=586"}],"version-history":[{"count":0,"href":"https:\/\/cio.umh.es\/en\/wp-json\/wp\/v2\/pages\/586\/revisions"}],"up":[{"embeddable":true,"href":"https:\/\/cio.umh.es\/en\/wp-json\/wp\/v2\/pages\/1411"}],"wp:attachment":[{"href":"https:\/\/cio.umh.es\/en\/wp-json\/wp\/v2\/media?parent=586"}],"wp:term":[{"taxonomy":"category","embeddable":true,"href":"https:\/\/cio.umh.es\/en\/wp-json\/wp\/v2\/categories?post=586"},{"taxonomy":"post_tag","embeddable":true,"href":"https:\/\/cio.umh.es\/en\/wp-json\/wp\/v2\/tags?post=586"}],"curies":[{"name":"wp","href":"https:\/\/api.w.org\/{rel}","templated":true}]}}