{"id":4060,"date":"2017-11-10T10:27:25","date_gmt":"2017-11-10T10:27:25","guid":{"rendered":"http:\/\/cio.edu.umh.es\/?page_id=4060"},"modified":"2017-11-10T10:27:25","modified_gmt":"2017-11-10T10:27:25","slug":"alejandro-bia","status":"publish","type":"page","link":"https:\/\/cio.umh.es\/en\/investigadores\/alejandro-bia\/","title":{"rendered":""},"content":{"rendered":"<p>[:es][et_pb_section admin_label=\u00bbsection\u00bb][et_pb_row admin_label=\u00bbrow\u00bb][et_pb_column type=\u00bb4_4&#8243;][et_pb_text admin_label=\u00bbTexto\u00bb background_layout=\u00bblight\u00bb text_orientation=\u00bbleft\u00bb text_font=\u00bbGeorgia|on|||\u00bb use_border_color=\u00bboff\u00bb border_color=\u00bb#ffffff\u00bb border_style=\u00bbsolid\u00bb text_font_size=\u00bb25&#8243;]<\/p>\n<h1 class=\"entry-title\">Alejandro Bia<\/h1>\n<p>[\/et_pb_text][et_pb_tabs admin_label=\u00bbPesta\u00f1as\u00bb active_tab_background_color=\u00bb#f7a859&#8243; use_border_color=\u00bbon\u00bb border_color=\u00bb#ad8456&#8243; border_width=\u00bb3px\u00bb border_style=\u00bbsolid\u00bb]<br \/>\n[et_pb_tab title=\u00bbBiograf\u00eda\u00bb tab_font_select=\u00bbdefault\u00bb tab_font=\u00bb||||\u00bb tab_line_height=\u00bb2em\u00bb tab_line_height_tablet=\u00bb2em\u00bb tab_line_height_phone=\u00bb2em\u00bb body_font_select=\u00bbdefault\u00bb body_font=\u00bb||||\u00bb body_line_height=\u00bb2em\u00bb body_line_height_tablet=\u00bb2em\u00bb body_line_height_phone=\u00bb2em\u00bb]<br \/>\n<a href=\"https:\/\/cio.umh.es\/en\/files\/2011\/12\/abia1.jpg\/\"><img loading=\"lazy\" class=\"size-full wp-image-1075 alignleft\" src=\"https:\/\/cio.umh.es\/files\/2011\/12\/abia1.jpg\" alt=\"Alejandro Bia Platas\" width=\"108\" height=\"144\"><\/a><strong style=\"color: #000000\">Situaci\u00f3n Profesional<\/strong><span style=\"color: #000000\">: Profesor Contratado Doctor<\/span><br \/>\n<strong style=\"color: #000000\">Tel\u00e9fono<\/strong><span style=\"color: #000000\">: +34 96 665 8973<\/span><br \/>\n<strong style=\"color: #000000\">Correo-e<\/strong><span style=\"color: #000000\">: <\/span><a style=\"color: #000000\" href=\"mailto:abia@umh.es\">abia@umh.es<\/a><br \/>\n<strong style=\"color: #000000\">Despacho<\/strong><span style=\"color: #000000\">: 1.23 \u2013 Ed. Torretamarit \u2013 Campus de Elche<\/span><br \/>\n<strong><span style=\"color: #4b45c1\"><a style=\"color: #4b45c1\" href=\"https:\/\/www.umh.es\/contenido\/Estudios\/:persona_126544\/datos_es.html\" target=\"_blank\" rel=\"noopener noreferrer\">P\u00e1gina web Personal en la UMH<\/a><\/span><\/strong><\/p>\n<h2>&nbsp;<\/h2>\n<h2><span style=\"color: #ff9900\">Formaci\u00f3n:<\/span><\/h2>\n<hr \/>\n<div class=\"entry-content\">\n<ul>\n<li style=\"text-align: justify\"><span style=\"color: #000000\">Doctor. Universidad de Alicante<\/span><\/li>\n<li style=\"text-align: justify\"><span style=\"color: #000000\"> M\u00e1ster en Computaci\u00f3n y Sistemas de Informaci\u00f3n. Universidad ORT Uruguay.<\/span><\/li>\n<li style=\"text-align: justify\"><span style=\"color: #000000\"> Diploma in Computing and Information Systems. University of Oxford.<\/span><\/li>\n<li style=\"text-align: justify\"><span style=\"color: #000000\"> Ingeniero Inform\u00e1tico. Universidad ORT Uruguay.<\/span><\/li>\n<\/ul>\n<\/div>\n<p>[\/et_pb_tab][et_pb_tab title=\u00bbPublicaciones (28)\u00bb tab_font_select=\u00bbdefault\u00bb tab_font=\u00bb||||\u00bb tab_line_height=\u00bb2em\u00bb tab_line_height_tablet=\u00bb2em\u00bb tab_line_height_phone=\u00bb2em\u00bb body_font_select=\u00bbdefault\u00bb body_font=\u00bb||||\u00bb body_line_height=\u00bb2em\u00bb body_line_height_tablet=\u00bb2em\u00bb body_line_height_phone=\u00bb2em\u00bb]<\/p>\n<h1 class=\"plugin-title\"><div id=\"ajax-load-more\" class=\"ajax-load-more-wrap default\"  data-alm-id=\"\" data-canonical-url=\"https:\/\/cio.umh.es\/en\/investigadores\/alejandro-bia\/\" data-slug=\"alejandro-bia\" data-post-id=\"4060\"  data-localized=\"ajax_load_more_vars\"><ul aria-live=\"polite\" aria-atomic=\"true\" class=\"alm-listing alm-ajax\" data-container-type=\"ul\" data-loading-style=\"default\" data-repeater=\"default\" data-post-type=\"post\" data-category=\"publicaciones\" data-tag=\"abia\" data-order=\"DESC\" data-orderby=\"date\" data-offset=\"0\" data-posts-per-page=\"5\" data-scroll=\"true\" data-scroll-distance=\"100\" data-max-pages=\"0\" data-pause-override=\"false\" data-pause=\"false\" data-button-label=\"Load More\"><\/ul><div class=\"alm-btn-wrap\" style=\"visibility: hidden;\"><button class=\"alm-load-more-btn more\" rel=\"next\" type=\"button\">Load More<\/button><\/div><\/div><\/h1>\n<p>[\/et_pb_tab][et_pb_tab title=\u00bbProyectos (20)\u00bb tab_font_select=\u00bbdefault\u00bb tab_font=\u00bb||||\u00bb tab_line_height=\u00bb2em\u00bb tab_line_height_tablet=\u00bb2em\u00bb tab_line_height_phone=\u00bb2em\u00bb body_font_select=\u00bbdefault\u00bb body_font=\u00bb||||\u00bb body_line_height=\u00bb2em\u00bb body_line_height_tablet=\u00bb2em\u00bb body_line_height_phone=\u00bb2em\u00bb]<\/p>\n<h1 class=\"plugin-title\"><div id=\"ajax-load-more-2\" class=\"ajax-load-more-wrap default\"  data-alm-id=\"\" data-canonical-url=\"https:\/\/cio.umh.es\/en\/investigadores\/alejandro-bia\/\" data-slug=\"alejandro-bia\" data-post-id=\"4060\"  data-localized=\"ajax_load_more_2_vars\"><ul aria-live=\"polite\" aria-atomic=\"true\" class=\"alm-listing alm-ajax\" data-container-type=\"ul\" data-loading-style=\"default\" data-repeater=\"default\" data-post-type=\"post\" data-category=\"proyectos\" data-tag=\"abia\" data-order=\"DESC\" data-orderby=\"date\" data-offset=\"0\" data-posts-per-page=\"5\" data-scroll=\"true\" data-scroll-distance=\"100\" data-max-pages=\"0\" data-pause-override=\"false\" data-pause=\"false\" data-button-label=\"Load More\"><\/ul><div class=\"alm-btn-wrap\" style=\"visibility: hidden;\"><button class=\"alm-load-more-btn more\" rel=\"next\" type=\"button\">Load More<\/button><\/div><\/div><\/h1>\n<p>[\/et_pb_tab]<br \/>\n[\/et_pb_tabs][\/et_pb_column][\/et_pb_row][\/et_pb_section][:en][et_pb_section admin_label=\u00bbsection\u00bb][et_pb_row admin_label=\u00bbrow\u00bb][et_pb_column type=\u00bb4_4&#8243;][et_pb_text admin_label=\u00bbTexto\u00bb background_layout=\u00bblight\u00bb text_orientation=\u00bbleft\u00bb text_font=\u00bbGeorgia|on|||\u00bb use_border_color=\u00bboff\u00bb border_color=\u00bb#ffffff\u00bb border_style=\u00bbsolid\u00bb text_font_size=\u00bb25&#8243;]<\/p>\n<h1 class=\"entry-title\">Alejandro Bia<\/h1>\n<p>[\/et_pb_text][et_pb_tabs admin_label=\u00bbPesta\u00f1as\u00bb active_tab_background_color=\u00bb#f7a859&#8243; use_border_color=\u00bbon\u00bb border_color=\u00bb#ad8456&#8243; border_width=\u00bb3px\u00bb border_style=\u00bbsolid\u00bb]<br \/>\n[et_pb_tab title=\u00bb Biography\u00bb tab_font_select=\u00bbdefault\u00bb tab_font=\u00bb||||\u00bb tab_line_height=\u00bb2em\u00bb tab_line_height_tablet=\u00bb2em\u00bb tab_line_height_phone=\u00bb2em\u00bb body_font_select=\u00bbdefault\u00bb body_font=\u00bb||||\u00bb body_line_height=\u00bb2em\u00bb body_line_height_tablet=\u00bb2em\u00bb body_line_height_phone=\u00bb2em\u00bb]<br \/>\n<a href=\"https:\/\/cio.umh.es\/en\/files\/2011\/12\/abia1.jpg\/\"><img loading=\"lazy\" class=\"size-full wp-image-1075 alignleft\" src=\"https:\/\/cio.umh.es\/files\/2011\/12\/abia1.jpg\" alt=\"Alejandro Bia Platas\" width=\"108\" height=\"144\" \/><\/a><\/p>\n<div class=\"entry-content\">\n<strong>Professional Status:\u00a0<\/strong>Senior Lecturer<br \/>\n<strong>Telephone<\/strong>:\u00a0+34 96 665 8973<br \/>\n<strong>Email<\/strong>: abia@umh.es<br \/>\n<strong>Office<\/strong>: 1.23 \u2013 Ed. Torretamarit \u2013 Elche Campus<br \/>\n<a href=\"http:\/\/www.umh.es\/contenido\/PDI\/:persona_126544\/datos_es.html\">Personal Webpage in the UMH <\/a>\n<\/div>\n<h2><span style=\"color: #ff9900\">Academic Background:<\/span><\/h2>\n<hr \/>\n<div class=\"entry-content\">\n<ul>\n<li style=\"text-align: justify\"><strong>Ph.D.<\/strong>:University of Alicante.<\/li>\n<\/ul>\n<\/div>\n<p class=\"newsheading\">\u00a0<strong>Qualifications:<\/strong><\/p>\n<ul>\n<li>Master\u00b4s Degree in Computing and Information Systems. ORT University. Uruguay.<\/li>\n<li>Diploma in Computing and Information Systems. University of Oxford.<\/li>\n<li>Computer Engineer. ORT University. Uruguay.<\/li>\n<\/ul>\n<p>[\/et_pb_tab][et_pb_tab title=\u00bbPublications (28)\u00bb tab_font_select=\u00bbdefault\u00bb tab_font=\u00bb||||\u00bb tab_line_height=\u00bb2em\u00bb tab_line_height_tablet=\u00bb2em\u00bb tab_line_height_phone=\u00bb2em\u00bb body_font_select=\u00bbdefault\u00bb body_font=\u00bb||||\u00bb body_line_height=\u00bb2em\u00bb body_line_height_tablet=\u00bb2em\u00bb body_line_height_phone=\u00bb2em\u00bb]<\/p>\n<h1 class=\"plugin-title\"><div id=\"ajax-load-more-3\" class=\"ajax-load-more-wrap default\"  data-alm-id=\"\" data-canonical-url=\"https:\/\/cio.umh.es\/en\/investigadores\/alejandro-bia\/\" data-slug=\"alejandro-bia\" data-post-id=\"4060\"  data-localized=\"ajax_load_more_3_vars\"><ul aria-live=\"polite\" aria-atomic=\"true\" class=\"alm-listing alm-ajax\" data-container-type=\"ul\" data-loading-style=\"default\" data-repeater=\"default\" data-post-type=\"post\" data-category=\"publicaciones\" data-tag=\"abia\" data-order=\"DESC\" data-orderby=\"date\" data-offset=\"0\" data-posts-per-page=\"5\" data-scroll=\"true\" data-scroll-distance=\"100\" data-max-pages=\"0\" data-pause-override=\"false\" data-pause=\"false\" data-button-label=\"Load More\"><\/ul><div class=\"alm-btn-wrap\" style=\"visibility: hidden;\"><button class=\"alm-load-more-btn more\" rel=\"next\" type=\"button\">Load More<\/button><\/div><\/div><\/h1>\n<p>[\/et_pb_tab][et_pb_tab title=\u00bbProjects (19)\u00bb tab_font_select=\u00bbdefault\u00bb tab_font=\u00bb||||\u00bb tab_line_height=\u00bb2em\u00bb tab_line_height_tablet=\u00bb2em\u00bb tab_line_height_phone=\u00bb2em\u00bb body_font_select=\u00bbdefault\u00bb body_font=\u00bb||||\u00bb body_line_height=\u00bb2em\u00bb body_line_height_tablet=\u00bb2em\u00bb body_line_height_phone=\u00bb2em\u00bb]<\/p>\n<h1 class=\"plugin-title\"><div id=\"ajax-load-more-4\" class=\"ajax-load-more-wrap default\"  data-alm-id=\"\" data-canonical-url=\"https:\/\/cio.umh.es\/en\/investigadores\/alejandro-bia\/\" data-slug=\"alejandro-bia\" data-post-id=\"4060\"  data-localized=\"ajax_load_more_4_vars\"><ul aria-live=\"polite\" aria-atomic=\"true\" class=\"alm-listing alm-ajax\" data-container-type=\"ul\" data-loading-style=\"default\" data-repeater=\"default\" data-post-type=\"post\" data-category=\"proyectos\" data-tag=\"abia\" data-order=\"DESC\" data-orderby=\"date\" data-offset=\"0\" data-posts-per-page=\"5\" data-scroll=\"true\" data-scroll-distance=\"100\" data-max-pages=\"0\" data-pause-override=\"false\" data-pause=\"false\" data-button-label=\"Load More\"><\/ul><div class=\"alm-btn-wrap\" style=\"visibility: hidden;\"><button class=\"alm-load-more-btn more\" rel=\"next\" type=\"button\">Load More<\/button><\/div><\/div><\/h1>\n<p>[\/et_pb_tab]<br \/>\n[\/et_pb_tabs][\/et_pb_column][\/et_pb_row][\/et_pb_section][:]<\/p>","protected":false},"excerpt":{"rendered":"<p>[:es][et_pb_section admin_label=\u00bbsection\u00bb][et_pb_row admin_label=\u00bbrow\u00bb][et_pb_column type=\u00bb4_4&#8243;][et_pb_text admin_label=\u00bbTexto\u00bb background_layout=\u00bblight\u00bb text_orientation=\u00bbleft\u00bb text_font=\u00bbGeorgia|on|||\u00bb use_border_color=\u00bboff\u00bb border_color=\u00bb#ffffff\u00bb border_style=\u00bbsolid\u00bb text_font_size=\u00bb25&#8243;]<br \/>\nAlejandro Bia<br \/>\n[\/et_pb_text][et_pb_tabs admin_label=\u00bbPesta\u00f1as\u00bb active_tab_background_color=\u00bb#f7a859&#8243; use_border_color=\u00bbon\u00bb border_color=\u00bb#ad8456&#8243; border_width=\u00bb3px\u00bb border_style=\u00bbsolid\u00bb]<br \/>\n[et_pb_tab title=\u00bbBiograf\u00eda\u00bb tab_font_select=\u00bbdefault\u00bb tab_font=\u00bb||||\u00bb tab_line_height=\u00bb2em\u00bb tab_line_height_tablet=\u00bb2em\u00bb tab_line_height_phone=\u00bb2em\u00bb body_font_select=\u00bbdefault\u00bb body_font=\u00bb||||\u00bb body_line_height=\u00bb2em\u00bb body_line_height_tablet=\u00bb2em\u00bb body_line_height_phone=\u00bb2em\u00bb]<br \/>\nSituaci\u00f3n Profesional: Profesor Contratado Doctor<br \/>\nTel\u00e9fono: +34 96 665 8973<br \/>\nCorreo-e: abia@umh.es<br \/>\nDespacho: 1.23 \u2013 Ed. Torretamarit \u2013 Campus de Elche<br \/>\nP\u00e1gina web Personal en la UMH<br \/>\n&nbsp;<br \/>\nFormaci\u00f3n:<\/p>\n<p>Doctor. Universidad de Alicante<br \/>\n [&#8230;]<\/p>","protected":false},"author":3477,"featured_media":0,"parent":1417,"menu_order":0,"comment_status":"open","ping_status":"open","template":"","meta":{"_links_to":"","_links_to_target":""},"categories":[],"tags":[],"_links":{"self":[{"href":"https:\/\/cio.umh.es\/en\/wp-json\/wp\/v2\/pages\/4060"}],"collection":[{"href":"https:\/\/cio.umh.es\/en\/wp-json\/wp\/v2\/pages"}],"about":[{"href":"https:\/\/cio.umh.es\/en\/wp-json\/wp\/v2\/types\/page"}],"author":[{"embeddable":true,"href":"https:\/\/cio.umh.es\/en\/wp-json\/wp\/v2\/users\/3477"}],"replies":[{"embeddable":true,"href":"https:\/\/cio.umh.es\/en\/wp-json\/wp\/v2\/comments?post=4060"}],"version-history":[{"count":0,"href":"https:\/\/cio.umh.es\/en\/wp-json\/wp\/v2\/pages\/4060\/revisions"}],"up":[{"embeddable":true,"href":"https:\/\/cio.umh.es\/en\/wp-json\/wp\/v2\/pages\/1417"}],"wp:attachment":[{"href":"https:\/\/cio.umh.es\/en\/wp-json\/wp\/v2\/media?parent=4060"}],"wp:term":[{"taxonomy":"category","embeddable":true,"href":"https:\/\/cio.umh.es\/en\/wp-json\/wp\/v2\/categories?post=4060"},{"taxonomy":"post_tag","embeddable":true,"href":"https:\/\/cio.umh.es\/en\/wp-json\/wp\/v2\/tags?post=4060"}],"curies":[{"name":"wp","href":"https:\/\/api.w.org\/{rel}","templated":true}]}}