{"id":358,"date":"2013-12-16T12:00:29","date_gmt":"2013-12-16T11:00:29","guid":{"rendered":"http:\/\/cio.zeus.umh.es\/doctorado"},"modified":"2013-12-16T12:00:29","modified_gmt":"2013-12-16T11:00:29","slug":"doctorado","status":"publish","type":"page","link":"https:\/\/cio.umh.es\/en\/investigacion\/doctorado\/","title":{"rendered":"Academic programs"},"content":{"rendered":"<p>[:es]<\/p>\n<h2>Programa de Doctorado en Estad\u00edstica, Optimizaci\u00f3n y Matem\u00e1tica Aplicada<\/h2>\n<p style=\"text-align: left\"><span style=\"color: #000000\">El inter\u00e9s de este nuevo Programa de Doctorado para la sociedad, radica en que <strong>se forman cient\u00edficos e investigadores con capacidad anal\u00edtica de la informaci\u00f3n y su tratamiento<\/strong>, para llevar a cabo la optimizaci\u00f3n de sistemas complejos haciendo uso de las t\u00e9cnicas m\u00e1s avanzadas de la <strong>Estad\u00edstica, la Investigaci\u00f3n Operativa y la Modelizaci\u00f3n Matem\u00e1tica<\/strong>.<\/span><\/p>\n<p style=\"text-align: left\"><span style=\"color: #000000\">Por lo tanto, la potencial incorporaci\u00f3n de estos investigadores en el tejido industrial del entorno m\u00e1s pr\u00f3ximo (calzado, textil, juguetes, muebles, agr\u00edcola,\u00a0etc.), o en otros sectores industriales o de servicios, tanto en Espa\u00f1a como en el resto del mundo (puesto que nuestras expectativas son que alrededor del 50% de nuestros estudiantes sean extranjeros) puede contribuir de forma decisiva a la mejora de la eficiencia y a la optimizaci\u00f3n de los procesos que contribuya al incremento de la competitividad de las empresas para las que trabajen. Esto puede ser determinante para la supervivencia de una empresa en una econom\u00eda globalizada como la actual, teniendo en cuenta, adem\u00e1s, el momento de crisis mundial por el que atravesamos.<\/span><\/p>\n<p style=\"text-align: left\"><span style=\"color: #000000\">Las\u00a0l\u00edneas de investigaci\u00f3n que se est\u00e1n llevando a cabo actualmente, son:\u00a0<\/span><\/p>\n<p style=\"text-align: left\"><span style=\"color: #000000\"><strong>EQUIPO 1: ESTAD\u00cdSTICA Y OPTIMIZACI\u00d3N y\u00a0EQUIPO 2: MATEM\u00c1TICA APLICADA Y PROGRAMACI\u00d3N MATEM\u00c1TICA<\/strong><\/span><\/p>\n<p style=\"text-align: left\"><span style=\"color: #000000\"><strong>Director:<\/strong> S\u00e1nchez Soriano, Joaqu\u00edn\u00a0 \u00a0\u2014\u00a0 \u00a0joaquin@umh.es\u00a0 \u00a0\u2014 \u00a0 +34 96 665 8539\u00a0 \u00a0\u2014\u00a0 \u00a0+34 96 665 8572<\/span><\/p>\n<h1><\/h1>\n<p>&nbsp;<\/p>\n<h2>Programa de doctorado en Econom\u00eda Interuniversitaria<\/h2>\n<div class=\"wpb_text_column wpb_content_element\">\n<p style=\"text-align: left\"><span style=\"color: #000000\">El Programa DEcIDE es un programa de\u00a0<strong>Doctorado Interuniversitario en Econom\u00eda<\/strong>, inaugurado en el curso 2013-2014 y verificado por la ANECA, en el que participan doctores de\u00a0<strong>cinco universidades<\/strong>: la Universidad de Murcia, que tiene el papel de coordinadora, la Universidad de Alicante, la Universidad Miguel Hern\u00e1ndez, la Universidad Nacional de Educaci\u00f3n a Distancia y la Universidad Polit\u00e9cnica de Cartagena.<\/span><\/p>\n<p style=\"text-align: left\"><span style=\"color: #000000\">Este programa nace del deseo de un nutrido grupo de investigadores de aunar fuerzas, campos de especializaci\u00f3n y rigor acad\u00e9mico, con el prop\u00f3sito de que los doctorandos adquieran una cualificaci\u00f3n contrastada en la l\u00ednea de investigaci\u00f3n escogida, elaborando\u00a0<strong>tesis de calidad que den lugar a publicaciones de primer nivel.<\/strong><\/span> <span style=\"color: #000000\">Cuenta con investigadores cuyo curr\u00edculo les hace merecedores del reconocimiento como especialistas de gran prestigio en sus respectivas \u00e1reas. Est\u00e1 compuesto en la actualidad por un total de 63 doctores pertenecientes a las 5 universidades participantes.<\/span><\/p>\n<p style=\"text-align: left\"><span style=\"color: #000000\">Directora:<\/strong>\u00a0Meca Mart\u00ednez, Ana\u00a0 \u00a0\u2014\u00a0 \u00a0<a style=\"color: #000000\"><span class=\"limpia\">a<\/span>na.meca<span class=\"limpia\">@<\/span><span class=\"limpia\">u<\/span>mh.es\u00a0 \u00a0\u2014 \u00a0 +34 96 665 8717<\/a><\/span><\/div>\n<p>[:en]<\/p>\n<h2>Doctoral Program in Statistics, Optimization and Applied Mathematics<\/h2>\n<p style=\"text-align: left\"><span style=\"color: #000000\">The interest of this new Doctoral Program for society lies in the fact that <strong>scientists and researchers are trained with the analytical capacity of information and its treatment<\/strong>, to carry out the optimization of complex systems using the most advanced techniques of <strong>Statistics, Operational Research and Mathematical Modeling<\/strong>.<\/span><\/p>\n<p style=\"text-align: left\"><span style=\"color: #000000\">Therefore, the potential incorporation of these researchers in the industrial fabric of the closest environment (footwear, textiles, toys, furniture, agriculture, etc.), or in other industrial sectors or services, both in Spain and in the rest of the world (since our expectations are that around 50% of our students are foreigners) can make a decisive contribution to improving efficiency and optimizing processes that contribute to increasing the competitiveness of the companies for which they work. This can be decisive for the survival of a company in a globalized economy like the current one, taking into account, in addition, the moment of global crisis that we are going through.<\/span><\/p>\n<p style=\"text-align: left\"><span style=\"color: #000000\">The lines of research that are currently being carried out are:<\/span><\/p>\n<p style=\"text-align: left\"><span style=\"color: #000000\"><strong>TEAM 1: STATISTICS AND OPTIMIZATION and TEAM 2: APPLIED MATHEMATICS AND MATHEMATICAL PROGRAMMING<\/strong><\/span><\/p>\n<p style=\"text-align: left\"><span style=\"color: #000000\"><strong>Director:<\/strong> S\u00e1nchez Soriano, Joaqu\u00edn\u00a0 \u00a0\u2014\u00a0 \u00a0joaquin@umh.es\u00a0 \u00a0\u2014 \u00a0 +34 96 665 8539\u00a0 \u00a0\u2014\u00a0 \u00a0+34 96 665 8572<\/span><\/p>\n<h1><\/h1>\n<p>&nbsp;<\/p>\n<h2>Doctoral Program in Interuniversity Economics<\/h2>\n<p style=\"text-align: left\"><span style=\"color: #000000\">The DEcIDE Program is an Interuniversity <strong>Doctorate program in Economics<\/strong>, inaugurated in the 2013-2014 academic year and verified by the ANECA, in which doctors from <strong>five universities<\/strong> participate: the University of Murcia, which has the role of coordinator, the University of Alicante , the Miguel Hern\u00e1ndez University, the National University of Distance Education and the Polytechnic University of Cartagena.<\/span><\/p>\n<p style=\"text-align: left\"><span style=\"color: #000000\">This program is born from the desire of a large group of researchers to join forces, fields of specialization and academic rigor, with the purpose that the doctoral students acquire a contrasted qualification in the selected research line, elaborating <strong>thesis of quality that give rise to publications of first level.\u00a0<\/strong>It has researchers whose curriculum makes them worthy of recognition as highly prestigious specialists in their respective areas. It is currently composed of a total of 63 doctors belonging to the 5 participating universities.<\/span><\/p>\n<p style=\"text-align: left\"><span style=\"color: #000000\"><strong>Director:<\/strong>\u00a0Meca Mart\u00ednez, Ana\u00a0 \u00a0\u2014\u00a0 \u00a0<a style=\"color: #000000\"><span class=\"limpia\">a<\/span>na.meca<span class=\"limpia\">@<\/span><span class=\"limpia\">u<\/span>mh.es\u00a0 \u00a0\u2014 \u00a0 +34 966658717<\/a><\/span><\/p>\n<p>[:]<\/p>","protected":false},"excerpt":{"rendered":"<p>[:es]<br \/>\nPrograma de Doctorado en Estad\u00edstica, Optimizaci\u00f3n y Matem\u00e1tica Aplicada<br \/>\nEl inter\u00e9s de este nuevo Programa de Doctorado para la sociedad, radica en que se forman cient\u00edficos e investigadores con capacidad anal\u00edtica de la informaci\u00f3n y su tratamiento, para llevar a cabo la optimizaci\u00f3n de sistemas complejos haciendo uso de las t\u00e9cnicas m\u00e1s avanzadas de la Estad\u00edstica, [&#8230;]<\/p>","protected":false},"author":3477,"featured_media":0,"parent":1414,"menu_order":3,"comment_status":"closed","ping_status":"closed","template":"","meta":{"_links_to":"","_links_to_target":""},"categories":[],"tags":[],"_links":{"self":[{"href":"https:\/\/cio.umh.es\/en\/wp-json\/wp\/v2\/pages\/358"}],"collection":[{"href":"https:\/\/cio.umh.es\/en\/wp-json\/wp\/v2\/pages"}],"about":[{"href":"https:\/\/cio.umh.es\/en\/wp-json\/wp\/v2\/types\/page"}],"author":[{"embeddable":true,"href":"https:\/\/cio.umh.es\/en\/wp-json\/wp\/v2\/users\/3477"}],"replies":[{"embeddable":true,"href":"https:\/\/cio.umh.es\/en\/wp-json\/wp\/v2\/comments?post=358"}],"version-history":[{"count":0,"href":"https:\/\/cio.umh.es\/en\/wp-json\/wp\/v2\/pages\/358\/revisions"}],"up":[{"embeddable":true,"href":"https:\/\/cio.umh.es\/en\/wp-json\/wp\/v2\/pages\/1414"}],"wp:attachment":[{"href":"https:\/\/cio.umh.es\/en\/wp-json\/wp\/v2\/media?parent=358"}],"wp:term":[{"taxonomy":"category","embeddable":true,"href":"https:\/\/cio.umh.es\/en\/wp-json\/wp\/v2\/categories?post=358"},{"taxonomy":"post_tag","embeddable":true,"href":"https:\/\/cio.umh.es\/en\/wp-json\/wp\/v2\/tags?post=358"}],"curies":[{"name":"wp","href":"https:\/\/api.w.org\/{rel}","templated":true}]}}