{"id":24398,"date":"2021-07-06T11:38:43","date_gmt":"2021-07-06T09:38:43","guid":{"rendered":"http:\/\/cio2.zeus.umh.es\/?page_id=24398"},"modified":"2021-07-06T11:48:44","modified_gmt":"2021-07-06T09:48:44","slug":"actualidad-articulos","status":"publish","type":"page","link":"https:\/\/cio.umh.es\/en\/actualidad-articulos\/","title":{"rendered":"Scientific articles"},"content":{"rendered":"<div data-elementor-type=\"wp-page\" data-elementor-id=\"24398\" class=\"elementor elementor-24398\" data-elementor-settings=\"[]\">\n\t\t\t\t\t\t<div class=\"elementor-inner\">\n\t\t\t\t\t\t\t<div class=\"elementor-section-wrap\">\n\t\t\t\t\t\t\t<section class=\"elementor-section elementor-top-section elementor-element elementor-element-c3d3f58 elementor-section-boxed elementor-section-height-default elementor-section-height-default\" data-id=\"c3d3f58\" data-element_type=\"section\">\n\t\t\t\t\t\t<div class=\"elementor-container elementor-column-gap-default\">\n\t\t\t\t\t\t\t<div class=\"elementor-row\">\n\t\t\t\t\t<div class=\"elementor-column elementor-col-100 elementor-top-column elementor-element elementor-element-dce8663\" data-id=\"dce8663\" data-element_type=\"column\">\n\t\t\t<div class=\"elementor-column-wrap\">\n\t\t\t\t\t\t\t<div class=\"elementor-widget-wrap\">\n\t\t\t\t\t\t\t\t<\/div>\n\t\t\t\t\t<\/div>\n\t\t<\/div>\n\t\t\t\t\t\t\t\t<\/div>\n\t\t\t\t\t<\/div>\n\t\t<\/section>\n\t\t\t\t<section class=\"elementor-section elementor-top-section elementor-element elementor-element-3876e16 elementor-section-boxed elementor-section-height-default elementor-section-height-default\" data-id=\"3876e16\" data-element_type=\"section\">\n\t\t\t\t\t\t<div class=\"elementor-container elementor-column-gap-default\">\n\t\t\t\t\t\t\t<div class=\"elementor-row\">\n\t\t\t\t\t<div class=\"elementor-column elementor-col-100 elementor-top-column elementor-element elementor-element-b7f1c22\" data-id=\"b7f1c22\" data-element_type=\"column\">\n\t\t\t<div class=\"elementor-column-wrap elementor-element-populated\">\n\t\t\t\t\t\t\t<div class=\"elementor-widget-wrap\">\n\t\t\t\t\t\t<div class=\"elementor-element elementor-element-0ea4f69 elementor-widget elementor-widget-heading\" data-id=\"0ea4f69\" data-element_type=\"widget\" data-widget_type=\"heading.default\">\n\t\t\t\t<div class=\"elementor-widget-container\">\n\t\t\t<h2 class=\"elementor-heading-title elementor-size-default\">Scientific articles<\/h2>\t\t<\/div>\n\t\t\t\t<\/div>\n\t\t\t\t<div class=\"elementor-element elementor-element-7af894f elementor-widget-divider--view-line elementor-widget elementor-widget-divider\" data-id=\"7af894f\" data-element_type=\"widget\" data-widget_type=\"divider.default\">\n\t\t\t\t<div class=\"elementor-widget-container\">\n\t\t\t\t\t<div class=\"elementor-divider\">\n\t\t\t<span class=\"elementor-divider-separator\">\n\t\t\t\t\t\t<\/span>\n\t\t<\/div>\n\t\t\t\t<\/div>\n\t\t\t\t<\/div>\n\t\t\t\t<div class=\"elementor-element elementor-element-3692931 elementor-widget elementor-widget-obfx-posts-grid\" data-id=\"3692931\" data-element_type=\"widget\" data-widget_type=\"obfx-posts-grid.default\">\n\t\t\t\t<div class=\"elementor-widget-container\">\n\t\t\t<div class=\"obfx-grid\"><div class=\"obfx-grid-container obfx-grid-mobile-1 obfx-grid-tablet-2 obfx-grid-desktop-2\"><div class=\"obfx-grid-wrapper\"><article class=\"obfx-grid-col obfx-no-image\"><div class=\"obfx-grid-col-content\">\t\t\t<h2 class=\"entry-title obfx-grid-title\">\n\t\t\t\t\t\t\t<a href=\"https:\/\/cio.umh.es\/en\/2024\/02\/01\/n-allouch-luis-a-guardiola-a-meca-2024-measuring-productivity-in-networks-a-game-theoretic-approach-socio-economic-planning-sciences-91-101783\/\" title=\"N. Allouch, Luis A. Guardiola, &amp; A. Meca (2024). Measuring productivity in networks: A game-theoretic approach. Socio-Economic Planning Sciences, 91, 101783.\">\n\t\t\t\t\tN. Allouch, Luis A. Guardiola, &amp; A. Meca (2024). Measuring productivity in networks: A game-theoretic approach. Socio-Economic Planning Sciences, 91, 101783.\t\t\t\t<\/a>\n\t\t\t\t\t\t\t<\/h2>\n\t\t\t\t\t\t\t<div class=\"entry-meta obfx-grid-meta\">\n\n\t\t\t\t\t\t\t\t\t\t\t\t\t<span class=\"obfx-grid-author\">\n\t\t\t\t\t\t\t\t\t<i class=\"fas fa-user\"><\/i>mquesada\t\t\t\t\t\t\t\t<\/span>\n\t\t\t\t\t\t\t\t\t\t\t\t\t\t\t\t<span class=\"obfx-grid-date\">\n\t\t\t\t\t\t\t\t\t<i class=\"fas fa-calendar\"><\/i>1 February, 2024\t\t\t\t\t\t\t\t<\/span>\n\t\t\t\t\t\t\t\t\n\t\t\t\t<\/div>\n\t\t\t\t\t\t\t<div class=\"entry-content obfx-grid-content\">\n\t\t\t\tN. Allouch (University of Kent &#8211; School of Economics), Luis A. Guardiola (Departamento de M\u00e9todos Cuantitativos para la Econom\u00eda y Empresa, Universidad de Murcia), Ana Meca (I.U. Centro de Investigaci\u00f3n&hellip;\t\t\t<\/div>\n\t\t\t<\/div><\/article><\/div><div class=\"obfx-grid-wrapper\"><article class=\"obfx-grid-col obfx-no-image\"><div class=\"obfx-grid-col-content\">\t\t\t<h2 class=\"entry-title obfx-grid-title\">\n\t\t\t\t\t\t\t<a href=\"https:\/\/cio.umh.es\/en\/2024\/02\/01\/lola-fernandez-gomez-jose-a-sanchez-zapata-jose-a-donazar-xavier-barber-jomar-m-barbosa-2024-ecosystem-productivity-drives-the-breeding-success-of-an-endangered-top-avian-scavenger-in\/\" title=\"Lola Fern\u00e1ndez-G\u00f3mez, Jos\u00e9 A. S\u00e1nchez-Zapata, Jos\u00e9 A. Don\u00e1zar, Xavier Barber, &amp; Jomar M. Barbosa (2024). Ecosystem productivity drives the breeding success of an endangered top avian scavenger in a changing grazing pressure context. Science of The Total Environment, 910, 168553.\">\n\t\t\t\t\tLola Fern\u00e1ndez-G\u00f3mez, Jos\u00e9 A. S\u00e1nchez-Zapata, Jos\u00e9 A. Don\u00e1zar, Xavier Barber, &amp; Jomar M. Barbosa (2024). Ecosystem productivity drives the breeding success of an endangered top avian scavenger in a changing grazing pressure context. Science of The Total Environment, 910, 168553.\t\t\t\t<\/a>\n\t\t\t\t\t\t\t<\/h2>\n\t\t\t\t\t\t\t<div class=\"entry-meta obfx-grid-meta\">\n\n\t\t\t\t\t\t\t\t\t\t\t\t\t<span class=\"obfx-grid-author\">\n\t\t\t\t\t\t\t\t\t<i class=\"fas fa-user\"><\/i>anabel.perez\t\t\t\t\t\t\t\t<\/span>\n\t\t\t\t\t\t\t\t\t\t\t\t\t\t\t\t<span class=\"obfx-grid-date\">\n\t\t\t\t\t\t\t\t\t<i class=\"fas fa-calendar\"><\/i>1 February, 2024\t\t\t\t\t\t\t\t<\/span>\n\t\t\t\t\t\t\t\t\n\t\t\t\t<\/div>\n\t\t\t\t\t\t\t<div class=\"entry-content obfx-grid-content\">\n\t\t\t\tLola Fern\u00e1ndez-G\u00f3mez (Department of Applied Biology, Centro de Investigaci\u00f3n e Innovaci\u00f3n Alimentaria, Universidad Miguel Hern\u00e1ndez de Elche), Jos\u00e9 A. S\u00e1nchez-Zapata (Department of Applied Biology, Centro de Investigaci\u00f3n e Innovaci\u00f3n Alimentaria,&hellip;\t\t\t<\/div>\n\t\t\t<\/div><\/article><\/div><div class=\"obfx-grid-wrapper\"><article class=\"obfx-grid-col obfx-no-image\"><div class=\"obfx-grid-col-content\">\t\t\t<h2 class=\"entry-title obfx-grid-title\">\n\t\t\t\t\t\t\t<a href=\"https:\/\/cio.umh.es\/en\/2023\/12\/16\/juan-f-monge-jose-l-ruiz-2023-setting-closer-targets-based-on-non-dominated-convex-combinations-of-pareto-efficient-units-a-bi-level-linear-programming-approach-in-data-envelopment-analys\/\" title=\"Juan F. Monge, &amp; Jos\u00e9 L. Ruiz (2023). Setting closer targets based on non-dominated convex combinations of Pareto-efficient units: A bi-level linear programming approach in Data Envelopment Analysis. European Journal of Operational Research, 311, 1084-1096.\">\n\t\t\t\t\tJuan F. Monge, &amp; Jos\u00e9 L. Ruiz (2023). Setting closer targets based on non-dominated convex combinations of Pareto-efficient units: A bi-level linear programming approach in Data Envelopment Analysis. European Journal of Operational Research, 311, 1084-1096.\t\t\t\t<\/a>\n\t\t\t\t\t\t\t<\/h2>\n\t\t\t\t\t\t\t<div class=\"entry-meta obfx-grid-meta\">\n\n\t\t\t\t\t\t\t\t\t\t\t\t\t<span class=\"obfx-grid-author\">\n\t\t\t\t\t\t\t\t\t<i class=\"fas fa-user\"><\/i>anabel.perez\t\t\t\t\t\t\t\t<\/span>\n\t\t\t\t\t\t\t\t\t\t\t\t\t\t\t\t<span class=\"obfx-grid-date\">\n\t\t\t\t\t\t\t\t\t<i class=\"fas fa-calendar\"><\/i>16 December, 2023\t\t\t\t\t\t\t\t<\/span>\n\t\t\t\t\t\t\t\t\n\t\t\t\t<\/div>\n\t\t\t\t\t\t\t<div class=\"entry-content obfx-grid-content\">\n\t\t\t\tJuan F. Monge (Operations Research Center, University Miguel Hern\u00e1ndez of Elche) and Jos\u00e9 L. Ruiz (Operations Research Center, University Miguel Hern\u00e1ndez of Elche) Abstract: Data Envelopment Analysis (DEA) very often&hellip;\t\t\t<\/div>\n\t\t\t<\/div><\/article><\/div><div class=\"obfx-grid-wrapper\"><article class=\"obfx-grid-col obfx-no-image\"><div class=\"obfx-grid-col-content\">\t\t\t<h2 class=\"entry-title obfx-grid-title\">\n\t\t\t\t\t\t\t<a href=\"https:\/\/cio.umh.es\/en\/2023\/12\/01\/rick-k-acosta-vega-encarnacion-algaba-joaquin-sanchez-soriano-2023-design-of-water-quality-policies-based-on-proportionality-in-multi-issue-problems-with-crossed-claims-european-journal-o\/\" title=\"Rick K. Acosta-Vega, Encarnaci\u00f3n Algaba, &amp; Joaqu\u00edn S\u00e1nchez-Soriano (2023). Design of water quality policies based on proportionality in multi-issue problems with crossed claims. European Journal of Operational Research, 311, 777-788.\">\n\t\t\t\t\tRick K. Acosta-Vega, Encarnaci\u00f3n Algaba, &amp; Joaqu\u00edn S\u00e1nchez-Soriano (2023). Design of water quality policies based on proportionality in multi-issue problems with crossed claims. European Journal of Operational Research, 311, 777-788.\t\t\t\t<\/a>\n\t\t\t\t\t\t\t<\/h2>\n\t\t\t\t\t\t\t<div class=\"entry-meta obfx-grid-meta\">\n\n\t\t\t\t\t\t\t\t\t\t\t\t\t<span class=\"obfx-grid-author\">\n\t\t\t\t\t\t\t\t\t<i class=\"fas fa-user\"><\/i>anabel.perez\t\t\t\t\t\t\t\t<\/span>\n\t\t\t\t\t\t\t\t\t\t\t\t\t\t\t\t<span class=\"obfx-grid-date\">\n\t\t\t\t\t\t\t\t\t<i class=\"fas fa-calendar\"><\/i>1 December, 2023\t\t\t\t\t\t\t\t<\/span>\n\t\t\t\t\t\t\t\t\n\t\t\t\t<\/div>\n\t\t\t\t\t\t\t<div class=\"entry-content obfx-grid-content\">\n\t\t\t\tRick K. Acosta-Vega (Universidad del Magdalena, Santa Marta; Faculty of Industrial Engineering, Antonio Nari\u00f1o University), Encarnaci\u00f3n Algaba (Department of Applied Mathematics II and IMUS, University of Sevilla) and Joaqu\u00edn S\u00e1nchez-Soriano&hellip;\t\t\t<\/div>\n\t\t\t<\/div><\/article><\/div><div class=\"obfx-grid-wrapper\"><article class=\"obfx-grid-col obfx-no-image\"><div class=\"obfx-grid-col-content\">\t\t\t<h2 class=\"entry-title obfx-grid-title\">\n\t\t\t\t\t\t\t<a href=\"https:\/\/cio.umh.es\/en\/2023\/12\/01\/j-camacho-m-j-canovas-m-a-lopez-j-parra-2023-robust-and-continuous-metric-subregularity-for-linear-inequality-systems-computational-optimization-and-applications-86-967-988\/\" title=\"J. Camacho, M. J. C\u00e1novas, M. A. L\u00f3pez, &amp; J. Parra (2023). Robust and continuous metric subregularity for linear inequality systems. Computational Optimization and Applications, 86, 967-988.\">\n\t\t\t\t\tJ. Camacho, M. J. C\u00e1novas, M. A. L\u00f3pez, &amp; J. Parra (2023). Robust and continuous metric subregularity for linear inequality systems. Computational Optimization and Applications, 86, 967-988.\t\t\t\t<\/a>\n\t\t\t\t\t\t\t<\/h2>\n\t\t\t\t\t\t\t<div class=\"entry-meta obfx-grid-meta\">\n\n\t\t\t\t\t\t\t\t\t\t\t\t\t<span class=\"obfx-grid-author\">\n\t\t\t\t\t\t\t\t\t<i class=\"fas fa-user\"><\/i>anabel.perez\t\t\t\t\t\t\t\t<\/span>\n\t\t\t\t\t\t\t\t\t\t\t\t\t\t\t\t<span class=\"obfx-grid-date\">\n\t\t\t\t\t\t\t\t\t<i class=\"fas fa-calendar\"><\/i>1 December, 2023\t\t\t\t\t\t\t\t<\/span>\n\t\t\t\t\t\t\t\t\n\t\t\t\t<\/div>\n\t\t\t\t\t\t\t<div class=\"entry-content obfx-grid-content\">\n\t\t\t\tJ.Camacho (Operations Research Center, University Miguel Hern\u00e1ndez of Elche), M.J. C\u00e1novas (Operations Research Center, University Miguel Hern\u00e1ndez of Elche), M.A. L\u00f3pez (Department of Mathematics, University of Alicante; CIAO, Federation University,&hellip;\t\t\t<\/div>\n\t\t\t<\/div><\/article><\/div><div class=\"obfx-grid-wrapper\"><article class=\"obfx-grid-col obfx-no-image\"><div class=\"obfx-grid-col-content\">\t\t\t<h2 class=\"entry-title obfx-grid-title\">\n\t\t\t\t\t\t\t<a href=\"https:\/\/cio.umh.es\/en\/2023\/12\/01\/raul-moragues-juan-aparicio-miriam-esteve-2023-an-unsupervised-learning-based-generalization-of-data-envelopment-analysis-operations-research-perspectives-11-100284\/\" title=\"Raul Moragues, Juan Aparicio, &amp; Miriam Esteve (2023). An unsupervised learning-based generalization of Data Envelopment Analysis. Operations Research Perspectives, 11, 100284.\">\n\t\t\t\t\tRaul Moragues, Juan Aparicio, &amp; Miriam Esteve (2023). An unsupervised learning-based generalization of Data Envelopment Analysis. Operations Research Perspectives, 11, 100284.\t\t\t\t<\/a>\n\t\t\t\t\t\t\t<\/h2>\n\t\t\t\t\t\t\t<div class=\"entry-meta obfx-grid-meta\">\n\n\t\t\t\t\t\t\t\t\t\t\t\t\t<span class=\"obfx-grid-author\">\n\t\t\t\t\t\t\t\t\t<i class=\"fas fa-user\"><\/i>anabel.perez\t\t\t\t\t\t\t\t<\/span>\n\t\t\t\t\t\t\t\t\t\t\t\t\t\t\t\t<span class=\"obfx-grid-date\">\n\t\t\t\t\t\t\t\t\t<i class=\"fas fa-calendar\"><\/i>1 December, 2023\t\t\t\t\t\t\t\t<\/span>\n\t\t\t\t\t\t\t\t\n\t\t\t\t<\/div>\n\t\t\t\t\t\t\t<div class=\"entry-content obfx-grid-content\">\n\t\t\t\tRaul Moragues (Operations Research Center, University Miguel Hern\u00e1ndez of Elche), Juan Aparicio (Operations Research Center, University Miguel Hern\u00e1ndez of Elche) and Miriam Steve (Operations Research Center, University Miguel Hern\u00e1ndez of&hellip;\t\t\t<\/div>\n\t\t\t<\/div><\/article><\/div>\t\t\t\t<div class=\"obfx-grid-pagination\">\n\t\t\t\t\t\t\t\t\t\t<nav class=\"pagination\">\n\t\t\t\t\t\t<span aria-current=\"page\" class=\"page-numbers current\">1<\/span>\n<a class=\"page-numbers\" href=\"https:\/\/cio.umh.es\/en\/wp-json\/wp\/v2\/pages\/24398\/page\/2\/\">2<\/a>\n<a class=\"page-numbers\" href=\"https:\/\/cio.umh.es\/en\/wp-json\/wp\/v2\/pages\/24398\/page\/3\/\">3<\/a>\n<a class=\"page-numbers\" href=\"https:\/\/cio.umh.es\/en\/wp-json\/wp\/v2\/pages\/24398\/page\/4\/\">4<\/a>\n<span class=\"page-numbers dots\">&hellip;<\/span>\n<a class=\"page-numbers\" href=\"https:\/\/cio.umh.es\/en\/wp-json\/wp\/v2\/pages\/24398\/page\/58\/\">58<\/a>\n<a class=\"next page-numbers\" href=\"https:\/\/cio.umh.es\/en\/wp-json\/wp\/v2\/pages\/24398\/page\/2\/\">Next<\/a>\t\t\t\t\t<\/nav>\n\t\t\t\t<\/div>\n\t\t\t\t<\/div><!-- .obfx-grid-container --><\/div><!-- .obfx-grid -->\t\t<\/div>\n\t\t\t\t<\/div>\n\t\t\t\t\t\t<\/div>\n\t\t\t\t\t<\/div>\n\t\t<\/div>\n\t\t\t\t\t\t\t\t<\/div>\n\t\t\t\t\t<\/div>\n\t\t<\/section>\n\t\t\t\t\t\t<\/div>\n\t\t\t\t\t\t<\/div>\n\t\t\t\t\t<\/div>","protected":false},"excerpt":{"rendered":"<p>Raul Moragues (Operations Research Center, University Miguel Hern\u00e1ndez of Elche), Juan Aparicio (Operations Research Center, University Miguel Hern\u00e1ndez of Elche) and Miriam Steve (Operations Research Center, University Miguel Hern\u00e1ndez of Elche)<br \/>\nAbstract:<br \/>\nIn this paper, different upgrading strategies are investigated in the context of the<br \/>\np-center problem. The possibility of upgrading a set of connections to different centers [&#8230;]<\/p>","protected":false},"author":3477,"featured_media":0,"parent":0,"menu_order":4,"comment_status":"closed","ping_status":"closed","template":"page-templates\/template-pagebuilder-full-width.php","meta":{"_links_to":"","_links_to_target":""},"categories":[],"tags":[],"_links":{"self":[{"href":"https:\/\/cio.umh.es\/en\/wp-json\/wp\/v2\/pages\/24398"}],"collection":[{"href":"https:\/\/cio.umh.es\/en\/wp-json\/wp\/v2\/pages"}],"about":[{"href":"https:\/\/cio.umh.es\/en\/wp-json\/wp\/v2\/types\/page"}],"author":[{"embeddable":true,"href":"https:\/\/cio.umh.es\/en\/wp-json\/wp\/v2\/users\/3477"}],"replies":[{"embeddable":true,"href":"https:\/\/cio.umh.es\/en\/wp-json\/wp\/v2\/comments?post=24398"}],"version-history":[{"count":0,"href":"https:\/\/cio.umh.es\/en\/wp-json\/wp\/v2\/pages\/24398\/revisions"}],"wp:attachment":[{"href":"https:\/\/cio.umh.es\/en\/wp-json\/wp\/v2\/media?parent=24398"}],"wp:term":[{"taxonomy":"category","embeddable":true,"href":"https:\/\/cio.umh.es\/en\/wp-json\/wp\/v2\/categories?post=24398"},{"taxonomy":"post_tag","embeddable":true,"href":"https:\/\/cio.umh.es\/en\/wp-json\/wp\/v2\/tags?post=24398"}],"curies":[{"name":"wp","href":"https:\/\/api.w.org\/{rel}","templated":true}]}}