{"id":24395,"date":"2021-07-06T11:37:06","date_gmt":"2021-07-06T09:37:06","guid":{"rendered":"http:\/\/cio2.zeus.umh.es\/?page_id=24395"},"modified":"2021-07-06T11:47:49","modified_gmt":"2021-07-06T09:47:49","slug":"actualidad-novedades","status":"publish","type":"page","link":"https:\/\/cio.umh.es\/en\/actualidad-novedades\/","title":{"rendered":"News and Events"},"content":{"rendered":"<div data-elementor-type=\"wp-page\" data-elementor-id=\"24395\" class=\"elementor elementor-24395\" data-elementor-settings=\"[]\">\n\t\t\t\t\t\t<div class=\"elementor-inner\">\n\t\t\t\t\t\t\t<div class=\"elementor-section-wrap\">\n\t\t\t\t\t\t\t<section class=\"elementor-section elementor-top-section elementor-element elementor-element-c3d3f58 elementor-section-boxed elementor-section-height-default elementor-section-height-default\" data-id=\"c3d3f58\" data-element_type=\"section\">\n\t\t\t\t\t\t<div class=\"elementor-container elementor-column-gap-default\">\n\t\t\t\t\t\t\t<div class=\"elementor-row\">\n\t\t\t\t\t<div class=\"elementor-column elementor-col-100 elementor-top-column elementor-element elementor-element-dce8663\" data-id=\"dce8663\" data-element_type=\"column\">\n\t\t\t<div class=\"elementor-column-wrap elementor-element-populated\">\n\t\t\t\t\t\t\t<div class=\"elementor-widget-wrap\">\n\t\t\t\t\t\t<div class=\"elementor-element elementor-element-a72014f elementor-widget elementor-widget-spacer\" data-id=\"a72014f\" data-element_type=\"widget\" data-widget_type=\"spacer.default\">\n\t\t\t\t<div class=\"elementor-widget-container\">\n\t\t\t\t\t<div class=\"elementor-spacer\">\n\t\t\t<div class=\"elementor-spacer-inner\"><\/div>\n\t\t<\/div>\n\t\t\t\t<\/div>\n\t\t\t\t<\/div>\n\t\t\t\t\t\t<\/div>\n\t\t\t\t\t<\/div>\n\t\t<\/div>\n\t\t\t\t\t\t\t\t<\/div>\n\t\t\t\t\t<\/div>\n\t\t<\/section>\n\t\t\t\t<section class=\"elementor-section elementor-top-section elementor-element elementor-element-98a05e9 elementor-section-boxed elementor-section-height-default elementor-section-height-default\" data-id=\"98a05e9\" data-element_type=\"section\">\n\t\t\t\t\t\t<div class=\"elementor-container elementor-column-gap-default\">\n\t\t\t\t\t\t\t<div class=\"elementor-row\">\n\t\t\t\t\t<div class=\"elementor-column elementor-col-100 elementor-top-column elementor-element elementor-element-143f60d\" data-id=\"143f60d\" data-element_type=\"column\">\n\t\t\t<div class=\"elementor-column-wrap elementor-element-populated\">\n\t\t\t\t\t\t\t<div class=\"elementor-widget-wrap\">\n\t\t\t\t\t\t<div class=\"elementor-element elementor-element-d755c32 elementor-widget elementor-widget-heading\" data-id=\"d755c32\" data-element_type=\"widget\" data-widget_type=\"heading.default\">\n\t\t\t\t<div class=\"elementor-widget-container\">\n\t\t\t<h2 class=\"elementor-heading-title elementor-size-default\">News and Events<\/h2>\t\t<\/div>\n\t\t\t\t<\/div>\n\t\t\t\t<div class=\"elementor-element elementor-element-9f2673e elementor-widget-divider--view-line elementor-widget elementor-widget-divider\" data-id=\"9f2673e\" data-element_type=\"widget\" data-widget_type=\"divider.default\">\n\t\t\t\t<div class=\"elementor-widget-container\">\n\t\t\t\t\t<div class=\"elementor-divider\">\n\t\t\t<span class=\"elementor-divider-separator\">\n\t\t\t\t\t\t<\/span>\n\t\t<\/div>\n\t\t\t\t<\/div>\n\t\t\t\t<\/div>\n\t\t\t\t<div class=\"elementor-element elementor-element-5d7429a elementor-widget elementor-widget-obfx-posts-grid\" data-id=\"5d7429a\" data-element_type=\"widget\" data-widget_type=\"obfx-posts-grid.default\">\n\t\t\t\t<div class=\"elementor-widget-container\">\n\t\t\t<div class=\"obfx-grid\"><div class=\"obfx-grid-container obfx-grid-mobile-1 obfx-grid-tablet-2 obfx-grid-desktop-2\"><div class=\"obfx-grid-wrapper\"><article class=\"obfx-grid-col obfx-no-image\"><div class=\"obfx-grid-col-content\">\t\t\t<h2 class=\"entry-title obfx-grid-title\">\n\t\t\t\t\t\t\t<a href=\"https:\/\/cio.umh.es\/en\/2025\/11\/14\/seminario-cio-beyond-growth-the-role-of-institutional-quality-in-alleviating-energy-poverty-in-sub-saharan-africa\/\" title=\"Seminario CIO: Beyond Growth: The Role of Institutional Quality in Alleviating Energy Poverty in Sub-Saharan Africa\">\n\t\t\t\t\tSeminario CIO: Beyond Growth: The Role of Institutional Quality in Alleviating Energy Poverty in Sub-Saharan Africa\t\t\t\t<\/a>\n\t\t\t\t\t\t\t<\/h2>\n\t\t\t\t\t\t\t<div class=\"entry-meta obfx-grid-meta\">\n\n\t\t\t\t\t\t\t\t\t\t\t\t\t<span class=\"obfx-grid-author\">\n\t\t\t\t\t\t\t\t\t<i class=\"fas fa-user\"><\/i>mquesada\t\t\t\t\t\t\t\t<\/span>\n\t\t\t\t\t\t\t\t\t\t\t\t\t\t\t\t<span class=\"obfx-grid-date\">\n\t\t\t\t\t\t\t\t\t<i class=\"fas fa-calendar\"><\/i>14 November, 2025\t\t\t\t\t\t\t\t<\/span>\n\t\t\t\t\t\t\t\t\n\t\t\t\t<\/div>\n\t\t\t\t\t\t\t<div class=\"entry-content obfx-grid-content\">\n\t\t\t\tT\u00edtulo: Beyond Growth: The Role of Institutional Quality in Alleviating Energy Poverty in Sub-Saharan Africa Ponente: Roula Inglesi-Lotz y WiZelle Kritzinger, Department of Economics (University of Pretoria) Fecha y hora:&hellip;\t\t\t<\/div>\n\t\t\t<\/div><\/article><\/div><div class=\"obfx-grid-wrapper\"><article class=\"obfx-grid-col obfx-no-image\"><div class=\"obfx-grid-col-content\">\t\t\t<h2 class=\"entry-title obfx-grid-title\">\n\t\t\t\t\t\t\t<a href=\"https:\/\/cio.umh.es\/en\/2025\/07\/31\/seminario-jimenez\/\" title=\"Seminario CIO: Resoluci\u00f3n de problemas combinatorios con Constraint Programming\">\n\t\t\t\t\tSeminario CIO: Resoluci\u00f3n de problemas combinatorios con Constraint Programming\t\t\t\t<\/a>\n\t\t\t\t\t\t\t<\/h2>\n\t\t\t\t\t\t\t<div class=\"entry-meta obfx-grid-meta\">\n\n\t\t\t\t\t\t\t\t\t\t\t\t\t<span class=\"obfx-grid-author\">\n\t\t\t\t\t\t\t\t\t<i class=\"fas fa-user\"><\/i>mquesada\t\t\t\t\t\t\t\t<\/span>\n\t\t\t\t\t\t\t\t\t\t\t\t\t\t\t\t<span class=\"obfx-grid-date\">\n\t\t\t\t\t\t\t\t\t<i class=\"fas fa-calendar\"><\/i>31 July, 2025\t\t\t\t\t\t\t\t<\/span>\n\t\t\t\t\t\t\t\t\n\t\t\t\t<\/div>\n\t\t\t\t\t\t\t<div class=\"entry-content obfx-grid-content\">\n\t\t\t\tT\u00edtulo: Resoluci\u00f3n de problemas combinatorios con Constraint Programming Ponente: Celia Jim\u00e9nez-Piqueras (Technical University of Denmark) Fecha y hora: 06\/10\/2025, 12:30 Inscripci\u00f3n online (cierre 30 minutos antes del inicio): https:\/\/forms.gle\/8uM6i6VZLLsfyNN5A Lugar:&hellip;\t\t\t<\/div>\n\t\t\t<\/div><\/article><\/div><div class=\"obfx-grid-wrapper\"><article class=\"obfx-grid-col obfx-no-image\"><div class=\"obfx-grid-col-content\">\t\t\t<h2 class=\"entry-title obfx-grid-title\">\n\t\t\t\t\t\t\t<a href=\"https:\/\/cio.umh.es\/en\/2025\/07\/30\/workshop-on-energy-poverty-well-being-and-sustainability\/\" title=\"Workshop on \u00abEnergy poverty, well-being and sustainability in a ecological transition\u00bb\">\n\t\t\t\t\tWorkshop on \u00abEnergy poverty, well-being and sustainability in a ecological transition\u00bb\t\t\t\t<\/a>\n\t\t\t\t\t\t\t<\/h2>\n\t\t\t\t\t\t\t<div class=\"entry-meta obfx-grid-meta\">\n\n\t\t\t\t\t\t\t\t\t\t\t\t\t<span class=\"obfx-grid-author\">\n\t\t\t\t\t\t\t\t\t<i class=\"fas fa-user\"><\/i>mquesada\t\t\t\t\t\t\t\t<\/span>\n\t\t\t\t\t\t\t\t\t\t\t\t\t\t\t\t<span class=\"obfx-grid-date\">\n\t\t\t\t\t\t\t\t\t<i class=\"fas fa-calendar\"><\/i>30 July, 2025\t\t\t\t\t\t\t\t<\/span>\n\t\t\t\t\t\t\t\t\n\t\t\t\t<\/div>\n\t\t\t\t\t\t\t<div class=\"entry-content obfx-grid-content\">\n\t\t\t\tConsultar el programa y a otra informaci\u00f3n de utilidad: acceder al programa Consultar el flyer en PDF: acceder al flyer\t\t\t<\/div>\n\t\t\t<\/div><\/article><\/div><div class=\"obfx-grid-wrapper\"><article class=\"obfx-grid-col obfx-no-image\"><div class=\"obfx-grid-col-content\">\t\t\t<h2 class=\"entry-title obfx-grid-title\">\n\t\t\t\t\t\t\t<a href=\"https:\/\/cio.umh.es\/en\/2025\/06\/16\/seminario-cio-budria-2\/\" title=\"Seminario CIO: Enduring Inequalities: Analyzing Energy Poverty Inertia Across K-Means Clusters\">\n\t\t\t\t\tSeminario CIO: Enduring Inequalities: Analyzing Energy Poverty Inertia Across K-Means Clusters\t\t\t\t<\/a>\n\t\t\t\t\t\t\t<\/h2>\n\t\t\t\t\t\t\t<div class=\"entry-meta obfx-grid-meta\">\n\n\t\t\t\t\t\t\t\t\t\t\t\t\t<span class=\"obfx-grid-author\">\n\t\t\t\t\t\t\t\t\t<i class=\"fas fa-user\"><\/i>mquesada\t\t\t\t\t\t\t\t<\/span>\n\t\t\t\t\t\t\t\t\t\t\t\t\t\t\t\t<span class=\"obfx-grid-date\">\n\t\t\t\t\t\t\t\t\t<i class=\"fas fa-calendar\"><\/i>16 June, 2025\t\t\t\t\t\t\t\t<\/span>\n\t\t\t\t\t\t\t\t\n\t\t\t\t<\/div>\n\t\t\t\t\t\t\t<div class=\"entry-content obfx-grid-content\">\n\t\t\t\tT\u00edtulo: Enduring Inequalities: Analyzing Energy Poverty Inertia Across K-Means Clusters Ponentes: Santiago Budr\u00eda (U. Antonio de Nebrija and IZA) y Leslie Bravo Chew (U. Antonio de Nebrija) Fecha y hora:&hellip;\t\t\t<\/div>\n\t\t\t<\/div><\/article><\/div><div class=\"obfx-grid-wrapper\"><article class=\"obfx-grid-col obfx-no-image\"><div class=\"obfx-grid-col-content\">\t\t\t<h2 class=\"entry-title obfx-grid-title\">\n\t\t\t\t\t\t\t<a href=\"https:\/\/cio.umh.es\/en\/2025\/05\/28\/seminario-cio-kruger\/\" title=\"Seminario CIO: Sequential Extremal Principle\">\n\t\t\t\t\tSeminario CIO: Sequential Extremal Principle\t\t\t\t<\/a>\n\t\t\t\t\t\t\t<\/h2>\n\t\t\t\t\t\t\t<div class=\"entry-meta obfx-grid-meta\">\n\n\t\t\t\t\t\t\t\t\t\t\t\t\t<span class=\"obfx-grid-author\">\n\t\t\t\t\t\t\t\t\t<i class=\"fas fa-user\"><\/i>mquesada\t\t\t\t\t\t\t\t<\/span>\n\t\t\t\t\t\t\t\t\t\t\t\t\t\t\t\t<span class=\"obfx-grid-date\">\n\t\t\t\t\t\t\t\t\t<i class=\"fas fa-calendar\"><\/i>28 May, 2025\t\t\t\t\t\t\t\t<\/span>\n\t\t\t\t\t\t\t\t\n\t\t\t\t<\/div>\n\t\t\t\t\t\t\t<div class=\"entry-content obfx-grid-content\">\n\t\t\t\tT\u00edtulo: Sequential Extremal Principle Ponente: Alexander Kruger (Faculty of Mathematics and Statistics, Ton Duc Thang University) Fecha y hora: 05\/06\/2025, 12:45 Inscripci\u00f3n online (cierre 30 minutos antes del inicio): https:\/\/forms.gle\/DZkDjcaAThQJdaEe9&hellip;\t\t\t<\/div>\n\t\t\t<\/div><\/article><\/div><div class=\"obfx-grid-wrapper\"><article class=\"obfx-grid-col obfx-no-image\"><div class=\"obfx-grid-col-content\">\t\t\t<h2 class=\"entry-title obfx-grid-title\">\n\t\t\t\t\t\t\t<a href=\"https:\/\/cio.umh.es\/en\/2025\/05\/28\/seminario-cio-ruckmann\/\" title=\"Seminario CIO: MPCC: STRONG STABILITY OF WEAKLY NONDEGENERATE S-STATIONARY POINTS\">\n\t\t\t\t\tSeminario CIO: MPCC: STRONG STABILITY OF WEAKLY NONDEGENERATE S-STATIONARY POINTS\t\t\t\t<\/a>\n\t\t\t\t\t\t\t<\/h2>\n\t\t\t\t\t\t\t<div class=\"entry-meta obfx-grid-meta\">\n\n\t\t\t\t\t\t\t\t\t\t\t\t\t<span class=\"obfx-grid-author\">\n\t\t\t\t\t\t\t\t\t<i class=\"fas fa-user\"><\/i>mquesada\t\t\t\t\t\t\t\t<\/span>\n\t\t\t\t\t\t\t\t\t\t\t\t\t\t\t\t<span class=\"obfx-grid-date\">\n\t\t\t\t\t\t\t\t\t<i class=\"fas fa-calendar\"><\/i>28 May, 2025\t\t\t\t\t\t\t\t<\/span>\n\t\t\t\t\t\t\t\t\n\t\t\t\t<\/div>\n\t\t\t\t\t\t\t<div class=\"entry-content obfx-grid-content\">\n\t\t\t\tT\u00edtulo: MPCC: STRONG STABILITY OF WEAKLY NONDEGENERATE S-STATIONARY POINTS Ponente: J.-J. R\u00fcckmann (University of Bergen, Norway) Fecha y hora: 05\/06\/2025, 12:00 Inscripci\u00f3n online (cierre 30 minutos antes del inicio): https:\/\/forms.gle\/QSUnsTsoAoWwArxcA&hellip;\t\t\t<\/div>\n\t\t\t<\/div><\/article><\/div>\t\t\t\t<div class=\"obfx-grid-pagination\">\n\t\t\t\t\t\t\t\t\t\t<nav class=\"pagination\">\n\t\t\t\t\t\t<span aria-current=\"page\" class=\"page-numbers current\">1<\/span>\n<a class=\"page-numbers\" href=\"https:\/\/cio.umh.es\/en\/wp-json\/wp\/v2\/pages\/24395\/page\/2\/\">2<\/a>\n<a class=\"page-numbers\" href=\"https:\/\/cio.umh.es\/en\/wp-json\/wp\/v2\/pages\/24395\/page\/3\/\">3<\/a>\n<a class=\"page-numbers\" href=\"https:\/\/cio.umh.es\/en\/wp-json\/wp\/v2\/pages\/24395\/page\/4\/\">4<\/a>\n<span class=\"page-numbers dots\">&hellip;<\/span>\n<a class=\"page-numbers\" href=\"https:\/\/cio.umh.es\/en\/wp-json\/wp\/v2\/pages\/24395\/page\/72\/\">72<\/a>\n<a class=\"next page-numbers\" href=\"https:\/\/cio.umh.es\/en\/wp-json\/wp\/v2\/pages\/24395\/page\/2\/\">Next<\/a>\t\t\t\t\t<\/nav>\n\t\t\t\t<\/div>\n\t\t\t\t<\/div><!-- .obfx-grid-container --><\/div><!-- .obfx-grid -->\t\t<\/div>\n\t\t\t\t<\/div>\n\t\t\t\t\t\t<\/div>\n\t\t\t\t\t<\/div>\n\t\t<\/div>\n\t\t\t\t\t\t\t\t<\/div>\n\t\t\t\t\t<\/div>\n\t\t<\/section>\n\t\t\t\t\t\t<\/div>\n\t\t\t\t\t\t<\/div>\n\t\t\t\t\t<\/div>","protected":false},"excerpt":{"rendered":"<p>T\u00edtulo: MPCC: STRONG STABILITY OF WEAKLY NONDEGENERATE S-STATIONARY POINTS<\/p>\n<p>Ponente: J.-J. R\u00fcckmann (University of Bergen, Norway)<br \/>\nFecha y hora: 05\/06\/2025, 12:00<br \/>\nInscripci\u00f3n online (cierre 30 minutos antes del inicio): https:\/\/forms.gle\/QSUnsTsoAoWwArxcA<br \/>\nLugar: Sala de Seminarios del Edificio Torretamarit (CIO) y online<br \/>\nOrganizador: Juan Parra L\u00f3pez<\/p>\n<p>Abstract:<br \/>\nWe consider the class of mathematical programs with complementarity constraints (MPCC). Specifically, we focus on strong [&#8230;]<\/p>","protected":false},"author":3477,"featured_media":0,"parent":0,"menu_order":4,"comment_status":"closed","ping_status":"closed","template":"page-templates\/template-pagebuilder-full-width.php","meta":{"_links_to":"","_links_to_target":""},"categories":[],"tags":[],"_links":{"self":[{"href":"https:\/\/cio.umh.es\/en\/wp-json\/wp\/v2\/pages\/24395"}],"collection":[{"href":"https:\/\/cio.umh.es\/en\/wp-json\/wp\/v2\/pages"}],"about":[{"href":"https:\/\/cio.umh.es\/en\/wp-json\/wp\/v2\/types\/page"}],"author":[{"embeddable":true,"href":"https:\/\/cio.umh.es\/en\/wp-json\/wp\/v2\/users\/3477"}],"replies":[{"embeddable":true,"href":"https:\/\/cio.umh.es\/en\/wp-json\/wp\/v2\/comments?post=24395"}],"version-history":[{"count":0,"href":"https:\/\/cio.umh.es\/en\/wp-json\/wp\/v2\/pages\/24395\/revisions"}],"wp:attachment":[{"href":"https:\/\/cio.umh.es\/en\/wp-json\/wp\/v2\/media?parent=24395"}],"wp:term":[{"taxonomy":"category","embeddable":true,"href":"https:\/\/cio.umh.es\/en\/wp-json\/wp\/v2\/categories?post=24395"},{"taxonomy":"post_tag","embeddable":true,"href":"https:\/\/cio.umh.es\/en\/wp-json\/wp\/v2\/tags?post=24395"}],"curies":[{"name":"wp","href":"https:\/\/api.w.org\/{rel}","templated":true}]}}