{"id":23847,"date":"2014-03-02T10:43:00","date_gmt":"2014-03-02T10:43:00","guid":{"rendered":"http:\/\/cio.edu-desarrollo.umh.es\/?page_id=23847"},"modified":"2014-03-02T10:43:00","modified_gmt":"2014-03-02T10:43:00","slug":"metodo-para-generacion-y-ordenacion-de-reglas-de-clasificacion-diseno-y-estudio-computacional-aplicacion-a-la-inteligencia-de-negocio","status":"publish","type":"page","link":"https:\/\/cio.umh.es\/en\/metodo-para-generacion-y-ordenacion-de-reglas-de-clasificacion-diseno-y-estudio-computacional-aplicacion-a-la-inteligencia-de-negocio\/","title":{"rendered":"M\u00e9todo para generaci\u00f3n y ordenaci\u00f3n de reglas de clasificaci\u00f3n. dise\u00f1o y estudio computacional. Aplicaci\u00f3n a la inteligencia de negocio"},"content":{"rendered":"<div data-elementor-type=\"wp-post\" data-elementor-id=\"23847\" class=\"elementor elementor-23847\" data-elementor-settings=\"[]\">\n\t\t\t\t\t\t<div class=\"elementor-inner\">\n\t\t\t\t\t\t\t<div class=\"elementor-section-wrap\">\n\t\t\t\t\t\t\t<section class=\"elementor-section elementor-top-section elementor-element elementor-element-e55c943 elementor-section-boxed elementor-section-height-default elementor-section-height-default\" data-id=\"e55c943\" data-element_type=\"section\">\n\t\t\t\t\t\t<div class=\"elementor-container elementor-column-gap-default\">\n\t\t\t\t\t\t\t<div class=\"elementor-row\">\n\t\t\t\t\t<div class=\"elementor-column elementor-col-100 elementor-top-column elementor-element elementor-element-fd22ae8\" data-id=\"fd22ae8\" data-element_type=\"column\">\n\t\t\t<div class=\"elementor-column-wrap elementor-element-populated\">\n\t\t\t\t\t\t\t<div class=\"elementor-widget-wrap\">\n\t\t\t\t\t\t<div class=\"elementor-element elementor-element-90fd951 elementor-widget elementor-widget-text-editor\" data-id=\"90fd951\" data-element_type=\"widget\" data-widget_type=\"text-editor.default\">\n\t\t\t\t<div class=\"elementor-widget-container\">\n\t\t\t\t\t\t\t\t<div class=\"elementor-text-editor elementor-clearfix\">\n\t\t\t\t<table border=\"0\" cellpadding=\"0\" cellspacing=\"0\" width=\"400\" style=\"width: 300pt;\"><tbody><tr style=\"height: 15.0pt;\"><td height=\"20\" width=\"80\" style=\"height: 15.0pt; width: 60pt;\"><\/td><td width=\"80\" style=\"width: 60pt;\"><\/td><td width=\"80\" style=\"width: 60pt;\"><span>MIRA SOLVES, JOS\u00c9 JOAQU\u00cdN<\/span>\/ Juan<\/td><td width=\"80\" style=\"width: 60pt;\"><\/td><td width=\"80\" style=\"width: 60pt;\"><\/td><\/tr><\/tbody><\/table>\t\t\t\t\t<\/div>\n\t\t\t\t\t\t<\/div>\n\t\t\t\t<\/div>\n\t\t\t\t\t\t<\/div>\n\t\t\t\t\t<\/div>\n\t\t<\/div>\n\t\t\t\t\t\t\t\t<\/div>\n\t\t\t\t\t<\/div>\n\t\t<\/section>\n\t\t\t\t\t\t<\/div>\n\t\t\t\t\t\t<\/div>\n\t\t\t\t\t<\/div>","protected":false},"excerpt":{"rendered":"<p>El enfoque sist\u00e9mico y su aplicaci\u00f3n en la evaluaci\u00f3n delsector privado de la educaci\u00f3n superior.<\/p>\n<p>MIRA SOLVES, JOS\u00c9 JOAQU\u00cdN\/ Juan<\/p>","protected":false},"author":5675,"featured_media":0,"parent":0,"menu_order":0,"comment_status":"closed","ping_status":"closed","template":"page-templates\/template-pagebuilder-full-width.php","meta":{"_links_to":"","_links_to_target":""},"categories":[11],"tags":[384112],"_links":{"self":[{"href":"https:\/\/cio.umh.es\/en\/wp-json\/wp\/v2\/pages\/23847"}],"collection":[{"href":"https:\/\/cio.umh.es\/en\/wp-json\/wp\/v2\/pages"}],"about":[{"href":"https:\/\/cio.umh.es\/en\/wp-json\/wp\/v2\/types\/page"}],"author":[{"embeddable":true,"href":"https:\/\/cio.umh.es\/en\/wp-json\/wp\/v2\/users\/5675"}],"replies":[{"embeddable":true,"href":"https:\/\/cio.umh.es\/en\/wp-json\/wp\/v2\/comments?post=23847"}],"version-history":[{"count":0,"href":"https:\/\/cio.umh.es\/en\/wp-json\/wp\/v2\/pages\/23847\/revisions"}],"wp:attachment":[{"href":"https:\/\/cio.umh.es\/en\/wp-json\/wp\/v2\/media?parent=23847"}],"wp:term":[{"taxonomy":"category","embeddable":true,"href":"https:\/\/cio.umh.es\/en\/wp-json\/wp\/v2\/categories?post=23847"},{"taxonomy":"post_tag","embeddable":true,"href":"https:\/\/cio.umh.es\/en\/wp-json\/wp\/v2\/tags?post=23847"}],"curies":[{"name":"wp","href":"https:\/\/api.w.org\/{rel}","templated":true}]}}