{"id":23759,"date":"2013-02-25T11:14:00","date_gmt":"2013-02-25T11:14:00","guid":{"rendered":"http:\/\/cio.edu-desarrollo.umh.es\/?page_id=23759"},"modified":"2013-02-25T11:14:00","modified_gmt":"2013-02-25T11:14:00","slug":"epidemiologia-nutricional-y-calidad-seminal-analisis-de-la-composicion-de-la-dieta-y-su-asociacion-con-la-calidad-espermatica","status":"publish","type":"page","link":"https:\/\/cio.umh.es\/en\/epidemiologia-nutricional-y-calidad-seminal-analisis-de-la-composicion-de-la-dieta-y-su-asociacion-con-la-calidad-espermatica\/","title":{"rendered":"Epidemiolog\u00eda nutricional y calidad seminal. an\u00e1lisis de la composici\u00f3n de la dieta y su asociaci\u00f3n con la calidad esperm\u00e1tica"},"content":{"rendered":"<div data-elementor-type=\"wp-post\" data-elementor-id=\"23759\" class=\"elementor elementor-23759\" data-elementor-settings=\"[]\">\n\t\t\t\t\t\t<div class=\"elementor-inner\">\n\t\t\t\t\t\t\t<div class=\"elementor-section-wrap\">\n\t\t\t\t\t\t\t<section class=\"elementor-section elementor-top-section elementor-element elementor-element-e55c943 elementor-section-boxed elementor-section-height-default elementor-section-height-default\" data-id=\"e55c943\" data-element_type=\"section\">\n\t\t\t\t\t\t<div class=\"elementor-container elementor-column-gap-default\">\n\t\t\t\t\t\t\t<div class=\"elementor-row\">\n\t\t\t\t\t<div class=\"elementor-column elementor-col-100 elementor-top-column elementor-element elementor-element-fd22ae8\" data-id=\"fd22ae8\" data-element_type=\"column\">\n\t\t\t<div class=\"elementor-column-wrap elementor-element-populated\">\n\t\t\t\t\t\t\t<div class=\"elementor-widget-wrap\">\n\t\t\t\t\t\t<div class=\"elementor-element elementor-element-90fd951 elementor-widget elementor-widget-text-editor\" data-id=\"90fd951\" data-element_type=\"widget\" data-widget_type=\"text-editor.default\">\n\t\t\t\t<div class=\"elementor-widget-container\">\n\t\t\t\t\t\t\t\t<div class=\"elementor-text-editor elementor-clearfix\">\n\t\t\t\t<table border=\"0\" cellpadding=\"0\" cellspacing=\"0\" width=\"400\" style=\"width: 300pt\"><tbody><tr style=\"height: 15.0pt\"><td height=\"20\" width=\"80\" style=\"height: 15.0pt;width: 60pt\">Garc\u00eda Nov\u00e9, Eva Mar\u00eda<\/td><td width=\"80\" style=\"width: 60pt\">NUEVOS PROBLEMAS DE AGREGACI\u00d3N DE RANKINGS: MODELOS Y ALGORITMOS<\/td><td width=\"80\" style=\"width: 60pt\">ALCARAZ SORIA, JAVIER\/ LANDETE RUIZ, MERCEDES<\/td><td width=\"80\" style=\"width: 60pt\">Finalizada<\/td><td width=\"80\" style=\"width: 60pt\">\u00a0https:\/\/www.educacion.gob.es\/teseo\/mostrarRef.do?ref=1696770<\/td><\/tr><\/tbody><\/table>\t\t\t\t\t<\/div>\n\t\t\t\t\t\t<\/div>\n\t\t\t\t<\/div>\n\t\t\t\t\t\t<\/div>\n\t\t\t\t\t<\/div>\n\t\t<\/div>\n\t\t\t\t\t\t\t\t<\/div>\n\t\t\t\t\t<\/div>\n\t\t<\/section>\n\t\t\t\t\t\t<\/div>\n\t\t\t\t\t\t<\/div>\n\t\t\t\t\t<\/div>","protected":false},"excerpt":{"rendered":"<p>Garc\u00eda Nov\u00e9, Eva Mar\u00eda<br \/>\nNUEVOS PROBLEMAS DE AGREGACI\u00d3N DE RANKINGS: MODELOS Y ALGORITMOS<br \/>\nALCARAZ SORIA, JAVIER\/ LANDETE RUIZ, MERCEDES<br \/>\nFinalizada<br \/>\n&nbsp;https:\/\/www.educacion.gob.es\/teseo\/mostrarRef.do?ref=1696770<\/p>","protected":false},"author":5675,"featured_media":0,"parent":0,"menu_order":0,"comment_status":"closed","ping_status":"closed","template":"page-templates\/template-pagebuilder-full-width.php","meta":{"_links_to":"","_links_to_target":""},"categories":[11],"tags":[377562],"_links":{"self":[{"href":"https:\/\/cio.umh.es\/en\/wp-json\/wp\/v2\/pages\/23759"}],"collection":[{"href":"https:\/\/cio.umh.es\/en\/wp-json\/wp\/v2\/pages"}],"about":[{"href":"https:\/\/cio.umh.es\/en\/wp-json\/wp\/v2\/types\/page"}],"author":[{"embeddable":true,"href":"https:\/\/cio.umh.es\/en\/wp-json\/wp\/v2\/users\/5675"}],"replies":[{"embeddable":true,"href":"https:\/\/cio.umh.es\/en\/wp-json\/wp\/v2\/comments?post=23759"}],"version-history":[{"count":0,"href":"https:\/\/cio.umh.es\/en\/wp-json\/wp\/v2\/pages\/23759\/revisions"}],"wp:attachment":[{"href":"https:\/\/cio.umh.es\/en\/wp-json\/wp\/v2\/media?parent=23759"}],"wp:term":[{"taxonomy":"category","embeddable":true,"href":"https:\/\/cio.umh.es\/en\/wp-json\/wp\/v2\/categories?post=23759"},{"taxonomy":"post_tag","embeddable":true,"href":"https:\/\/cio.umh.es\/en\/wp-json\/wp\/v2\/tags?post=23759"}],"curies":[{"name":"wp","href":"https:\/\/api.w.org\/{rel}","templated":true}]}}