{"id":17051,"date":"2020-07-27T09:56:57","date_gmt":"2020-07-27T09:56:57","guid":{"rendered":"http:\/\/cio.edu-desarrollo.umh.es\/?page_id=17051"},"modified":"2021-07-27T19:12:21","modified_gmt":"2021-07-27T17:12:21","slug":"servicios-a-empresas","status":"publish","type":"page","link":"https:\/\/cio.umh.es\/en\/servicios-a-empresas\/","title":{"rendered":"Company Services"},"content":{"rendered":"<div data-elementor-type=\"wp-page\" data-elementor-id=\"17051\" class=\"elementor elementor-17051\" data-elementor-settings=\"[]\">\n\t\t\t\t\t\t<div class=\"elementor-inner\">\n\t\t\t\t\t\t\t<div class=\"elementor-section-wrap\">\n\t\t\t\t\t\t\t<section class=\"elementor-section elementor-top-section elementor-element elementor-element-37f5bab elementor-section-boxed elementor-section-height-default elementor-section-height-default\" data-id=\"37f5bab\" data-element_type=\"section\">\n\t\t\t\t\t\t<div class=\"elementor-container elementor-column-gap-default\">\n\t\t\t\t\t\t\t<div class=\"elementor-row\">\n\t\t\t\t\t<div class=\"elementor-column elementor-col-100 elementor-top-column elementor-element elementor-element-a3680e5\" data-id=\"a3680e5\" data-element_type=\"column\">\n\t\t\t<div class=\"elementor-column-wrap elementor-element-populated\">\n\t\t\t\t\t\t\t<div class=\"elementor-widget-wrap\">\n\t\t\t\t\t\t<div class=\"elementor-element elementor-element-daa4762 elementor-widget elementor-widget-spacer\" data-id=\"daa4762\" data-element_type=\"widget\" data-widget_type=\"spacer.default\">\n\t\t\t\t<div class=\"elementor-widget-container\">\n\t\t\t\t\t<div class=\"elementor-spacer\">\n\t\t\t<div class=\"elementor-spacer-inner\"><\/div>\n\t\t<\/div>\n\t\t\t\t<\/div>\n\t\t\t\t<\/div>\n\t\t\t\t<div class=\"elementor-element elementor-element-aaf6967 elementor-widget elementor-widget-heading\" data-id=\"aaf6967\" data-element_type=\"widget\" data-widget_type=\"heading.default\">\n\t\t\t\t<div class=\"elementor-widget-container\">\n\t\t\t<h2 class=\"elementor-heading-title elementor-size-default\">Company Services<\/h2>\t\t<\/div>\n\t\t\t\t<\/div>\n\t\t\t\t\t\t<\/div>\n\t\t\t\t\t<\/div>\n\t\t<\/div>\n\t\t\t\t\t\t\t\t<\/div>\n\t\t\t\t\t<\/div>\n\t\t<\/section>\n\t\t\t\t<section class=\"elementor-section elementor-top-section elementor-element elementor-element-65ea50f elementor-section-boxed elementor-section-height-default elementor-section-height-default\" data-id=\"65ea50f\" data-element_type=\"section\">\n\t\t\t\t\t\t<div class=\"elementor-container elementor-column-gap-default\">\n\t\t\t\t\t\t\t<div class=\"elementor-row\">\n\t\t\t\t\t<div class=\"elementor-column elementor-col-100 elementor-top-column elementor-element elementor-element-0a01538\" data-id=\"0a01538\" data-element_type=\"column\">\n\t\t\t<div class=\"elementor-column-wrap elementor-element-populated\">\n\t\t\t\t\t\t\t<div class=\"elementor-widget-wrap\">\n\t\t\t\t\t\t<div class=\"elementor-element elementor-element-2f06aa8 elementor-widget elementor-widget-text-editor\" data-id=\"2f06aa8\" data-element_type=\"widget\" data-widget_type=\"text-editor.default\">\n\t\t\t\t<div class=\"elementor-widget-container\">\n\t\t\t\t\t\t\t\t<div class=\"elementor-text-editor elementor-clearfix\">\n\t\t\t\t<p>Our interdisciplinary team of researchers are experts in different topics related to Data Science, Statistics, Big Data and AI, they have extensive experience participating and leading national and European projects, also with the transfer of knowledge to companies for their implementation in society. Our center also works closely with companies, developing applications that adapt to their needs in the management, storage and analysis of Big Data sets. We are open to collaboration with companies: from the development of projects that respond to their needs. Below is a non-detailed list of some of the services we offer.<\/p>\t\t\t\t\t<\/div>\n\t\t\t\t\t\t<\/div>\n\t\t\t\t<\/div>\n\t\t\t\t<div class=\"elementor-element elementor-element-7763498 elementor-widget-divider--view-line elementor-widget elementor-widget-divider\" data-id=\"7763498\" data-element_type=\"widget\" data-widget_type=\"divider.default\">\n\t\t\t\t<div class=\"elementor-widget-container\">\n\t\t\t\t\t<div class=\"elementor-divider\">\n\t\t\t<span class=\"elementor-divider-separator\">\n\t\t\t\t\t\t<\/span>\n\t\t<\/div>\n\t\t\t\t<\/div>\n\t\t\t\t<\/div>\n\t\t\t\t\t\t<\/div>\n\t\t\t\t\t<\/div>\n\t\t<\/div>\n\t\t\t\t\t\t\t\t<\/div>\n\t\t\t\t\t<\/div>\n\t\t<\/section>\n\t\t\t\t<section class=\"elementor-section elementor-top-section elementor-element elementor-element-ff8096f elementor-section-boxed elementor-section-height-default elementor-section-height-default\" data-id=\"ff8096f\" data-element_type=\"section\">\n\t\t\t\t\t\t<div class=\"elementor-container elementor-column-gap-default\">\n\t\t\t\t\t\t\t<div class=\"elementor-row\">\n\t\t\t\t\t<div class=\"elementor-column elementor-col-100 elementor-top-column elementor-element elementor-element-cc32729\" data-id=\"cc32729\" data-element_type=\"column\">\n\t\t\t<div class=\"elementor-column-wrap elementor-element-populated\">\n\t\t\t\t\t\t\t<div class=\"elementor-widget-wrap\">\n\t\t\t\t\t\t<div class=\"elementor-element elementor-element-7a4fe89 elementor-widget elementor-widget-text-editor\" data-id=\"7a4fe89\" data-element_type=\"widget\" data-widget_type=\"text-editor.default\">\n\t\t\t\t<div class=\"elementor-widget-container\">\n\t\t\t\t\t\t\t\t<div class=\"elementor-text-editor elementor-clearfix\">\n\t\t\t\t<ul><li>Analysis of customer preferences to offer personalized products automatically<\/li><li>Automation of mechanical processes and cost reduction<\/li><li>Target audience segmentation and behavior pattern detection<\/li><li>Optimization of advertising rates according to customer demand<\/li><li>Triangulation of data to obtain more relevant customer and product demands<\/li><li>Time reduction in business and healthcare simulations<\/li><li>Descriptive study of job candidates and worker retention<\/li><li>Alert systems to predict peaks or falls in demand<\/li><li>Identification of business opportunities<\/li><li>Quantification and optimization of personal performance<\/li><li>Platforms for new treatments and better understanding of diseases, their triggers and patterns of spread<\/li><li>Optimization of traffic flows, machines and devices based on data that arrives in real time from traffic, social networks and weather<\/li><li>Algorithms for decision making in different economic sectors<\/li><\/ul>\t\t\t\t\t<\/div>\n\t\t\t\t\t\t<\/div>\n\t\t\t\t<\/div>\n\t\t\t\t\t\t<\/div>\n\t\t\t\t\t<\/div>\n\t\t<\/div>\n\t\t\t\t\t\t\t\t<\/div>\n\t\t\t\t\t<\/div>\n\t\t<\/section>\n\t\t\t\t<section class=\"elementor-section elementor-top-section elementor-element elementor-element-c92f341 elementor-section-boxed elementor-section-height-default elementor-section-height-default\" data-id=\"c92f341\" data-element_type=\"section\">\n\t\t\t\t\t\t<div class=\"elementor-container elementor-column-gap-default\">\n\t\t\t\t\t\t\t<div class=\"elementor-row\">\n\t\t\t\t\t<div class=\"elementor-column elementor-col-100 elementor-top-column elementor-element elementor-element-30156f8\" data-id=\"30156f8\" data-element_type=\"column\">\n\t\t\t<div class=\"elementor-column-wrap elementor-element-populated\">\n\t\t\t\t\t\t\t<div class=\"elementor-widget-wrap\">\n\t\t\t\t\t\t<div class=\"elementor-element elementor-element-f394de1 elementor-widget elementor-widget-shortcode\" data-id=\"f394de1\" data-element_type=\"widget\" data-widget_type=\"shortcode.default\">\n\t\t\t\t<div class=\"elementor-widget-container\">\n\t\t\t\t\t<div class=\"elementor-shortcode\"> <div class=\"trp-language-switcher trp-language-switcher-container\" data-no-translation>\n    <div class=\"trp-ls-shortcode-current-language\">\n        <a href=\"#\" class=\"trp-ls-shortcode-disabled-language trp-ls-disabled-language\" title=\"English (UK)\" onclick=\"event.preventDefault()\">\n\t\t\t<img loading=\"lazy\" class=\"trp-flag-image\" src=\"https:\/\/cio.umh.es\/wp-content\/plugins\/translatepress-multilingual\/assets\/images\/flags\/en_GB.png\" width=\"18\" height=\"12\" alt=\"en_GB\" title=\"English (UK)\"> English (UK)\t\t<\/a>\n    <\/div>\n    <div class=\"trp-ls-shortcode-language\">\n                <a href=\"#\" class=\"trp-ls-shortcode-disabled-language trp-ls-disabled-language\"  title=\"English (UK)\" onclick=\"event.preventDefault()\">\n\t\t\t<img loading=\"lazy\" class=\"trp-flag-image\" src=\"https:\/\/cio.umh.es\/wp-content\/plugins\/translatepress-multilingual\/assets\/images\/flags\/en_GB.png\" width=\"18\" height=\"12\" alt=\"en_GB\" title=\"English (UK)\"> English (UK)\t\t<\/a>\n                    <a href=\"https:\/\/cio.umh.es\/wp-json\/wp\/v2\/pages\/17051\/\" title=\"Espa\u00f1ol\">\n            <img loading=\"lazy\" class=\"trp-flag-image\" src=\"https:\/\/cio.umh.es\/wp-content\/plugins\/translatepress-multilingual\/assets\/images\/flags\/es_ES.png\" width=\"18\" height=\"12\" alt=\"es_ES\" title=\"Espa\u00f1ol\"> Espa\u00f1ol        <\/a>\n\n        <\/div>\n    <script type=\"application\/javascript\">\n        \/\/ need to have the same with set from JS on both divs. Otherwise it can push stuff around in HTML\n        var trp_ls_shortcodes = document.querySelectorAll('.trp-language-switcher');\n        if ( trp_ls_shortcodes.length > 0) {\n            \/\/ get the last language switcher added\n            var trp_el = trp_ls_shortcodes[trp_ls_shortcodes.length - 1];\n            var trp_shortcode_language_item = trp_el.querySelector('.trp-ls-shortcode-language')\n\n            \/\/ set width\n            var trp_ls_shortcode_width = trp_shortcode_language_item.offsetWidth + 5;\n            trp_shortcode_language_item.style.width = trp_ls_shortcode_width + 'px';\n            trp_el.querySelector('.trp-ls-shortcode-current-language').style.width = trp_ls_shortcode_width + 'px';\n\n            \/\/ We're putting this on display: none after we have its width.\n            trp_shortcode_language_item.style.display = 'none';\n        }\n    <\/script>\n<\/div> <\/div>\n\t\t\t\t<\/div>\n\t\t\t\t<\/div>\n\t\t\t\t\t\t<\/div>\n\t\t\t\t\t<\/div>\n\t\t<\/div>\n\t\t\t\t\t\t\t\t<\/div>\n\t\t\t\t\t<\/div>\n\t\t<\/section>\n\t\t\t\t\t\t<\/div>\n\t\t\t\t\t\t<\/div>\n\t\t\t\t\t<\/div>","protected":false},"excerpt":{"rendered":"<p>Company Services<br \/>\nNuestro equipo interdisciplinario de investigadores son expertos en diferentes temas relacionados con Data Science, Estad\u00edstica, Big Data e IA, cuentan con una amplia experiencia participando y liderando proyectos nacionales y europeos, tambi\u00e9n con la transferencia de conocimiento a empresas para su implementaci\u00f3n en la sociedad. Nuestro centro tambi\u00e9n trabaja en estrecha colaboraci\u00f3n con [&#8230;]<\/p>","protected":false},"author":6205,"featured_media":0,"parent":0,"menu_order":0,"comment_status":"closed","ping_status":"closed","template":"page-templates\/template-pagebuilder-full-width.php","meta":{"_links_to":"","_links_to_target":""},"categories":[],"tags":[],"_links":{"self":[{"href":"https:\/\/cio.umh.es\/en\/wp-json\/wp\/v2\/pages\/17051"}],"collection":[{"href":"https:\/\/cio.umh.es\/en\/wp-json\/wp\/v2\/pages"}],"about":[{"href":"https:\/\/cio.umh.es\/en\/wp-json\/wp\/v2\/types\/page"}],"author":[{"embeddable":true,"href":"https:\/\/cio.umh.es\/en\/wp-json\/wp\/v2\/users\/6205"}],"replies":[{"embeddable":true,"href":"https:\/\/cio.umh.es\/en\/wp-json\/wp\/v2\/comments?post=17051"}],"version-history":[{"count":0,"href":"https:\/\/cio.umh.es\/en\/wp-json\/wp\/v2\/pages\/17051\/revisions"}],"wp:attachment":[{"href":"https:\/\/cio.umh.es\/en\/wp-json\/wp\/v2\/media?parent=17051"}],"wp:term":[{"taxonomy":"category","embeddable":true,"href":"https:\/\/cio.umh.es\/en\/wp-json\/wp\/v2\/categories?post=17051"},{"taxonomy":"post_tag","embeddable":true,"href":"https:\/\/cio.umh.es\/en\/wp-json\/wp\/v2\/tags?post=17051"}],"curies":[{"name":"wp","href":"https:\/\/api.w.org\/{rel}","templated":true}]}}