{"id":16595,"date":"2020-05-07T10:30:05","date_gmt":"2020-05-07T10:30:05","guid":{"rendered":"http:\/\/cio.edu.umh.es\/?page_id=16595"},"modified":"2020-05-07T10:30:05","modified_gmt":"2020-05-07T10:30:05","slug":"florence-nightingale","status":"publish","type":"page","link":"https:\/\/cio.umh.es\/en\/florence-nightingale\/","title":{"rendered":"Florence Nightingale"},"content":{"rendered":"<p>[:es][et_pb_section admin_label=\u00bbsection\u00bb][et_pb_row admin_label=\u00bbrow\u00bb][et_pb_column type=\u00bb4_4&#8243;][et_pb_image admin_label=\u00bbImagen\u00bb src=\u00bbhttps:\/\/cio.umh.es\/files\/2020\/05\/T\u00edtulo-Nightingale.png\u00bb show_in_lightbox=\u00bboff\u00bb url_new_window=\u00bboff\u00bb use_overlay=\u00bboff\u00bb animation=\u00bbleft\u00bb sticky=\u00bboff\u00bb align=\u00bbleft\u00bb force_fullwidth=\u00bbon\u00bb always_center_on_mobile=\u00bbon\u00bb use_border_color=\u00bboff\u00bb border_color=\u00bb#ffffff\u00bb border_style=\u00bbsolid\u00bb] [\/et_pb_image][et_pb_text admin_label=\u00bbTexto\u00bb background_layout=\u00bblight\u00bb text_orientation=\u00bbleft\u00bb use_border_color=\u00bboff\u00bb border_color=\u00bb#ffffff\u00bb border_style=\u00bbsolid\u00bb]<\/p>\n<p style=\"text-align: justify\">Instituto de Investigaci\u00f3n CIO de la Universidad Miguel Hern\u00e1ndez de Elche conmemora el <strong>200 aniversario de Florence Nightingale en el D\u00eda Internacional de la Mujer Matem\u00e1tica<\/strong>. A trav\u00e9s de sus principales redes sociales, el CIO recuerda las principales aportaciones de la enfermera y estad\u00edstica nacida el 12 de mayo del 1820. Para ello, el CIO en su cuenta de <a href=\"https:\/\/twitter.com\/ICIOUMH\">Twitter<\/a> realizar\u00e1 un hilo con su biograf\u00eda y, adem\u00e1s, ha elaborado una <a href=\"http:\/\/cio.edu.umh.es\/florence-nightingale\/\">web<\/a> acerca de este personaje tan querido por todos los matem\u00e1ticos y matem\u00e1ticas.<\/p>\n<p style=\"text-align: justify\">El 12 de mayo es una oportunidad para que toda la sociedad, y en particular la comunidad matem\u00e1tica, celebre el papel de las mujeres en las matem\u00e1ticas. La celebraci\u00f3n tiene lugar todos los a\u00f1os en todo el mundo, con el objetivo de inspirar a las mujeres de todas partes a celebrar sus logros en matem\u00e1ticas y alentar un ambiente de trabajo abierto, acogedor e inclusivo para todos y todas. El grupo de coordinaci\u00f3n de la iniciativa del 12 de mayo incluye representantes de las Mujeres Europeas en Matem\u00e1ticas y otras asociaciones destacadas a nivel nacional e internacional.<\/p>\n<p>[\/et_pb_text][\/et_pb_column][\/et_pb_row][\/et_pb_section][et_pb_section admin_label=\u00bbSecci\u00f3n\u00bb fullwidth=\u00bboff\u00bb specialty=\u00bboff\u00bb][et_pb_row admin_label=\u00bbFila\u00bb][et_pb_column type=\u00bb1_2&#8243;][et_pb_text admin_label=\u00bbTexto\u00bb background_layout=\u00bblight\u00bb text_orientation=\u00bbleft\u00bb use_border_color=\u00bboff\u00bb border_color=\u00bb#ffffff\u00bb border_style=\u00bbsolid\u00bb]<\/p>\n<p style=\"text-align: justify\"><span style=\"font-weight: 400\">Florence Nightingale naci\u00f3 el <strong>12 de mayo de 1820<\/strong> en Florencia, en el seno de una familia acomodada. Muri\u00f3 el 13 de agosto de 1910, a los 90 a\u00f1os, en Londres. Nightingale fue enfermera, pero<strong> sus aportes a la estad\u00edstica fueron realmente notables<\/strong>. Cada 12 de mayo, y coincidiendo con el aniversario de la fecha de su nacimiento, se celebra el D\u00eda Internacional de la Enfermer\u00eda. El a\u00f1o 2010, en el centenerio de su muerte, fue declarado A\u00f1o Internacional de la Enfermer\u00eda y se reivindic\u00f3 la relevancia de Florence Nightingale en la historia.\u00a0<\/span><\/p>\n<p style=\"text-align: justify\"><span style=\"font-weight: 400\">Florence Nightingale decidi\u00f3 que deb\u00eda dedicarse a la enfermer\u00eda en 1837, cuando se lo anunci\u00f3 a su familia despu\u00e9s de lo que ella consideraba una \u201cllamada divina\u201d. Su familia se opuso totalmente, ya que en aquella \u00e9poca la profesi\u00f3n de enfermera (o cuidadora) estaba asociada a gente de la clase trabajadora. A pesar de ello, Nightingale se form\u00f3 como enfermera en Alemania en 1850.\u00a0<\/span><\/p>\n<p style=\"text-align: justify\"><span style=\"font-weight: 400\">Durante a\u00f1os, de manera autodidacta viaj\u00f3 y se convirti\u00f3 en una experta gracias a sus visitas a los centros sanitarios que de los lugares que visitaba. Gracias a esto, en 1853 asumi\u00f3 el cargo de superintendente en el Instituto para el Cuidado de Se\u00f1oras Enfermas, puesto que ocup\u00f3 hasta 1954.<\/span><\/p>\n<p>[\/et_pb_text][et_pb_text admin_label=\u00bbTexto\u00bb background_layout=\u00bblight\u00bb text_orientation=\u00bbleft\u00bb text_font_size=\u00bb18&#8243; use_border_color=\u00bboff\u00bb border_color=\u00bb#ffffff\u00bb border_style=\u00bbsolid\u00bb]<br \/>\n<strong>Enfermera en el frente<\/strong><br \/>\n[\/et_pb_text][et_pb_text admin_label=\u00bbTexto\u00bb background_layout=\u00bblight\u00bb text_orientation=\u00bbleft\u00bb use_border_color=\u00bboff\u00bb border_color=\u00bb#ffffff\u00bb border_style=\u00bbsolid\u00bb]<\/p>\n<p style=\"text-align: justify\"><span style=\"font-weight: 400\">Todo cambi\u00f3 cuando Sidney Herbert (conocido de la familia Nightingale y Secretario de Guerra de Gran Breta\u00f1a) solicit\u00f3<\/span><b> la ayuda de Florence en 1854 en el frente de la Guerra de Crimea <\/b><span style=\"font-weight: 400\">(1853-1856), ya que las enfermedades estaban diezmando al ej\u00e9rcito brit\u00e1nico. Florence y otras 38 enfermeras voluntarias partieron al hospital militar de Scutari (Turqu\u00eda). Fue la primera vez que se permiti\u00f3 a mujeres servir oficialmente en el ej\u00e9rcito.<\/span><span style=\"font-weight: 400\">\u00a0<\/span><\/p>\n<p style=\"text-align: justify\"><span style=\"font-weight: 400\">Durante el conflicto, el diario <em>The Times<\/em> decribi\u00f3 a Florence as\u00ed: \u201cSin exageraci\u00f3n alguna es un \u00ab\u00e1ngel guardi\u00e1n\u00bb en estos hospitales, y mientras su gr\u00e1cil figura se desliza silenciosamente por los corredores, la cara del desdichado se suaviza con gratitud a la vista de ella. Cuando todos los oficiales m\u00e9dicos se han retirado ya y el silencio y la oscuridad descienden sobre tantos postrados dolientes, puede observ\u00e1rsela sola, con una peque\u00f1a l\u00e1mpara en su mano, efectuando sus solitarias rondas\u201d. La imagen de ella con la l\u00e1mpara apareci\u00f3 as\u00ed en muchos diarios, lo que hizo que se ganara el apoyo de mucha gente. Su trabajo para mejorar las condiciones del hospital de Scutari fue aplaudido por la prensa y por el p\u00fablico.\u00a0<\/span><\/p>\n<p>[\/et_pb_text][\/et_pb_column][et_pb_column type=\u00bb1_2&#8243;][et_pb_image admin_label=\u00bbImagen\u00bb src=\u00bbhttps:\/\/cio.umh.es\/files\/2020\/05\/Poster-Nightingale.jpeg\u00bb show_in_lightbox=\u00bboff\u00bb url_new_window=\u00bboff\u00bb use_overlay=\u00bboff\u00bb animation=\u00bbleft\u00bb sticky=\u00bboff\u00bb align=\u00bbleft\u00bb force_fullwidth=\u00bboff\u00bb always_center_on_mobile=\u00bbon\u00bb use_border_color=\u00bboff\u00bb border_color=\u00bb#ffffff\u00bb border_style=\u00bbsolid\u00bb] [\/et_pb_image][\/et_pb_column][\/et_pb_row][et_pb_row admin_label=\u00bbFila\u00bb][et_pb_column type=\u00bb4_4&#8243;][et_pb_text admin_label=\u00bbTexto\u00bb background_layout=\u00bblight\u00bb text_orientation=\u00bbleft\u00bb use_border_color=\u00bboff\u00bb border_color=\u00bb#ffffff\u00bb border_style=\u00bbsolid\u00bb]<\/p>\n<p style=\"text-align: justify\">Una vez terminada la guerra en 1856, Florence (que hab\u00eda contra\u00eddo fiebre tifoidea en Crimea) solicit\u00f3 una audiencia con la reina Victoria para convencerla de la necesidad de aplicar medidas de higiene en los centros sanitarios. Unos meses m\u00e1s tarde, se abri\u00f3 una investigaci\u00f3n sobre lo acontecido en la guerra, investigaci\u00f3n en la que los apuntes tomados por Nightingale fueron clave para fomentar las medidas preventivas que se aplicaron posteriormente.<\/p>\n<p>[\/et_pb_text][et_pb_text admin_label=\u00bbTexto\u00bb background_layout=\u00bblight\u00bb text_orientation=\u00bbleft\u00bb text_font_size=\u00bb18&#8243; use_border_color=\u00bboff\u00bb border_color=\u00bb#ffffff\u00bb border_style=\u00bbsolid\u00bb]<br \/>\n<b>Florence Nightingale, mujer matem\u00e1tica y estad\u00edstica<\/b><br \/>\n[\/et_pb_text][et_pb_text admin_label=\u00bbTexto\u00bb background_layout=\u00bblight\u00bb text_orientation=\u00bbleft\u00bb use_border_color=\u00bboff\u00bb border_color=\u00bb#ffffff\u00bb border_style=\u00bbsolid\u00bb]<\/p>\n<p style=\"text-align: justify\"><span style=\"font-weight: 400\">Florence Nigthtingale ha pasado tambi\u00e9n a la historia por sus aportaciones en matem\u00e1ticas y estad\u00edstica. En 1849 pidi\u00f3 poder estudiar matem\u00e1ticas, algo a lo que su madre se neg\u00f3, ya que pensaba que el destino de su hija era el matrimonio. Su padre, que ten\u00eda gusto por las matem\u00e1ticas y as\u00ed se lo transmiti\u00f3 a su hija, tambi\u00e9n se neg\u00f3 dici\u00e9ndole que estudiara algo m\u00e1s apropiado para una mujer. Al final, accedieron y Florence pudo estudiar matem\u00e1ticas. Nightingale aprendi\u00f3 aritm\u00e9tica, geometr\u00eda y \u00e1lgebra. Antes de dedicarse plenamente a la enfermer\u00eda, tutel\u00f3 a ni\u00f1os y ni\u00f1as en estas \u00e1reas.<\/span><\/p>\n<p style=\"text-align: justify\"><span style=\"font-weight: 400\">Cuando Florence trabaj\u00f3 como enfermera en el hospital de campa\u00f1a en Scutari en la guerra de Crimea, se dio cuenta de que si la tasa de mortalidad era de 1.174 por cada 10.000 soldados, 1.023 de ellos mor\u00edan debido a enfermedades infecciosas. Cuando regres\u00f3 a Londres, se dedic\u00f3 a <strong>ordenar sus pruebas sobre la mala gesti\u00f3n de los hospitales y a reunir estad\u00edsticas de mortalidad<\/strong>. Su objetivo era demostrar que los soldados fallec\u00edan a causa de las malas condiciones sanitarias del hospital y eran muertas que pod\u00edan ser evitadas.<\/span><\/p>\n<p>[\/et_pb_text][et_pb_text admin_label=\u00bbTexto\u00bb background_layout=\u00bblight\u00bb text_orientation=\u00bbleft\u00bb text_font_size=\u00bb18&#8243; use_border_color=\u00bboff\u00bb border_color=\u00bb#ffffff\u00bb border_style=\u00bbsolid\u00bb]<br \/>\n<b>El Diagrama de la Rosa<\/b><br \/>\n[\/et_pb_text][et_pb_text admin_label=\u00bbTexto\u00bb background_layout=\u00bblight\u00bb text_orientation=\u00bbleft\u00bb use_border_color=\u00bboff\u00bb border_color=\u00bb#ffffff\u00bb border_style=\u00bbsolid\u00bb]<\/p>\n<p style=\"text-align: justify\"><span style=\"font-weight: 400\">Para convencer al gobierno de que hab\u00eda que aplicar reformas, pens\u00f3 que lo mejor era mostrar los datos gr\u00e1ficamente, y no en tablas como era habitual. De este modo, cre\u00f3 el <strong>Diagrama de la Rosa<\/strong>, el cual posteriormente se conoce matem\u00e1ticamente como el <\/span><b>Diagrama del \u00e1rea polar<\/b><span style=\"font-weight: 400\">.\u00a0<\/span><\/p>\n<p style=\"text-align: justify\"><span style=\"font-weight: 400\">La explicaci\u00f3n que a\u00f1adi\u00f3 Nightingale a dicho gr\u00e1fico dice lo siguiente: \u201cCada una de las \u00e1reas azules, rojas y las secciones negras, est\u00e1n medidas utilizando el centro como v\u00e9rtice com\u00fan. Las secciones azules medidas desde el centro del c\u00edrculo representan, \u00e1rea por \u00e1rea, las muertes por enfermedades cim\u00f3ticas, desde prevenibles hasta mitigables. Las secciones rojas medidas desde el centro representan las muertes por heridas. Las secciones negras medidas desde el centro representan las muertes por otras causas. La l\u00ednea negra que cruza el tri\u00e1ngulo rojo en noviembre de 1854, marca el l\u00edmite de las muertes debidas a todas las otras causas durante ese mes. En octubre de 1854 y abril de 1855, el \u00e1rea negra coincidi\u00f3 con el rojo. En enero y febrero de 1855, el azul coincidi\u00f3 con el negro. Las \u00e1reas completas pueden compararse siguiendo las l\u00edneas lim\u00edtrofes del azul, el rojo y el negro.\u201d<\/span><\/p>\n<p style=\"text-align: justify\"><span style=\"font-weight: 400\">En dicho gr\u00e1fico, se mostr\u00f3 que la proporci\u00f3n de muertes por enfermedad (sectores azules) decrec\u00edan cuando Nightingale adopt\u00f3 una serie de medidas de higiene en el hospital. Concretamente, hab\u00edan bajado un 99% en un a\u00f1o tras la labor de la comisi\u00f3n sanitaria de 1855. As\u00ed, ella demostr\u00f3 que, si se realizaban los cambios pertinentes, las muertes masivas en los hospitales se pod\u00edan minimizar. <\/span><b>El poder de este Diagrama convenci\u00f3 al gobierno<\/b><span style=\"font-weight: 400\">, que se puso manos a la obra con las reformas.<\/span><\/p>\n<p>[\/et_pb_text][et_pb_image admin_label=\u00bbImagen\u00bb src=\u00bbhttps:\/\/cio.umh.es\/files\/2020\/05\/Coxcombs.jpg\u00bb show_in_lightbox=\u00bboff\u00bb url_new_window=\u00bboff\u00bb use_overlay=\u00bboff\u00bb animation=\u00bbleft\u00bb sticky=\u00bboff\u00bb align=\u00bbleft\u00bb force_fullwidth=\u00bboff\u00bb always_center_on_mobile=\u00bbon\u00bb use_border_color=\u00bboff\u00bb border_color=\u00bb#ffffff\u00bb border_style=\u00bbsolid\u00bb] [\/et_pb_image][et_pb_text admin_label=\u00bbTexto\u00bb background_layout=\u00bblight\u00bb text_orientation=\u00bbleft\u00bb use_border_color=\u00bboff\u00bb border_color=\u00bb#ffffff\u00bb border_style=\u00bbsolid\u00bb]<br \/>\n<strong><span style=\"font-weight: 400\">Desde la perspectiva de la estad\u00edstica, <\/span>el Diagrama de la Rosa fue algo muy novedoso<span style=\"font-weight: 400\">, ya que en \u00e9l se <\/span>representaban tres variables<span style=\"font-weight: 400\">: el tiempo (cada sector es un mes), el n\u00famero de muertes (el \u00e1rea del sector) y la causa de la muerte (color). Hasta aquel momento, los gr\u00e1ficos m\u00e1s comunes eran de barras o sectores y solo con una o dos variables. <\/span><\/strong><br \/>\n[\/et_pb_text][et_pb_text admin_label=\u00bbTexto\u00bb background_layout=\u00bblight\u00bb text_orientation=\u00bbleft\u00bb text_font_size=\u00bb18&#8243; use_border_color=\u00bboff\u00bb border_color=\u00bb#ffffff\u00bb border_style=\u00bbsolid\u00bb]<br \/>\n<strong>\u00daltimos a\u00f1os<\/strong><br \/>\n[\/et_pb_text][et_pb_text admin_label=\u00bbTexto\u00bb background_layout=\u00bblight\u00bb text_orientation=\u00bbleft\u00bb use_border_color=\u00bboff\u00bb border_color=\u00bb#ffffff\u00bb border_style=\u00bbsolid\u00bb]<\/p>\n<p style=\"text-align: justify\"><span style=\"font-weight: 400\">En sus \u00faltimos a\u00f1os de vida, Florence Nightingale realiz\u00f3 un <\/span><b>exhaustivo informe estad\u00edstico acerca de las condiciones sanitarias en la India<\/b><span style=\"font-weight: 400\">, promoviendo que se introdujeran mejoras en la atenci\u00f3n sanitaria y el servicio de salud p\u00fablica del pa\u00eds. As\u00ed, entre 1858 y 1859 presion\u00f3 con \u00e9xito al gobierno brit\u00e1nico para el establecimiento de una Comisi\u00f3n Real para tratar la situaci\u00f3n de la India. Dos a\u00f1os despu\u00e9s redact\u00f3 un informe para la comisi\u00f3n, y complet\u00f3 su propio estudio en 1863. Despu\u00e9s de diez a\u00f1os de reformas sanitarias, en 1873, Florence inform\u00f3 que<\/span><b> la mortalidad entre los soldados en la India disminuy\u00f3 de 69 a 19 por cada mil<\/b><span style=\"font-weight: 400\">.<\/span><\/p>\n<p style=\"text-align: justify\"><span style=\"font-weight: 400\">Su reconocimiento como estad\u00edstica lleg\u00f3 cuando le nombraron<\/span><b> miembro de la Royal Statistician Society<\/b><span style=\"font-weight: 400\"> en 1858, siendo as\u00ed la primera mujer en conseguir dicho cargo. En 1874 se convirti\u00f3 en <\/span><b>miembro honor\u00edfico de la American Statistical Association.<\/b><span style=\"font-weight: 400\"> En 1883, recibi\u00f3 la Real Cruz Roja por parte de la reina. En 1907, el rey Eduardo VII le concedi\u00f3 la Orden del M\u00e9rito, siendo la primera mujer a la que fue dispensado dicho honor. En 1908, se le entregaron las llaves de la ciudad de Londres. Dos a\u00f1os m\u00e1s tarde, Florence Nightingale muri\u00f3 en dicha ciudad.<\/span><\/p>\n<p>[\/et_pb_text][\/et_pb_column][\/et_pb_row][et_pb_row admin_label=\u00bbFila\u00bb][et_pb_column type=\u00bb4_4&#8243;][et_pb_text admin_label=\u00bbTexto\u00bb background_layout=\u00bblight\u00bb text_orientation=\u00bbleft\u00bb text_font_size=\u00bb18&#8243; use_border_color=\u00bboff\u00bb border_color=\u00bb#ffffff\u00bb border_style=\u00bbsolid\u00bb]<br \/>\n<b>Fuentes:<\/b><br \/>\n[\/et_pb_text][et_pb_text admin_label=\u00bbTexto\u00bb background_layout=\u00bblight\u00bb text_orientation=\u00bbleft\u00bb use_border_color=\u00bboff\u00bb border_color=\u00bb#ffffff\u00bb border_style=\u00bbsolid\u00bb]<\/p>\n<ul>\n<li><a href=\"https:\/\/mujeresconciencia.com\/2017\/08\/22\/florence-nightingale-mucho-mas-la-dama-la-lampara\/\" target=\"_blank\" rel=\"noopener noreferrer\"><span style=\"font-weight: 400\">https:\/\/mujeresconciencia.com\/2017\/08\/22\/florence-nightingale-mucho-mas-la-dama-la-lampara\/<\/span><\/a><\/li>\n<\/ul>\n<ul>\n<li style=\"font-weight: 400\"><a href=\"https:\/\/www.bbc.com\/mundo\/noticias\/2015\/05\/150427_florence_nightingale_matematicas_finde_dv\" target=\"_blank\" rel=\"noopener noreferrer\"><span style=\"font-weight: 400\">https:\/\/www.bbc.com\/mundo\/noticias\/2015\/05\/150427_florence_nightingale_matematicas_finde_dv<\/span><\/a><\/li>\n<\/ul>\n<p>[\/et_pb_text][\/et_pb_column][\/et_pb_row][\/et_pb_section][:]<\/p>","protected":false},"excerpt":{"rendered":"<p>[:es][et_pb_section admin_label=\u00bbsection\u00bb][et_pb_row admin_label=\u00bbrow\u00bb][et_pb_column type=\u00bb4_4&#8243;][et_pb_image admin_label=\u00bbImagen\u00bb src=\u00bbhttps:\/\/cio.umh.es\/files\/2020\/05\/T\u00edtulo-Nightingale.png\u00bb show_in_lightbox=\u00bboff\u00bb url_new_window=\u00bboff\u00bb use_overlay=\u00bboff\u00bb animation=\u00bbleft\u00bb sticky=\u00bboff\u00bb align=\u00bbleft\u00bb force_fullwidth=\u00bbon\u00bb always_center_on_mobile=\u00bbon\u00bb use_border_color=\u00bboff\u00bb border_color=\u00bb#ffffff\u00bb border_style=\u00bbsolid\u00bb] [\/et_pb_image][et_pb_text admin_label=\u00bbTexto\u00bb background_layout=\u00bblight\u00bb text_orientation=\u00bbleft\u00bb use_border_color=\u00bboff\u00bb border_color=\u00bb#ffffff\u00bb border_style=\u00bbsolid\u00bb]<br \/>\nInstituto de Investigaci\u00f3n CIO de la Universidad Miguel Hern\u00e1ndez de Elche conmemora el 200 aniversario de Florence Nightingale en el D\u00eda Internacional de la Mujer Matem\u00e1tica. A trav\u00e9s de sus principales redes [&#8230;]<\/p>","protected":false},"author":6205,"featured_media":0,"parent":0,"menu_order":0,"comment_status":"open","ping_status":"open","template":"","meta":{"_links_to":"","_links_to_target":""},"categories":[],"tags":[],"_links":{"self":[{"href":"https:\/\/cio.umh.es\/en\/wp-json\/wp\/v2\/pages\/16595"}],"collection":[{"href":"https:\/\/cio.umh.es\/en\/wp-json\/wp\/v2\/pages"}],"about":[{"href":"https:\/\/cio.umh.es\/en\/wp-json\/wp\/v2\/types\/page"}],"author":[{"embeddable":true,"href":"https:\/\/cio.umh.es\/en\/wp-json\/wp\/v2\/users\/6205"}],"replies":[{"embeddable":true,"href":"https:\/\/cio.umh.es\/en\/wp-json\/wp\/v2\/comments?post=16595"}],"version-history":[{"count":0,"href":"https:\/\/cio.umh.es\/en\/wp-json\/wp\/v2\/pages\/16595\/revisions"}],"wp:attachment":[{"href":"https:\/\/cio.umh.es\/en\/wp-json\/wp\/v2\/media?parent=16595"}],"wp:term":[{"taxonomy":"category","embeddable":true,"href":"https:\/\/cio.umh.es\/en\/wp-json\/wp\/v2\/categories?post=16595"},{"taxonomy":"post_tag","embeddable":true,"href":"https:\/\/cio.umh.es\/en\/wp-json\/wp\/v2\/tags?post=16595"}],"curies":[{"name":"wp","href":"https:\/\/api.w.org\/{rel}","templated":true}]}}