{"id":15768,"date":"2020-02-28T09:58:13","date_gmt":"2020-02-28T09:58:13","guid":{"rendered":"http:\/\/cio.edu.umh.es\/?page_id=15768"},"modified":"2024-11-29T12:34:22","modified_gmt":"2024-11-29T11:34:22","slug":"dia-internacional-de-las-matematicas","status":"publish","type":"page","link":"https:\/\/cio.umh.es\/en\/dia-internacional-de-las-matematicas\/","title":{"rendered":"D\u00eda Internacional de las matem\u00e1ticas"},"content":{"rendered":"<p>[:es]<a href=\"https:\/\/cio.umh.es\/en\/files\/2020\/02\/Agregar-un-t\u00edtulo-1.png\/\"><img loading=\"lazy\" class=\"aligncenter size-full wp-image-15765\" src=\"https:\/\/cio.umh.es\/files\/2020\/02\/Agregar-un-t\u00edtulo-1.png\" alt=\"Agregar un t\u00edtulo (1)\" width=\"409\" height=\"579\" \/><\/a><br \/>\n<span style=\"color: #000000\">El pr\u00f3ximo mi\u00e9rcoles\u00a018 de\u00a0marzo se celebrar\u00e1 en el <strong>Edificio Torretamarit<\/strong> de la Universidad Miguel Hern\u00e1ndez de Elche un evento conmemorativo con motivo del\u00a0<strong>D\u00eda Internacional de las Matem\u00e1ticas<\/strong>.\u00a0<\/span><br \/>\n<span style=\"color: #000000\">Esta jornada dar\u00e1 comienzo a las 12:00 horas en las aulas 0.1 y 0.2 del Edificio Torretamarit con el\u00a0seminario\u00a0<strong>\u00abLas matem\u00e1ticas est\u00e1n en todas partes\u00bb<\/strong>, que ser\u00e1 impartido por <a href=\"https:\/\/www.linkedin.com\/in\/antonio-vicente-contreras-2727aa25\/?originalSubdomain=es\" target=\"_blank\" rel=\"noopener noreferrer\"> <span style=\"color: #3374ff\">Antonio Vicente Contreras<\/span><\/a>, CEO AI TALENTUM &amp; IOTIC SOLUTIONS.<\/span><br \/>\n<span style=\"color: #000000\">Una vez finalizado el seminario, los asistentes podr\u00e1n disfrutar de un buen chocolate mientras averiguan a qu\u00e9 sabe Pi, degustando unas galletas con los primeros 314 decimales de Pi.\u00a0Al mismo tiempo, se sortear\u00e1n varios productos entre todos aquellos asistentes que participen de forma activa en redes sociales y comenten el evento.<\/span><br \/>\n<strong>\u00a0M\u00c1S INFORMACI\u00d3N:\u00a0<a href=\"http:\/\/cio.edu.umh.es\/piday2020\/\" target=\"_blank\" rel=\"noopener noreferrer\">http:\/\/cio.edu.umh.es\/piday2020\/<\/a><\/strong><br \/>\n<span style=\"color: #000000\"><strong>INSCR\u00cdBETE AQU\u00cd:\u00a0<a href=\"https:\/\/docs.google.com\/forms\/d\/1skRXvK3yHMlH276Gg5_rxcLEfncA9wVbTGiz2DPzcKk\/edit\u00a0\u00a0\" target=\"_blank\" rel=\"noopener noreferrer\">https:\/\/docs.google.com\/forms\/d\/1skRXvK3yHMlH276Gg5_rxcLEfncA9wVbTGiz2DPzcKk\/edit\u00a0\u00a0<\/a><\/strong><\/span><br \/>\n<a href=\"https:\/\/cio.umh.es\/en\/files\/2020\/02\/CONTIENE-LA-C_-INSTITUTO-UNIVERSITARIO-DE-INVESTIGACI\u00d3N-DE-LA-UMH-2.png\/\"><img loading=\"lazy\" class=\"aligncenter size-full wp-image-15779\" src=\"https:\/\/cio.umh.es\/files\/2020\/02\/CONTIENE-LA-C_-INSTITUTO-UNIVERSITARIO-DE-INVESTIGACI\u00d3N-DE-LA-UMH-2.png\" alt=\"CONTIENE LA C_ INSTITUTO UNIVERSITARIO DE INVESTIGACI\u00d3N DE LA UMH-2\" width=\"409\" height=\"579\" \/><\/a><br \/>\n<span style=\"color: #000000\"><strong>&#8211; Contiene la P. \u00bfQu\u00e9 evento no te puedes perder el d\u00eda X de Marzo?<\/strong><\/span><br \/>\n<span style=\"color: #000000\"><strong>&#8211; Pasapalabra Matem\u00e1tico<\/strong><\/span><br \/>\n<strong>&#8211; \u00a1Correcto!<\/strong><br \/>\n<span style=\"color: #000000\">\u00bfHas le\u00eddo la anterior pregunta con la voz del presentador Christian G\u00e1lvez? Eso es que eres un\/a fan\u00e1tico\/a del concurso televisivo Pasapalabra. Es por ello, que desde el CIO,y para celebrar el D\u00eda Internacional de las Matem\u00e1ticas, queremos convertir una de nuestras aulas en el plat\u00f3 del m\u00edtico programa de Antena 3 y Telecinco para que os pong\u00e1is en la piel de los concursantes que han tenido que enfrentarse al rosco m\u00e1s famoso del mundo. Y, no, no es el de Reyes.<\/span><br \/>\n<span style=\"color: #000000\">Aunque en el m\u00edtico programa concursa solo una persona vs otra, aqu\u00ed lo queremos hacer mucho m\u00e1s divertido. \u00a1PUEDES TRAERTE A TU MEJOR AMIGO\/A PARA PARTICIPAR!<\/span><br \/>\n<span style=\"color: #000000\">El concurso constar\u00e1 de <strong>dos fases<\/strong>. La primera, el lunes 9 de marzo de 11 a 14 horas, los inscritos tendr\u00e1n que superar con \u00e9xito las preguntas que se realizar\u00e1n sobre el campo de las matem\u00e1ticas contra sus contrincantes. Finalmente, quedar\u00e1n dos grupos que pasar\u00e1n a la final el d\u00eda 16 de marzo.<\/span><br \/>\n<span style=\"color: #000000\"><strong>ABIERTO PARA CUALQUIER TITULACI\u00d3N DE LA UNIVERSIDAD MIGUEL HERN\u00c1NDEZ<\/strong><\/span><br \/>\n<span style=\"color: #000000\">Aquella pareja ganadora tendr\u00e1 como<strong> recompensa un par de gafas de realidad virtual.<\/strong><\/span><br \/>\n<strong>M\u00c1S INFORMACI\u00d3N: <a href=\"http:\/\/cio.edu.umh.es\/pasapalabra-matematico\/\" target=\"_blank\" rel=\"noopener noreferrer\">http:\/\/cio.edu.umh.es\/pasapalabra-matematico\/<\/a><\/strong><br \/>\n<span style=\"color: #000000\"><strong>INSCR\u00cdBETE AQU\u00cd:\u00a0\u00a0<a href=\"https:\/\/docs.google.com\/forms\/d\/1s8fbo4KpLkRVXHBKyO221MleM1firn1Jx7O9VDbxrhc\/edit%20\" target=\"_blank\" rel=\"noopener noreferrer\">https:\/\/docs.google.com\/forms\/d\/1s8fbo4KpLkRVXHBKyO221MleM1firn1Jx7O9VDbxrhc\/edit\u00a0\u00a0<\/a><\/strong><\/span><\/p>\n<div><\/div>\n<p>[:]<\/p>","protected":false},"excerpt":{"rendered":"<p>[:es]<br \/>\nEl pr\u00f3ximo mi\u00e9rcoles\u00a018 de\u00a0marzo se celebrar\u00e1 en el Edificio Torretamarit de la Universidad Miguel Hern\u00e1ndez de Elche un evento conmemorativo con motivo del\u00a0D\u00eda Internacional de las Matem\u00e1ticas.\u00a0<br \/>\nEsta jornada dar\u00e1 comienzo a las 12:00 horas en las aulas 0.1 y 0.2 del Edificio Torretamarit con el\u00a0seminario\u00a0\u00abLas matem\u00e1ticas est\u00e1n en todas partes\u00bb, que ser\u00e1 impartido por  [&#8230;]<\/p>","protected":false},"author":6202,"featured_media":0,"parent":0,"menu_order":0,"comment_status":"open","ping_status":"open","template":"","meta":{"_links_to":"","_links_to_target":""},"categories":[873],"tags":[],"_links":{"self":[{"href":"https:\/\/cio.umh.es\/en\/wp-json\/wp\/v2\/pages\/15768"}],"collection":[{"href":"https:\/\/cio.umh.es\/en\/wp-json\/wp\/v2\/pages"}],"about":[{"href":"https:\/\/cio.umh.es\/en\/wp-json\/wp\/v2\/types\/page"}],"author":[{"embeddable":true,"href":"https:\/\/cio.umh.es\/en\/wp-json\/wp\/v2\/users\/6202"}],"replies":[{"embeddable":true,"href":"https:\/\/cio.umh.es\/en\/wp-json\/wp\/v2\/comments?post=15768"}],"version-history":[{"count":0,"href":"https:\/\/cio.umh.es\/en\/wp-json\/wp\/v2\/pages\/15768\/revisions"}],"wp:attachment":[{"href":"https:\/\/cio.umh.es\/en\/wp-json\/wp\/v2\/media?parent=15768"}],"wp:term":[{"taxonomy":"category","embeddable":true,"href":"https:\/\/cio.umh.es\/en\/wp-json\/wp\/v2\/categories?post=15768"},{"taxonomy":"post_tag","embeddable":true,"href":"https:\/\/cio.umh.es\/en\/wp-json\/wp\/v2\/tags?post=15768"}],"curies":[{"name":"wp","href":"https:\/\/api.w.org\/{rel}","templated":true}]}}