{"id":15455,"date":"2020-01-15T11:42:02","date_gmt":"2020-01-15T11:42:02","guid":{"rendered":"http:\/\/cio.edu.umh.es\/?page_id=15455"},"modified":"2020-01-15T11:42:02","modified_gmt":"2020-01-15T11:42:02","slug":"aviso-legal-y-politica-de-privacidad","status":"publish","type":"page","link":"https:\/\/cio.umh.es\/en\/aviso-legal-y-politica-de-privacidad\/","title":{"rendered":"Aviso legal y Pol\u00edtica de Privacidad"},"content":{"rendered":"<p>[:es]Puede consultar la Pol\u00edtica de Privacidad en el siguiente enlace:\u00a0<a href=\"https:\/\/dpd.umh.es\/aviso-legal\/\">https:\/\/dpd.umh.es\/aviso-legal\/<\/a>. A continuaci\u00f3n, se detalla la pol\u00edtica de Cookies utilizada en este subdomino web: cio.edu.umh.es.<\/p>\n<h2>Pol\u00edtica de Cookies<\/h2>\n<p>Una cookie es un peque\u00f1o fragmento de texto que los sitios web que visita env\u00edan al navegador y que permite que el sitio web recuerde informaci\u00f3n sobre su visita, como su idioma preferido y otras opciones, con el fin de facilitar su pr\u00f3xima visita y hacer que el sitio le resulte m\u00e1s \u00fatil.<br \/>\nLa presente pol\u00edtica de cookies tiene por finalidad informarle sobre las cookies que se utilizan en este sitio web para mejorar la experiencia de los usuarios u ofrecer servicios relacionados. Seg\u00fan qui\u00e9n sea la entidad que gestione el dominio desde d\u00f3nde se env\u00edan las cookies y se traten los datos que se obtengan, se pueden distinguir dos tipos de cookies: cookies propias y cookies de terceros.<\/p>\n<h3 style=\"color: grey\">Cookies utilizadas en este sitio web:<\/h3>\n<ul>\n<li>Cookies propias:\n<ul>\n<li>WordPress: cookies utilizadas por WordPress y sus plugins para ofrecer al usuario su funcionalidad. Por ejemplo,\u00a0si un usuario inicia sesi\u00f3n, se guardar\u00e1n cookies para saber que el usuario est\u00e1 registrado o recordar algunos ajustes y preferencias, como el idioma preferido y la configuraci\u00f3n de privacidad.<\/li>\n<\/ul>\n<\/li>\n<li>Cookies de terceros :\n<ul>\n<li>Twitter: las utiliza el plugin de Twitter a la hora de compartir contenidos o acceder a los servicios con la cuenta de Twitter.<\/li>\n<li>Google Analytics y Google Adds: esta p\u00e1gina web utiliza Google Analytics y Google Adds, servicios anal\u00edticos de Google, y tambi\u00e9n seguimiento de conversiones como parte de Google Adds.<\/li>\n<\/ul>\n<\/li>\n<\/ul>\n<h3 style=\"color: grey\">\u00bfC\u00f3mo desactivar las cookies?<\/h3>\n<p>Como regla general, las cookies har\u00e1n que tu experiencia de navegaci\u00f3n sea mejor. Sin embargo, es posible que prefiera desactivar las cookies en este sitio y en otros. En cualquier momento podr\u00e1 ejercer su derecho de desactivaci\u00f3n o eliminaci\u00f3n de cookies de este sitio web. La manera m\u00e1s efectiva de hacerlo es desactivar las cookies en su navegador, y estas acciones se realizan de forma diferente en funci\u00f3n del que se est\u00e9 usando. Aqu\u00ed le dejamos una <a href=\"http:\/\/masterprofumh.es\/mas-informacion-sobre-las-cookies\/#navegadores\">gu\u00eda r\u00e1pida para los navegadores m\u00e1s populares<\/a>.<\/p>\n<h3 style=\"color: grey\">Notas adicionales:<\/h3>\n<ul>\n<li>Ni esta web ni sus representantes legales se hacen responsables ni del contenido ni de la veracidad de las pol\u00edticas de privacidad que puedan tener los terceros mencionados en esta pol\u00edtica de cookies.<\/li>\n<li>Los navegadores web son las herramientas encargadas de almacenar las cookies y desde este lugar debe efectuar su derecho a eliminaci\u00f3n o desactivaci\u00f3n de las mismas. Ni esta web ni sus representantes legales pueden garantizar la correcta o incorrecta manipulaci\u00f3n de las cookies por parte de los mencionados navegadores.<\/li>\n<li>Las cookies\u00a0utilizadas en este sitio pueden ser actualizadas por lo que aconsejamos que revisen nuestra pol\u00edtica de forma peri\u00f3dica.<\/li>\n<\/ul>\n<p>Para cualquier consulta puede contactar con nosotros a trav\u00e9s de la informaci\u00f3n que encontrar\u00e1 en:\u00a0<a href=\"http:\/\/cio.edu.umh.es\/contacto\/\">http:\/\/cio.edu.umh.es\/contacto\/<\/a>[:]<\/p>","protected":false},"excerpt":{"rendered":"<p>[:es]Puede consultar la Pol\u00edtica de Privacidad en el siguiente enlace:\u00a0https:\/\/dpd.umh.es\/aviso-legal\/. A continuaci\u00f3n, se detalla la pol\u00edtica de Cookies utilizada en este subdomino web: cio.edu.umh.es.<br \/>\nPol\u00edtica de Cookies<br \/>\nUna cookie es un peque\u00f1o fragmento de texto que los sitios web que visita env\u00edan al navegador y que permite que el sitio web recuerde informaci\u00f3n sobre su visita, como [&#8230;]<\/p>","protected":false},"author":3477,"featured_media":0,"parent":0,"menu_order":0,"comment_status":"open","ping_status":"open","template":"","meta":{"_links_to":"","_links_to_target":""},"categories":[],"tags":[],"_links":{"self":[{"href":"https:\/\/cio.umh.es\/en\/wp-json\/wp\/v2\/pages\/15455"}],"collection":[{"href":"https:\/\/cio.umh.es\/en\/wp-json\/wp\/v2\/pages"}],"about":[{"href":"https:\/\/cio.umh.es\/en\/wp-json\/wp\/v2\/types\/page"}],"author":[{"embeddable":true,"href":"https:\/\/cio.umh.es\/en\/wp-json\/wp\/v2\/users\/3477"}],"replies":[{"embeddable":true,"href":"https:\/\/cio.umh.es\/en\/wp-json\/wp\/v2\/comments?post=15455"}],"version-history":[{"count":0,"href":"https:\/\/cio.umh.es\/en\/wp-json\/wp\/v2\/pages\/15455\/revisions"}],"wp:attachment":[{"href":"https:\/\/cio.umh.es\/en\/wp-json\/wp\/v2\/media?parent=15455"}],"wp:term":[{"taxonomy":"category","embeddable":true,"href":"https:\/\/cio.umh.es\/en\/wp-json\/wp\/v2\/categories?post=15455"},{"taxonomy":"post_tag","embeddable":true,"href":"https:\/\/cio.umh.es\/en\/wp-json\/wp\/v2\/tags?post=15455"}],"curies":[{"name":"wp","href":"https:\/\/api.w.org\/{rel}","templated":true}]}}