{"id":14708,"date":"2019-09-20T12:51:23","date_gmt":"2019-09-20T12:51:23","guid":{"rendered":"http:\/\/cio.edu.umh.es\/?page_id=14708"},"modified":"2019-09-20T12:51:23","modified_gmt":"2019-09-20T12:51:23","slug":"curso_big_data_analisis_estadistico_y_de_redes_sociales_con_python","status":"publish","type":"page","link":"https:\/\/cio.umh.es\/en\/curso_big_data_analisis_estadistico_y_de_redes_sociales_con_python\/","title":{"rendered":"AN\u00c1LISIS ESTAD\u00cdSTICO Y DE REDES SOCIALES CON PYTHON"},"content":{"rendered":"<p>[:es]<a href=\"https:\/\/cio.umh.es\/en\/files\/2019\/09\/CURSOSTRIPTICOI_pages-to-jpg-0001.jpg\/\"><img loading=\"lazy\" class=\"aligncenter  wp-image-14733\" src=\"https:\/\/cio.umh.es\/files\/2019\/09\/CURSOSTRIPTICOI_pages-to-jpg-0001.jpg\" alt=\"CURSOSTRIPTICOI_pages-to-jpg-0001\" width=\"684\" height=\"484\" \/><\/a><br \/>\n<a href=\"https:\/\/cio.umh.es\/en\/files\/2019\/09\/CURSOSTRIPTICOI_pages-to-jpg-0002.jpg\/\"><img loading=\"lazy\" class=\"aligncenter  wp-image-14734\" src=\"https:\/\/cio.umh.es\/files\/2019\/09\/CURSOSTRIPTICOI_pages-to-jpg-0002.jpg\" alt=\"CURSOSTRIPTICOI_pages-to-jpg-0002\" width=\"684\" height=\"484\" \/><\/a><\/p>\n<h3><\/h3>\n<h3><\/h3>\n<h3><\/h3>\n<h3><\/h3>\n<h3><span style=\"color: #000000\"><strong>Descripci\u00f3n de la Actividad de Formaci\u00f3n Continua:<\/strong><\/span><\/h3>\n<ul>\n<li><span style=\"color: #ff6600\">Nombre del curso:<\/span> <span style=\"color: #000000\">Ciencia de datos:\u00a0An\u00e1lisis Estad\u00edstico y de Redes Sociales con Phyton<\/span><\/li>\n<li><span style=\"color: #ff6600\">Tipo:<\/span> <span style=\"color: #000000\">Perfeccionamiento<\/span><\/li>\n<li><span style=\"color: #ff6600\">Duraci\u00f3n en horas:<\/span> <span style=\"color: #000000\">40<\/span><\/li>\n<li><span style=\"color: #ff6600\">Knowledge area:<\/span>\u00a0<span style=\"color: #000000\"><span>Ingenier\u00eda y Arquitectura<\/span><\/span><\/li>\n<li><span style=\"color: #ff6600\">Rama de conocimiento:<\/span> <span style=\"color: #000000\">Ciencias<\/span><\/li>\n<li><span style=\"color: #ff6600\">Nombre de la directora:<\/span> <span style=\"color: #000000\">Lidia Ortiz Henarejos<\/span><\/li>\n<li><span style=\"color: #ff6600\">Nombre de la administrativa:<\/span> <span style=\"color: #000000\">Mar\u00eda Teresa Tormo Mu\u00f1oz<\/span><\/li>\n<li><span style=\"color: #ff6600\">Tel\u00e9fono de contacto:<\/span> <span style=\"color: #000000\">966 658 572<\/span><\/li>\n<li><span style=\"color: #ff6600\">Correo electr\u00f3nico de contacto:<\/span> <span style=\"color: #0000ff\"><a style=\"color: #0000ff\" href=\"mailto:mttormo@umh.es\">mttormo@umh.es<\/a><\/span><\/li>\n<li><span style=\"color: #ff6600\">Modalidad:<\/span> <span style=\"color: #000000\">A distancia<\/span><\/li>\n<li><span style=\"color: #ff6600\">Porcentaje sobre el total de horas de la Actividad de Formaci\u00f3n Continua:<\/span> <span style=\"color: #000000\">50% Tutorizaci\u00f3n virtual &#8211; 50% Elaboraci\u00f3n material docente virtual &#8211; 0% Presencialidad<\/span><\/li>\n<li><span style=\"color: #ff6600\">Lugar de impartici\u00f3n:<\/span> <span style=\"color: #000000\">Instituto Centro de Investigaci\u00f3n Operativa<\/span><\/li>\n<li><span style=\"color: #ff6600\">Plataforma educativa:<\/span> <span style=\"color: #000000\">Adobe Connect y <a href=\"https:\/\/cio.umh.es\/en\/\"><span style=\"color: #0000ff\">http:\/\/cio.umh.es<\/span><\/a><\/span><\/li>\n<li><span style=\"color: #ff6600\">Fechas de inicio y fin de impartici\u00f3n:<\/span> <span style=\"color: #000000\">Del 22\/06\/2020 al 22\/07\/2020<\/span><\/li>\n<li><span style=\"color: #ff6600\">N\u00famero m\u00ednimo de estudiantes:<\/span> <span style=\"color: #000000\">20<\/span><\/li>\n<\/ul>\n<h3><\/h3>\n<h3><\/h3>\n<h3><\/h3>\n<h3><\/h3>\n<h3><span style=\"color: #000000\"><strong>Informaci\u00f3n general:<\/strong><\/span><\/h3>\n<p><span style=\"color: #000000\">Python es un lenguaje de programaci\u00f3n interpretado cuya filosof\u00eda hace hincapi\u00e9 en una sintaxis muy limpia y un c\u00f3digo legible. Su sintaxis es f\u00e1cil de entender puesto que es cercana al lenguaje natural, y los programas hechos en Python parecen pseudoc\u00f3digos, lo cual brinda una gran ayuda en su mantenimiento. Es multiplataforma y est\u00e1 disponible en muchas plataformas, entre las m\u00e1s comunes son windows, mac y distribuciones unix\/Linux. Es multiparadigma permitiendo la programaci\u00f3n imperativa, orientada a objetos y funcional. Empresas de alto prestigio utilizan Python para programar todo tipo de aplicaciones y servicios. Python se encuentra en multitud de aplicaciones y servicios que usamos habitualmente. Python va ganando territorio y, entre los entendidos, se ha convertido en uno de los lenguajes m\u00e1s solicitados y, sobretodo, m\u00e1s esenciales del momento especialmente en el an\u00e1lisis de Datos.<\/span><\/p>\n<h3><\/h3>\n<h3><\/h3>\n<h3><\/h3>\n<h3><\/h3>\n<h3><\/h3>\n<h3><span style=\"color: #000000\"><strong>Objetivos\u00a0generales:<\/strong><\/span><\/h3>\n<p><span style=\"color: #000000\">Aprendizaje del lenguaje Python y utilizaci\u00f3n de las principales librer\u00edas de Python utilizadas en el tratamiento de datos como numpy, Matplotlib o panda.<\/span><br \/>\n<span style=\"color: #000000\">El curso cuenta con dos m\u00f3dulos:<\/span><br \/>\n<span style=\"color: #000000\"><strong>M\u00f3dulo 1: An\u00e1lisis Estad\u00edstico con Python. Del 22\/06\/2020 al 06\/07\/2020<\/strong><\/span><br \/>\n<span style=\"color: #000000\">En el M\u00f3dulo 1 se abordar\u00e1n los siguientes temas:<\/span><\/p>\n<ul>\n<li><span style=\"color: #000000\">Introducci\u00f3n a la programaci\u00f3n con Python<\/span><\/li>\n<li><span style=\"color: #000000\">Tratamiento de Matrices<\/span><\/li>\n<li><span style=\"color: #000000\">Manipulaci\u00f3n de Datos<\/span><\/li>\n<li><span style=\"color: #000000\">Visualizaci\u00f3n<\/span><\/li>\n<\/ul>\n<p><span style=\"color: #000000\"><strong>M\u00f3dulo 2: An\u00e1lisis de Redes Sociales con Python. Del 07\/07\/2020 al 22\/07\/2020<\/strong><\/span><br \/>\n<span style=\"color: #000000\">Adquirir conocimientos y habilidades operativas sobre: APIs para acceso y carga de tweets; m\u00e9tricas sobre Followers y Friends; an\u00e1lisis de contenidos; clasificaci\u00f3n de tweets.<\/span><br \/>\n<span style=\"color: #000000\">En concreto, el M\u00f3dulo 2 abordar\u00e1 los siguientes temas:<\/span><\/p>\n<ul>\n<li><span style=\"color: #000000\">Introducci\u00f3n a la informaci\u00f3n recogida en redes sociales.<\/span><\/li>\n<li><span style=\"color: #000000\">Aplicaciones para an\u00e1lisis de sentimiento y polaridad.<\/span><\/li>\n<li><span style=\"color: #000000\">APIs de Twitter y Python como herramienta.<\/span><\/li>\n<li><span style=\"color: #000000\">Parametrizando modelos anal\u00edticos.<\/span><\/li>\n<li><span style=\"color: #000000\">Visualizando la informaci\u00f3n analizada.<\/span><\/li>\n<\/ul>\n<h3><\/h3>\n<h3><\/h3>\n<h3><\/h3>\n<h3><span style=\"color: #000000\"><strong>Programaci\u00f3n temporal:<\/strong><\/span><\/h3>\n<p><span style=\"color: #ff6600\"><strong>M\u00f3dulo 1: AN\u00c1LISIS ESTAD\u00cdSTICO CON PYTHON (20 horas):\u00a0<\/strong><strong>Del 22\/06\/2020 al 06\/07\/2020.<\/strong><\/span><br \/>\n<span style=\"color: #000000\">El m\u00f3dulo se compone de 20 horas, 10 horas se imparten mediante la plataforma online Adobe Connect y 10 horas corresponden a la realizaci\u00f3n de ejercicios pr\u00e1cticos por parte del alumnado.\u00a0<\/span><br \/>\n<span style=\"color: #000000\"><strong>Programaci\u00f3n Temporal del M\u00f3dulo 1:<\/strong><\/span><br \/>\n<span style=\"color: #000000\">Comienzo del M\u00f3dulo 1: 22\/06\/2020 16:00h-20:00h Presentaci\u00f3n del m\u00f3dulo mediante la plataforma Adobe Connect. En esta sesi\u00f3n se concretar\u00e1n las sesiones que se van a realizar durante el m\u00f3dulo, tambi\u00e9n se especificar\u00e1n los materiales a utilizar y la forma de entrega de los ejercicios propuestos. En esta sesi\u00f3n se realizar\u00e1 la introducci\u00f3n a Python. Fundamentos y Algoritmos b\u00e1sicos. Programaci\u00f3n con Python. Introducci\u00f3n a plataforma Jupyter en http:\/\/python.umh.es para la realizaci\u00f3n de los ejercicios no presenciales.<\/span><br \/>\n<strong><span style=\"color: #000000\">Sesiones No presenciales:<\/span><\/strong><\/p>\n<p style=\"padding-left: 30px\"><span style=\"color: #000000\">&#8211; En la web <a href=\"http:\/\/python.umh.es\"><span style=\"color: #0000ff\">http:\/\/python.umh.es<\/span><\/a> se ha montado una plataforma web de aprendizaje Python que permite mediante los denominados Notebooks ir aprendiendo mediante explicaciones y ejemplos e ir ejecutando ejemplos, modific\u00e1ndolos o realizar ejercicios que se van realizando en dicha plataforma.<\/span><\/p>\n<p style=\"padding-left: 30px\"><span style=\"color: #000000\">&#8211;\u00a0En esta web, se mostrar\u00e1n a los matriculados los siguientes temas en formato Notebook para que vayan trabajando de forma no presencial:<\/span><\/p>\n<ol>\n<li><span style=\"color: #000000\">Programaci\u00f3n en Python.<\/span><\/li>\n<li><span style=\"color: #000000\">Tratamiento de Matrices con Numpy.<\/span><\/li>\n<li><span style=\"color: #000000\">Manipulaci\u00f3n de Datos con Panda.<\/span><\/li>\n<li><span style=\"color: #000000\">Visualizaci\u00f3n con Matplotlib.<\/span><\/li>\n<li><span style=\"color: #000000\">Machine Learning.<\/span><\/li>\n<\/ol>\n<p><span style=\"color: #000000\">Cada matriculado tendr\u00e1 su propia evoluci\u00f3n y los ejercicios realizados quedar\u00e1n guardados en su cuenta personalizada.<\/span><\/p>\n<p style=\"padding-left: 30px\"><span style=\"color: #000000\">&#8211;\u00a0Por otro lado, para ir resolviendo dudas, se dispondr\u00e1 de unas transparencias de los conceptos generales de cada uno de los temas as\u00ed como v\u00eddeos y podr\u00e1n preguntar dudas mediante correo o por v\u00eda telef\u00f3nica.<\/span><\/p>\n<p><span style=\"color: #000000\">En las sesiones de Adobe Connect se realizar\u00e1 una revisi\u00f3n de los ejercicios Propuestos. Dudas conjuntas a resolver.\u00a0<\/span><br \/>\n<span style=\"color: #ff6600\"><strong>M\u00f3dulo 2: AN\u00c1LISIS DE REDES SOCIALES CON PYTHON (20 horas):\u00a0<\/strong><strong>Del 07\/07\/2020 al 22\/07\/2020<\/strong><\/span><br \/>\n<span style=\"color: #000000\">El M\u00f3dulo 2 tiene una duraci\u00f3n de 20 horas, donde 10 horas se imparten a trav\u00e9s de la plataforma online Adobe Connect y las 10 horas restantes se corresponde a la realizaci\u00f3n de diferentes ejercicios pr\u00e1cticos y un trabajo final de m\u00f3dulo que ayudar\u00e1 a los alumnos\/as a asentar los conocimientos adquiridos.<\/span><br \/>\n<span style=\"color: #000000\">Los temas que se abordar\u00e1n en el M\u00f3dulo 2 son:<\/span><\/p>\n<ol>\n<li><span style=\"color: #000000\">Introducci\u00f3n a la informaci\u00f3n recogida en redes sociales: followers, friends y otras m\u00e9tricas.<\/span><\/li>\n<li><span style=\"color: #000000\">Aplicaciones para an\u00e1lisis de sentimiento y polaridad de los mensajes.<\/span><\/li>\n<li><span style=\"color: #000000\">APIs de Twitter y Python como herramienta.<\/span><\/li>\n<li><span style=\"color: #000000\">Parametrizando modelos anal\u00edticos de clasificaci\u00f3n y predicci\u00f3n.<\/span><\/li>\n<li><span style=\"color: #000000\">Visualizando la informaci\u00f3n analizada.<\/span><\/li>\n<\/ol>\n<p><span style=\"color: #000000\"><strong>Programaci\u00f3n Temporal del M\u00f3dulo 2:<\/strong><\/span><\/p>\n<ul>\n<li><span style=\"color: #000000\">Sesiones en Adobe Connect (10 horas):<\/span>\n<ul>\n<li><span style=\"color: #000000\">07\/07\/2020 16:00-20:00h<\/span>\n<ul>\n<li><span style=\"color: #000000\">Introducci\u00f3n a la anal\u00edtica en Redes Sociales<\/span><\/li>\n<li><span style=\"color: #000000\">Recogiendo datos de Twitter<\/span><\/li>\n<li><span style=\"color: #000000\">Analizando tweets mediante Python<\/span><\/li>\n<li><span style=\"color: #000000\">Cargando y analizando datos propios<\/span><\/li>\n<\/ul>\n<\/li>\n<li><span style=\"color: #000000\">14\/07\/2020 16:00-18:00h<\/span>\n<ul>\n<li><span style=\"color: #000000\">Sesi\u00f3n de dudas conjuntas<\/span><\/li>\n<\/ul>\n<\/li>\n<li><span style=\"color: #000000\">22\/07\/2020 16:00-20:00h<\/span>\n<ul>\n<li><span style=\"color: #000000\">Exposiciones de trabajos finales y puesta en com\u00fan<\/span><\/li>\n<\/ul>\n<\/li>\n<li><span style=\"color: #000000\">Sesiones NO presenciales (10 horas):<\/span><\/li>\n<\/ul>\n<\/li>\n<\/ul>\n<h6><\/h6>\n<h6><span style=\"color: #000000\"><strong>07\/07\/2020 \u2013 22\/07\/2020:<\/strong> Los alumnos resolver\u00e1n los ejercicios propuestos por los profesores que estar\u00e1n disponibles en el blog del curso. Las cuestiones o preguntas de los alumnos se realizar\u00e1n a trav\u00e9s del correo electr\u00f3nico.<\/span><\/h6>\n<h3><\/h3>\n<h3><\/h3>\n<h3><span style=\"color: #000000\">\u00a0<\/span><\/h3>\n<p><a class=\"button button1\" style=\"background-color: #ff6600;color: white;border: none;padding: 16px 32px;text-align: center;text-decoration: none;display: inline-block;font-size: 18px;font-weight: bold;margin: 20px 2px;cursor: pointer\" href=\"#conact-form\">Inscr\u00edbete<\/a><\/p>\n<h3><span style=\"color: #000000\"><strong>Acceso y admisi\u00f3n:<\/strong><\/span><\/h3>\n<p><span style=\"color: #000000\">A pesar de que Python es un lenguaje muy f\u00e1cil de aprender, es aconsejable tener conocimientos de inform\u00e1tica y es aconsejable haber realizado el curso b\u00e1sico de introducci\u00f3n a Python propuesto en el blog del CIO (http:\/\/cio.umh.es)<\/span><\/p>\n<h3><\/h3>\n<h3><\/h3>\n<h3><span style=\"color: #000000\">\u00a0<\/span><\/h3>\n<h3><\/h3>\n<h3><\/h3>\n<h3><span style=\"color: #000000\"><strong>Sistema de evaluaci\u00f3n y fecha de evaluaci\u00f3n:<\/strong><\/span><\/h3>\n<p><span style=\"color: #000000\">Evaluaci\u00f3n continua mediante la entrega de trabajos pr\u00e1cticos.<\/span><\/p>\n<h3><\/h3>\n<h3><\/h3>\n<h3><\/h3>\n<h3><\/h3>\n<h3><strong>Precio matr\u00edcula:<\/strong><\/h3>\n<ul>\n<li><span style=\"color: #000000\"><span style=\"color: #ff6600\">Ordinaria:<\/span> 204,80\u20ac<\/span><\/li>\n<li><span style=\"color: #000000\"><span style=\"color: #ff6600\">PAS UMH:<\/span> 154,80\u20ac<\/span><\/li>\n<li><span style=\"color: #000000\"><span style=\"color: #ff6600\">PDI UMH:<\/span> 154,80\u20ac<\/span><\/li>\n<li><span style=\"color: #000000\"><span style=\"color: #ff6600\">Alumni UMH:<\/span> 154,80\u20ac<\/span><\/li>\n<li><span style=\"color: #000000\"><span style=\"color: #ff6600\">Estudiantes UMH:<\/span> 154,80\u20ac<\/span><\/li>\n<\/ul>\n<div id=\"conact-form\"><\/div>\n<hr style=\"border: 2px solid red;margin-top: 20px;margin-bottom: 30px\" \/>\n<h1 class=\"entry-title main_title\"><\/h1>\n<h1 class=\"entry-title main_title\">Env\u00edanos tu consulta y <b>nos podremos en contacto contigo<\/b>:<\/h1>\n<div><div role=\"form\" class=\"wpcf7\" id=\"wpcf7-f24200-o1\" lang=\"es-ES\" dir=\"ltr\">\n<div class=\"screen-reader-response\"><p role=\"status\" aria-live=\"polite\" aria-atomic=\"true\"><\/p> <ul><\/ul><\/div>\n<form action=\"\/en\/wp-json\/wp\/v2\/pages\/14708#wpcf7-f24200-o1\" method=\"post\" class=\"wpcf7-form init\" novalidate=\"novalidate\" data-status=\"init\" data-trp-original-action=\"\/en\/wp-json\/wp\/v2\/pages\/14708#wpcf7-f24200-o1\">\n<div style=\"display: none;\">\n<input type=\"hidden\" name=\"_wpcf7\" value=\"24200\" \/>\n<input type=\"hidden\" name=\"_wpcf7_version\" value=\"5.5.2\" \/>\n<input type=\"hidden\" name=\"_wpcf7_locale\" value=\"es_ES\" \/>\n<input type=\"hidden\" name=\"_wpcf7_unit_tag\" value=\"wpcf7-f24200-o1\" \/>\n<input type=\"hidden\" name=\"_wpcf7_container_post\" value=\"0\" \/>\n<input type=\"hidden\" name=\"_wpcf7_posted_data_hash\" value=\"\" \/>\n<input type=\"hidden\" name=\"_wpcf7_recaptcha_response\" value=\"\" \/>\n<\/div>\n<p><label> Tu nombre (requerido)<br \/>\n    <span class=\"wpcf7-form-control-wrap your-name\"><input type=\"text\" name=\"your-name\" value=\"\" size=\"40\" class=\"wpcf7-form-control wpcf7-text wpcf7-validates-as-required\" aria-required=\"true\" aria-invalid=\"false\" \/><\/span> <\/label><\/p>\n<p><label> Tu correo electr\u00f3nico (requerido)<br \/>\n    <span class=\"wpcf7-form-control-wrap your-email\"><input type=\"email\" name=\"your-email\" value=\"\" size=\"40\" class=\"wpcf7-form-control wpcf7-text wpcf7-email wpcf7-validates-as-required wpcf7-validates-as-email\" aria-required=\"true\" aria-invalid=\"false\" \/><\/span> <\/label><\/p>\n<p><label> Asunto<br \/>\n    <span class=\"wpcf7-form-control-wrap your-subject\"><input type=\"text\" name=\"your-subject\" value=\"\" size=\"40\" class=\"wpcf7-form-control wpcf7-text\" aria-invalid=\"false\" \/><\/span> <\/label><\/p>\n<p><label> Tu mensaje<br \/>\n    <span class=\"wpcf7-form-control-wrap your-message\"><textarea name=\"your-message\" cols=\"40\" rows=\"10\" class=\"wpcf7-form-control wpcf7-textarea\" aria-invalid=\"false\"><\/textarea><\/span> <\/label><br \/>\n<label>\n<span class=\"wpcf7-form-control-wrap recaptcha\" data-name=\"recaptcha\"><span data-sitekey=\"6LdoYCckAAAAAPgmKlpU5rIrxI6dbPh9xkctj6p2\" class=\"wpcf7-form-control g-recaptcha wpcf7-recaptcha\"><\/span>\r\n<noscript>\r\n\t<div class=\"grecaptcha-noscript\">\r\n\t\t<iframe src=\"https:\/\/www.google.com\/recaptcha\/api\/fallback?k=6LdoYCckAAAAAPgmKlpU5rIrxI6dbPh9xkctj6p2\" frameborder=\"0\" scrolling=\"no\" width=\"310\" height=\"430\">\r\n\t\t<\/iframe>\r\n\t\t<textarea name=\"g-recaptcha-response\" rows=\"3\" cols=\"40\" placeholder=\"reCaptcha Response Here\">\r\n\t\t<\/textarea>\r\n\t<\/div>\r\n<\/noscript>\r\n<\/span>\n<p> <\/label><br \/>\n<input type=\"submit\" value=\"Enviar\" class=\"wpcf7-form-control has-spinner wpcf7-submit\" \/><\/p>\n<div class=\"wpcf7-response-output\" aria-hidden=\"true\"><\/div><input type=\"hidden\" name=\"trp-form-language\" value=\"en\"\/><\/form><\/div><\/div>\n<p>[:]<\/p>","protected":false},"excerpt":{"rendered":"<p>[:es]<\/p>\n<p>Descripci\u00f3n de la Actividad de Formaci\u00f3n Continua:<\/p>\n<p>Nombre del curso: Ciencia de datos:\u00a0An\u00e1lisis Estad\u00edstico y de Redes Sociales con Phyton<br \/>\nTipo: Perfeccionamiento<br \/>\nDuraci\u00f3n en horas: 40<br \/>\n\u00c1rea de conocimiento:\u00a0Ingenier\u00eda y Arquitectura<br \/>\nRama de conocimiento: Ciencias<br \/>\nNombre de la directora: Lidia Ortiz Henarejos<br \/>\nNombre de la administrativa: Mar\u00eda Teresa Tormo Mu\u00f1oz<br \/>\nTel\u00e9fono de contacto: 966 658 572<br \/>\nCorreo electr\u00f3nico de contacto: mttormo@umh.es<br \/>\nModalidad: A distancia<br \/>\nPorcentaje sobre [&#8230;]<\/p>","protected":false},"author":3477,"featured_media":0,"parent":0,"menu_order":0,"comment_status":"open","ping_status":"open","template":"","meta":{"_links_to":"","_links_to_target":""},"categories":[],"tags":[],"_links":{"self":[{"href":"https:\/\/cio.umh.es\/en\/wp-json\/wp\/v2\/pages\/14708"}],"collection":[{"href":"https:\/\/cio.umh.es\/en\/wp-json\/wp\/v2\/pages"}],"about":[{"href":"https:\/\/cio.umh.es\/en\/wp-json\/wp\/v2\/types\/page"}],"author":[{"embeddable":true,"href":"https:\/\/cio.umh.es\/en\/wp-json\/wp\/v2\/users\/3477"}],"replies":[{"embeddable":true,"href":"https:\/\/cio.umh.es\/en\/wp-json\/wp\/v2\/comments?post=14708"}],"version-history":[{"count":0,"href":"https:\/\/cio.umh.es\/en\/wp-json\/wp\/v2\/pages\/14708\/revisions"}],"wp:attachment":[{"href":"https:\/\/cio.umh.es\/en\/wp-json\/wp\/v2\/media?parent=14708"}],"wp:term":[{"taxonomy":"category","embeddable":true,"href":"https:\/\/cio.umh.es\/en\/wp-json\/wp\/v2\/categories?post=14708"},{"taxonomy":"post_tag","embeddable":true,"href":"https:\/\/cio.umh.es\/en\/wp-json\/wp\/v2\/tags?post=14708"}],"curies":[{"name":"wp","href":"https:\/\/api.w.org\/{rel}","templated":true}]}}