{"id":14703,"date":"2019-09-20T12:50:01","date_gmt":"2019-09-20T12:50:01","guid":{"rendered":"http:\/\/cio.edu.umh.es\/?page_id=14703"},"modified":"2019-09-20T12:50:01","modified_gmt":"2019-09-20T12:50:01","slug":"curso_big_data_tecnicas_predictivas_de_machine_learning","status":"publish","type":"page","link":"https:\/\/cio.umh.es\/en\/curso_big_data_tecnicas_predictivas_de_machine_learning\/","title":{"rendered":"T\u00c9CNICAS PREDICTIVAS DE MACHINE LEARNING"},"content":{"rendered":"<p>[:es]<a href=\"https:\/\/cio.umh.es\/en\/files\/2019\/09\/CURSOSTRIPTICOI_pages-to-jpg-0001.jpg\/\"><img loading=\"lazy\" class=\"aligncenter  wp-image-14733\" src=\"https:\/\/cio.umh.es\/files\/2019\/09\/CURSOSTRIPTICOI_pages-to-jpg-0001.jpg\" alt=\"CURSOSTRIPTICOI_pages-to-jpg-0001\" width=\"684\" height=\"484\" \/><\/a><br \/>\n<a href=\"https:\/\/cio.umh.es\/en\/files\/2019\/09\/CURSOSTRIPTICOI_pages-to-jpg-0002.jpg\/\"><img loading=\"lazy\" class=\"aligncenter  wp-image-14734\" src=\"https:\/\/cio.umh.es\/files\/2019\/09\/CURSOSTRIPTICOI_pages-to-jpg-0002.jpg\" alt=\"CURSOSTRIPTICOI_pages-to-jpg-0002\" width=\"684\" height=\"484\" \/><\/a><\/p>\n<h3><\/h3>\n<h3><\/h3>\n<h3><\/h3>\n<h3><\/h3>\n<p>&nbsp;<\/p>\n<h3><span style=\"color: #000000\"><strong>Descripci\u00f3n de la Actividad de Formaci\u00f3n Continua:<\/strong><\/span><\/h3>\n<p>&nbsp;<\/p>\n<ul>\n<li><span style=\"color: #ff6600\">Nombre del curso:<\/span> <span style=\"color: #000000\">Ciencia de datos:\u00a0T\u00e9cnicas predictivas de Machine Learning<\/span><\/li>\n<li><span style=\"color: #ff6600\">Tipo:<\/span> <span style=\"color: #000000\">Perfeccionamiento<\/span><\/li>\n<li><span style=\"color: #ff6600\">Duraci\u00f3n en horas:<\/span> <span style=\"color: #000000\">40<\/span><\/li>\n<li><span style=\"color: #ff6600\">Knowledge area:<\/span>\u00a0<span style=\"color: #000000\"><span>Ingenier\u00eda y Arquitectura<\/span><\/span><\/li>\n<li><span style=\"color: #ff6600\">Rama de conocimiento:<\/span> <span style=\"color: #000000\">Ciencias<\/span><\/li>\n<li><span style=\"color: #ff6600\">Nombre de la directora:<\/span> <span style=\"color: #000000\">Lidia Ortiz Henarejos<\/span><\/li>\n<li><span style=\"color: #ff6600\">Nombre de la administrativa:<\/span> <span style=\"color: #000000\">Mar\u00eda Teresa Tormo Mu\u00f1oz<\/span><\/li>\n<li><span style=\"color: #ff6600\">Tel\u00e9fono de contacto:<\/span> <span style=\"color: #000000\">966 658 572<\/span><\/li>\n<li><span style=\"color: #ff6600\">Correo electr\u00f3nico de contacto:<\/span> <span style=\"color: #0000ff\"><a style=\"color: #0000ff\" href=\"mailto:mttormo@umh.es\">mttormo@umh.es<\/a><\/span><\/li>\n<li><span style=\"color: #ff6600\">Modalidad:<\/span> <span style=\"color: #000000\">A distancia<\/span><\/li>\n<li><span style=\"color: #ff6600\">Porcentaje sobre el total de horas de la Actividad de Formaci\u00f3n Continua:<\/span> <span style=\"color: #000000\">50% Tutorizaci\u00f3n virtual &#8211; 50% Elaboraci\u00f3n material docente virtual &#8211; 0% Presencialidad<\/span><\/li>\n<li><span style=\"color: #ff6600\">Lugar de impartici\u00f3n:<\/span> <span style=\"color: #000000\">Instituto Centro de Investigaci\u00f3n Operativa<\/span><\/li>\n<li><span style=\"color: #ff6600\">Plataforma educativa:<\/span> <span style=\"color: #000000\">Adobe Connect y <a href=\"https:\/\/cio.umh.es\/en\/\"><span style=\"color: #0000ff\">http:\/\/cio.umh.es<\/span><\/a><\/span><\/li>\n<li><span style=\"color: #ff6600\">Fechas de inicio y fin de impartici\u00f3n:<\/span> <span style=\"color: #000000\">Del 06\/04\/2020 al 04\/05\/2020<\/span><\/li>\n<li><span style=\"color: #ff6600\">N\u00famero m\u00ednimo de estudiantes:<\/span> <span style=\"color: #000000\">20<\/span><\/li>\n<\/ul>\n<h3><\/h3>\n<h3><\/h3>\n<h3><\/h3>\n<h3><\/h3>\n<h3><\/h3>\n<h3><\/h3>\n<h3><span style=\"color: #000000\"><strong>Informaci\u00f3n general:<\/strong><\/span><\/h3>\n<p>&nbsp;<br \/>\n<span style=\"color: #000000\">Las t\u00e9cnicas anal\u00edticas de Machine Learning se han mostrado especialmente \u00fatiles en \u00e1mbitos predictivos en diferentes sectores productivos tales como turismo, calzado, industria \u00bfC\u00f3mo se dise\u00f1an dichos m\u00e9todos? \u00bfC\u00f3mo se instancian e interpretan?<\/span><\/p>\n<h3><\/h3>\n<h3><\/h3>\n<h3><\/h3>\n<h3><\/h3>\n<h3><\/h3>\n<h3><\/h3>\n<h3><\/h3>\n<h3><span style=\"color: #000000\"><strong>Objetivos\u00a0generales:<\/strong><\/span><\/h3>\n<p>&nbsp;<br \/>\n<span style=\"color: #000000\">Adquirir conocimientos y habilidades operativas sobre: Selecci\u00f3n de caracter\u00edsticas; Predicci\u00f3n de variables num\u00e9ricas: Regresi\u00f3n; Predicci\u00f3n de variables categ\u00f3ricas: Clasificaci\u00f3n; Patrones.<\/span><\/p>\n<h3><\/h3>\n<h3><\/h3>\n<h3><\/h3>\n<h3><\/h3>\n<h3><\/h3>\n<h3><\/h3>\n<h3><span style=\"color: #000000\"><strong>Programaci\u00f3n temporal:<\/strong><\/span><\/h3>\n<p>&nbsp;<br \/>\n<span style=\"color: #000000\">El curso se compone de 40 horas, 20 horas presenciales on-line y 20 horas no presenciales con actividades y material dirigido a las pr\u00e1cticas del alumno.\u00a0<\/span><br \/>\n<span style=\"color: #000000\">Las 20 horas presenciales corresponden a 4 sesiones de 5 horas, donde se expondr\u00e1n fundamentos de la materia por parte del profesorado.<\/span><br \/>\n<span style=\"color: #000000\">El curso abordar\u00e1 los siguientes temas en las sesiones indicadas:<\/span><\/p>\n<ul>\n<li><span style=\"color: #000000\"><strong>Sesi\u00f3n 1 (on-line presencial): 06\/04\/2020.<\/strong> Introducci\u00f3n a las t\u00e9cnicas de Machine Learning. <em>A . Rabasa (2,5h), N. Moll\u00e1 (2,5h)<\/em><\/span><\/li>\n<li><span style=\"color: #000000\"><strong>Sesi\u00f3n 2 (on-line).<\/strong> Problemas sencillos: Lecturas, tests y ejercicios <em>A . Rabasa (5h)<\/em><\/span><\/li>\n<li><span style=\"color: #000000\"><strong>Sesi\u00f3n 3 (on-line).<\/strong> Intro a WEKA. Videotutoriales y ejercicios. <em>A . Rabasa (5h)<\/em><\/span><\/li>\n<li><span style=\"color: #000000\"><strong>Sesi\u00f3n 4 (on-line presencial).<\/strong> 21\/04\/2020. Intro a R.\u00a0 <em>A. P\u00e9rez (5h)<\/em><\/span><\/li>\n<li><span style=\"color: #000000\"><strong>Sesi\u00f3n 5 (on-line).<\/strong> Ejercicio com\u00fan de R.<em>A. P\u00e9rez (2,5h), A . Rabasa (2,5h)<\/em><\/span><\/li>\n<li><span style=\"color: #000000\"><strong>Sesi\u00f3n 6 (on-line presencial).<\/strong> 27\/04\/2020. Control ejerc. Com\u00fan de R y Weka y enunciado ejercicio espec\u00edfico de R. <em>A. P\u00e9rez-T (2,5h), N. Moll\u00e1 (2,5h)<\/em><\/span><\/li>\n<li><span style=\"color: #000000\"><strong>Sesi\u00f3n 7 (on-line).<\/strong> Ejercicio espec\u00edfico de R, dudas y seguimiento. <em>A. P\u00e9rez-T (2,5h), N. Moll\u00e1 (2,5h)<\/em><\/span><\/li>\n<li><span style=\"color: #000000\"><strong>Ses.8 (on-line presencial).<\/strong>\u00a004\/05\/2020. Exposiciones y debate ejercicios espec\u00edficos de R. <em>A. P\u00e9rez-T (1,5h), N. Moll\u00e1 (1,5h), A. P\u00e9rez (1 h), A. Rabasa (1 h)\u00a0<\/em>\u00c1rboles de clasificaci\u00f3n: con variables discretas y mixtas. Algoritmos tipo C4.5. Sistemas de reglas y parametrizaci\u00f3n de \u00e1rboles. Matrices de confusi\u00f3n y otras m\u00e9tricas. (Sesiones 1, 2, 5, 6 y 8)<\/span><\/li>\n<\/ul>\n<h3><span style=\"color: #000000\">\u00a0<\/span><\/h3>\n<h3><\/h3>\n<h3><\/h3>\n<p><a class=\"button button1\" style=\"background-color: #ff6600;color: white;border: none;padding: 16px 32px;text-align: center;text-decoration: none;display: inline-block;font-size: 18px;font-weight: bold;margin: 20px 2px;cursor: pointer\" href=\"#conact-form\">Inscr\u00edbete<\/a><\/p>\n<h3><span style=\"color: #000000\"><strong>Acceso y admisi\u00f3n:<\/strong><\/span><\/h3>\n<p>&nbsp;<br \/>\n<span style=\"color: #000000\">Conocimientos b\u00e1sicos de inform\u00e1tica, R y RStudio y Estad\u00edstica.<\/span><\/p>\n<h3><\/h3>\n<h3><\/h3>\n<h3><\/h3>\n<h3><\/h3>\n<p>&nbsp;<\/p>\n<h3><\/h3>\n<h3><span style=\"color: #000000\"><strong>Sistema de evaluaci\u00f3n y fecha de evaluaci\u00f3n:<\/strong><\/span><\/h3>\n<p>&nbsp;<br \/>\n<span style=\"color: #000000\">Evaluaci\u00f3n continua mediante la entrega de trabajos pr\u00e1cticos.<\/span><\/p>\n<h3><\/h3>\n<h3><\/h3>\n<h3><\/h3>\n<h3><\/h3>\n<h3><\/h3>\n<h3><\/h3>\n<h3><\/h3>\n<h3><span style=\"color: #000000\"><strong>Precio matr\u00edcula:<\/strong><\/span><\/h3>\n<p>&nbsp;<\/p>\n<ul>\n<li><span style=\"color: #000000\"><span style=\"color: #ff6600\">Ordinaria:<\/span> 204,80\u20ac<\/span><\/li>\n<li><span style=\"color: #000000\"><span style=\"color: #ff6600\">PAS UMH:<\/span> 154,80\u20ac<\/span><\/li>\n<li><span style=\"color: #000000\"><span style=\"color: #ff6600\">PDI UMH:<\/span> 154,80\u20ac<\/span><\/li>\n<li><span style=\"color: #000000\"><span style=\"color: #ff6600\">Alumni UMH:<\/span> 154,80\u20ac<\/span><\/li>\n<li><span style=\"color: #000000\"><span style=\"color: #ff6600\">Estudiantes UMH:<\/span> 154,80\u20ac<\/span><\/li>\n<\/ul>\n<h3><\/h3>\n<p>&nbsp;<\/p>\n<h3><\/h3>\n<div id=\"conact-form\"><\/div>\n<hr style=\"border: 2px solid red;margin-top: 20px;margin-bottom: 30px\" \/>\n<h1 class=\"entry-title main_title\"><\/h1>\n<h1 class=\"entry-title main_title\">Env\u00edanos tu consulta y <b>nos podremos en contacto contigo<\/b>:<\/h1>\n<div><div role=\"form\" class=\"wpcf7\" id=\"wpcf7-f24200-o1\" lang=\"es-ES\" dir=\"ltr\">\n<div class=\"screen-reader-response\"><p role=\"status\" aria-live=\"polite\" aria-atomic=\"true\"><\/p> <ul><\/ul><\/div>\n<form action=\"\/en\/wp-json\/wp\/v2\/pages\/14703#wpcf7-f24200-o1\" method=\"post\" class=\"wpcf7-form init\" novalidate=\"novalidate\" data-status=\"init\" data-trp-original-action=\"\/en\/wp-json\/wp\/v2\/pages\/14703#wpcf7-f24200-o1\">\n<div style=\"display: none;\">\n<input type=\"hidden\" name=\"_wpcf7\" value=\"24200\" \/>\n<input type=\"hidden\" name=\"_wpcf7_version\" value=\"5.5.2\" \/>\n<input type=\"hidden\" name=\"_wpcf7_locale\" value=\"es_ES\" \/>\n<input type=\"hidden\" name=\"_wpcf7_unit_tag\" value=\"wpcf7-f24200-o1\" \/>\n<input type=\"hidden\" name=\"_wpcf7_container_post\" value=\"0\" \/>\n<input type=\"hidden\" name=\"_wpcf7_posted_data_hash\" value=\"\" \/>\n<input type=\"hidden\" name=\"_wpcf7_recaptcha_response\" value=\"\" \/>\n<\/div>\n<p><label> Tu nombre (requerido)<br \/>\n    <span class=\"wpcf7-form-control-wrap your-name\"><input type=\"text\" name=\"your-name\" value=\"\" size=\"40\" class=\"wpcf7-form-control wpcf7-text wpcf7-validates-as-required\" aria-required=\"true\" aria-invalid=\"false\" \/><\/span> <\/label><\/p>\n<p><label> Tu correo electr\u00f3nico (requerido)<br \/>\n    <span class=\"wpcf7-form-control-wrap your-email\"><input type=\"email\" name=\"your-email\" value=\"\" size=\"40\" class=\"wpcf7-form-control wpcf7-text wpcf7-email wpcf7-validates-as-required wpcf7-validates-as-email\" aria-required=\"true\" aria-invalid=\"false\" \/><\/span> <\/label><\/p>\n<p><label> Asunto<br \/>\n    <span class=\"wpcf7-form-control-wrap your-subject\"><input type=\"text\" name=\"your-subject\" value=\"\" size=\"40\" class=\"wpcf7-form-control wpcf7-text\" aria-invalid=\"false\" \/><\/span> <\/label><\/p>\n<p><label> Tu mensaje<br \/>\n    <span class=\"wpcf7-form-control-wrap your-message\"><textarea name=\"your-message\" cols=\"40\" rows=\"10\" class=\"wpcf7-form-control wpcf7-textarea\" aria-invalid=\"false\"><\/textarea><\/span> <\/label><br \/>\n<label>\n<span class=\"wpcf7-form-control-wrap recaptcha\" data-name=\"recaptcha\"><span data-sitekey=\"6LdoYCckAAAAAPgmKlpU5rIrxI6dbPh9xkctj6p2\" class=\"wpcf7-form-control g-recaptcha wpcf7-recaptcha\"><\/span>\r\n<noscript>\r\n\t<div class=\"grecaptcha-noscript\">\r\n\t\t<iframe src=\"https:\/\/www.google.com\/recaptcha\/api\/fallback?k=6LdoYCckAAAAAPgmKlpU5rIrxI6dbPh9xkctj6p2\" frameborder=\"0\" scrolling=\"no\" width=\"310\" height=\"430\">\r\n\t\t<\/iframe>\r\n\t\t<textarea name=\"g-recaptcha-response\" rows=\"3\" cols=\"40\" placeholder=\"reCaptcha Response Here\">\r\n\t\t<\/textarea>\r\n\t<\/div>\r\n<\/noscript>\r\n<\/span>\n<p> <\/label><br \/>\n<input type=\"submit\" value=\"Enviar\" class=\"wpcf7-form-control has-spinner wpcf7-submit\" \/><\/p>\n<div class=\"wpcf7-response-output\" aria-hidden=\"true\"><\/div><input type=\"hidden\" name=\"trp-form-language\" value=\"en\"\/><\/form><\/div><\/div>\n<p>[:]<\/p>","protected":false},"excerpt":{"rendered":"<p>[:es]<\/p>\n<p>&nbsp;<br \/>\nDescripci\u00f3n de la Actividad de Formaci\u00f3n Continua:<br \/>\n&nbsp;<\/p>\n<p>Nombre del curso: Ciencia de datos:\u00a0T\u00e9cnicas predictivas de Machine Learning<br \/>\nTipo: Perfeccionamiento<br \/>\nDuraci\u00f3n en horas: 40<br \/>\n\u00c1rea de conocimiento:\u00a0Ingenier\u00eda y Arquitectura<br \/>\nRama de conocimiento: Ciencias<br \/>\nNombre de la directora: Lidia Ortiz Henarejos<br \/>\nNombre de la administrativa: Mar\u00eda Teresa Tormo Mu\u00f1oz<br \/>\nTel\u00e9fono de contacto: 966 658 572<br \/>\nCorreo electr\u00f3nico de contacto: mttormo@umh.es<br \/>\nModalidad: A distancia<br \/>\nPorcentaje sobre el total de [&#8230;]<\/p>","protected":false},"author":3477,"featured_media":0,"parent":0,"menu_order":0,"comment_status":"open","ping_status":"open","template":"","meta":{"_links_to":"","_links_to_target":""},"categories":[],"tags":[],"_links":{"self":[{"href":"https:\/\/cio.umh.es\/en\/wp-json\/wp\/v2\/pages\/14703"}],"collection":[{"href":"https:\/\/cio.umh.es\/en\/wp-json\/wp\/v2\/pages"}],"about":[{"href":"https:\/\/cio.umh.es\/en\/wp-json\/wp\/v2\/types\/page"}],"author":[{"embeddable":true,"href":"https:\/\/cio.umh.es\/en\/wp-json\/wp\/v2\/users\/3477"}],"replies":[{"embeddable":true,"href":"https:\/\/cio.umh.es\/en\/wp-json\/wp\/v2\/comments?post=14703"}],"version-history":[{"count":0,"href":"https:\/\/cio.umh.es\/en\/wp-json\/wp\/v2\/pages\/14703\/revisions"}],"wp:attachment":[{"href":"https:\/\/cio.umh.es\/en\/wp-json\/wp\/v2\/media?parent=14703"}],"wp:term":[{"taxonomy":"category","embeddable":true,"href":"https:\/\/cio.umh.es\/en\/wp-json\/wp\/v2\/categories?post=14703"},{"taxonomy":"post_tag","embeddable":true,"href":"https:\/\/cio.umh.es\/en\/wp-json\/wp\/v2\/tags?post=14703"}],"curies":[{"name":"wp","href":"https:\/\/api.w.org\/{rel}","templated":true}]}}