{"id":14700,"date":"2019-09-20T12:49:11","date_gmt":"2019-09-20T12:49:11","guid":{"rendered":"http:\/\/cio.edu.umh.es\/?page_id=14700"},"modified":"2019-09-20T12:49:11","modified_gmt":"2019-09-20T12:49:11","slug":"curso_big_data_modelizacion_estadistica_avanzada","status":"publish","type":"page","link":"https:\/\/cio.umh.es\/en\/curso_big_data_modelizacion_estadistica_avanzada\/","title":{"rendered":"MODELIZACI\u00d3N ESTAD\u00cdSTICA AVANZADA"},"content":{"rendered":"<p>[:es]<a href=\"https:\/\/cio.umh.es\/en\/files\/2019\/09\/CURSOSTRIPTICOI_pages-to-jpg-0001.jpg\/\"><img loading=\"lazy\" class=\"aligncenter  wp-image-14733\" src=\"https:\/\/cio.umh.es\/files\/2019\/09\/CURSOSTRIPTICOI_pages-to-jpg-0001.jpg\" alt=\"CURSOSTRIPTICOI_pages-to-jpg-0001\" width=\"684\" height=\"484\" \/><\/a><br \/>\n<a href=\"https:\/\/cio.umh.es\/en\/files\/2019\/09\/CURSOSTRIPTICOI_pages-to-jpg-0002.jpg\/\"><img loading=\"lazy\" class=\"aligncenter  wp-image-14734\" src=\"https:\/\/cio.umh.es\/files\/2019\/09\/CURSOSTRIPTICOI_pages-to-jpg-0002.jpg\" alt=\"CURSOSTRIPTICOI_pages-to-jpg-0002\" width=\"684\" height=\"484\" \/><\/a><\/p>\n<h3><\/h3>\n<h3><\/h3>\n<h3><\/h3>\n<p>&nbsp;<\/p>\n<h3><\/h3>\n<h3><span style=\"color: #000000\"><strong>Descripci\u00f3n de la Actividad de Formaci\u00f3n Continua:<\/strong><\/span><\/h3>\n<p>&nbsp;<\/p>\n<ul>\n<li><span style=\"color: #ff6600\">Nombre del curso:<\/span> <span style=\"color: #000000\">Ciencia de datos:\u00a0Modelizaci\u00f3n estad\u00edstica avanzada<\/span><\/li>\n<li><span style=\"color: #ff6600\">Tipo:<\/span> <span style=\"color: #000000\">Perfeccionamiento<\/span><\/li>\n<li><span style=\"color: #ff6600\">Duraci\u00f3n en horas:<\/span> <span style=\"color: #000000\">40<\/span><\/li>\n<li><span style=\"color: #ff6600\">Knowledge area:<\/span> <span style=\"color: #000000\">Estad\u00edstica e Investigaci\u00f3n Operativa<\/span><\/li>\n<li><span style=\"color: #ff6600\">Rama de conocimiento:<\/span> <span style=\"color: #000000\">Ciencias<\/span><\/li>\n<li><span style=\"color: #ff6600\">Nombre de la directora:<\/span> <span style=\"color: #000000\">Lidia Ortiz Henarejos<\/span><\/li>\n<li><span style=\"color: #ff6600\">Nombre de la administrativa:<\/span> <span style=\"color: #000000\">Mar\u00eda Teresa Tormo Mu\u00f1oz<\/span><\/li>\n<li><span style=\"color: #ff6600\">Tel\u00e9fono de contacto:<\/span> <span style=\"color: #000000\">966 658 572<\/span><\/li>\n<li><span style=\"color: #ff6600\">Correo electr\u00f3nico de contacto:<\/span> <span style=\"color: #0000ff\"><a style=\"color: #0000ff\" href=\"mailto:mttormo@umh.es\">mttormo@umh.es<\/a><\/span><\/li>\n<li><span style=\"color: #ff6600\">Modalidad:<\/span> <span style=\"color: #000000\">A distancia<\/span><\/li>\n<li><span style=\"color: #ff6600\">Porcentaje sobre el total de horas de la Actividad de Formaci\u00f3n Continua:<\/span> <span style=\"color: #000000\">50% Tutorizaci\u00f3n virtual &#8211; 50% Elaboraci\u00f3n material docente virtual &#8211; 0% Presencialidad<\/span><\/li>\n<li><span style=\"color: #ff6600\">Lugar de impartici\u00f3n:<\/span> <span style=\"color: #000000\">Instituto Centro de Investigaci\u00f3n Operativa<\/span><\/li>\n<li><span style=\"color: #ff6600\">Plataforma educativa:<\/span> <span style=\"color: #000000\">Adobe Connect y <a href=\"https:\/\/cio.umh.es\/en\/\"><span style=\"color: #0000ff\">http:\/\/cio.umh.es<\/span><\/a><\/span><\/li>\n<li><span style=\"color: #ff6600\">Fechas de inicio y fin de impartici\u00f3n:<\/span> <span style=\"color: #000000\">Del 06\/02\/2020 al 31\/03\/2020<\/span><\/li>\n<li><span style=\"color: #ff6600\">N\u00famero m\u00ednimo de estudiantes:<\/span> <span style=\"color: #000000\">20<\/span><\/li>\n<\/ul>\n<h3><\/h3>\n<p>&nbsp;<\/p>\n<h3><\/h3>\n<h3><\/h3>\n<h3><\/h3>\n<h3><span style=\"color: #000000\"><strong>Informaci\u00f3n general:<\/strong><\/span><\/h3>\n<p>&nbsp;<br \/>\n<span style=\"color: #000000\">Esta materia proporciona los conocimientos y capacidades b\u00e1sicas para afrontar los problemas de modelizaci\u00f3n estad\u00edstica, que busca explicar el comportamiento de una magnitud cuantitativa o cualitativa, denominada variable respuesta, en funci\u00f3n de un conjunto de magnitudes cuantitativas o cualitativas, denominada variables predictoras. El establecimiento de estos modelos, junto con su validaci\u00f3n, nos permite establecer patrones de comportamiento en las posibles respuestas con respecto a las predictoras.<\/span><\/p>\n<h3><\/h3>\n<h3><\/h3>\n<p>&nbsp;<\/p>\n<h3><\/h3>\n<h3><\/h3>\n<h3><\/h3>\n<h3><\/h3>\n<h3><span style=\"color: #000000\"><strong>Objetivos\u00a0generales:<\/strong><\/span><\/h3>\n<p>&nbsp;<br \/>\n<span style=\"color: #000000\">El curso se compone de 40 horas de car\u00e1cter no presencial y <strong>la materia se estructura en los temas siguientes<\/strong>:<\/span><\/p>\n<ul>\n<li><span style=\"color: #000000\">Introducci\u00f3n a la modelizaci\u00f3n estad\u00edstica<\/span><\/li>\n<li><span style=\"color: #000000\">Modelos Lineales<\/span><\/li>\n<li><span style=\"color: #000000\">Modelos de suavizado con respuesta normal<\/span><\/li>\n<li><span style=\"color: #000000\">Modelos mixtos lineales<\/span><\/li>\n<\/ul>\n<p><span style=\"color: #000000\"><strong>Los objetivos de este curso son<\/strong>:<\/span><\/p>\n<ul>\n<li><span style=\"color: #000000\">Aplicar los fundamentos matem\u00e1ticos b\u00e1sicos para el estudio y modelizaci\u00f3n de bases de datos.<\/span><\/li>\n<li><span style=\"color: #000000\">Realizar an\u00e1lisis previos descriptivos para conocer la naturaleza de las posibles relaciones entre la variable respuesta y las posibles predictoras.<\/span><\/li>\n<li><span style=\"color: #000000\">Conocer los diferentes tipos de modelos b\u00e1sicos que se pueden utilizar en el an\u00e1lisis de bases de datos.<\/span><\/li>\n<li><span style=\"color: #000000\">Plantear diferentes tipos de modelos estad\u00edsticos en funci\u00f3n de la naturaleza del dise\u00f1o experimental y de la naturaleza de las variables predictoras.<\/span><\/li>\n<li><span style=\"color: #000000\">Plantear soluciones a modelos cuya validez estad\u00edstica est\u00e9 comprometida.<\/span><\/li>\n<li><span style=\"color: #000000\">Establecer las herramientas de predicci\u00f3n de la respuesta necesarias en funci\u00f3n de los modelos obtenidos.<\/span><\/li>\n<\/ul>\n<h3><\/h3>\n<h3><\/h3>\n<p>&nbsp;<\/p>\n<h3><\/h3>\n<h3><\/h3>\n<h3><span style=\"color: #000000\"><strong>Programaci\u00f3n temporal:<\/strong><\/span><\/h3>\n<p>&nbsp;<br \/>\n<span style=\"color: #000000\"><strong>Comienzo de curso: 06\/02\/2020 &#8211; De 16:00h a 18:00h:<\/strong>\u00a0Presentaci\u00f3n del curso mediante la plataforma Adobe Connect. En esta sesi\u00f3n se concretar\u00e1n las sesiones que se van a realizar durante el curso, tambi\u00e9n se especificar\u00e1n los materiales a utilizar y la forma de entrega de los ejercicios propuestos.<\/span><br \/>\n<span style=\"color: #000000\">A lo largo del curso se dispondr\u00e1 de material y de v\u00eddeos colgados en un blog que el matriculado debe ir trabajando mediante ejercicios propuestos por el profesor. Se realizar\u00e1n diversas sesiones a trav\u00e9s de la plataforma Adobe Connect para interactuar con los alumnos. El profesor responder\u00e1 a las cuestiones o preguntas de los alumnos a trav\u00e9s de Hangouts, plataforma Adobe Connect y correo electr\u00f3nico.<\/span><br \/>\n<span style=\"color: #000000\"><strong>Finalizaci\u00f3n de curso:<\/strong> 31\/03\/2020.\u00a0<\/span><\/p>\n<h3><\/h3>\n<h3><\/h3>\n<h3><\/h3>\n<p>&nbsp;<\/p>\n<h3><\/h3>\n<h3><\/h3>\n<p><a class=\"button button1\" style=\"background-color: #ff6600;color: white;border: none;padding: 16px 32px;text-align: center;text-decoration: none;display: inline-block;font-size: 18px;font-weight: bold;margin: 20px 2px;cursor: pointer\" href=\"#conact-form\">Inscr\u00edbete<\/a><\/p>\n<h3><span style=\"color: #000000\"><strong>Acceso y admisi\u00f3n:<\/strong><\/span><\/h3>\n<p>&nbsp;<br \/>\n<span style=\"color: #000000\">Se considera necesario que el estudiante disponga de conocimiento previos sobre:<\/span><\/p>\n<ul>\n<li><span style=\"color: #000000\">El programa R y su entorno de trabajo RStudio.<\/span><\/li>\n<li><span style=\"color: #000000\">La instalaci\u00f3n de librer\u00edas y su uso en el programa R.<\/span><\/li>\n<li><span style=\"color: #000000\">An\u00e1lisis estad\u00edsticos descriptivos, tanto num\u00e9ricos como gr\u00e1ficos, para el estudio inicial de bancos de datos.<\/span><\/li>\n<li><span style=\"color: #000000\">Procedimientos de inferencia estad\u00edstica b\u00e1sicos (intervalos de confianza y contrastes de hip\u00f3tesis).<\/span><\/li>\n<li><span style=\"color: #000000\">Distribuciones de probabilidad (Binomial, Poisson, Normal, t-Student, Ji-cuadrado, y F de Snedecor).<\/span><\/li>\n<\/ul>\n<h3><\/h3>\n<h3><\/h3>\n<h3><\/h3>\n<h3><\/h3>\n<h3><\/h3>\n<h3><\/h3>\n<h3><\/h3>\n<h3><span style=\"color: #000000\"><strong>Sistema de evaluaci\u00f3n y fecha de evaluaci\u00f3n:<\/strong><\/span><\/h3>\n<p>&nbsp;<br \/>\n<span style=\"color: #000000\">Evaluaci\u00f3n continua mediante la entrega de trabajos pr\u00e1cticos. 31\/03\/2020 entrega trabajos pr\u00e1cticos y evaluaci\u00f3n.<\/span><\/p>\n<h3><\/h3>\n<h3><\/h3>\n<p>&nbsp;<br \/>\n&nbsp;<\/p>\n<h3><span style=\"color: #000000\"><strong>Precio matr\u00edcula:<\/strong><\/span><\/h3>\n<p>&nbsp;<\/p>\n<ul>\n<li><span style=\"color: #000000\"><span style=\"color: #ff6600\">Ordinaria:<\/span> 204,80\u20ac<\/span><\/li>\n<li><span style=\"color: #000000\"><span style=\"color: #ff6600\">PAS UMH:<\/span> 154,80\u20ac<\/span><\/li>\n<li><span style=\"color: #000000\"><span style=\"color: #ff6600\">PDI UMH:<\/span> 154,80\u20ac<\/span><\/li>\n<li><span style=\"color: #000000\"><span style=\"color: #ff6600\">Alumni UMH:<\/span> 154,80\u20ac<\/span><\/li>\n<li><span style=\"color: #000000\"><span style=\"color: #ff6600\">Estudiantes UMH:<\/span> 154,80\u20ac<\/span><\/li>\n<\/ul>\n<h3><\/h3>\n<h3><\/h3>\n<p>&nbsp;<\/p>\n<h3><\/h3>\n<h3><\/h3>\n<div id=\"conact-form\"><\/div>\n<hr style=\"border: 2px solid red;margin-top: 20px;margin-bottom: 30px\" \/>\n<h1 class=\"entry-title main_title\"><\/h1>\n<h1 class=\"entry-title main_title\">Env\u00edanos tu consulta y <b>nos podremos en contacto contigo<\/b>:<\/h1>\n<div><div role=\"form\" class=\"wpcf7\" id=\"wpcf7-f24200-o1\" lang=\"es-ES\" dir=\"ltr\">\n<div class=\"screen-reader-response\"><p role=\"status\" aria-live=\"polite\" aria-atomic=\"true\"><\/p> <ul><\/ul><\/div>\n<form action=\"\/en\/wp-json\/wp\/v2\/pages\/14700#wpcf7-f24200-o1\" method=\"post\" class=\"wpcf7-form init\" novalidate=\"novalidate\" data-status=\"init\" data-trp-original-action=\"\/en\/wp-json\/wp\/v2\/pages\/14700#wpcf7-f24200-o1\">\n<div style=\"display: none;\">\n<input type=\"hidden\" name=\"_wpcf7\" value=\"24200\" \/>\n<input type=\"hidden\" name=\"_wpcf7_version\" value=\"5.5.2\" \/>\n<input type=\"hidden\" name=\"_wpcf7_locale\" value=\"es_ES\" \/>\n<input type=\"hidden\" name=\"_wpcf7_unit_tag\" value=\"wpcf7-f24200-o1\" \/>\n<input type=\"hidden\" name=\"_wpcf7_container_post\" value=\"0\" \/>\n<input type=\"hidden\" name=\"_wpcf7_posted_data_hash\" value=\"\" \/>\n<input type=\"hidden\" name=\"_wpcf7_recaptcha_response\" value=\"\" \/>\n<\/div>\n<p><label> Tu nombre (requerido)<br \/>\n    <span class=\"wpcf7-form-control-wrap your-name\"><input type=\"text\" name=\"your-name\" value=\"\" size=\"40\" class=\"wpcf7-form-control wpcf7-text wpcf7-validates-as-required\" aria-required=\"true\" aria-invalid=\"false\" \/><\/span> <\/label><\/p>\n<p><label> Tu correo electr\u00f3nico (requerido)<br \/>\n    <span class=\"wpcf7-form-control-wrap your-email\"><input type=\"email\" name=\"your-email\" value=\"\" size=\"40\" class=\"wpcf7-form-control wpcf7-text wpcf7-email wpcf7-validates-as-required wpcf7-validates-as-email\" aria-required=\"true\" aria-invalid=\"false\" \/><\/span> <\/label><\/p>\n<p><label> Asunto<br \/>\n    <span class=\"wpcf7-form-control-wrap your-subject\"><input type=\"text\" name=\"your-subject\" value=\"\" size=\"40\" class=\"wpcf7-form-control wpcf7-text\" aria-invalid=\"false\" \/><\/span> <\/label><\/p>\n<p><label> Tu mensaje<br \/>\n    <span class=\"wpcf7-form-control-wrap your-message\"><textarea name=\"your-message\" cols=\"40\" rows=\"10\" class=\"wpcf7-form-control wpcf7-textarea\" aria-invalid=\"false\"><\/textarea><\/span> <\/label><br \/>\n<label>\n<span class=\"wpcf7-form-control-wrap recaptcha\" data-name=\"recaptcha\"><span data-sitekey=\"6LdoYCckAAAAAPgmKlpU5rIrxI6dbPh9xkctj6p2\" class=\"wpcf7-form-control g-recaptcha wpcf7-recaptcha\"><\/span>\r\n<noscript>\r\n\t<div class=\"grecaptcha-noscript\">\r\n\t\t<iframe src=\"https:\/\/www.google.com\/recaptcha\/api\/fallback?k=6LdoYCckAAAAAPgmKlpU5rIrxI6dbPh9xkctj6p2\" frameborder=\"0\" scrolling=\"no\" width=\"310\" height=\"430\">\r\n\t\t<\/iframe>\r\n\t\t<textarea name=\"g-recaptcha-response\" rows=\"3\" cols=\"40\" placeholder=\"reCaptcha Response Here\">\r\n\t\t<\/textarea>\r\n\t<\/div>\r\n<\/noscript>\r\n<\/span>\n<p> <\/label><br \/>\n<input type=\"submit\" value=\"Enviar\" class=\"wpcf7-form-control has-spinner wpcf7-submit\" \/><\/p>\n<div class=\"wpcf7-response-output\" aria-hidden=\"true\"><\/div><input type=\"hidden\" name=\"trp-form-language\" value=\"en\"\/><\/form><\/div><\/div>\n<p>[:]<\/p>","protected":false},"excerpt":{"rendered":"<p>[:es]<\/p>\n<p>&nbsp;<\/p>\n<p>Descripci\u00f3n de la Actividad de Formaci\u00f3n Continua:<br \/>\n&nbsp;<\/p>\n<p>Nombre del curso: Ciencia de datos:\u00a0Modelizaci\u00f3n estad\u00edstica avanzada<br \/>\nTipo: Perfeccionamiento<br \/>\nDuraci\u00f3n en horas: 40<br \/>\n\u00c1rea de conocimiento: Estad\u00edstica e Investigaci\u00f3n Operativa<br \/>\nRama de conocimiento: Ciencias<br \/>\nNombre de la directora: Lidia Ortiz Henarejos<br \/>\nNombre de la administrativa: Mar\u00eda Teresa Tormo Mu\u00f1oz<br \/>\nTel\u00e9fono de contacto: 966 658 572<br \/>\nCorreo electr\u00f3nico de contacto: mttormo@umh.es<br \/>\nModalidad: A distancia<br \/>\nPorcentaje sobre el total de [&#8230;]<\/p>","protected":false},"author":3477,"featured_media":0,"parent":0,"menu_order":0,"comment_status":"open","ping_status":"open","template":"","meta":{"_links_to":"","_links_to_target":""},"categories":[],"tags":[],"_links":{"self":[{"href":"https:\/\/cio.umh.es\/en\/wp-json\/wp\/v2\/pages\/14700"}],"collection":[{"href":"https:\/\/cio.umh.es\/en\/wp-json\/wp\/v2\/pages"}],"about":[{"href":"https:\/\/cio.umh.es\/en\/wp-json\/wp\/v2\/types\/page"}],"author":[{"embeddable":true,"href":"https:\/\/cio.umh.es\/en\/wp-json\/wp\/v2\/users\/3477"}],"replies":[{"embeddable":true,"href":"https:\/\/cio.umh.es\/en\/wp-json\/wp\/v2\/comments?post=14700"}],"version-history":[{"count":0,"href":"https:\/\/cio.umh.es\/en\/wp-json\/wp\/v2\/pages\/14700\/revisions"}],"wp:attachment":[{"href":"https:\/\/cio.umh.es\/en\/wp-json\/wp\/v2\/media?parent=14700"}],"wp:term":[{"taxonomy":"category","embeddable":true,"href":"https:\/\/cio.umh.es\/en\/wp-json\/wp\/v2\/categories?post=14700"},{"taxonomy":"post_tag","embeddable":true,"href":"https:\/\/cio.umh.es\/en\/wp-json\/wp\/v2\/tags?post=14700"}],"curies":[{"name":"wp","href":"https:\/\/api.w.org\/{rel}","templated":true}]}}