{"id":14682,"date":"2019-09-19T12:53:47","date_gmt":"2019-09-19T12:53:47","guid":{"rendered":"http:\/\/cio.edu.umh.es\/?page_id=14682"},"modified":"2021-06-11T11:59:30","modified_gmt":"2021-06-11T09:59:30","slug":"cursos_bigdata","status":"publish","type":"page","link":"https:\/\/cio.umh.es\/en\/cursos_bigdata\/","title":{"rendered":"Ap\u00fantate a los Cursos Big Data del CIO en modalidad online sobre Inteligencia Artificial y Ciencia de los Datos \u00a0"},"content":{"rendered":"<div data-elementor-type=\"wp-page\" data-elementor-id=\"14682\" class=\"elementor elementor-14682\" data-elementor-settings=\"[]\">\n\t\t\t\t\t\t<div class=\"elementor-inner\">\n\t\t\t\t\t\t\t<div class=\"elementor-section-wrap\">\n\t\t\t\t\t\t\t<section class=\"elementor-section elementor-top-section elementor-element elementor-element-96b30d9 elementor-section-boxed elementor-section-height-default elementor-section-height-default\" data-id=\"96b30d9\" data-element_type=\"section\">\n\t\t\t\t\t\t<div class=\"elementor-container elementor-column-gap-default\">\n\t\t\t\t\t\t\t<div class=\"elementor-row\">\n\t\t\t\t\t<div class=\"elementor-column elementor-col-100 elementor-top-column elementor-element elementor-element-8c6608d\" data-id=\"8c6608d\" data-element_type=\"column\">\n\t\t\t<div class=\"elementor-column-wrap elementor-element-populated\">\n\t\t\t\t\t\t\t<div class=\"elementor-widget-wrap\">\n\t\t\t\t\t\t<div class=\"elementor-element elementor-element-3f99e56 elementor-widget elementor-widget-spacer\" data-id=\"3f99e56\" data-element_type=\"widget\" data-widget_type=\"spacer.default\">\n\t\t\t\t<div class=\"elementor-widget-container\">\n\t\t\t\t\t<div class=\"elementor-spacer\">\n\t\t\t<div class=\"elementor-spacer-inner\"><\/div>\n\t\t<\/div>\n\t\t\t\t<\/div>\n\t\t\t\t<\/div>\n\t\t\t\t<div class=\"elementor-element elementor-element-b58e3f5 elementor-widget elementor-widget-heading\" data-id=\"b58e3f5\" data-element_type=\"widget\" data-widget_type=\"heading.default\">\n\t\t\t\t<div class=\"elementor-widget-container\">\n\t\t\t<h1 class=\"elementor-heading-title elementor-size-default\">Ap\u00fantate a los Cursos Big Data del CIO en modalidad online sobre Inteligencia Artificial y Ciencia de los Datos<\/h1>\t\t<\/div>\n\t\t\t\t<\/div>\n\t\t\t\t\t\t<\/div>\n\t\t\t\t\t<\/div>\n\t\t<\/div>\n\t\t\t\t\t\t\t\t<\/div>\n\t\t\t\t\t<\/div>\n\t\t<\/section>\n\t\t\t\t<section class=\"elementor-section elementor-top-section elementor-element elementor-element-73dad558 elementor-section-boxed elementor-section-height-default elementor-section-height-default\" data-id=\"73dad558\" data-element_type=\"section\">\n\t\t\t\t\t\t<div class=\"elementor-container elementor-column-gap-default\">\n\t\t\t\t\t\t\t<div class=\"elementor-row\">\n\t\t\t\t\t<div class=\"elementor-column elementor-col-100 elementor-top-column elementor-element elementor-element-24c6ba01\" data-id=\"24c6ba01\" data-element_type=\"column\">\n\t\t\t<div class=\"elementor-column-wrap elementor-element-populated\">\n\t\t\t\t\t\t\t<div class=\"elementor-widget-wrap\">\n\t\t\t\t\t\t<div class=\"elementor-element elementor-element-eec62ae elementor-widget-divider--view-line elementor-widget elementor-widget-divider\" data-id=\"eec62ae\" data-element_type=\"widget\" data-widget_type=\"divider.default\">\n\t\t\t\t<div class=\"elementor-widget-container\">\n\t\t\t\t\t<div class=\"elementor-divider\">\n\t\t\t<span class=\"elementor-divider-separator\">\n\t\t\t\t\t\t<\/span>\n\t\t<\/div>\n\t\t\t\t<\/div>\n\t\t\t\t<\/div>\n\t\t\t\t<div class=\"elementor-element elementor-element-40cbc1c7 elementor-widget elementor-widget-text-editor\" data-id=\"40cbc1c7\" data-element_type=\"widget\" data-widget_type=\"text-editor.default\">\n\t\t\t\t<div class=\"elementor-widget-container\">\n\t\t\t\t\t\t\t\t<div class=\"elementor-text-editor elementor-clearfix\">\n\t\t\t\t<p><strong style=\"color: #000000;font-size: 16px;text-align: justify\">100% DE TASA DE EMPLEABILIDAD EN ESPA\u00d1A<\/strong><\/p><p style=\"font-size: 16px;color: #000000;text-align: justify\">En 2020 se prev\u00e9 que ser\u00e1n necesarios m\u00e1s de 10 millones de especialistas en este sector en Europa contribuyendo significativamente a lo que un gran n\u00famero de expertos definen como la cuarta revoluci\u00f3n industrial.<\/p><p style=\"font-size: 16px;color: #000000;text-align: justify\"><strong>14 A\u00d1OS TRABAJANDO EN ESTE SECTOR\u00a0<\/strong><\/p><p style=\"font-size: 16px;color: #000000;text-align: justify\">Desde el Instituto Universitario Centro de Investigaci\u00f3n Operativa (CIO) de la Universidad Miguel Hern\u00e1ndez de Elche queremos transmitir parte de nuestra experiencia a trav\u00e9s de un conjunto de cursos impartidos por grandes profesionales con amplia experiencia en la materia.<\/p><div class=\"container-wrapper-genially\" style=\"min-height: 400px;max-width: 100%\"><p><img class=\"loader-genially\" style=\"width: 80px;height: 80px;margin: auto\" src=\"https:\/\/genially.blob.core.windows.net\/genially\/version3.0\/loader.gif\" alt=\"\" \/><\/p><div id=\"5da994e4d255470f305aadf2\" class=\"genially-embed\" style=\"margin: 0px auto;height: auto;width: 100%\"><\/div><\/div><p><\/p><p style=\"font-size: 16px;text-align: justify;color: #000000\"><strong>CURSOS OFICIALES <\/strong>.<\/p><p style=\"font-size: 16px;text-align: justify;color: #000000\">Nuestros cursos est\u00e1n destinados a <span style=\"color: #000000\">estudiantes<\/span> y <span style=\"color: #000000\">profesionales<\/span> que deseen profundizar en este tipo de tecnolog\u00edas de procesamiento de datos con el fin de conocerlas y aplicarlas en el flujo de trabajo diario de sus empresas.<\/p><p style=\"font-size: 16px;text-align: justify;color: #000000\"><\/p><p style=\"font-size: 16px;text-align: justify;color: #000000\"><strong>CURSOS INDEPENDIENTES <\/strong>.<\/p><p style=\"font-size: 16px;text-align: justify;color: #000000\">40 horas cada uno e impartidos utlizando una metodolog\u00eda <strong>100% online<\/strong>. Recuerda que no es necesario que te matricules de los 4, puedes elegir aquel o aquellos que realmente necesites con un precio por curso de<strong> 204,80\u20ac o 154,80\u20ac<\/strong> UMH)..<\/p><p style=\"font-size: 16px;color: #000000;text-align: justify\">Ofrecemos 4 cursos impartidos por grandes profesionales con amplia experiencia en la materia. Desde profesores de universidad hasta profesionales muy activos en Big Data. <strong><span style=\"color: #000000\"> El CIO es uno de los 14 institutos universitarios de investigaci\u00f3n en matem\u00e1ticas de Espa\u00f1a <\/span><\/strong> .<\/p><hr style=\"border: 2px solid red;margin-top: 20px;margin-bottom: 30px\" \/><h2 class=\"entry-title main_title\" style=\"text-align: left\">INFORMACI\u00d3N GENERAL CURSOS ONLINE BIG DATA<\/h2><h3 style=\"margin-top: 30px\"><strong><span style=\"text-decoration: underline;color: #000000\"><span style=\"text-decoration: underline\"><a href=\"http:\/\/cio.edu.umh.es\/curso_big_data_procesamiento_y_visualizacion_de_datos\/\" target=\"_blank\" rel=\"noopener noreferrer\">CURSO BIG DATA: PROCESAMIENTO Y VISUALIZACI\u00d3N DE DATOS<\/a><\/span><\/span><\/strong><\/h3><div><p style=\"margin-bottom: 20px\">El preprocesamiento es indispensable para entender y analizar datos masivos. En este m\u00f3dulo aprender\u00e1s a recopilar diferentes bases de datos y realizar un estudio descriptivo de los mismos a trav\u00e9s de gr\u00e1ficos interactivos a trav\u00e9s de gr\u00e1ficos interactivos en Tableau, Powerbi y R. <a style=\"text-decoration: underline;color: blue\" href=\"http:\/\/cio.edu.umh.es\/curso_big_data_procesamiento_y_visualizacion_de_datos\/\" target=\"_blank\" rel=\"noopener noreferrer\">Pincha aqu\u00ed para saber m\u00e1s&#8230;<\/a><\/p><\/div><div style=\"background-color: #ffeefb\"><ul><li><span style=\"color: #ff6600\">Fechas de inicio y fin de impartici\u00f3n:<\/span> del 04\/11\/2019 al 13\/12\/2019<\/li><li><span style=\"color: #ff6600\">Duraci\u00f3n en horas:<\/span> 40 horas<\/li><li><span style=\"color: #ff6600\">Knowledge area:<\/span>Estad\u00edstica e Investigaci\u00f3n Operativa<\/li><li><span style=\"color: #ff6600\">Precio del curso: <\/span> <b> 204,80\u20ac &#8211; (Comunidad UMH 154,80\u20ac) <\/b><\/li><\/ul><\/div><p><a style=\"background-color: #ff6600;color: white;border: none;padding: 16px 32px;text-align: center;text-decoration: none;display: inline-block;font-size: 18px;font-weight: bold;margin: 20px 2px;cursor: pointer\" href=\"#conact-form\">Inscr\u00edbete<\/a><\/p><h3 style=\"margin-top: 30px\"><strong><span style=\"text-decoration: underline;color: #000000\"><span style=\"text-decoration: underline\"><a href=\"http:\/\/cio.edu.umh.es\/curso_big_data_modelizacion_estadistica_avanzada\/\" target=\"_blank\" rel=\"noopener noreferrer\">CURSO BIG DATA: MODELIZACI\u00d3N ESTAD\u00cdSTICA AVANZADA<\/a><\/span><\/span><\/strong><\/h3><div><p style=\"margin-bottom: 20px\">Esta materia proporciona los conocimientos y capacidades b\u00e1sicas para afrontar los problemas de modelizaci\u00f3n estad\u00edstica. En este curso aprender\u00e1s a: aplicar los fundamentos matem\u00e1ticos b\u00e1sicos para el estudio y modelizaci\u00f3n de bases de datos o realizar an\u00e1lisis previos descriptivos y diferentes tipos de modelos y aplicarlos en funci\u00f3n de la naturaleza del dise\u00f1o experimental y de la naturaleza de las variables predictoras. <a style=\"text-decoration: underline;color: blue\" href=\"http:\/\/cio.edu.umh.es\/curso_big_data_modelizacion_estadistica_avanzada\/\" target=\"_blank\" rel=\"noopener noreferrer\">Pincha aqu\u00ed para saber m\u00e1s&#8230;<\/a><\/p><\/div><div style=\"background-color: #e6fcff;padding: 10px;margin-bottom: 8px\"><ul><li><span style=\"color: #ff6600\">Fechas de inicio y fin de impartici\u00f3n:<\/span> del 06\/02\/2020 al 31\/03\/2020<\/li><li><span style=\"color: #ff6600\">Duraci\u00f3n en horas:<\/span> 40 horas<\/li><li><span style=\"color: #ff6600\">Knowledge area:<\/span>Estad\u00edstica e Investigaci\u00f3n Operativa<\/li><li><span style=\"color: #ff6600\">Precio del curso: <\/span> <b> 204,80\u20ac &#8211; (Comunidad UMH 154,80\u20ac) <\/b><\/li><\/ul><\/div><p><a class=\"button button1\" style=\"background-color: #ff6600;color: white;border: none;padding: 16px 32px;text-align: center;text-decoration: none;display: inline-block;font-size: 18px;font-weight: bold;margin: 20px 2px;cursor: pointer\" href=\"#conact-form\">Inscr\u00edbete<\/a><\/p><h4><\/h4><h3 style=\"margin-top: 30px\"><strong><span style=\"text-decoration: underline;color: #000000\"><span style=\"text-decoration: underline\"><a href=\"http:\/\/cio.edu.umh.es\/curso_big_data_tecnicas_predictivas_de_machine_learning\/\/\" target=\"_blank\" rel=\"noopener noreferrer\">CURSO BIG DATA: T\u00c9CNICAS PREDICTIVAS DE MACHINE LEARNING<\/a><\/span><\/span><\/strong><\/h3><div><p style=\"margin-bottom: 20px\">Las t\u00e9cnicas anal\u00edticas de Machine Learning se han mostrado especialmente \u00fatiles en \u00e1mbitos predictivos en diferentes sectores productivos tales como turismo, calzado, industria \u00bfC\u00f3mo se dise\u00f1an dichos m\u00e9todos? \u00bfC\u00f3mo se instancian e interpretan? Con este curso lograr\u00e1s adquirir conocimientos y habilidades operativas sobre: selecci\u00f3n de caracter\u00edsticas, predicci\u00f3n de variables num\u00e9ricas (Regresi\u00f3n), predicci\u00f3n de variables categ\u00f3ricas (Clasificaci\u00f3n) y patrones.\u00a0<a style=\"text-decoration: underline;color: blue\" href=\"http:\/\/cio.edu.umh.es\/curso_big_data_tecnicas_predictivas_de_machine_learning\/\/\" target=\"_blank\" rel=\"noopener noreferrer\">Pincha aqu\u00ed para saber m\u00e1s&#8230;<\/a><\/p><\/div><div style=\"background-color: #bff0d0;padding: 10px;margin-bottom: 8px\"><ul><li><span style=\"color: #ff6600\">Fechas de inicio y fin de impartici\u00f3n:<\/span> del 06\/04\/2020 al 04\/05\/2020<\/li><li><span style=\"color: #ff6600\">Duraci\u00f3n en horas:<\/span> 40 horas<\/li><li><span style=\"color: #ff6600\">Knowledge area:<\/span>Estad\u00edstica e Investigaci\u00f3n Operativa<\/li><li><span style=\"color: #ff6600\">Precio del curso: <\/span> <b> 204,80\u20ac &#8211; (Comunidad UMH 154,80\u20ac) <\/b><\/li><\/ul><\/div><p><a class=\"button button1\" style=\"background-color: #ff6600;color: white;border: none;padding: 16px 32px;text-align: center;text-decoration: none;display: inline-block;font-size: 18px;font-weight: bold;margin: 20px 2px;cursor: pointer\" href=\"#conact-form\">Inscr\u00edbete<\/a><\/p><h4><\/h4><h3 style=\"margin-top: 30px\"><strong><span style=\"text-decoration: underline;color: #000000\"><span style=\"text-decoration: underline\"><a href=\"http:\/\/cio.edu.umh.es\/curso_big_data_analisis_estadistico_y_de_redes_sociales_con_python\/\" target=\"_blank\" rel=\"noopener noreferrer\">CURSO BIG DATA: AN\u00c1LISIS ESTAD\u00cdSTICO Y DE REDES SOCIALES CON PYTHON<\/a><\/span><\/span><\/strong><\/h3><div><p style=\"margin-bottom: 20px\">Python es un lenguaje de programaci\u00f3n interpretado cuya filosof\u00eda hace hincapi\u00e9 en una sintaxis muy limpia y un c\u00f3digo legible. Empresas de alto prestigio utilizan Python para programar todo tipo de aplicaciones y servicios, por lo que se su conocimiento se hace indispensable especialmente en cualquier labor relacionada con el an\u00e1lisis de Datos. En este curso se abordar\u00e1 el aprendizaje del lenguaje Python y la utilizaci\u00f3n de las sus principales librer\u00edas destinadas al tratamiento de datos como Numpy, Matplotlib o Panda. Tambi\u00e9n podr\u00e1s adquirir conocimientos y habilidades operativas sobre: APIs para acceso y carga de tweets; m\u00e9tricas sobre Followers y Friends; an\u00e1lisis de contenidos; clasificaci\u00f3n de tweets.\u00a0<a style=\"text-decoration: underline;color: blue\" href=\"http:\/\/cio.edu.umh.es\/curso_big_data_analisis_estadistico_y_de_redes_sociales_con_python\/\" target=\"_blank\" rel=\"noopener noreferrer\">Pincha aqu\u00ed para saber m\u00e1s&#8230;<\/a><\/p><\/div><div style=\"background-color: #fdf2ff;padding: 10px;margin-bottom: 8px\"><ul><li><span style=\"color: #ff6600\">Fechas de inicio y fin de impartici\u00f3n:<\/span> del 22\/06\/2020 al 22\/07\/2020<\/li><li><span style=\"color: #ff6600\">Duraci\u00f3n en horas:<\/span> 40 horas<\/li><li><span style=\"color: #ff6600\">Knowledge area:<\/span>Estad\u00edstica e Investigaci\u00f3n Operativa<\/li><li><span style=\"color: #ff6600\">Precio del curso: <\/span> <b> 204,80\u20ac &#8211; (Comunidad UMH 154,80\u20ac) <\/b><\/li><\/ul><\/div><p><a class=\"button button1\" style=\"background-color: #ff6600;color: white;border: none;padding: 16px 32px;text-align: center;text-decoration: none;display: inline-block;font-size: 18px;font-weight: bold;margin: 20px 2px;cursor: pointer\" href=\"#conact-form\">Inscr\u00edbete<\/a><\/p><div id=\"conact-form\"><\/div><h1 class=\"entry-title main_title\"><\/h1><p><a href=\"https:\/\/cio.umh.es\/en\/files\/2019\/09\/CURSOSCIO_page-0001.jpg\/\"><img loading=\"lazy\" class=\"aligncenter wp-image-14690\" src=\"https:\/\/cio.umh.es\/files\/2019\/09\/CURSOSCIO_page-0001.jpg\" alt=\"CURSOSCIO_page-0001\" width=\"629\" height=\"889\" \/><\/a><\/p><h4><\/h4><h3><strong><span style=\"text-decoration: underline;color: #000000\"><span style=\"text-decoration: underline\">INFORMACI\u00d3N GENERAL:<\/span><\/span><\/strong><\/h3><ul><li><span style=\"color: #ff6600\">Modalidad: <span style=\"color: #000000\">100% online<\/span><\/span><\/li><li><span style=\"color: #000000\"><span style=\"color: #ff6600\">Duration:<\/span> 40 horas por curso<\/span><\/li><li><span style=\"color: #ff6600\">Precio:<\/span> <span style=\"color: #000000\">100\u20ac por curso<\/span><\/li><\/ul><h4><\/h4><h4><strong><span style=\"text-decoration: underline;color: #000000\"><span style=\"text-decoration: underline\">CURSO 1: PROCESAMIENTO Y VISUALIZACI\u00d3N DE DATOS<\/span><\/span><\/strong><\/h4><ul><li><span style=\"color: #ff6600\">Fechas de inicio y fin de impartici\u00f3n: <span style=\"color: #000000\">del 04\/11\/2019 al 13\/12\/2019<\/span><\/span><\/li><li><span style=\"color: #000000\"><span style=\"color: #ff6600\">Duraci\u00f3n en horas:<\/span> 40 horas<\/span><\/li><li><span style=\"color: #ff6600\">Knowledge area:<\/span> <span style=\"color: #000000\">Estad\u00edstica e Investigaci\u00f3n Operativa<\/span><\/li><li><span style=\"color: #ff6600\">M\u00e1s informaci\u00f3n:<\/span><span style=\"color: #808080\">\u00a0<\/span><span style=\"color: #0000ff\"><a style=\"color: #0000ff\" href=\"http:\/\/cio.edu.umh.es\/cursocio1\/\" target=\"_blank\" rel=\"noopener noreferrer\">http:\/\/cio.edu.umh.es\/cursocio1\/<\/a><\/span><\/li><\/ul><h4><\/h4><h4><\/h4><h4><strong><span style=\"text-decoration: underline;color: #000000\"><span style=\"text-decoration: underline\">CURSO 2:\u00a0MODELIZACI\u00d3N ESTAD\u00cdSTICA AVANZADA<\/span><\/span><\/strong><\/h4><ul><li><span style=\"color: #808080\"><span style=\"color: #ff6600\">Fechas de inicio y fin de impartici\u00f3n: <span style=\"color: #000000\">del 06\/02\/2020 al 31\/03\/2020<\/span><\/span><\/span><\/li><li><span style=\"color: #000000\"><span style=\"color: #ff6600\">Duraci\u00f3n en horas:<\/span> 40 horas<\/span><\/li><li><span style=\"color: #ff6600\">Knowledge area:<\/span> <span style=\"color: #000000\">Estad\u00edstica e Investigaci\u00f3n Operativa<\/span><\/li><li><span style=\"color: #808080\"><span style=\"color: #ff6600\">M\u00e1s informaci\u00f3n:<\/span><span style=\"color: #808080\">\u00a0<\/span><span style=\"color: #0000ff\"><a style=\"color: #0000ff\" href=\"http:\/\/cio.edu.umh.es\/cursocio2\/\" target=\"_blank\" rel=\"noopener noreferrer\">http:\/\/cio.edu.umh.es\/cursocio2\/<\/a><\/span><\/span><\/li><\/ul><h4><\/h4><h4><\/h4><h4><strong><span style=\"text-decoration: underline;color: #000000\"><span style=\"text-decoration: underline\">CURSO 3:\u00a0T\u00c9CNICAS PREDICTIVAS DE MACHINE LEARNING<\/span><\/span><\/strong><\/h4><ul><li><span style=\"color: #808080\"><span style=\"color: #ff6600\">Fechas de inicio y fin de impartici\u00f3n: <span style=\"color: #000000\">del 06\/04\/2020 al 04\/05\/2020<\/span><\/span><\/span><\/li><li><span style=\"color: #000000\"><span style=\"color: #ff6600\">Duraci\u00f3n en horas:<\/span> 40 horas<\/span><\/li><li><span style=\"color: #ff6600\">Knowledge area:<\/span>\u00a0<span style=\"color: #000000\">Ingenier\u00eda y Arquitectura<\/span><\/li><li><span style=\"color: #808080\"><span style=\"color: #ff6600\">M\u00e1s informaci\u00f3n:<\/span><span style=\"color: #808080\">\u00a0<\/span><a href=\"http:\/\/cio.edu.umh.es\/cursocio3\/\" target=\"_blank\" rel=\"noopener noreferrer\"><span style=\"color: #0000ff\">http:\/\/cio.edu.umh.es\/cursocio3\/<\/span><\/a><\/span><\/li><\/ul><h4><\/h4><h4><\/h4><h4><strong><span style=\"text-decoration: underline;color: #000000\"><span style=\"text-decoration: underline\">CURSO 4: AN\u00c1LISIS ESTAD\u00cdSTICO Y DE REDES SOCIALES CON PYTHON<\/span><\/span><\/strong><\/h4><ul><li><span style=\"color: #808080\"><span style=\"color: #ff6600\">Fechas de inicio y fin de impartici\u00f3n: <span style=\"color: #000000\">del 22\/06\/2020 al 22\/07\/2020<\/span><\/span><\/span><\/li><li><span style=\"color: #000000\"><span style=\"color: #ff6600\">Duraci\u00f3n en horas:<\/span> 40 horas<\/span><\/li><li><span style=\"color: #ff6600\">Knowledge area:<\/span>\u00a0<span style=\"color: #000000\"><span>Estad\u00edstica e Investigaci\u00f3n Operativa<\/span><\/span><\/li><li><span style=\"color: #808080\"><span style=\"color: #ff6600\">M\u00e1s informaci\u00f3n:<\/span><span style=\"color: #808080\">\u00a0<\/span><a href=\"http:\/\/cio.edu.umh.es\/cursocio4\/\" target=\"_blank\" rel=\"noopener noreferrer\"><span style=\"color: #0000ff\">http:\/\/cio.edu.umh.es\/cursocio4\/<\/span><\/a><\/span><\/li><\/ul><div><\/div><div><\/div><div><\/div><div><\/div><div><\/div>\t\t\t\t\t<\/div>\n\t\t\t\t\t\t<\/div>\n\t\t\t\t<\/div>\n\t\t\t\t\t\t<\/div>\n\t\t\t\t\t<\/div>\n\t\t<\/div>\n\t\t\t\t\t\t\t\t<\/div>\n\t\t\t\t\t<\/div>\n\t\t<\/section>\n\t\t\t\t<section class=\"elementor-section elementor-top-section elementor-element elementor-element-8c7ce1d elementor-section-boxed elementor-section-height-default elementor-section-height-default\" data-id=\"8c7ce1d\" data-element_type=\"section\">\n\t\t\t\t\t\t<div class=\"elementor-container elementor-column-gap-default\">\n\t\t\t\t\t\t\t<div class=\"elementor-row\">\n\t\t\t\t\t<div class=\"elementor-column elementor-col-100 elementor-top-column elementor-element elementor-element-6ba8f55\" data-id=\"6ba8f55\" data-element_type=\"column\">\n\t\t\t<div class=\"elementor-column-wrap\">\n\t\t\t\t\t\t\t<div class=\"elementor-widget-wrap\">\n\t\t\t\t\t\t\t\t<\/div>\n\t\t\t\t\t<\/div>\n\t\t<\/div>\n\t\t\t\t\t\t\t\t<\/div>\n\t\t\t\t\t<\/div>\n\t\t<\/section>\n\t\t\t\t\t\t<\/div>\n\t\t\t\t\t\t<\/div>\n\t\t\t\t\t<\/div>","protected":false},"excerpt":{"rendered":"<p>Ap\u00fantate a los Cursos Big Data del CIO en modalidad online sobre Inteligencia Artificial y Ciencia de los Datos<br \/>\n100% DE TASA DE EMPLEABILIDAD EN ESPA\u00d1A<br \/>\nEn 2020 se prev\u00e9 que ser\u00e1n necesarios m\u00e1s de 10 millones de especialistas en este sector en Europa contribuyendo significativamente a lo que un gran n\u00famero de expertos definen como la [&#8230;]<\/p>","protected":false},"author":3477,"featured_media":0,"parent":0,"menu_order":0,"comment_status":"open","ping_status":"open","template":"page-templates\/template-pagebuilder-full-width.php","meta":{"_links_to":"","_links_to_target":""},"categories":[],"tags":[],"_links":{"self":[{"href":"https:\/\/cio.umh.es\/en\/wp-json\/wp\/v2\/pages\/14682"}],"collection":[{"href":"https:\/\/cio.umh.es\/en\/wp-json\/wp\/v2\/pages"}],"about":[{"href":"https:\/\/cio.umh.es\/en\/wp-json\/wp\/v2\/types\/page"}],"author":[{"embeddable":true,"href":"https:\/\/cio.umh.es\/en\/wp-json\/wp\/v2\/users\/3477"}],"replies":[{"embeddable":true,"href":"https:\/\/cio.umh.es\/en\/wp-json\/wp\/v2\/comments?post=14682"}],"version-history":[{"count":0,"href":"https:\/\/cio.umh.es\/en\/wp-json\/wp\/v2\/pages\/14682\/revisions"}],"wp:attachment":[{"href":"https:\/\/cio.umh.es\/en\/wp-json\/wp\/v2\/media?parent=14682"}],"wp:term":[{"taxonomy":"category","embeddable":true,"href":"https:\/\/cio.umh.es\/en\/wp-json\/wp\/v2\/categories?post=14682"},{"taxonomy":"post_tag","embeddable":true,"href":"https:\/\/cio.umh.es\/en\/wp-json\/wp\/v2\/tags?post=14682"}],"curies":[{"name":"wp","href":"https:\/\/api.w.org\/{rel}","templated":true}]}}