{"id":1430,"date":"2011-12-05T14:03:36","date_gmt":"2011-12-05T13:03:36","guid":{"rendered":"http:\/\/cio.zeus.umh.es\/servicios\/%c2%bfque-es-la-io"},"modified":"2011-12-05T14:03:36","modified_gmt":"2011-12-05T13:03:36","slug":"que-es-la-io","status":"publish","type":"page","link":"https:\/\/cio.umh.es\/en\/servicios\/que-es-la-io\/","title":{"rendered":"\u00bfQu\u00e9 es la IO?"},"content":{"rendered":"<p>[:es]La Investigaci\u00f3n Operativa es la disciplina que aplicando avanzados m\u00e9todos anal\u00edticos ayuda a empresas e instituciones a tomar las decisiones m\u00e1s acertadas y rentables.<br \/>\nEmpleando t\u00e9cnicas complejas basadas en modelos matem\u00e1ticos, la Investigaci\u00f3n Operativa permite dise\u00f1ar sistemas m\u00e1s eficaces y productivos.<br \/>\nOBTIENE INFORMACI\u00d3N M\u00c1S COMPLETA<br \/>\nCONSIDERA TODAS LAS OPCIONES POSIBLES<br \/>\nPREDICE RESULTADOS Y ESTIMA LOS RIESGOS<br \/>\nOFRECE HERRAMIENTAS Y T\u00c9CNICAS DE DECISI\u00d3N MODERNAS[:en]Operations Research is the discipline that applies advanced analytics to help companies and institutions to make better and more profitable decisions.<br \/>\nUsing complex techniques based on mathematical models, Operations Research can design more efficient and productive systems.<br \/>\nGET MORE COMPLETE INFORMATION<br \/>\nCONSIDER ALL THE POSSIBLE OPTIONS<br \/>\nPREDICTS RESULTS AND ESTIMATES RISK<br \/>\nOFFER MODERN DECISION TECHNIQUES AND TOOLS[:ca]La investigaci\u00f3 operativa \u00e9s la disciplina que aplicant avan\u00e7ats m\u00e8todes anal\u00edtics ajuda a empreses i institucions a prendre les decisions m\u00e9s encertades i rendibles.<br \/>\nEmprant t\u00e8cniques complexes basades en models matem\u00e0tics, la Investigaci\u00f3 Operativa permet dissenyar sistemes m\u00e9s efica\u00e7os i productius.<br \/>\nOBT\u00c9 INFORMACI\u00d3 M\u00c9S COMPLETA<br \/>\nCONSIDERA TOTES LES OPCIONS POSSIBLES<br \/>\nPREDIU RESULTATS I ESTIMA ELS RISCOS<br \/>\nOFERIX EINES I T\u00c8CNIQUES DE DECISI\u00d3 MODERNES[:]<\/p>","protected":false},"excerpt":{"rendered":"<p>[:es]La Investigaci\u00f3n Operativa es la disciplina que aplicando avanzados m\u00e9todos anal\u00edticos ayuda a empresas e instituciones a tomar las decisiones m\u00e1s acertadas y rentables.<br \/>\nEmpleando t\u00e9cnicas complejas basadas en modelos matem\u00e1ticos, la Investigaci\u00f3n Operativa permite dise\u00f1ar sistemas m\u00e1s eficaces y productivos.<br \/>\nOBTIENE INFORMACI\u00d3N M\u00c1S COMPLETA<br \/>\nCONSIDERA TODAS LAS OPCIONES POSIBLES<br \/>\nPREDICE RESULTADOS Y ESTIMA LOS RIESGOS<br \/>\nOFRECE HERRAMIENTAS Y T\u00c9CNICAS [&#8230;]<\/p>","protected":false},"author":3477,"featured_media":0,"parent":1411,"menu_order":1,"comment_status":"closed","ping_status":"closed","template":"","meta":{"_links_to":"","_links_to_target":""},"categories":[],"tags":[],"_links":{"self":[{"href":"https:\/\/cio.umh.es\/en\/wp-json\/wp\/v2\/pages\/1430"}],"collection":[{"href":"https:\/\/cio.umh.es\/en\/wp-json\/wp\/v2\/pages"}],"about":[{"href":"https:\/\/cio.umh.es\/en\/wp-json\/wp\/v2\/types\/page"}],"author":[{"embeddable":true,"href":"https:\/\/cio.umh.es\/en\/wp-json\/wp\/v2\/users\/3477"}],"replies":[{"embeddable":true,"href":"https:\/\/cio.umh.es\/en\/wp-json\/wp\/v2\/comments?post=1430"}],"version-history":[{"count":0,"href":"https:\/\/cio.umh.es\/en\/wp-json\/wp\/v2\/pages\/1430\/revisions"}],"up":[{"embeddable":true,"href":"https:\/\/cio.umh.es\/en\/wp-json\/wp\/v2\/pages\/1411"}],"wp:attachment":[{"href":"https:\/\/cio.umh.es\/en\/wp-json\/wp\/v2\/media?parent=1430"}],"wp:term":[{"taxonomy":"category","embeddable":true,"href":"https:\/\/cio.umh.es\/en\/wp-json\/wp\/v2\/categories?post=1430"},{"taxonomy":"post_tag","embeddable":true,"href":"https:\/\/cio.umh.es\/en\/wp-json\/wp\/v2\/tags?post=1430"}],"curies":[{"name":"wp","href":"https:\/\/api.w.org\/{rel}","templated":true}]}}