{"id":1426,"date":"2011-12-05T13:36:42","date_gmt":"2011-12-05T12:36:42","guid":{"rendered":"http:\/\/cio.zeus.umh.es\/presentacion\/el-cio"},"modified":"2011-12-05T13:36:42","modified_gmt":"2011-12-05T12:36:42","slug":"el-cio","status":"publish","type":"page","link":"https:\/\/cio.umh.es\/en\/presentacion\/el-cio\/","title":{"rendered":"Sobre el CIO"},"content":{"rendered":"[et_pb_section][et_pb_row][et_pb_column type=\u00bb4_4&#8243;][et_pb_text][:es]<a href=\"https:\/\/cio.umh.es\/en\/files\/2011\/12\/unnamed.jpg\/\"><img loading=\"lazy\" class=\"aligncenter size-large wp-image-14846\" src=\"https:\/\/cio.umh.es\/files\/2011\/12\/unnamed-1024x768.jpg\" alt=\"CIO\" width=\"1024\" height=\"683\"><\/a>\n<p style=\"text-align: justify\"><span style=\"color: #808080\">El Instituto Universitario de Investigaci\u00f3n \u201c<strong>Centro de Investigaci\u00f3n Operativa<\/strong>\u201d (<strong>Institute<\/strong>) se crea en el a\u00f1o 2005 con el objetivo de apoyar el desarrollo y la pr\u00e1ctica de la investigaci\u00f3n en <strong>Statistics<\/strong>, <strong>Matem\u00e1tica Aplicada<\/strong>, <strong>Optimizaci\u00f3n<\/strong> y las <strong>Tecnolog\u00edas de la Informaci\u00f3n<\/strong>, tal como se recoge en su memoria de creaci\u00f3n.<\/span><\/p>\n<p style=\"font-weight: 400\"><span style=\"color: #808080\">The <strong>Institute<\/strong> is composed of 11 research groups acknowledged in the Register of Research Groups of the <strong>MHU<\/strong>of which 7 of them are consolidate <strong>research groups<\/strong> and the other 4 are emerging research groups.<\/span><\/p>\n<p style=\"font-weight: 400\"><span style=\"color: #808080\">Entre sus <strong>objectives<\/strong> priorities are, first, both basic and applied research carried out by its researchers, second, the transfer of knowledge and technology to Society, always seeking to improve quality, efficiency and productivity both in public institutions and in companies. private, and, thirdly, promote postgraduate training (advanced courses, masters and doctoral programs).<\/span><\/p>\n[:en]\n<p style=\"text-align: justify\"><a href=\"https:\/\/cio.umh.es\/en\/files\/2011\/12\/unnamed.jpg\/\"><img loading=\"lazy\" class=\"aligncenter size-large wp-image-14846\" src=\"https:\/\/cio.umh.es\/files\/2011\/12\/unnamed-1024x768.jpg\" alt=\"CIO\" width=\"1024\" height=\"768\"><\/a><\/p>\n<p style=\"text-align: justify\"><span style=\"color: #808080\">The University Institute of Research \u00ab<strong>Center for Operational Research\u00bb<\/strong> (<strong>Institute<\/strong>) was created in 2005 with the aim of supporting the development and practice of research in <strong>Statistics<\/strong>, <strong>Applied Mathematics<\/strong>, <strong>Optimization<\/strong> and <strong>Information Technologies<\/strong>, as collects in its creation memory.<\/span><\/p>\n<p style=\"font-weight: 400\"><span style=\"color: #808080\">The <strong>Institute<\/strong> is made up of more than forty researchers from the <strong>Miguel Hern\u00e1ndez University of Elche<\/strong>, all of them doctors and experts in disciplines such as statistics, mathematics and computing, forming a <strong>qualified interdisciplinary group<\/strong> capable of addressing different current problems in the business world.<\/span><\/p>\n<p style=\"font-weight: 400\"><span style=\"color: #808080\">Among its priority <strong>objectives<\/strong> is, first, both basic and applied research conducted by its researchers, second, the transfer of knowledge and technology to society, always seeking the improvement of quality, efficiency and productivity in both public institutions as in private companies, and, third, to promote postgraduate training (advanced courses, master&#8217;s degrees and doctoral programs).<\/span><\/p>\n[:][\/et_pb_text][\/et_pb_column][\/et_pb_row][\/et_pb_section]","protected":false},"excerpt":{"rendered":"<p>[et_pb_section][et_pb_row][et_pb_column type=\u00bb4_4&#8243;][et_pb_text][:es]<br \/>\nEl Instituto Universitario de Investigaci\u00f3n \u201cCentro de Investigaci\u00f3n Operativa\u201d (CIO) se crea en el a\u00f1o 2005 con el objetivo de apoyar el desarrollo y la pr\u00e1ctica de la investigaci\u00f3n en Estad\u00edstica, Matem\u00e1tica Aplicada, Optimizaci\u00f3n y las Tecnolog\u00edas de la Informaci\u00f3n, tal como se recoge en su memoria de creaci\u00f3n.<br \/>\nEl CIO est\u00e1 formado por m\u00e1s [&#8230;]<\/p>","protected":false},"author":3477,"featured_media":0,"parent":1412,"menu_order":1,"comment_status":"closed","ping_status":"closed","template":"","meta":{"_links_to":"","_links_to_target":""},"categories":[],"tags":[],"_links":{"self":[{"href":"https:\/\/cio.umh.es\/en\/wp-json\/wp\/v2\/pages\/1426"}],"collection":[{"href":"https:\/\/cio.umh.es\/en\/wp-json\/wp\/v2\/pages"}],"about":[{"href":"https:\/\/cio.umh.es\/en\/wp-json\/wp\/v2\/types\/page"}],"author":[{"embeddable":true,"href":"https:\/\/cio.umh.es\/en\/wp-json\/wp\/v2\/users\/3477"}],"replies":[{"embeddable":true,"href":"https:\/\/cio.umh.es\/en\/wp-json\/wp\/v2\/comments?post=1426"}],"version-history":[{"count":0,"href":"https:\/\/cio.umh.es\/en\/wp-json\/wp\/v2\/pages\/1426\/revisions"}],"up":[{"embeddable":true,"href":"https:\/\/cio.umh.es\/en\/wp-json\/wp\/v2\/pages\/1412"}],"wp:attachment":[{"href":"https:\/\/cio.umh.es\/en\/wp-json\/wp\/v2\/media?parent=1426"}],"wp:term":[{"taxonomy":"category","embeddable":true,"href":"https:\/\/cio.umh.es\/en\/wp-json\/wp\/v2\/categories?post=1426"},{"taxonomy":"post_tag","embeddable":true,"href":"https:\/\/cio.umh.es\/en\/wp-json\/wp\/v2\/tags?post=1426"}],"curies":[{"name":"wp","href":"https:\/\/api.w.org\/{rel}","templated":true}]}}