{"id":1418,"date":"2011-11-30T08:30:52","date_gmt":"2011-11-30T08:30:52","guid":{"rendered":"http:\/\/cio.zeus.umh.es\/investigacion\/actividades\/"},"modified":"2011-11-30T08:30:52","modified_gmt":"2011-11-30T08:30:52","slug":"congresos","status":"publish","type":"page","link":"https:\/\/cio.umh.es\/en\/investigacion\/congresos\/","title":{"rendered":"Congresos"},"content":{"rendered":"<p>[:es]<\/p>\n<h4 style=\"color: #555\">PR\u00d3XIMOS CONGRESOS<\/h4>\n<ul>\n<\/ul>\n<h4 style=\"color: #555\"><img class=\"alignnone size-full wp-image-130\" src=\"\/files\/2011\/11\/lista.png\" alt=\"\" \/>CONGRESOS ANTERIORES<\/h4>\n<ul>\n<li><img class=\"alignnone size-full wp-image-130\" src=\"\/files\/2011\/11\/lista.png\" alt=\"\" \/>II Feria de Ciencia y Tecnolog\u00eda en Elche (FeCiTElx)<br \/>\nURL: <a href=\"http:\/\/fecitelxumh.es\/\" target=\"_blank\" rel=\"noopener noreferrer\">http:\/\/fecitelxumh.es\/<\/a><br \/>\nInicio: 21\/04\/2016<br \/>\nProfesora Organizadora:\u00a0M\u00aa Asunci\u00f3n Mart\u00ednez Mayoral<\/li>\n<li><img class=\"alignnone size-full wp-image-130\" src=\"\/files\/2011\/11\/lista.png\" alt=\"\" \/>II Jornadas Internacionales de Innovaci\u00f3n en Ciencias, Matem\u00e1ticas y Tecnolog\u00eda de Secundaria y Bachillerato<br \/>\nURL: <a href=\"http:\/\/jornadasicmt.com\">http:\/\/jornadasicmt.com<\/a><br \/>\nInicio: 25\/09\/2015<br \/>\nProfesora Organizadora:\u00a0M\u00aa Carmen Perea<\/li>\n<li><img class=\"alignnone size-full wp-image-130\" src=\"\/files\/2011\/11\/lista.png\" alt=\"\" \/>I Feria de Ciencia y Tecnolog\u00eda en Elche (FeCiTElx)<br \/>\nURL: <a href=\"http:\/\/fecitelx2015.umh.es\/\">http:\/\/fecitelx2015.umh.es\/<\/a><br \/>\nInicio: 07\/05\/2015<br \/>\nProfesora Organizadora:\u00a0M\u00aa Asunci\u00f3n Mart\u00ednez Mayoral<\/li>\n<\/ul>\n<ul>\n<li><img class=\"alignnone size-full wp-image-130\" src=\"\/files\/2011\/11\/lista.png\" alt=\"\" \/>V Jornadas de Intercambio de Experiencias de Innovaci\u00f3n Educativa en Estad\u00edstica<br \/>\nURL: <a href=\"http:\/\/icio.umh.es\/congresos\/jidere14\/\" target=\"_blank\" rel=\"noopener noreferrer\">http:\/\/icio.umh.es\/congresos\/jidere14\/<\/a><br \/>\nInicio: 03\/07\/2014<br \/>\nProfesor Organizador: Jos\u00e9 Valero<\/li>\n<li><img src=\"\/files\/2011\/11\/lista.png\" alt=\"\" \/>6TH WORKSHOP ON OPTIMIZATION AND VARIATIONAL ANALYSIS<br \/>\nURL:\u00a0<a href=\"http:\/\/icio.umh.es\/congresos\/ova6\/\" target=\"_blank\" rel=\"noopener noreferrer\">http:\/\/icio.umh.es\/congresos\/ova6\/<\/a><br \/>\nInicio: 03\/06\/2014<br \/>\nProfesora Organizadora: M\u00aa Josefa C\u00e1novas<\/li>\n<\/ul>\n<ul>\n<li><img class=\"alignnone size-full wp-image-130\" src=\"\/files\/2011\/11\/lista.png\" alt=\"\" \/>I Jornadas de Innovaci\u00f3n en Ciencias, Matem\u00e1ticas y Tecnolog\u00eda de Secundaria y Bachillerato<br \/>\nURL: <a href=\"http:\/\/jornadasicmt.com\" target=\"_blank\" rel=\"noopener noreferrer\">http:\/\/jornadasicmt.com<\/a><br \/>\nInicio: 14\/10\/2013<br \/>\nProfesora Organizadora: M\u00aa Carmen Perea<\/li>\n<li><img class=\"alignnone size-full wp-image-130\" src=\"\/files\/2011\/11\/lista.png\" alt=\"\" \/>First Meeting in Topology and Functional Analysis<br \/>\nURL: <a href=\"http:\/\/icio.umh.es\/congresos\/tfa2013\" target=\"_blank\" rel=\"noopener noreferrer\">http:\/\/icio.umh.es\/congresos\/tfa2013<\/a><br \/>\nInicio: 27\/09\/2013<br \/>\nProfesor Organizador: Juan Carlos Ferrando<\/li>\n<li><img class=\"alignnone size-full wp-image-130\" src=\"\/files\/2011\/11\/lista.png\" alt=\"\" \/>5TH WORKSHOP ON OPTIMIZATION AND VARIATIONAL ANALYSIS<br \/>\nURL: <a href=\"http:\/\/icio.umh.es\/congresos\/ova5\" target=\"_blank\" rel=\"noopener noreferrer\">http:\/\/icio.umh.es\/congresos\/ova5<\/a><br \/>\nInicio: 18\/06\/2013<br \/>\nProfesor Organizador: Juan Parra<\/li>\n<li><img class=\"alignnone size-full wp-image-130\" src=\"\/files\/2011\/11\/lista.png\" alt=\"\" \/> 1st International Conference on Data Management and Security: Applications in Medicine, Sciences and Engineering.<br \/>\nURL: <a href=\"http:\/\/www.wessex.ac.uk\/13-conferences\/data-2013.html\" target=\"_blank\" rel=\"noopener noreferrer\">http:\/\/www.wessex.ac.uk\/13-conferences\/data-2013.html<\/a><br \/>\nInicio: 07\/05\/2013<br \/>\nProfesor organizador: Alejandro Rabasa<\/li>\n<li><img class=\"alignnone size-full wp-image-130\" src=\"\/files\/2011\/11\/lista.png\" alt=\"\" \/>XIII Congreso International Interacci\u00f3n Persona-Ordenador (INTERACCION 2012)<br \/>\nURL: <a href=\"http:\/\/interaccion2012.umh.es\" target=\"_blank\" rel=\"noopener noreferrer\">http:\/\/interaccion2012.umh.es<\/a><br \/>\nInicio: 03\/10\/2012<br \/>\nProfesor Organizador: Federico Botella<\/li>\n<li><img class=\"alignnone size-full wp-image-130\" src=\"\/files\/2011\/11\/lista.png\" alt=\"\" \/>III Alicante &#8211; Elche &#8211; Limoges Meeting on Optimization<br \/>\nURL: <a href=\"http:\/\/www.ciem.unican.es\/alel2011\" target=\"_blank\" rel=\"noopener noreferrer\">http:\/\/www.ciem.unican.es\/alel2011<\/a><br \/>\nInicio: 23\/06\/2011<br \/>\nProfesora Organizadora: M\u00aa Josefa C\u00e1novas<\/li>\n<li><img class=\"alignnone size-full wp-image-130\" src=\"\/files\/2011\/11\/lista.png\" alt=\"\" \/>International Workshop on Efficiency and Productivity in honour of Prof. Knox Lovell<br \/>\nURL:\u00a0<a href=\"http:\/\/icio.umh.es\/congresos\/iweplovell\/\" target=\"_blank\" rel=\"noopener noreferrer\">http:\/\/icio.umh.es\/congresos\/iweplovell\/<\/a><br \/>\nInicio: \u00a004\/10\/2010<br \/>\nProfesor Organizador:\u00a0Jes\u00fas T. Pastor<\/li>\n<li><img class=\"alignnone size-full wp-image-130\" src=\"\/files\/2011\/11\/lista.png\" alt=\"\" \/>4TH WORKSHOP ON OPTIMIZATION AND VARIATIONAL ANALYSIS<br \/>\nURL:\u00a0<a href=\"http:\/\/icio.umh.es\/congresos\/ova4mlopez\/\" target=\"_blank\" rel=\"noopener noreferrer\">http:\/\/icio.umh.es\/congresos\/ova4mlopez\/<\/a><br \/>\nInicio: \u00a014\/06\/2010<br \/>\nProfesor Organizador:\u00a0Juan Parra<\/li>\n<li><img class=\"alignnone size-full wp-image-130\" src=\"\/files\/2011\/11\/lista.png\" alt=\"\" \/>SAE2009 Conference on Small Area Estimation<br \/>\nURL:\u00a0<a href=\"http:\/\/icio.umh.es\/congresos\/sae2009\/\" target=\"_blank\" rel=\"noopener noreferrer\">http:\/\/icio.umh.es\/congresos\/sae2009\/<\/a><br \/>\nInicio: \u00a029\/06\/2009<br \/>\nProfesor Organizador:\u00a0Domingo Morales<\/li>\n<li><img class=\"alignnone size-full wp-image-130\" src=\"\/files\/2011\/11\/lista.png\" alt=\"\" \/>CORAL2009: III Combinatorial Optimization,&#8230;<br \/>\nURL:\u00a0<a href=\"http:\/\/www.um.es\/or\/coral2009\/\" target=\"_blank\" rel=\"noopener noreferrer\">http:\/\/www.um.es\/or\/coral2009\/<\/a><br \/>\nInicio: \u00a010\/06\/2009<br \/>\nProfesor Organizador:\u00a0Mercedes Landete<\/li>\n<li><img class=\"alignnone size-full wp-image-130\" src=\"\/files\/2011\/11\/lista.png\" alt=\"\" \/>EURO Working Group on Locational Analysis<br \/>\nURL:\u00a0<a href=\"http:\/\/icio.umh.es\/congresos\/ewgla2008\/\" target=\"_blank\" rel=\"noopener noreferrer\">http:\/\/icio.umh.es\/congresos\/ewgla2008\/<\/a><br \/>\nInicio: \u00a017\/09\/2008<br \/>\nProfesor Organizador:\u00a0Mercedes Landete<\/li>\n<li><img class=\"alignnone size-full wp-image-130\" src=\"\/files\/2011\/11\/lista.png\" alt=\"\" \/>Encuentro Teor\u00eda de Juegos-Empresa<br \/>\nURL: <a href=\"http:\/\/icio.umh.es\/congresos\/etje08\/\" target=\"_blank\" rel=\"noopener noreferrer\">http:\/\/icio.umh.es\/congresos\/etje08<\/a><br \/>\nInicio: \u00a012\/09\/2008<br \/>\nProfesor Organizador:\u00a0Ana Meca<\/li>\n<li><img class=\"alignnone size-full wp-image-130\" src=\"\/files\/2011\/11\/lista.png\" alt=\"\" \/>International Workshop on Dynamical Systems and Multidisciplinary Applications<br \/>\nURL:\u00a0<a href=\"http:\/\/icio.umh.es\/congresos\/iwdsma\/\" target=\"_blank\" rel=\"noopener noreferrer\">http:\/\/icio.umh.es\/congresos\/iwdsma<\/a><br \/>\nInicio: \u00a008\/09\/2008<br \/>\nProfesor Organizador:\u00a0Jos\u00e9 Valero<\/li>\n<li><img class=\"alignnone size-full wp-image-130\" src=\"\/files\/2011\/11\/lista.png\" alt=\"\" \/>4th Workshop on Coding and Systems<br \/>\nURL:\u00a0<a href=\"http:\/\/www.dccia.ua.es\/wcs2008\/wcs2008.html\" target=\"_blank\" rel=\"noopener noreferrer\">http:\/\/www.dccia.ua.es\/wcs2008\/wcs2008.html<\/a><br \/>\nInicio: \u00a001\/03\/2008<br \/>\nProfesora Organizadora:\u00a0Mari Carmen Perea<\/li>\n<\/ul>\n<p>[:en]<\/p>\n<h4 style=\"color: #555\">NEXT CONFERENCES<\/h4>\n<h4 style=\"color: #555\"><img class=\"alignnone size-full wp-image-130\" src=\"\/files\/2011\/11\/lista.png\" alt=\"\" \/>PAST CONFERENCES<\/h4>\n<ul>\n<li><img class=\"alignnone size-full wp-image-130\" src=\"\/files\/2011\/11\/lista.png\" alt=\"\" \/>II Feria de Ciencia y Tecnolog\u00eda en Elche (FeCiTElx)<br \/>\nURL: <a href=\"http:\/\/fecitelxumh.es\/\" target=\"_blank\" rel=\"noopener noreferrer\">http:\/\/fecitelxumh.es\/<\/a><br \/>\nStart Date: 21\/04\/2016<br \/>\nOrganizer:\u00a0M\u00aa Asunci\u00f3n Mart\u00ednez Mayoral<\/li>\n<li><img class=\"alignnone size-full wp-image-130\" src=\"\/files\/2011\/11\/lista.png\" alt=\"\" \/>II Jornadas Internacionales de Innovaci\u00f3n en Ciencias, Matem\u00e1ticas y Tecnolog\u00eda de Secundaria y Bachillerato<br \/>\nURL: <a href=\"http:\/\/jornadasicmt.com\">http:\/\/jornadasicmt.com<\/a><br \/>\nStart Date: 25\/09\/2015<br \/>\nOrganizer:\u00a0M\u00aa Carmen Perea<\/li>\n<li><img class=\"alignnone size-full wp-image-130\" src=\"\/files\/2011\/11\/lista.png\" alt=\"\" \/>I Feria de Ciencia y Tecnolog\u00eda en Elche (FeCiTElx)<br \/>\nURL: <a href=\"http:\/\/fecitelx2015.umh.es\/\">http:\/\/fecitelx2015.umh.es\/<\/a><br \/>\nStart Date: 07\/05\/2015<br \/>\nOrganizer:\u00a0M\u00aa Asunci\u00f3n Mart\u00ednez Mayoral<\/li>\n<\/ul>\n<ul>\n<li><img class=\"alignnone size-full wp-image-130\" src=\"\/files\/2011\/11\/lista.png\" alt=\"\" \/>V Jornadas de Intercambio de Experiencias de Innovaci\u00f3n Educativa en Estad\u00edstica<br \/>\nURL:\u00a0<a href=\"http:\/\/icio.umh.es\/congresos\/jidere14\/\" target=\"_blank\" rel=\"noopener noreferrer\">http:\/\/icio.umh.es\/congresos\/jidere14\/<\/a><br \/>\nStart Date: 03\/07\/2014<br \/>\nOrganizer: Jos\u00e9 Valero<\/li>\n<li><img src=\"\/files\/2011\/11\/lista.png\" alt=\"\" \/>6TH WORKSHOP ON OPTIMIZATION AND VARIATIONAL ANALYSIS<br \/>\nURL:\u00a0<a href=\"http:\/\/icio.umh.es\/congresos\/ova6\/\" target=\"_blank\" rel=\"noopener noreferrer\">http:\/\/icio.umh.es\/congresos\/ova6\/<\/a><br \/>\nStart Date: 03\/06\/2014<br \/>\nOrganizer: M\u00aa Josefa C\u00e1novas<\/li>\n<\/ul>\n<ul>\n<li><img class=\"alignnone size-full wp-image-130\" src=\"\/files\/2011\/11\/lista.png\" alt=\"\" \/>I Jornadas de Innovaci\u00f3n en Ciencias, Matem\u00e1ticas y Tecnolog\u00eda de Secundaria y Bachillerato<br \/>\nURL: <a href=\"http:\/\/jornadasicmt.com\" target=\"_blank\" rel=\"noopener noreferrer\">http:\/\/jornadasicmt.com<\/a><br \/>\nStart Date: 14\/10\/2013<br \/>\nOrganizer: M\u00aa Carmen Perea<\/li>\n<li><img class=\"alignnone size-full wp-image-130\" src=\"\/files\/2011\/11\/lista.png\" alt=\"\" \/>First Meeting in Topology and Functional Analysis<br \/>\nURL: <a href=\"http:\/\/icio.umh.es\/congresos\/tfa2013\" target=\"_blank\" rel=\"noopener noreferrer\">http:\/\/icio.umh.es\/congresos\/tfa2013<\/a><br \/>\nStart Date: 27\/09\/2013<br \/>\nOrganizer: Juan Carlos Ferrando<\/li>\n<li><img class=\"alignnone size-full wp-image-130\" src=\"\/files\/2011\/11\/lista.png\" alt=\"\" \/>5TH WORKSHOP ON OPTIMIZATION AND VARIATIONAL ANALYSIS<br \/>\nURL: <a href=\"http:\/\/icio.umh.es\/congresos\/ova5\" target=\"_blank\" rel=\"noopener noreferrer\">http:\/\/icio.umh.es\/congresos\/ova5<\/a><br \/>\nStart Date: 18\/06\/2013<br \/>\nOrganizer: Juan Parra<\/li>\n<li><img class=\"alignnone size-full wp-image-130\" src=\"\/files\/2011\/11\/lista.png\" alt=\"\" \/> 1st International Conference on Data Management and Security: Applications in Medicine, Sciences and Engineering.<br \/>\nURL: <a href=\"http:\/\/www.wessex.ac.uk\/13-conferences\/data-2013.html\" target=\"_blank\" rel=\"noopener noreferrer\">http:\/\/www.wessex.ac.uk\/13-conferences\/data-2013.html<\/a><br \/>\nStart Date: 07\/05\/2013<br \/>\nOrganizer: Alejandro Rabasa<\/li>\n<li><img class=\"alignnone size-full wp-image-130\" src=\"\/files\/2011\/11\/lista.png\" alt=\"\" \/>XIII Congreso International Interacci\u00f3n Persona-Ordenador (INTERACCION 2012)<br \/>\nURL: <a href=\"http:\/\/interaccion2012.umh.es\" target=\"_blank\" rel=\"noopener noreferrer\">http:\/\/interaccion2012.umh.es<\/a><br \/>\nStart Date: 03\/10\/2012<br \/>\nOrganizer: Federico Botella<\/li>\n<li><img class=\"alignnone size-full wp-image-130\" src=\"\/files\/2011\/11\/lista.png\" alt=\"\" \/>III Alicante &#8211; Elche &#8211; Limoges Meeting on Optimization<br \/>\nURL: <a href=\"http:\/\/www.ciem.unican.es\/alel2011\" target=\"_blank\" rel=\"noopener noreferrer\">http:\/\/www.ciem.unican.es\/alel2011<\/a><br \/>\nStart Date: 23\/06\/2011<br \/>\nOrganizer: M\u00aa Josefa C\u00e1novas<\/li>\n<li><img class=\"alignnone size-full wp-image-130\" src=\"\/files\/2011\/11\/lista.png\" alt=\"\" \/>International Workshop on Efficiency and Productivity in honour of Prof. Knox Lovell<br \/>\nURL: <a href=\"http:\/\/icio.umh.es\/congresos\/iweplovell\/\" target=\"_blank\" rel=\"noopener noreferrer\">http:\/\/icio.umh.es\/congresos\/iweplovell\/<\/a><br \/>\nStart Date: 04\/10\/2010<br \/>\nOrganizer: Jes\u00fas T. Pastor<\/li>\n<li><img class=\"alignnone size-full wp-image-130\" src=\"\/files\/2011\/11\/lista.png\" alt=\"\" \/>4TH WORKSHOP ON OPTIMIZATION AND VARIATIONAL ANALYSIS<br \/>\nURL: <a href=\"http:\/\/icio.umh.es\/congresos\/ova4mlopez\/\" target=\"_blank\" rel=\"noopener noreferrer\">http:\/\/icio.umh.es\/congresos\/ova4mlopez\/<\/a><br \/>\nStart Date: 14\/06\/2010<br \/>\nOrganizer: Juan Parra<\/li>\n<li><img class=\"alignnone size-full wp-image-130\" src=\"\/files\/2011\/11\/lista.png\" alt=\"\" \/>SAE2009 Conference on Small Area Estimation<br \/>\nURL: <a href=\"http:\/\/icio.umh.es\/congresos\/sae2009\/\" target=\"_blank\" rel=\"noopener noreferrer\">http:\/\/icio.umh.es\/congresos\/sae2009\/<\/a><br \/>\nStart Date: 29\/06\/2009<br \/>\nOrganizer: Domingo Morales<\/li>\n<li><img class=\"alignnone size-full wp-image-130\" src=\"\/files\/2011\/11\/lista.png\" alt=\"\" \/>CORAL2009: III Combinatorial Optimization,&#8230;<br \/>\nURL: <a href=\"http:\/\/www.um.es\/or\/coral2009\/\" target=\"_blank\" rel=\"noopener noreferrer\">http:\/\/www.um.es\/or\/coral2009\/<\/a><br \/>\nStart Date: 10\/06\/2009<br \/>\nOrganizer: Mercedes Landete<\/li>\n<li><img class=\"alignnone size-full wp-image-130\" src=\"\/files\/2011\/11\/lista.png\" alt=\"\" \/>EURO Working Group on Locational Analysis<br \/>\nURL: <a href=\"http:\/\/icio.umh.es\/congresos\/ewgla2008\/\" target=\"_blank\" rel=\"noopener noreferrer\">http:\/\/icio.umh.es\/congresos\/ewgla2008\/<\/a><br \/>\nStart Date: 17\/09\/2008<br \/>\nOrganizer: Mercedes Landete<\/li>\n<li><img class=\"alignnone size-full wp-image-130\" src=\"\/files\/2011\/11\/lista.png\" alt=\"\" \/>Encuentro Teor\u00eda de Juegos-Empresa<br \/>\nURL: <a href=\"http:\/\/icio.umh.es\/congresos\/etje08\/\" target=\"_blank\" rel=\"noopener noreferrer\">http:\/\/icio.umh.es\/congresos\/etje08<\/a><br \/>\nStart Date: 12\/09\/2008<br \/>\nOrganizer: Ana Meca<\/li>\n<li><img class=\"alignnone size-full wp-image-130\" src=\"\/files\/2011\/11\/lista.png\" alt=\"\" \/>International Workshop on Dynamical Systems and Multidisciplinary Applications<br \/>\nURL: <a href=\"http:\/\/icio.umh.es\/congresos\/iwdsma\/\" target=\"_blank\" rel=\"noopener noreferrer\">http:\/\/icio.umh.es\/congresos\/iwdsma<\/a><br \/>\nStart Date: 08\/09\/2008<br \/>\nOrganizer: Jos\u00e9 Valero<\/li>\n<li><img class=\"alignnone size-full wp-image-130\" src=\"\/files\/2011\/11\/lista.png\" alt=\"\" \/>4th Workshop on Coding and Systems<br \/>\nURL: <a href=\"http:\/\/www.dccia.ua.es\/wcs2008\/wcs2008.html\" target=\"_blank\" rel=\"noopener noreferrer\">http:\/\/www.dccia.ua.es\/wcs2008\/wcs2008.html<\/a><br \/>\nStart Date: 01\/03\/2008<br \/>\nOrganizer: Mari Carmen Perea<\/li>\n<\/ul>\n<p>[:]<\/p>","protected":false},"excerpt":{"rendered":"<p>[:es]<br \/>\nPR\u00d3XIMOS CONGRESOS<\/p>\n<p>CONGRESOS ANTERIORES<\/p>\n<p>II Feria de Ciencia y Tecnolog\u00eda en Elche (FeCiTElx)<br \/>\nURL: http:\/\/fecitelxumh.es\/<br \/>\nInicio: 21\/04\/2016<br \/>\nProfesora Organizadora:\u00a0M\u00aa Asunci\u00f3n Mart\u00ednez Mayoral<br \/>\nII Jornadas Internacionales de Innovaci\u00f3n en Ciencias, Matem\u00e1ticas y Tecnolog\u00eda de Secundaria y Bachillerato<br \/>\nURL: http:\/\/jornadasicmt.com<br \/>\nInicio: 25\/09\/2015<br \/>\nProfesora Organizadora:\u00a0M\u00aa Carmen Perea<br \/>\nI Feria de Ciencia y Tecnolog\u00eda en Elche (FeCiTElx)<br \/>\nURL: http:\/\/fecitelx2015.umh.es\/<br \/>\nInicio: 07\/05\/2015<br \/>\nProfesora Organizadora:\u00a0M\u00aa Asunci\u00f3n Mart\u00ednez Mayoral<\/p>\n<p>V Jornadas de Intercambio de Experiencias de [&#8230;]<\/p>","protected":false},"author":3477,"featured_media":0,"parent":1414,"menu_order":5,"comment_status":"closed","ping_status":"open","template":"","meta":{"_links_to":"","_links_to_target":""},"categories":[],"tags":[],"_links":{"self":[{"href":"https:\/\/cio.umh.es\/en\/wp-json\/wp\/v2\/pages\/1418"}],"collection":[{"href":"https:\/\/cio.umh.es\/en\/wp-json\/wp\/v2\/pages"}],"about":[{"href":"https:\/\/cio.umh.es\/en\/wp-json\/wp\/v2\/types\/page"}],"author":[{"embeddable":true,"href":"https:\/\/cio.umh.es\/en\/wp-json\/wp\/v2\/users\/3477"}],"replies":[{"embeddable":true,"href":"https:\/\/cio.umh.es\/en\/wp-json\/wp\/v2\/comments?post=1418"}],"version-history":[{"count":0,"href":"https:\/\/cio.umh.es\/en\/wp-json\/wp\/v2\/pages\/1418\/revisions"}],"up":[{"embeddable":true,"href":"https:\/\/cio.umh.es\/en\/wp-json\/wp\/v2\/pages\/1414"}],"wp:attachment":[{"href":"https:\/\/cio.umh.es\/en\/wp-json\/wp\/v2\/media?parent=1418"}],"wp:term":[{"taxonomy":"category","embeddable":true,"href":"https:\/\/cio.umh.es\/en\/wp-json\/wp\/v2\/categories?post=1418"},{"taxonomy":"post_tag","embeddable":true,"href":"https:\/\/cio.umh.es\/en\/wp-json\/wp\/v2\/tags?post=1418"}],"curies":[{"name":"wp","href":"https:\/\/api.w.org\/{rel}","templated":true}]}}