{"id":12932,"date":"2019-02-12T11:25:10","date_gmt":"2019-02-12T11:25:10","guid":{"rendered":"http:\/\/cio.edu.umh.es\/?page_id=12932"},"modified":"2019-02-12T11:25:10","modified_gmt":"2019-02-12T11:25:10","slug":"eventorsme2019","status":"publish","type":"page","link":"https:\/\/cio.umh.es\/en\/eventorsme2019\/","title":{"rendered":"Las matem\u00e1ticas en Espa\u00f1a: pasado, presente y futuro"},"content":{"rendered":"<p>[:es]<a href=\"https:\/\/cio.umh.es\/en\/files\/2019\/02\/Matescartel.jpg\/\"><img loading=\"lazy\" class=\"wp-image-12934 aligncenter\" src=\"https:\/\/cio.umh.es\/files\/2019\/02\/Matescartel.jpg\" alt=\"Matescartel\" width=\"333\" height=\"471\" \/><\/a><br \/>\n&nbsp;<br \/>\n<span style=\"color: #000000\">El pr\u00f3ximo viernes 22 de febrero se celebrar\u00e1 en el <strong>Edificio Torretamarit<\/strong> de la Universidad Miguel Hern\u00e1ndez de Elche\u00a0el evento <strong>&#8216;Las matem\u00e1ticas: pasado, presente y futuro&#8217;<\/strong>.<\/span><br \/>\n<span style=\"color: #000000\">Esta jornada dar\u00e1 comienzo a las 10:00 horas con una breve ponencia a cargo de <a href=\"https:\/\/www.researchgate.net\/profile\/Pedro_Miana2\"><strong>Pedro J. Miana<\/strong><\/a>,\u00a0matem\u00e1tico, investigador y profesor titular de la Facultad de Ciencias de la Universidad de Zaragoza. Miana es autor de m\u00e1s de 60 art\u00edculos de investigaci\u00f3n, y de m\u00e1s de 15 de divulgaci\u00f3n de las matem\u00e1ticas. Adem\u00e1s, ha sido director de 5 tesis doctorales e Investigador Principal de varios nacionales. Asimismo, es director del proyecto ARS QUBICA, creaci\u00f3n audiovisual sobre matem\u00e1ticas y arte.<\/span><br \/>\n<span style=\"color: #000000\">A las 10:30 se proyectar\u00e1 el documental <strong>&#8216;Zoel Garc\u00eda de Galdeano: El legado&#8217;<\/strong>.\u00a0Este documental realiza\u00a0un recorrido por la labor de\u00a0este catedr\u00e1tico de Geometr\u00eda y posteriormente de An\u00e1lisis Matem\u00e1tico de la Universidad de Zaragoza, uno de los principales impulsores de la modernizaci\u00f3n matem\u00e1tica de nuestro pa\u00eds\u00a0de finales del siglo XIX y principios del XX.\u00a0Garc\u00eda de<strong>\u00a0<\/strong>Galdeano ejerci\u00f3 como catedr\u00e1tico durante m\u00e1s de tres d\u00e9cadas. Fue autor de casi dos centenares de publicaciones, entre ellos la primera revista cient\u00edfica espa\u00f1ola dedicada exclusivamente a las Matem\u00e1ticas. Adem\u00e1s fue el primer presidente de la <a href=\"http:\/\/www.raczar.es\/webracz\/\"><strong>Real Academia de Ciencias de Zaragoza<\/strong><\/a> y\u00a0tambi\u00e9n presidi\u00f3 la Sociedad Matem\u00e1tica Espa\u00f1ola, actual <a href=\"https:\/\/www.rsme.es\/\"><strong>RSME<\/strong><\/a>, desde 1916 a 1920.<\/span><br \/>\n<span style=\"color: #000000\">A las 11:00 realizaremos un descanso y se invitar\u00e1 a los asistentes a un almuerzo. Al mismo tiempo, se sortear\u00e1n varios productos entre todos aquellos asistentes que participen de forma activa en redes sociales y comenten el evento.<\/span><br \/>\n<span style=\"color: #000000\">Posteriormente\u00a0dar\u00e1 comienzo la ponencia de <a href=\"http:\/\/gama.uc3m.es\/index.php\/fmarcellan.html\"><strong>Franscico Marcell\u00e1n<\/strong><\/a>, presidente de la <a href=\"https:\/\/www.rsme.es\/\"><strong>Real Sociedad Matem\u00e1tica Espa\u00f1ola (RSME)<\/strong><\/a>. Marcell\u00e1n es\u00a0catedr\u00e1tico de Matem\u00e1tica Aplicada en el Departamento de Matem\u00e1ticas de la Universidad Carlos III de Madrid\u00a0desde octubre de 1991. Ha sido profesor en universidades como la Polit\u00e9cnica de Madrid, la de Zaragoza o la de Santiago de Compostela. Lleva a sus espaldas la coautor\u00eda de m\u00e1s de 270 art\u00edculos de investigaci\u00f3n y forma parte del Comit\u00e9 Editorial de revistas como\u00a0<em><strong><a href=\"http:\/\/etna.mcs.kent.edu\/\">Electronic Transactions on Numerical Analysis<\/a><\/strong><\/em>,\u00a0<em><strong><a href=\"https:\/\/www.journals.elsevier.com\/journal-of-approximation-theory\">Journal of Approximation Theory<\/a><\/strong><\/em>\u00a0o\u00a0<em><strong><a href=\"https:\/\/www.hindawi.com\/journals\/jam\/\">Journal of Applied Mathematics<\/a><\/strong><\/em>.<\/span><br \/>\n<span style=\"color: #000000\">Por \u00faltimo, <a href=\"https:\/\/es.linkedin.com\/in\/santigarciacc\"><strong>Santi Garc\u00eda Cremades<\/strong><\/a>, matem\u00e1tico, divulgador cient\u00edfico y profesor de la Universidad Miguel Hern\u00e1ndez de Elche, ser\u00e1 el encargado de cerrar el evento.<\/span><br \/>\n<span style=\"color: #000000\"><strong>INSCR\u00cdBETE AQU\u00cd:\u00a0<a href=\"https:\/\/bit.ly\/2SsOjG4\">https:\/\/bit.ly\/2SsOjG4<\/a><\/strong><\/span>[:]<\/p>","protected":false},"excerpt":{"rendered":"<p>[:es]<br \/>\n&nbsp;<br \/>\nEl pr\u00f3ximo viernes 22 de febrero se celebrar\u00e1 en el Edificio Torretamarit de la Universidad Miguel Hern\u00e1ndez de Elche\u00a0el evento &#8216;Las matem\u00e1ticas: pasado, presente y futuro&#8217;.<br \/>\nEsta jornada dar\u00e1 comienzo a las 10:00 horas con una breve ponencia a cargo de Pedro J. Miana,\u00a0matem\u00e1tico, investigador y profesor titular de la Facultad de Ciencias de la Universidad [&#8230;]<\/p>","protected":false},"author":3477,"featured_media":0,"parent":0,"menu_order":0,"comment_status":"open","ping_status":"open","template":"","meta":{"_links_to":"","_links_to_target":""},"categories":[],"tags":[],"_links":{"self":[{"href":"https:\/\/cio.umh.es\/en\/wp-json\/wp\/v2\/pages\/12932"}],"collection":[{"href":"https:\/\/cio.umh.es\/en\/wp-json\/wp\/v2\/pages"}],"about":[{"href":"https:\/\/cio.umh.es\/en\/wp-json\/wp\/v2\/types\/page"}],"author":[{"embeddable":true,"href":"https:\/\/cio.umh.es\/en\/wp-json\/wp\/v2\/users\/3477"}],"replies":[{"embeddable":true,"href":"https:\/\/cio.umh.es\/en\/wp-json\/wp\/v2\/comments?post=12932"}],"version-history":[{"count":0,"href":"https:\/\/cio.umh.es\/en\/wp-json\/wp\/v2\/pages\/12932\/revisions"}],"wp:attachment":[{"href":"https:\/\/cio.umh.es\/en\/wp-json\/wp\/v2\/media?parent=12932"}],"wp:term":[{"taxonomy":"category","embeddable":true,"href":"https:\/\/cio.umh.es\/en\/wp-json\/wp\/v2\/categories?post=12932"},{"taxonomy":"post_tag","embeddable":true,"href":"https:\/\/cio.umh.es\/en\/wp-json\/wp\/v2\/tags?post=12932"}],"curies":[{"name":"wp","href":"https:\/\/api.w.org\/{rel}","templated":true}]}}