{"id":1289,"date":"2016-10-17T11:59:56","date_gmt":"2016-10-17T09:59:56","guid":{"rendered":"http:\/\/cio.umh.es\/?page_id=1289"},"modified":"2016-10-17T11:59:56","modified_gmt":"2016-10-17T09:59:56","slug":"webinar-mas-de-mil-palabras","status":"publish","type":"page","link":"https:\/\/cio.umh.es\/en\/servicios\/ciclo-webinars-2016\/webinar-mas-de-mil-palabras\/","title":{"rendered":"Webinar \u00abM\u00e1s de mil palabras\u00bb"},"content":{"rendered":"<p><!--:es--><\/p>\n<h1>4\u00ba Ciclo Webinars del CIO: \u201c<strong>El Data en nuestro d\u00eda actual y futuro<\/strong>\u201d<\/h1>\n<h4><\/h4>\n<h4><strong>Fecha: Martes 8 de noviembre de 2016<\/strong><\/h4>\n<h4><strong>Hora: 17:00 CEST<\/strong><\/h4>\n<p>Convert the time of this event to your time at: <a href=\"http:\/\/www.timeanddate.com\/worldclock\/fixedtime.html?iso=20161108T17&amp;p1=1976&amp;ah=1\" target=\"_blank\" rel=\"noopener noreferrer\">http:\/\/www.timeanddate.com\/worldclock\/fixedtime.html?iso=20161108T17&amp;p1=1976&amp;ah=1<\/a><\/p>\n<h2><b>T\u00edtulo: \u00abM\u00e1s de mil palabras\u00bb<\/b><\/h2>\n<p><b>Resumen:<\/b><br \/>\n<span class=\"s1\">Visualizar datos va mucho m\u00e1s all\u00e1 de la generaci\u00f3n de infograf\u00edas est\u00e1ticas que comunican ideas. Las visualizaciones interactivas permiten a los usuarios explorar los datos, facilitando su puesta en contexto y el descubrimiento de patrones y outliers. En este webinar ahondaremos en las diferencias entre los tipos de visualizaciones a trav\u00e9s de ejemplos que nos ayudar\u00e1n a ver nuevas maneras de representar la informaci\u00f3n.<br \/>\n<\/span><br \/>\n<b>Ponente: V\u00edctor Pascual<br \/>\n<\/b><br \/>\n<b>Breve Bio:<\/b><br \/>\nV\u00edctor Pascual empez\u00f3 su andadura en el campo de la Visualizaci\u00f3n de Informaci\u00f3n en 2004, cuando empez\u00f3 su tesis doctoral. Desde entonces su gran pasi\u00f3n ha sido la de convertir conjuntos de datos complejos en representaciones interactivas que puedan ser f\u00e1cilmente exploradas. Desde 2010 trabaja como consultor de an\u00e1lisis y visualizaci\u00f3n de datos (<a href=\"http:\/\/www.vpascual.org\/\" target=\"_blank\" rel=\"noopener noreferrer\">vpascual.org<\/a>), colaborando para empresas de toda \u00edndole. Adem\u00e1s, V\u00edctor imparte clases en distintos m\u00e1sters y postgrados.<br \/>\n<strong>INSCRIPCIONES:<\/strong><br \/>\n<a href=\"https:\/\/attendee.gotowebinar.com\/register\/4542120295778414083\">Formulario de inscripci\u00f3n al webinar (ASISTENCIA POR INTERNET)<\/a><br \/>\n<a href=\"https:\/\/docs.google.com\/a\/goumh.umh.es\/forms\/d\/e\/1FAIpQLSdI09aBl8_xdRsfbxCVbVHqSptNczCNLce5v75BZzgOaOqIFw\/viewform\">Formulario de solicitud de asistencia en directo al CIO (ASISTENCIA PRESENCIAL)<\/a><\/p>\n<p style=\"text-align: right\"><a href=\"https:\/\/cio.umh.es\/en\/servicios\/ciclo-webinars-2016\/\">Otros Webinars del 4\u00ba Ciclo<\/a><\/p>\n<p><!--:--><\/p>","protected":false},"excerpt":{"rendered":"<p>4\u00ba Ciclo Webinars del CIO: \u201cEl Data en nuestro d\u00eda actual y futuro\u201d<\/p>\n<p>Fecha: Martes 8 de noviembre de 2016<br \/>\nHora: 17:00 CEST<br \/>\nConvert the time of this event to your time at: http:\/\/www.timeanddate.com\/worldclock\/fixedtime.html?iso=20161108T17&amp;p1=1976&amp;ah=1<br \/>\nT\u00edtulo: \u00abM\u00e1s de mil palabras\u00bb<br \/>\nResumen:<br \/>\nVisualizar datos va mucho m\u00e1s all\u00e1 de la generaci\u00f3n de infograf\u00edas est\u00e1ticas que comunican ideas. Las visualizaciones interactivas permiten a los [&#8230;]<\/p>","protected":false},"author":3477,"featured_media":0,"parent":1275,"menu_order":30,"comment_status":"closed","ping_status":"closed","template":"","meta":{"_links_to":"","_links_to_target":""},"categories":[],"tags":[],"_links":{"self":[{"href":"https:\/\/cio.umh.es\/en\/wp-json\/wp\/v2\/pages\/1289"}],"collection":[{"href":"https:\/\/cio.umh.es\/en\/wp-json\/wp\/v2\/pages"}],"about":[{"href":"https:\/\/cio.umh.es\/en\/wp-json\/wp\/v2\/types\/page"}],"author":[{"embeddable":true,"href":"https:\/\/cio.umh.es\/en\/wp-json\/wp\/v2\/users\/3477"}],"replies":[{"embeddable":true,"href":"https:\/\/cio.umh.es\/en\/wp-json\/wp\/v2\/comments?post=1289"}],"version-history":[{"count":0,"href":"https:\/\/cio.umh.es\/en\/wp-json\/wp\/v2\/pages\/1289\/revisions"}],"up":[{"embeddable":true,"href":"https:\/\/cio.umh.es\/en\/wp-json\/wp\/v2\/pages\/1275"}],"wp:attachment":[{"href":"https:\/\/cio.umh.es\/en\/wp-json\/wp\/v2\/media?parent=1289"}],"wp:term":[{"taxonomy":"category","embeddable":true,"href":"https:\/\/cio.umh.es\/en\/wp-json\/wp\/v2\/categories?post=1289"},{"taxonomy":"post_tag","embeddable":true,"href":"https:\/\/cio.umh.es\/en\/wp-json\/wp\/v2\/tags?post=1289"}],"curies":[{"name":"wp","href":"https:\/\/api.w.org\/{rel}","templated":true}]}}