{"id":1277,"date":"2016-10-11T12:49:14","date_gmt":"2016-10-11T10:49:14","guid":{"rendered":"http:\/\/cio.umh.es\/?page_id=1277"},"modified":"2016-10-11T12:49:14","modified_gmt":"2016-10-11T10:49:14","slug":"webinar-datascientist","status":"publish","type":"page","link":"https:\/\/cio.umh.es\/en\/servicios\/ciclo-webinars-2016\/webinar-datascientist\/","title":{"rendered":"Webinar \u00abDataScientist\u00bb"},"content":{"rendered":"<p><!--:es--><\/p>\n<h1>4\u00ba Ciclo Webinars del CIO: \u201c<strong>El Data en nuestro d\u00eda actual y futuro<\/strong>\u201d<\/h1>\n<h4><\/h4>\n<h4><strong>Fecha: Lunes 24 de octubre de 2016<\/strong><\/h4>\n<h4><strong>Hora: 17:00 CEST<\/strong><\/h4>\n<p>Convert the time of this event to your time at: <a href=\"http:\/\/www.timeanddate.com\/worldclock\/fixedtime.html?iso=20161024T17&amp;p1=1976&amp;ah=1\">http:\/\/www.timeanddate.com\/worldclock\/fixedtime.html?iso=20161024T17&amp;p1=1976&amp;ah=1 <\/a><\/p>\n<h2><b>T\u00edtulo: \u00ab\u00bfC\u00f3mo se gana la vida un Data Scientist? Algunos ejemplos pr\u00e1cticos.\u00bb<\/b><\/h2>\n<p><b>Resumen:<\/b><br \/>\nEl webinar aborda en primer lugar temas relacionados con el uso de R en la \u00abindustria del agua\u00bb, introduciendo los diferentes tipos de predicci\u00f3n de demanda de agua, pasando por la metodolog\u00eda te\u00f3rica y pr\u00e1ctica (industrializaci\u00f3n), para continuar con tres casos concretos y una aplicaci\u00f3n al control el tiempo real, finalizando esta primera parte con unas breves conclusiones. La segunda parte es un resumen sobre algunas de las herramientas empleadas en el entorno de una empresa de seguros de vida como Data Scientist. Finalmente se destacar\u00e1n algunos temas de actualidad del \u00faltimo congreso \u00abUser R 2016\u00bb que se celebr\u00f3 en\u00a0 Silicon Valley.<br \/>\n<b>Ponente: David Ibarra<br \/>\n<\/b><br \/>\n<b>Breve Bio:<\/b><br \/>\nDavid Ibarra es Senior Data Scientist en VidaCaixa desde marzo de 2016, Anteriormente\u00a0 ocup\u00f3 varios puestos a lo largo de 8 a\u00f1os como Senior Data Scientist, Project Manager o Ingeniero de I+D en empresas grupo Suez de la industria del agua. Ha desarrollado algoritmos relacionados con la estad\u00edstica o la investigaci\u00f3n operativa para resolver problemas de la industria del agua, principalmente usando R.\u00a0 David es Licenciado en Ciencias y T\u00e9cnicas Estad\u00edsticas e Ingeniero de Telecomunicaci\u00f3n por la Universidad Miguel Hernandez.<br \/>\n<strong>INSCRIPCIONES:<\/strong><br \/>\n<a href=\"https:\/\/attendee.gotowebinar.com\/register\/7783248577508206083\">Formulario de inscripci\u00f3n al webinar (ASISTENCIA POR INTERNET)<\/a><br \/>\n<a href=\"https:\/\/docs.google.com\/a\/goumh.umh.es\/forms\/d\/e\/1FAIpQLSfU07RgE4o0tPmoV4ld0eMXjd22m32BvRUtXL802vN4o7xGHw\/viewform\">Formulario de solicitud de asistencia en directo al CIO (ASISTENCIA PRESENCIAL)<\/a><\/p>\n<p style=\"text-align: right\"><a href=\"https:\/\/cio.umh.es\/en\/servicios\/ciclo-webinars-2016\/\">Otros Webinars del 4\u00ba Ciclo<\/a><\/p>\n<p><!--:--><\/p>","protected":false},"excerpt":{"rendered":"<p>4\u00ba Ciclo Webinars del CIO: \u201cEl Data en nuestro d\u00eda actual y futuro\u201d<\/p>\n<p>Fecha: Lunes 24 de octubre de 2016<br \/>\nHora: 17:00 CEST<br \/>\nConvert the time of this event to your time at: http:\/\/www.timeanddate.com\/worldclock\/fixedtime.html?iso=20161024T17&amp;p1=1976&amp;ah=1<br \/>\nT\u00edtulo: \u00ab\u00bfC\u00f3mo se gana la vida un Data Scientist? Algunos ejemplos pr\u00e1cticos.\u00bb<br \/>\nResumen:<br \/>\nEl webinar aborda en primer lugar temas relacionados con el uso de R [&#8230;]<\/p>","protected":false},"author":3477,"featured_media":0,"parent":1275,"menu_order":10,"comment_status":"closed","ping_status":"closed","template":"","meta":{"_links_to":"","_links_to_target":""},"categories":[],"tags":[],"_links":{"self":[{"href":"https:\/\/cio.umh.es\/en\/wp-json\/wp\/v2\/pages\/1277"}],"collection":[{"href":"https:\/\/cio.umh.es\/en\/wp-json\/wp\/v2\/pages"}],"about":[{"href":"https:\/\/cio.umh.es\/en\/wp-json\/wp\/v2\/types\/page"}],"author":[{"embeddable":true,"href":"https:\/\/cio.umh.es\/en\/wp-json\/wp\/v2\/users\/3477"}],"replies":[{"embeddable":true,"href":"https:\/\/cio.umh.es\/en\/wp-json\/wp\/v2\/comments?post=1277"}],"version-history":[{"count":0,"href":"https:\/\/cio.umh.es\/en\/wp-json\/wp\/v2\/pages\/1277\/revisions"}],"up":[{"embeddable":true,"href":"https:\/\/cio.umh.es\/en\/wp-json\/wp\/v2\/pages\/1275"}],"wp:attachment":[{"href":"https:\/\/cio.umh.es\/en\/wp-json\/wp\/v2\/media?parent=1277"}],"wp:term":[{"taxonomy":"category","embeddable":true,"href":"https:\/\/cio.umh.es\/en\/wp-json\/wp\/v2\/categories?post=1277"},{"taxonomy":"post_tag","embeddable":true,"href":"https:\/\/cio.umh.es\/en\/wp-json\/wp\/v2\/tags?post=1277"}],"curies":[{"name":"wp","href":"https:\/\/api.w.org\/{rel}","templated":true}]}}