{"id":1275,"date":"2016-10-11T12:46:36","date_gmt":"2016-10-11T10:46:36","guid":{"rendered":"http:\/\/cio.umh.es\/?page_id=1275"},"modified":"2016-10-11T12:46:36","modified_gmt":"2016-10-11T10:46:36","slug":"ciclo-webinars-2016","status":"publish","type":"page","link":"https:\/\/cio.umh.es\/en\/servicios\/ciclo-webinars-2016\/","title":{"rendered":"Ciclo Webinars-2016"},"content":{"rendered":"<p>[:es]En este nuevo curso acad\u00e9mico 2016-17 el Instituto de Investigaci\u00f3n \u201cCentro de Investigaci\u00f3n Operativa\u201d de la Universidad Miguel Hern\u00e1ndez de Elche pone en marcha el <strong>cuarto<\/strong><b>\u00a0ciclo de seminarios on-line<\/b> (webinars) que lleva por t\u00edtulo \u201c<strong><em>El Data en nuestro d\u00eda actual y futuro<\/em><\/strong>\u201c. Dentro de las lineas de investigaci\u00f3n del CIO: Estad\u00edstica e Investigaci\u00f3n Operativa, Matem\u00e1ticas Aplicadas e Inform\u00e1tica, se invitar\u00e1 a profesionales y expertos en la material, tanto del mundo empresarial como del mundo acad\u00e9mico, que nos presentar\u00e1n el estado actual de la \u00ab<em>Internet de los Datos<\/em>\u00bb\u00a0en estas \u00e1reas de trabajo y las posibles salidas profesionales para graduados, masters o doctorados de estas \u00e1reas.<br \/>\nLos seminarios ser\u00e1n <b>impartidos en la sede del CIO<\/b>, en el Edificio Torremamarit del Campus de Elche, <b>a las 17:00 CEST<\/b> y ser\u00e1n retransmitidos por Internet a trav\u00e9s de una <b>plataforma de webinars<\/b>, donde cualquier profesional o acad\u00e9mico podr\u00e1 seguirlo en directo. Tanto el p\u00fablico asistente a la sala como los participantes por Internet podr\u00e1n formular sus preguntas al final de la charla al presentador de cada seminario.<\/p>\n<p>&nbsp;<\/p>\n<h1>Pr\u00f3ximos Webinars 2016<\/h1>\n<p>&nbsp;<\/p>\n<h4><strong>Lunes, 24 de octubre de 2016, a las 17:00 CEST<\/strong><\/h4>\n<h2>T\u00edtulo: \u00ab\u00bfC\u00f3mo se gana la vida un DataScientist? Algunos ejemplos entretenidos\u00bb<\/h2>\n<p><a href=\"https:\/\/cio.umh.es\/en\/servicios\/ciclo-webinars-2016\/webinar-datascientist\/\">M\u00e1s info&#8230;<\/a><\/p>\n<p>&nbsp;<\/p>\n<h4><strong>Viernes, 28 de octubre de 2016, a las 17:00 CEST<\/strong><\/h4>\n<h2>T\u00edtulo: \u00ab<span class=\"s1\">Building Innovative Data Products in a Banking Environment\u00bb<\/span><\/h2>\n<p><a href=\"http:\/\/cio.umh.es\/en\/servicios\/ciclo-webinars-2016\/webinar-building-innovative-data-products\/\">M\u00e1s info&#8230;<\/a><\/p>\n<p>&nbsp;<\/p>\n<h4><strong>Martes, 8 de noviembre de 2016, a las 17:00 CEST<\/strong><\/h4>\n<h2>T\u00edtulo: \u00ab<span class=\"s1\">M\u00e1s de mil palabras\u00bb<\/span><\/h2>\n<p><a href=\"https:\/\/cio.umh.es\/en\/servicios\/ciclo-webinars-2016\/webinar-mas-de-mil-palabras\/\">M\u00e1s info&#8230;<\/a>[:]<\/p>","protected":false},"excerpt":{"rendered":"<p>[:es]En este nuevo curso acad\u00e9mico 2016-17 el Instituto de Investigaci\u00f3n \u201cCentro de Investigaci\u00f3n Operativa\u201d de la Universidad Miguel Hern\u00e1ndez de Elche pone en marcha el cuarto\u00a0ciclo de seminarios on-line (webinars) que lleva por t\u00edtulo \u201cEl Data en nuestro d\u00eda actual y futuro\u201c. Dentro de las lineas de investigaci\u00f3n del CIO: Estad\u00edstica e Investigaci\u00f3n Operativa, Matem\u00e1ticas [&#8230;]<\/p>","protected":false},"author":3477,"featured_media":0,"parent":1411,"menu_order":80,"comment_status":"closed","ping_status":"closed","template":"","meta":{"_links_to":"","_links_to_target":""},"categories":[],"tags":[],"_links":{"self":[{"href":"https:\/\/cio.umh.es\/en\/wp-json\/wp\/v2\/pages\/1275"}],"collection":[{"href":"https:\/\/cio.umh.es\/en\/wp-json\/wp\/v2\/pages"}],"about":[{"href":"https:\/\/cio.umh.es\/en\/wp-json\/wp\/v2\/types\/page"}],"author":[{"embeddable":true,"href":"https:\/\/cio.umh.es\/en\/wp-json\/wp\/v2\/users\/3477"}],"replies":[{"embeddable":true,"href":"https:\/\/cio.umh.es\/en\/wp-json\/wp\/v2\/comments?post=1275"}],"version-history":[{"count":0,"href":"https:\/\/cio.umh.es\/en\/wp-json\/wp\/v2\/pages\/1275\/revisions"}],"up":[{"embeddable":true,"href":"https:\/\/cio.umh.es\/en\/wp-json\/wp\/v2\/pages\/1411"}],"wp:attachment":[{"href":"https:\/\/cio.umh.es\/en\/wp-json\/wp\/v2\/media?parent=1275"}],"wp:term":[{"taxonomy":"category","embeddable":true,"href":"https:\/\/cio.umh.es\/en\/wp-json\/wp\/v2\/categories?post=1275"},{"taxonomy":"post_tag","embeddable":true,"href":"https:\/\/cio.umh.es\/en\/wp-json\/wp\/v2\/tags?post=1275"}],"curies":[{"name":"wp","href":"https:\/\/api.w.org\/{rel}","templated":true}]}}