{"id":12144,"date":"2018-11-30T12:29:26","date_gmt":"2018-11-30T12:29:26","guid":{"rendered":"http:\/\/cio.edu.umh.es\/?page_id=12144"},"modified":"2021-07-01T17:40:30","modified_gmt":"2021-07-01T15:40:30","slug":"blogcio","status":"publish","type":"page","link":"https:\/\/cio.umh.es\/en\/blogcio\/","title":{"rendered":"BlogCIO"},"content":{"rendered":"<div data-elementor-type=\"wp-page\" data-elementor-id=\"12144\" class=\"elementor elementor-12144\" data-elementor-settings=\"[]\">\n\t\t\t\t\t\t<div class=\"elementor-inner\">\n\t\t\t\t\t\t\t<div class=\"elementor-section-wrap\">\n\t\t\t\t\t\t\t<section class=\"elementor-section elementor-top-section elementor-element elementor-element-14694c0 elementor-section-boxed elementor-section-height-default elementor-section-height-default\" data-id=\"14694c0\" data-element_type=\"section\">\n\t\t\t\t\t\t<div class=\"elementor-container elementor-column-gap-default\">\n\t\t\t\t\t\t\t<div class=\"elementor-row\">\n\t\t\t\t\t<div class=\"elementor-column elementor-col-100 elementor-top-column elementor-element elementor-element-c4584e1\" data-id=\"c4584e1\" data-element_type=\"column\">\n\t\t\t<div class=\"elementor-column-wrap elementor-element-populated\">\n\t\t\t\t\t\t\t<div class=\"elementor-widget-wrap\">\n\t\t\t\t\t\t<div class=\"elementor-element elementor-element-b18b4cc elementor-widget elementor-widget-obfx-posts-grid\" data-id=\"b18b4cc\" data-element_type=\"widget\" data-widget_type=\"obfx-posts-grid.default\">\n\t\t\t\t<div class=\"elementor-widget-container\">\n\t\t\t<div class=\"obfx-grid\"><div class=\"obfx-grid-container obfx-grid-mobile-1 obfx-grid-tablet-2 obfx-grid-desktop-1\"><div class=\"obfx-grid-wrapper\"><article class=\"obfx-grid-col\"><div class=\"obfx-grid-col-image\" ><a href=\"https:\/\/cio.umh.es\/en\/2024\/11\/05\/chatbot-academia-cio\/\" title=\"Investigadores de la UMH desarrollan un Chatbot para facilitar la acreditaci\u00f3n universitaria en el programa ACADEMIA de ANECA\"><img width=\"360\" height=\"240\" src=\"https:\/\/cio.umh.es\/files\/2024\/11\/ChatbotAcademia-360x240.png\" class=\"img-responsive wp-post-image\" alt=\"ChatbotAcademia\" loading=\"lazy\" srcset=\"https:\/\/cio.umh.es\/files\/2024\/11\/ChatbotAcademia-360x240.png 360w, https:\/\/cio.umh.es\/files\/2024\/11\/ChatbotAcademia-16x12.png 16w\" sizes=\"(max-width: 360px) 100vw, 360px\" \/><\/a><\/div><div class=\"obfx-grid-col-content\">\t\t\t<h2 class=\"entry-title obfx-grid-title\">\n\t\t\t\t\t\t\t<a href=\"https:\/\/cio.umh.es\/en\/2024\/11\/05\/chatbot-academia-cio\/\" title=\"Investigadores de la UMH desarrollan un Chatbot para facilitar la acreditaci\u00f3n universitaria en el programa ACADEMIA de ANECA\">\n\t\t\t\t\tInvestigadores de la UMH desarrollan un Chatbot para facilitar la acreditaci\u00f3n universitaria en el programa ACADEMIA de ANECA\t\t\t\t<\/a>\n\t\t\t\t\t\t\t<\/h2>\n\t\t\t\t\t\t\t<div class=\"entry-meta obfx-grid-meta\">\n\n\t\t\t\t\t\t\t\t\t\t\t\t\t<span class=\"obfx-grid-author\">\n\t\t\t\t\t\t\t\t\t<i class=\"fas fa-user\"><\/i>mquesada\t\t\t\t\t\t\t\t<\/span>\n\t\t\t\t\t\t\t\t\t\t\t\t\t\t\t\t<span class=\"obfx-grid-date\">\n\t\t\t\t\t\t\t\t\t<i class=\"fas fa-calendar\"><\/i>5 November, 2024\t\t\t\t\t\t\t\t<\/span>\n\t\t\t\t\t\t\t\t\t\t\t\t\t\t\t\t<span class=\"obfx-grid-comments\">\n\t\t\t\t\t\t\t\t\t<i class=\"fas fa-comment\"><\/i>No comments\t\t\t\t\t\t\t\t<\/span>\n\t\t\t\t\t\t\t\t\n\t\t\t\t<\/div>\n\t\t\t\t\t\t\t<div class=\"entry-content obfx-grid-content\">\n\t\t\t\tUn equipo de investigadores del Centro de Investigaci\u00f3n Operativa (CIO) de la Universidad Miguel Hern\u00e1ndez (UMH), liderado por el profesor Juan Aparicio, ha desarrollado un chatbot innovador que emplea tecnolog\u00eda&hellip;\t\t\t<\/div>\n\t\t\t<\/div><\/article><\/div><div class=\"obfx-grid-wrapper\"><article class=\"obfx-grid-col\"><div class=\"obfx-grid-col-image\" ><a href=\"https:\/\/cio.umh.es\/en\/2024\/09\/24\/libro-desafio-de-las-ciencias\/\" title=\"Libro CIO: El Desaf\u00edo de las Ciencias\"><img width=\"360\" height=\"240\" src=\"https:\/\/cio.umh.es\/files\/2024\/09\/Captura-de-pantalla-2024-09-24-a-las-13.23.48-360x240.png\" class=\"img-responsive wp-post-image\" alt=\"Libro: El desaf\u00edo de las Ciencias\" loading=\"lazy\" \/><\/a><\/div><div class=\"obfx-grid-col-content\">\t\t\t<h2 class=\"entry-title obfx-grid-title\">\n\t\t\t\t\t\t\t<a href=\"https:\/\/cio.umh.es\/en\/2024\/09\/24\/libro-desafio-de-las-ciencias\/\" title=\"Libro CIO: El Desaf\u00edo de las Ciencias\">\n\t\t\t\t\tLibro CIO: El Desaf\u00edo de las Ciencias\t\t\t\t<\/a>\n\t\t\t\t\t\t\t<\/h2>\n\t\t\t\t\t\t\t<div class=\"entry-meta obfx-grid-meta\">\n\n\t\t\t\t\t\t\t\t\t\t\t\t\t<span class=\"obfx-grid-author\">\n\t\t\t\t\t\t\t\t\t<i class=\"fas fa-user\"><\/i>mquesada\t\t\t\t\t\t\t\t<\/span>\n\t\t\t\t\t\t\t\t\t\t\t\t\t\t\t\t<span class=\"obfx-grid-date\">\n\t\t\t\t\t\t\t\t\t<i class=\"fas fa-calendar\"><\/i>24 September, 2024\t\t\t\t\t\t\t\t<\/span>\n\t\t\t\t\t\t\t\t\t\t\t\t\t\t\t\t<span class=\"obfx-grid-comments\">\n\t\t\t\t\t\t\t\t\t<i class=\"fas fa-comment\"><\/i>No comments\t\t\t\t\t\t\t\t<\/span>\n\t\t\t\t\t\t\t\t\n\t\t\t\t<\/div>\n\t\t\t\t\t\t\t<div class=\"entry-content obfx-grid-content\">\n\t\t\t\tQueremos presentar el libro \u00abEl desaf\u00edo de las Ciencias\u00bb, que se puede descargar gratuitamente a trav\u00e9s del siguiente enlace: Descargar Libro PDF &#8211; El desaf\u00edo de las Ciencia Este libro,&hellip;\t\t\t<\/div>\n\t\t\t<\/div><\/article><\/div><div class=\"obfx-grid-wrapper\"><article class=\"obfx-grid-col\"><div class=\"obfx-grid-col-image\" ><a href=\"https:\/\/cio.umh.es\/en\/2020\/05\/19\/nuriaoliver\/\" title=\"Nuria Oliver: \u00abEste proyecto es una de las experiencias m\u00e1s gratificantes de este trabajo\u00bb\"><img width=\"360\" height=\"240\" src=\"https:\/\/cio.umh.es\/files\/2020\/05\/nuriaoliver_NoticiaAmpliada-360x240.jpg\" class=\"img-responsive wp-post-image\" alt=\"nuriaoliver_NoticiaAmpliada\" loading=\"lazy\" \/><\/a><\/div><div class=\"obfx-grid-col-content\">\t\t\t<h2 class=\"entry-title obfx-grid-title\">\n\t\t\t\t\t\t\t<a href=\"https:\/\/cio.umh.es\/en\/2020\/05\/19\/nuriaoliver\/\" title=\"Nuria Oliver: \u00abEste proyecto es una de las experiencias m\u00e1s gratificantes de este trabajo\u00bb\">\n\t\t\t\t\tNuria Oliver: \u00abEste proyecto es una de las experiencias m\u00e1s gratificantes de este trabajo\u00bb\t\t\t\t<\/a>\n\t\t\t\t\t\t\t<\/h2>\n\t\t\t\t\t\t\t<div class=\"entry-meta obfx-grid-meta\">\n\n\t\t\t\t\t\t\t\t\t\t\t\t\t<span class=\"obfx-grid-author\">\n\t\t\t\t\t\t\t\t\t<i class=\"fas fa-user\"><\/i>vicente.pastor01\t\t\t\t\t\t\t\t<\/span>\n\t\t\t\t\t\t\t\t\t\t\t\t\t\t\t\t<span class=\"obfx-grid-date\">\n\t\t\t\t\t\t\t\t\t<i class=\"fas fa-calendar\"><\/i>19 May, 2020\t\t\t\t\t\t\t\t<\/span>\n\t\t\t\t\t\t\t\t\t\t\t\t\t\t\t\t<span class=\"obfx-grid-comments\">\n\t\t\t\t\t\t\t\t\t<i class=\"fas fa-comment\"><\/i>No comments\t\t\t\t\t\t\t\t<\/span>\n\t\t\t\t\t\t\t\t\n\t\t\t\t<\/div>\n\t\t\t\t\t\t\t<div class=\"entry-content obfx-grid-content\">\n\t\t\t\tNuria Oliver lidera un macroproyecto impulsado por la Presidencia de la Generalitat Valenciana con tres grandes ejes de actuaci\u00f3n para la lucha contra el coronavirus: el an\u00e1lisis de la movilidad,&hellip;\t\t\t<\/div>\n\t\t\t<\/div><\/article><\/div><div class=\"obfx-grid-wrapper\"><article class=\"obfx-grid-col\"><div class=\"obfx-grid-col-image\" ><a href=\"https:\/\/cio.umh.es\/en\/2019\/12\/04\/seminario-el-ghazali-talbi-how-machine-learning-can-help-optimization\/\" title=\"Seminario El-ghazali Talbi: How machine learning can help optimization\"><img width=\"360\" height=\"240\" src=\"https:\/\/cio.umh.es\/files\/2019\/12\/IMG_2965-1024x683-102340_1024x675-360x240.jpg\" class=\"img-responsive wp-post-image\" alt=\"IMG_2965-1024&#215;683-102340_1024x675\" loading=\"lazy\" srcset=\"https:\/\/cio.umh.es\/files\/2019\/12\/IMG_2965-1024x683-102340_1024x675-360x240.jpg 360w, https:\/\/cio.umh.es\/files\/2019\/12\/IMG_2965-1024x683-102340_1024x675-16x12.jpg 16w\" sizes=\"(max-width: 360px) 100vw, 360px\" \/><\/a><\/div><div class=\"obfx-grid-col-content\">\t\t\t<h2 class=\"entry-title obfx-grid-title\">\n\t\t\t\t\t\t\t<a href=\"https:\/\/cio.umh.es\/en\/2019\/12\/04\/seminario-el-ghazali-talbi-how-machine-learning-can-help-optimization\/\" title=\"Seminario El-ghazali Talbi: How machine learning can help optimization\">\n\t\t\t\t\tSeminario El-ghazali Talbi: How machine learning can help optimization\t\t\t\t<\/a>\n\t\t\t\t\t\t\t<\/h2>\n\t\t\t\t\t\t\t<div class=\"entry-meta obfx-grid-meta\">\n\n\t\t\t\t\t\t\t\t\t\t\t\t\t<span class=\"obfx-grid-author\">\n\t\t\t\t\t\t\t\t\t<i class=\"fas fa-user\"><\/i>vicente.pastor01\t\t\t\t\t\t\t\t<\/span>\n\t\t\t\t\t\t\t\t\t\t\t\t\t\t\t\t<span class=\"obfx-grid-date\">\n\t\t\t\t\t\t\t\t\t<i class=\"fas fa-calendar\"><\/i>4 December, 2019\t\t\t\t\t\t\t\t<\/span>\n\t\t\t\t\t\t\t\t\t\t\t\t\t\t\t\t<span class=\"obfx-grid-comments\">\n\t\t\t\t\t\t\t\t\t<i class=\"fas fa-comment\"><\/i>No comments\t\t\t\t\t\t\t\t<\/span>\n\t\t\t\t\t\t\t\t\n\t\t\t\t<\/div>\n\t\t\t\t\t\t\t<div class=\"entry-content obfx-grid-content\">\n\t\t\t\t&nbsp; El-ghazali Talbi\u00a0en el CIO el pasado 29 de noviembre. | Foto: Inma L\u00f3pez El pasado viernes 29 de noviembre, estudiantes y profesores de la Universidad Miguel Hern\u00e1ndez de Elche&hellip;\t\t\t<\/div>\n\t\t\t<\/div><\/article><\/div><div class=\"obfx-grid-wrapper\"><article class=\"obfx-grid-col\"><div class=\"obfx-grid-col-image\" ><a href=\"https:\/\/cio.umh.es\/en\/2019\/11\/19\/seminario-jose-manuel-cordero-los-valores-plausibles-y-su-tratamiento-en-los-analisis-de-eficiencia-con-datos-educativos-internacionales\/\" title=\"Seminario Jos\u00e9 Manuel Cordero:  Los valores plausibles y su tratamiento en los an\u00e1lisis de eficiencia con datos educativos internacionales.\"><img width=\"360\" height=\"240\" src=\"https:\/\/cio.umh.es\/files\/2019\/11\/IMG_2962-1024x683-105276_1024x675-360x240.jpg\" class=\"img-responsive wp-post-image\" alt=\"IMG_2962-1024&#215;683-105276_1024x675\" loading=\"lazy\" srcset=\"https:\/\/cio.umh.es\/files\/2019\/11\/IMG_2962-1024x683-105276_1024x675-360x240.jpg 360w, https:\/\/cio.umh.es\/files\/2019\/11\/IMG_2962-1024x683-105276_1024x675-16x12.jpg 16w\" sizes=\"(max-width: 360px) 100vw, 360px\" \/><\/a><\/div><div class=\"obfx-grid-col-content\">\t\t\t<h2 class=\"entry-title obfx-grid-title\">\n\t\t\t\t\t\t\t<a href=\"https:\/\/cio.umh.es\/en\/2019\/11\/19\/seminario-jose-manuel-cordero-los-valores-plausibles-y-su-tratamiento-en-los-analisis-de-eficiencia-con-datos-educativos-internacionales\/\" title=\"Seminario Jos\u00e9 Manuel Cordero:  Los valores plausibles y su tratamiento en los an\u00e1lisis de eficiencia con datos educativos internacionales.\">\n\t\t\t\t\tSeminario Jos\u00e9 Manuel Cordero:  Los valores plausibles y su tratamiento en los an\u00e1lisis de eficiencia con datos educativos internacionales.\t\t\t\t<\/a>\n\t\t\t\t\t\t\t<\/h2>\n\t\t\t\t\t\t\t<div class=\"entry-meta obfx-grid-meta\">\n\n\t\t\t\t\t\t\t\t\t\t\t\t\t<span class=\"obfx-grid-author\">\n\t\t\t\t\t\t\t\t\t<i class=\"fas fa-user\"><\/i>vicente.pastor01\t\t\t\t\t\t\t\t<\/span>\n\t\t\t\t\t\t\t\t\t\t\t\t\t\t\t\t<span class=\"obfx-grid-date\">\n\t\t\t\t\t\t\t\t\t<i class=\"fas fa-calendar\"><\/i>19 November, 2019\t\t\t\t\t\t\t\t<\/span>\n\t\t\t\t\t\t\t\t\t\t\t\t\t\t\t\t<span class=\"obfx-grid-comments\">\n\t\t\t\t\t\t\t\t\t<i class=\"fas fa-comment\"><\/i>No comments\t\t\t\t\t\t\t\t<\/span>\n\t\t\t\t\t\t\t\t\n\t\t\t\t<\/div>\n\t\t\t\t\t\t\t<div class=\"entry-content obfx-grid-content\">\n\t\t\t\t&nbsp; Jos\u00e9 Manuel Cordero\u00a0en el CIO el pasado 15 de noviembre. | Foto: Inma L\u00f3pez El Instituto Universitario de Investigaci\u00f3n \u00abCentro de Investigaci\u00f3n Operativa (CIO) de la Universidad Miguel Hern\u00e1ndez&hellip;\t\t\t<\/div>\n\t\t\t<\/div><\/article><\/div><div class=\"obfx-grid-wrapper\"><article class=\"obfx-grid-col\"><div class=\"obfx-grid-col-image\" ><a href=\"https:\/\/cio.umh.es\/en\/2019\/11\/18\/seminario-francisco-morillas-jurado-estadistica-longevidad-y-limites-del-ser-humano\/\" title=\"Seminario Francisco Morillas Jurado: Estad\u00edstica, Longevidad y L\u00edmites del ser Humano\"><img width=\"360\" height=\"240\" src=\"https:\/\/cio.umh.es\/files\/2019\/11\/FRAN-2-1024x683-360x240.jpg\" class=\"img-responsive wp-post-image\" alt=\"FRAN-2-1024&#215;683\" loading=\"lazy\" srcset=\"https:\/\/cio.umh.es\/files\/2019\/11\/FRAN-2-1024x683-360x240.jpg 360w, https:\/\/cio.umh.es\/files\/2019\/11\/FRAN-2-1024x683-300x200.jpg 300w, https:\/\/cio.umh.es\/files\/2019\/11\/FRAN-2-1024x683-768x512.jpg 768w, https:\/\/cio.umh.es\/files\/2019\/11\/FRAN-2-1024x683.jpg 1024w, https:\/\/cio.umh.es\/files\/2019\/11\/FRAN-2-1024x683-16x12.jpg 16w\" sizes=\"(max-width: 360px) 100vw, 360px\" \/><\/a><\/div><div class=\"obfx-grid-col-content\">\t\t\t<h2 class=\"entry-title obfx-grid-title\">\n\t\t\t\t\t\t\t<a href=\"https:\/\/cio.umh.es\/en\/2019\/11\/18\/seminario-francisco-morillas-jurado-estadistica-longevidad-y-limites-del-ser-humano\/\" title=\"Seminario Francisco Morillas Jurado: Estad\u00edstica, Longevidad y L\u00edmites del ser Humano\">\n\t\t\t\t\tSeminario Francisco Morillas Jurado: Estad\u00edstica, Longevidad y L\u00edmites del ser Humano\t\t\t\t<\/a>\n\t\t\t\t\t\t\t<\/h2>\n\t\t\t\t\t\t\t<div class=\"entry-meta obfx-grid-meta\">\n\n\t\t\t\t\t\t\t\t\t\t\t\t\t<span class=\"obfx-grid-author\">\n\t\t\t\t\t\t\t\t\t<i class=\"fas fa-user\"><\/i>vicente.pastor01\t\t\t\t\t\t\t\t<\/span>\n\t\t\t\t\t\t\t\t\t\t\t\t\t\t\t\t<span class=\"obfx-grid-date\">\n\t\t\t\t\t\t\t\t\t<i class=\"fas fa-calendar\"><\/i>18 November, 2019\t\t\t\t\t\t\t\t<\/span>\n\t\t\t\t\t\t\t\t\t\t\t\t\t\t\t\t<span class=\"obfx-grid-comments\">\n\t\t\t\t\t\t\t\t\t<i class=\"fas fa-comment\"><\/i>No comments\t\t\t\t\t\t\t\t<\/span>\n\t\t\t\t\t\t\t\t\n\t\t\t\t<\/div>\n\t\t\t\t\t\t\t<div class=\"entry-content obfx-grid-content\">\n\t\t\t\t&nbsp; Francisco Morillas\u00a0en el CIO el pasado 12 de noviembre. | Foto: Inma L\u00f3pez El pasado martes 12 de noviembre, estudiantes y profesores de la Universidad Miguel Hern\u00e1ndez de Elche&hellip;\t\t\t<\/div>\n\t\t\t<\/div><\/article><\/div>\t\t\t\t<div class=\"obfx-grid-pagination\">\n\t\t\t\t\t\t\t\t\t\t<nav class=\"pagination\">\n\t\t\t\t\t\t<span aria-current=\"page\" class=\"page-numbers current\">1<\/span>\n<a class=\"page-numbers\" href=\"https:\/\/cio.umh.es\/en\/wp-json\/wp\/v2\/pages\/12144\/page\/2\/\">2<\/a>\n<a class=\"page-numbers\" href=\"https:\/\/cio.umh.es\/en\/wp-json\/wp\/v2\/pages\/12144\/page\/3\/\">3<\/a>\n<a class=\"page-numbers\" href=\"https:\/\/cio.umh.es\/en\/wp-json\/wp\/v2\/pages\/12144\/page\/4\/\">4<\/a>\n<a class=\"next page-numbers\" href=\"https:\/\/cio.umh.es\/en\/wp-json\/wp\/v2\/pages\/12144\/page\/2\/\">Next<\/a>\t\t\t\t\t<\/nav>\n\t\t\t\t<\/div>\n\t\t\t\t<\/div><!-- .obfx-grid-container --><\/div><!-- .obfx-grid -->\t\t<\/div>\n\t\t\t\t<\/div>\n\t\t\t\t\t\t<\/div>\n\t\t\t\t\t<\/div>\n\t\t<\/div>\n\t\t\t\t\t\t\t\t<\/div>\n\t\t\t\t\t<\/div>\n\t\t<\/section>\n\t\t\t\t\t\t<\/div>\n\t\t\t\t\t\t<\/div>\n\t\t\t\t\t<\/div>","protected":false},"excerpt":{"rendered":"<p>&nbsp;<br \/>\nFrancisco Morillas\u00a0en el CIO el pasado 12 de noviembre. | Foto: Inma L\u00f3pez<br \/>\nEl pasado martes 12 de noviembre, estudiantes y profesores de la Universidad Miguel Hern\u00e1ndez de Elche pudieron disfrutar del seminario \u00abEstad\u00edstica, Longevidad y L\u00edmites del ser Humano\u00bb impartido por el profesor e investigador de la Universidad de Val\u00e8ncia,\u00a0\u00a0Francisco Morillas Jurado.<br \/>\n\u00bfCu\u00e1l es el principal [&#8230;]<\/p>","protected":false},"author":3477,"featured_media":0,"parent":0,"menu_order":0,"comment_status":"open","ping_status":"open","template":"page-templates\/template-pagebuilder-full-width.php","meta":{"_links_to":"","_links_to_target":""},"categories":[],"tags":[],"_links":{"self":[{"href":"https:\/\/cio.umh.es\/en\/wp-json\/wp\/v2\/pages\/12144"}],"collection":[{"href":"https:\/\/cio.umh.es\/en\/wp-json\/wp\/v2\/pages"}],"about":[{"href":"https:\/\/cio.umh.es\/en\/wp-json\/wp\/v2\/types\/page"}],"author":[{"embeddable":true,"href":"https:\/\/cio.umh.es\/en\/wp-json\/wp\/v2\/users\/3477"}],"replies":[{"embeddable":true,"href":"https:\/\/cio.umh.es\/en\/wp-json\/wp\/v2\/comments?post=12144"}],"version-history":[{"count":0,"href":"https:\/\/cio.umh.es\/en\/wp-json\/wp\/v2\/pages\/12144\/revisions"}],"wp:attachment":[{"href":"https:\/\/cio.umh.es\/en\/wp-json\/wp\/v2\/media?parent=12144"}],"wp:term":[{"taxonomy":"category","embeddable":true,"href":"https:\/\/cio.umh.es\/en\/wp-json\/wp\/v2\/categories?post=12144"},{"taxonomy":"post_tag","embeddable":true,"href":"https:\/\/cio.umh.es\/en\/wp-json\/wp\/v2\/tags?post=12144"}],"curies":[{"name":"wp","href":"https:\/\/api.w.org\/{rel}","templated":true}]}}